{"id":147,"date":"2019-02-25T20:27:28","date_gmt":"2019-02-25T19:27:28","guid":{"rendered":"https:\/\/santonsvaquette.fr\/?page_id=147"},"modified":"2019-03-07T10:16:38","modified_gmt":"2019-03-07T09:16:38","slug":"conditions-generales-de-ventes","status":"publish","type":"page","link":"http:\/\/santonsvaquette.fr\/en\/conditions-generales-de-ventes\/","title":{"rendered":"Conditions g\u00e9n\u00e9rales de ventes"},"content":{"rendered":"<h2 class=\"wp-block-heading\">Conditions g\u00e9n\u00e9rales de ventes <\/h2>\n\n\n\n<h2 class=\"wp-block-heading\">1 &#8211; Prix<\/h2>\n\n\n\n<p>Tous nos prix sont en euros TTC hors frais de traitement et d&rsquo;expedition.<\/p>\n\n\n\n<h2 class=\"wp-block-heading\">2 &#8211; Commandes<\/h2>\n\n\n\n<ul class=\"wp-block-list\"><li>Sur internet : www.santonsvaquette.fr<\/li><li>Par courrier : Santons Vaquette &#8211; 8 rue Saint Pierre 30800 ST-Gilles.<\/li><li><\/li><\/ul>\n\n\n\n<h2 class=\"wp-block-heading\">3 &#8211; Validation<\/h2>\n\n\n\n<p>La validation de votre commande vaut acceptation des conditions g\u00e9n\u00e9rales de vente.<\/p>\n\n\n\n<h2 class=\"wp-block-heading\">4 &#8211; Disponibilit\u00e9<\/h2>\n\n\n\n<p>\n\nNous faisons tout notre possible pour actualiser notre site en temps r\u00e9el en fonction de nos stocks ; toutefois, en cas d\u2019indisponibilit\u00e9 exceptionnelle d\u2019un ou plusieurs produits command\u00e9s, nous vous contacterons imm\u00e9diatement et le montant correspondant vous sera rembours\u00e9 sur premi\u00e8re demande.\n\n<\/p>\n\n\n\n<h2 class=\"wp-block-heading\">5 &#8211; Livraison<\/h2>\n\n\n\n<p>Votre commande est trait\u00e9e d\u00e8s sa r\u00e9ception pendant les jours ouvrables, sous r\u00e9serve de la confirmation du paiement (cf. le paragraphe \u00ab paiement \u00bb); elle vous est adress\u00e9e en colissimo suivi et vous est g\u00e9n\u00e9ralement livr\u00e9e dans un d\u00e9lai de 48 heures apr\u00e8s exp\u00e9dition pour une livraison en France M\u00e9tropolitaine. Les exp\u00e9ditions se font du lundi au jeudi inclus en p\u00e9riode normale, du lundi au vendredi inclus en fin d&rsquo;ann\u00e9e.<\/p>\n\n\n\n<p>A tout moment vous pouvez suivre votre commande dans la rubrique \u00ab Mon compte \u00bb \u00e0 l\u2019aide de vos identifiant et mot de passe.<\/p>\n\n\n\n<p>Vous devez nous informer de toute r\u00e9serve \u00e9ventuelle \u00e0 la r\u00e9ception du colis (colis endommag\u00e9, non conformit\u00e9 \u2026) dans un d\u00e9lai de 10 jours afin qu\u2019il soit proc\u00e9d\u00e9 \u00e0 l\u2019\u00e9change ou au remboursement tels que d\u00e9finis ci dessous.<\/p>\n\n\n\n<h2 class=\"wp-block-heading\">6 &#8211; Paiement <\/h2>\n\n\n\n<p>Vous pouvez r\u00e9gler votre commande :<\/p>\n\n\n\n<ul class=\"wp-block-list\"><li>par Paypal&nbsp;<\/li><\/ul>\n\n\n\n<p>Aucun envoi contre remboursement n\u2019est possible.<\/p>\n\n\n\n<h2 class=\"wp-block-heading\">7 &#8211; Remboursement<\/h2>\n\n\n\n<p>Le remboursement \u00e9ventuel dans les hypoth\u00e8ses vis\u00e9es aux articles 5 et 8 s\u2019effectuera via le compte Paypal ayant effectu\u00e9 le paiement .<\/p>\n\n\n\n<h2 class=\"wp-block-heading\">8 &#8211; Droit de r\u00e9tractation<\/h2>\n\n\n\n<p>Conform\u00e9ment aux dispositions l\u00e9gales, vous disposez d\u2019un d\u00e9lai de 14 jours ouvrables \u00e0 compter de la r\u00e9ception de votre commande pour exercer votre droit de r\u00e9tractation ; dans ce cas les frais de retour restent \u00e0 votre charge.<\/p>\n\n\n\n<p>Les retours sont \u00e0 effectuer dans leur \u00e9tat d\u2019origine (notamment l\u2019emballage) permettant la re-commercialisation des articles retourn\u00e9s \u00e0 l\u2019\u00e9tat neuf<\/p>\n\n\n\n<h2 class=\"wp-block-heading\">9 &#8211; Propri\u00e9t\u00e9 intellectuelle<\/h2>\n\n\n\n<p>Tous les textes, commentaires, photos et illustrations reproduits ou repr\u00e9sent\u00e9s sur le site santonsvaquette.fr sont strictement r\u00e9serv\u00e9s au titre du droit d\u2019auteur ainsi qu\u2019au titre de la propri\u00e9t\u00e9 intellectuelle et industrielle. A ce titre et conform\u00e9ment aux dispositions l\u00e9gales en vigueur, seule est autoris\u00e9e l\u2019utilisation pour un usage priv\u00e9 ; toute reproduction ou repr\u00e9sentation totale ou partielle de notre site ou de tout ou partie des \u00e9l\u00e9ments figurant sur notre site sont strictement interdites.<\/p>\n\n\n\n<h2 class=\"wp-block-heading\">11 &#8211; Infromations personnelles<\/h2>\n\n\n\n<p>Vos informations et donn\u00e9es personnelles sont utilis\u00e9es uniquement pour le traitement de vos commandes et restent confidentielles et \u00e0 usage interne ; elles peuvent \u00eatre utilis\u00e9es \u00e9galement pour renforcer et personnaliser les offres qui pourraient vous \u00eatre propos\u00e9es en tant que client de  <br>santonsvaquette.fr .<\/p>\n\n\n\n<p><\/p>\n\n\n\n<p>Conform\u00e9ment aux dispositions de la loi \u00ab Informatique et Libert\u00e9s \u00bb du 6 janvier 1978 modifi\u00e9e en 2004, vous disposez d\u2019un droit d\u2019acc\u00e8s, de rectification et d\u2019opposition aux informations qui vous concernent. Pour cela il vous suffit d\u2019en faire la demande en ligne, par t\u00e9l\u00e9phone ou par courrier.<\/p>\n\n\n\n<hr class=\"wp-block-separator\"\/>\n\n\n\n<blockquote class=\"wp-block-quote is-layout-flow wp-block-quote-is-layout-flow\"><p> <br><a href=\"https:\/\/santonsvaquette.fr\/en\/\">Retour accueil<\/a> <\/p><\/blockquote>","protected":false},"excerpt":{"rendered":"<p>Conditions g\u00e9n\u00e9rales de ventes 1 &#8211; Prix Tous nos prix sont en euros TTC hors frais de traitement et d&rsquo;expedition. 2 &#8211; Commandes Sur internet : www.santonsvaquette.fr Par courrier : Santons Vaquette &#8211; 8 rue Saint Pierre 30800 ST-Gilles. 3 &#8211; Validation La validation de votre commande vaut acceptation des conditions g\u00e9n\u00e9rales de vente. 4 [&hellip;]<\/p>\n","protected":false},"author":1,"featured_media":0,"parent":0,"menu_order":0,"comment_status":"closed","ping_status":"closed","template":"","meta":{"jetpack_post_was_ever_published":false,"footnotes":""},"class_list":["post-147","page","type-page","status-publish","hentry"],"yoast_head":"<!-- This site is optimized with the Yoast SEO plugin v27.4 - https:\/\/yoast.com\/product\/yoast-seo-wordpress\/ -->\n<title>Conditions g\u00e9n\u00e9rales de ventes - Santons Vaquette<\/title>\n<meta name=\"description\" content=\"Les conditions g\u00e9n\u00e9rales de ventes en ligne de SANTONSVAQUETTE.FR.\" \/>\n<meta name=\"robots\" content=\"index, follow, max-snippet:-1, max-image-preview:large, max-video-preview:-1\" \/>\n<link rel=\"canonical\" href=\"https:\/\/santonsvaquette.fr\/en\/conditions-generales-de-ventes\/\" \/>\n<meta property=\"og:locale\" content=\"en_US\" \/>\n<meta property=\"og:type\" content=\"article\" \/>\n<meta property=\"og:title\" content=\"Conditions g\u00e9n\u00e9rales de ventes - Santons Vaquette\" \/>\n<meta property=\"og:description\" content=\"Les conditions g\u00e9n\u00e9rales de ventes en ligne de SANTONSVAQUETTE.FR.\" \/>\n<meta property=\"og:url\" content=\"https:\/\/santonsvaquette.fr\/en\/conditions-generales-de-ventes\/\" \/>\n<meta property=\"og:site_name\" content=\"Santons Vaquette\" \/>\n<meta property=\"article:modified_time\" content=\"2019-03-07T09:16:38+00:00\" \/>\n<meta name=\"twitter:card\" content=\"summary_large_image\" \/>\n<meta name=\"twitter:label1\" content=\"Est. reading time\" \/>\n\t<meta name=\"twitter:data1\" content=\"3 minutes\" \/>\n<script type=\"application\/ld+json\" class=\"yoast-schema-graph\">{\"@context\":\"https:\\\/\\\/schema.org\",\"@graph\":[{\"@type\":\"WebPage\",\"@id\":\"https:\\\/\\\/santonsvaquette.fr\\\/conditions-generales-de-ventes\\\/\",\"url\":\"https:\\\/\\\/santonsvaquette.fr\\\/conditions-generales-de-ventes\\\/\",\"name\":\"Conditions g\u00e9n\u00e9rales de ventes - Santons Vaquette\",\"isPartOf\":{\"@id\":\"https:\\\/\\\/santonsvaquette.fr\\\/#website\"},\"datePublished\":\"2019-02-25T19:27:28+00:00\",\"dateModified\":\"2019-03-07T09:16:38+00:00\",\"description\":\"Les conditions g\u00e9n\u00e9rales de ventes en ligne de SANTONSVAQUETTE.FR.\",\"breadcrumb\":{\"@id\":\"https:\\\/\\\/santonsvaquette.fr\\\/conditions-generales-de-ventes\\\/#breadcrumb\"},\"inLanguage\":\"en-US\",\"potentialAction\":[{\"@type\":\"ReadAction\",\"target\":[\"https:\\\/\\\/santonsvaquette.fr\\\/conditions-generales-de-ventes\\\/\"]}]},{\"@type\":\"BreadcrumbList\",\"@id\":\"https:\\\/\\\/santonsvaquette.fr\\\/conditions-generales-de-ventes\\\/#breadcrumb\",\"itemListElement\":[{\"@type\":\"ListItem\",\"position\":1,\"name\":\"Accueil\",\"item\":\"https:\\\/\\\/santonsvaquette.fr\\\/\"},{\"@type\":\"ListItem\",\"position\":2,\"name\":\"Conditions g\u00e9n\u00e9rales de ventes\"}]},{\"@type\":\"WebSite\",\"@id\":\"https:\\\/\\\/santonsvaquette.fr\\\/#website\",\"url\":\"https:\\\/\\\/santonsvaquette.fr\\\/\",\"name\":\"Santons Vaquette\",\"description\":\"depuis 1981\",\"publisher\":{\"@id\":\"https:\\\/\\\/santonsvaquette.fr\\\/#\\\/schema\\\/person\\\/2109f2983b974b6438d2922fb589bd8b\"},\"potentialAction\":[{\"@type\":\"SearchAction\",\"target\":{\"@type\":\"EntryPoint\",\"urlTemplate\":\"https:\\\/\\\/santonsvaquette.fr\\\/?s={search_term_string}\"},\"query-input\":{\"@type\":\"PropertyValueSpecification\",\"valueRequired\":true,\"valueName\":\"search_term_string\"}}],\"inLanguage\":\"en-US\"},{\"@type\":[\"Person\",\"Organization\"],\"@id\":\"https:\\\/\\\/santonsvaquette.fr\\\/#\\\/schema\\\/person\\\/2109f2983b974b6438d2922fb589bd8b\",\"name\":\"Santons vaquette\",\"image\":{\"@type\":\"ImageObject\",\"inLanguage\":\"en-US\",\"@id\":\"https:\\\/\\\/secure.gravatar.com\\\/avatar\\\/b27ded224387f23330952ffb4227c2d2a9202f493efd626206470a94275dec6c?s=96&d=mm&r=g\",\"url\":\"https:\\\/\\\/secure.gravatar.com\\\/avatar\\\/b27ded224387f23330952ffb4227c2d2a9202f493efd626206470a94275dec6c?s=96&d=mm&r=g\",\"contentUrl\":\"https:\\\/\\\/secure.gravatar.com\\\/avatar\\\/b27ded224387f23330952ffb4227c2d2a9202f493efd626206470a94275dec6c?s=96&d=mm&r=g\",\"caption\":\"Santons vaquette\"},\"logo\":{\"@id\":\"https:\\\/\\\/secure.gravatar.com\\\/avatar\\\/b27ded224387f23330952ffb4227c2d2a9202f493efd626206470a94275dec6c?s=96&d=mm&r=g\"}}]}<\/script>\n<!-- \/ Yoast SEO plugin. -->","yoast_head_json":{"title":"Conditions g\u00e9n\u00e9rales de ventes - Santons Vaquette","description":"Les conditions g\u00e9n\u00e9rales de ventes en ligne de SANTONSVAQUETTE.FR.","robots":{"index":"index","follow":"follow","max-snippet":"max-snippet:-1","max-image-preview":"max-image-preview:large","max-video-preview":"max-video-preview:-1"},"canonical":"https:\/\/santonsvaquette.fr\/en\/conditions-generales-de-ventes\/","og_locale":"en_US","og_type":"article","og_title":"Conditions g\u00e9n\u00e9rales de ventes - Santons Vaquette","og_description":"Les conditions g\u00e9n\u00e9rales de ventes en ligne de SANTONSVAQUETTE.FR.","og_url":"https:\/\/santonsvaquette.fr\/en\/conditions-generales-de-ventes\/","og_site_name":"Santons Vaquette","article_modified_time":"2019-03-07T09:16:38+00:00","twitter_card":"summary_large_image","twitter_misc":{"Est. reading time":"3 minutes"},"schema":{"@context":"https:\/\/schema.org","@graph":[{"@type":"WebPage","@id":"https:\/\/santonsvaquette.fr\/conditions-generales-de-ventes\/","url":"https:\/\/santonsvaquette.fr\/conditions-generales-de-ventes\/","name":"Conditions g\u00e9n\u00e9rales de ventes - Santons Vaquette","isPartOf":{"@id":"https:\/\/santonsvaquette.fr\/#website"},"datePublished":"2019-02-25T19:27:28+00:00","dateModified":"2019-03-07T09:16:38+00:00","description":"Les conditions g\u00e9n\u00e9rales de ventes en ligne de SANTONSVAQUETTE.FR.","breadcrumb":{"@id":"https:\/\/santonsvaquette.fr\/conditions-generales-de-ventes\/#breadcrumb"},"inLanguage":"en-US","potentialAction":[{"@type":"ReadAction","target":["https:\/\/santonsvaquette.fr\/conditions-generales-de-ventes\/"]}]},{"@type":"BreadcrumbList","@id":"https:\/\/santonsvaquette.fr\/conditions-generales-de-ventes\/#breadcrumb","itemListElement":[{"@type":"ListItem","position":1,"name":"Accueil","item":"https:\/\/santonsvaquette.fr\/"},{"@type":"ListItem","position":2,"name":"Conditions g\u00e9n\u00e9rales de ventes"}]},{"@type":"WebSite","@id":"https:\/\/santonsvaquette.fr\/#website","url":"https:\/\/santonsvaquette.fr\/","name":"Santons Vaquette","description":"since 1981","publisher":{"@id":"https:\/\/santonsvaquette.fr\/#\/schema\/person\/2109f2983b974b6438d2922fb589bd8b"},"potentialAction":[{"@type":"SearchAction","target":{"@type":"EntryPoint","urlTemplate":"https:\/\/santonsvaquette.fr\/?s={search_term_string}"},"query-input":{"@type":"PropertyValueSpecification","valueRequired":true,"valueName":"search_term_string"}}],"inLanguage":"en-US"},{"@type":["Person","Organization"],"@id":"https:\/\/santonsvaquette.fr\/#\/schema\/person\/2109f2983b974b6438d2922fb589bd8b","name":"Santons vaquette","image":{"@type":"ImageObject","inLanguage":"en-US","@id":"https:\/\/secure.gravatar.com\/avatar\/b27ded224387f23330952ffb4227c2d2a9202f493efd626206470a94275dec6c?s=96&d=mm&r=g","url":"https:\/\/secure.gravatar.com\/avatar\/b27ded224387f23330952ffb4227c2d2a9202f493efd626206470a94275dec6c?s=96&d=mm&r=g","contentUrl":"https:\/\/secure.gravatar.com\/avatar\/b27ded224387f23330952ffb4227c2d2a9202f493efd626206470a94275dec6c?s=96&d=mm&r=g","caption":"Santons vaquette"},"logo":{"@id":"https:\/\/secure.gravatar.com\/avatar\/b27ded224387f23330952ffb4227c2d2a9202f493efd626206470a94275dec6c?s=96&d=mm&r=g"}}]}},"jetpack_sharing_enabled":true,"jetpack_shortlink":"https:\/\/wp.me\/PaIpNe-2n","_links":{"self":[{"href":"http:\/\/santonsvaquette.fr\/en\/wp-json\/wp\/v2\/pages\/147","targetHints":{"allow":["GET"]}}],"collection":[{"href":"http:\/\/santonsvaquette.fr\/en\/wp-json\/wp\/v2\/pages"}],"about":[{"href":"http:\/\/santonsvaquette.fr\/en\/wp-json\/wp\/v2\/types\/page"}],"author":[{"embeddable":true,"href":"http:\/\/santonsvaquette.fr\/en\/wp-json\/wp\/v2\/users\/1"}],"replies":[{"embeddable":true,"href":"http:\/\/santonsvaquette.fr\/en\/wp-json\/wp\/v2\/comments?post=147"}],"version-history":[{"count":5,"href":"http:\/\/santonsvaquette.fr\/en\/wp-json\/wp\/v2\/pages\/147\/revisions"}],"predecessor-version":[{"id":254,"href":"http:\/\/santonsvaquette.fr\/en\/wp-json\/wp\/v2\/pages\/147\/revisions\/254"}],"wp:attachment":[{"href":"http:\/\/santonsvaquette.fr\/en\/wp-json\/wp\/v2\/media?parent=147"}],"curies":[{"name":"wp","href":"https:\/\/api.w.org\/{rel}","templated":true}]}}