{"id":1429,"date":"2020-10-26T12:46:38","date_gmt":"2020-10-26T11:46:38","guid":{"rendered":"https:\/\/santonsvaquette.fr\/?post_type=product&#038;p=1429"},"modified":"2023-01-09T23:45:32","modified_gmt":"2023-01-09T22:45:32","slug":"etal-de-poissons","status":"publish","type":"product","link":"http:\/\/santonsvaquette.fr\/en\/product\/etal-de-poissons\/","title":{"rendered":"Etal de poissons"},"content":{"rendered":"<p>Etal de poissons<\/p>\n<p>Notre amour pour l\u2019artisanat nous m\u00e8ne \u00e0 vous proposer des santons de qualit\u00e9 artisanale, fabriqu\u00e9s depuis 1981 dans la plus pure tradition des cr\u00e8ches proven\u00e7ales. Notre fabrication est 100% fran\u00e7aise, les santons \u00e9tant r\u00e9alis\u00e9s dans notre atelier de Saint-Gilles. Les santons que nous vous proposons seront id\u00e9als pour vos d\u00e9cors de cr\u00e8che, pour compl\u00e9ter votre collection ou pour offrir. Les santons sont faits mains dans la plus grande tradition pour vous proposer un produit dot\u00e9 d\u2019une grande qualit\u00e9. Voir:\u00a0 <a href=\"https:\/\/santonsvaquette.fr\/en\/notre-histoire\/\">Our history<\/a>.<\/p>\n<h2>Pr\u00e9sentation<\/h2>\n<p>Etal de poissons un accessoire autour des p\u00eacheurs &#8230;.<\/p>\n<p>&nbsp;<\/p>\n<h2>Accessoire pour 8cm<\/h2>\n<h2>Prix<\/h2>\n<p>9 euro<\/p>","protected":false},"excerpt":{"rendered":"<p>Etal de poissons un accessoire autour des p\u00eacheurs<\/p>","protected":false},"featured_media":0,"comment_status":"open","ping_status":"closed","template":"","meta":{"jetpack_post_was_ever_published":false,"jetpack_publicize_message":"","jetpack_publicize_feature_enabled":true,"jetpack_social_post_already_shared":true,"jetpack_social_options":{"image_generator_settings":{"template":"highway","default_image_id":0,"font":"","enabled":false},"version":2}},"product_brand":[],"product_cat":[128],"product_tag":[157,158],"class_list":{"0":"post-1429","1":"product","2":"type-product","3":"status-publish","5":"product_cat-accessoires-pour-8-cm","6":"product_tag-etal","7":"product_tag-poissons","9":"first","10":"outofstock","11":"purchasable","12":"product-type-simple"},"yoast_head":"<!-- This site is optimized with the Yoast SEO plugin v27.4 - https:\/\/yoast.com\/product\/yoast-seo-wordpress\/ -->\n<title>Etal de poissons - Santons Vaquette etal-de-poissons<\/title>\n<meta name=\"description\" content=\"Etal de poissons un accessoire autour des p\u00eacheurs\" \/>\n<meta name=\"robots\" content=\"index, follow, max-snippet:-1, max-image-preview:large, max-video-preview:-1\" \/>\n<link rel=\"canonical\" href=\"https:\/\/santonsvaquette.fr\/en\/product\/etal-de-poissons\/\" \/>\n<meta property=\"og:locale\" content=\"en_US\" \/>\n<meta property=\"og:type\" content=\"article\" \/>\n<meta property=\"og:title\" content=\"Etal de poissons - Santons Vaquette etal-de-poissons\" \/>\n<meta property=\"og:description\" content=\"Etal de poissons un accessoire autour des p\u00eacheurs\" \/>\n<meta property=\"og:url\" content=\"https:\/\/santonsvaquette.fr\/en\/product\/etal-de-poissons\/\" \/>\n<meta property=\"og:site_name\" content=\"Santons Vaquette\" \/>\n<meta property=\"article:modified_time\" content=\"2023-01-09T22:45:32+00:00\" \/>\n<meta name=\"twitter:card\" content=\"summary_large_image\" \/>\n<meta name=\"twitter:label1\" content=\"Est. reading time\" \/>\n\t<meta name=\"twitter:data1\" content=\"1 minute\" \/>\n<script type=\"application\/ld+json\" class=\"yoast-schema-graph\">{\"@context\":\"https:\\\/\\\/schema.org\",\"@graph\":[{\"@type\":\"WebPage\",\"@id\":\"https:\\\/\\\/santonsvaquette.fr\\\/produit\\\/etal-de-poissons\\\/\",\"url\":\"https:\\\/\\\/santonsvaquette.fr\\\/produit\\\/etal-de-poissons\\\/\",\"name\":\"Etal de poissons - Santons Vaquette etal-de-poissons\",\"isPartOf\":{\"@id\":\"https:\\\/\\\/santonsvaquette.fr\\\/#website\"},\"datePublished\":\"2020-10-26T11:46:38+00:00\",\"dateModified\":\"2023-01-09T22:45:32+00:00\",\"description\":\"Etal de poissons un accessoire autour des p\u00eacheurs\",\"breadcrumb\":{\"@id\":\"https:\\\/\\\/santonsvaquette.fr\\\/produit\\\/etal-de-poissons\\\/#breadcrumb\"},\"inLanguage\":\"en-US\",\"potentialAction\":[{\"@type\":\"ReadAction\",\"target\":[\"https:\\\/\\\/santonsvaquette.fr\\\/produit\\\/etal-de-poissons\\\/\"]}]},{\"@type\":\"BreadcrumbList\",\"@id\":\"https:\\\/\\\/santonsvaquette.fr\\\/produit\\\/etal-de-poissons\\\/#breadcrumb\",\"itemListElement\":[{\"@type\":\"ListItem\",\"position\":1,\"name\":\"Accueil\",\"item\":\"https:\\\/\\\/santonsvaquette.fr\\\/\"},{\"@type\":\"ListItem\",\"position\":2,\"name\":\"Boutique\",\"item\":\"https:\\\/\\\/santonsvaquette.fr\\\/boutique-santons-vaquette\\\/\"},{\"@type\":\"ListItem\",\"position\":3,\"name\":\"Etal de poissons\"}]},{\"@type\":\"WebSite\",\"@id\":\"https:\\\/\\\/santonsvaquette.fr\\\/#website\",\"url\":\"https:\\\/\\\/santonsvaquette.fr\\\/\",\"name\":\"Santons Vaquette\",\"description\":\"depuis 1981\",\"publisher\":{\"@id\":\"https:\\\/\\\/santonsvaquette.fr\\\/#\\\/schema\\\/person\\\/2109f2983b974b6438d2922fb589bd8b\"},\"potentialAction\":[{\"@type\":\"SearchAction\",\"target\":{\"@type\":\"EntryPoint\",\"urlTemplate\":\"https:\\\/\\\/santonsvaquette.fr\\\/?s={search_term_string}\"},\"query-input\":{\"@type\":\"PropertyValueSpecification\",\"valueRequired\":true,\"valueName\":\"search_term_string\"}}],\"inLanguage\":\"en-US\"},{\"@type\":[\"Person\",\"Organization\"],\"@id\":\"https:\\\/\\\/santonsvaquette.fr\\\/#\\\/schema\\\/person\\\/2109f2983b974b6438d2922fb589bd8b\",\"name\":\"Santons vaquette\",\"image\":{\"@type\":\"ImageObject\",\"inLanguage\":\"en-US\",\"@id\":\"https:\\\/\\\/secure.gravatar.com\\\/avatar\\\/b27ded224387f23330952ffb4227c2d2a9202f493efd626206470a94275dec6c?s=96&d=mm&r=g\",\"url\":\"https:\\\/\\\/secure.gravatar.com\\\/avatar\\\/b27ded224387f23330952ffb4227c2d2a9202f493efd626206470a94275dec6c?s=96&d=mm&r=g\",\"contentUrl\":\"https:\\\/\\\/secure.gravatar.com\\\/avatar\\\/b27ded224387f23330952ffb4227c2d2a9202f493efd626206470a94275dec6c?s=96&d=mm&r=g\",\"caption\":\"Santons vaquette\"},\"logo\":{\"@id\":\"https:\\\/\\\/secure.gravatar.com\\\/avatar\\\/b27ded224387f23330952ffb4227c2d2a9202f493efd626206470a94275dec6c?s=96&d=mm&r=g\"}}]}<\/script>\n<!-- \/ Yoast SEO plugin. -->","yoast_head_json":{"title":"Etal de poissons - Santons Vaquette etal-de-poissons","description":"Etal de poissons un accessoire autour des p\u00eacheurs","robots":{"index":"index","follow":"follow","max-snippet":"max-snippet:-1","max-image-preview":"max-image-preview:large","max-video-preview":"max-video-preview:-1"},"canonical":"https:\/\/santonsvaquette.fr\/en\/product\/etal-de-poissons\/","og_locale":"en_US","og_type":"article","og_title":"Etal de poissons - Santons Vaquette etal-de-poissons","og_description":"Etal de poissons un accessoire autour des p\u00eacheurs","og_url":"https:\/\/santonsvaquette.fr\/en\/product\/etal-de-poissons\/","og_site_name":"Santons Vaquette","article_modified_time":"2023-01-09T22:45:32+00:00","twitter_card":"summary_large_image","twitter_misc":{"Est. reading time":"1 minute"},"schema":{"@context":"https:\/\/schema.org","@graph":[{"@type":"WebPage","@id":"https:\/\/santonsvaquette.fr\/produit\/etal-de-poissons\/","url":"https:\/\/santonsvaquette.fr\/produit\/etal-de-poissons\/","name":"Etal de poissons - Santons Vaquette etal-de-poissons","isPartOf":{"@id":"https:\/\/santonsvaquette.fr\/#website"},"datePublished":"2020-10-26T11:46:38+00:00","dateModified":"2023-01-09T22:45:32+00:00","description":"Etal de poissons un accessoire autour des p\u00eacheurs","breadcrumb":{"@id":"https:\/\/santonsvaquette.fr\/produit\/etal-de-poissons\/#breadcrumb"},"inLanguage":"en-US","potentialAction":[{"@type":"ReadAction","target":["https:\/\/santonsvaquette.fr\/produit\/etal-de-poissons\/"]}]},{"@type":"BreadcrumbList","@id":"https:\/\/santonsvaquette.fr\/produit\/etal-de-poissons\/#breadcrumb","itemListElement":[{"@type":"ListItem","position":1,"name":"Accueil","item":"https:\/\/santonsvaquette.fr\/"},{"@type":"ListItem","position":2,"name":"Boutique","item":"https:\/\/santonsvaquette.fr\/boutique-santons-vaquette\/"},{"@type":"ListItem","position":3,"name":"Etal de poissons"}]},{"@type":"WebSite","@id":"https:\/\/santonsvaquette.fr\/#website","url":"https:\/\/santonsvaquette.fr\/","name":"Santons Vaquette","description":"since 1981","publisher":{"@id":"https:\/\/santonsvaquette.fr\/#\/schema\/person\/2109f2983b974b6438d2922fb589bd8b"},"potentialAction":[{"@type":"SearchAction","target":{"@type":"EntryPoint","urlTemplate":"https:\/\/santonsvaquette.fr\/?s={search_term_string}"},"query-input":{"@type":"PropertyValueSpecification","valueRequired":true,"valueName":"search_term_string"}}],"inLanguage":"en-US"},{"@type":["Person","Organization"],"@id":"https:\/\/santonsvaquette.fr\/#\/schema\/person\/2109f2983b974b6438d2922fb589bd8b","name":"Santons vaquette","image":{"@type":"ImageObject","inLanguage":"en-US","@id":"https:\/\/secure.gravatar.com\/avatar\/b27ded224387f23330952ffb4227c2d2a9202f493efd626206470a94275dec6c?s=96&d=mm&r=g","url":"https:\/\/secure.gravatar.com\/avatar\/b27ded224387f23330952ffb4227c2d2a9202f493efd626206470a94275dec6c?s=96&d=mm&r=g","contentUrl":"https:\/\/secure.gravatar.com\/avatar\/b27ded224387f23330952ffb4227c2d2a9202f493efd626206470a94275dec6c?s=96&d=mm&r=g","caption":"Santons vaquette"},"logo":{"@id":"https:\/\/secure.gravatar.com\/avatar\/b27ded224387f23330952ffb4227c2d2a9202f493efd626206470a94275dec6c?s=96&d=mm&r=g"}}]}},"jetpack_publicize_connections":[],"jetpack_sharing_enabled":true,"_links":{"self":[{"href":"http:\/\/santonsvaquette.fr\/en\/wp-json\/wp\/v2\/product\/1429","targetHints":{"allow":["GET"]}}],"collection":[{"href":"http:\/\/santonsvaquette.fr\/en\/wp-json\/wp\/v2\/product"}],"about":[{"href":"http:\/\/santonsvaquette.fr\/en\/wp-json\/wp\/v2\/types\/product"}],"replies":[{"embeddable":true,"href":"http:\/\/santonsvaquette.fr\/en\/wp-json\/wp\/v2\/comments?post=1429"}],"wp:attachment":[{"href":"http:\/\/santonsvaquette.fr\/en\/wp-json\/wp\/v2\/media?parent=1429"}],"wp:term":[{"taxonomy":"product_brand","embeddable":true,"href":"http:\/\/santonsvaquette.fr\/en\/wp-json\/wp\/v2\/product_brand?post=1429"},{"taxonomy":"product_cat","embeddable":true,"href":"http:\/\/santonsvaquette.fr\/en\/wp-json\/wp\/v2\/product_cat?post=1429"},{"taxonomy":"product_tag","embeddable":true,"href":"http:\/\/santonsvaquette.fr\/en\/wp-json\/wp\/v2\/product_tag?post=1429"}],"curies":[{"name":"wp","href":"https:\/\/api.w.org\/{rel}","templated":true}]}}