{"id":145,"date":"2019-02-25T19:52:27","date_gmt":"2019-02-25T18:52:27","guid":{"rendered":"https:\/\/santonsvaquette.fr\/?post_type=product&#038;p=145"},"modified":"2026-03-15T16:52:35","modified_gmt":"2026-03-15T15:52:35","slug":"jesus","status":"publish","type":"product","link":"http:\/\/santonsvaquette.fr\/en\/product\/jesus\/","title":{"rendered":"J\u00e9sus"},"content":{"rendered":"<div dir=\"ltr\">\n<div dir=\"ltr\">\n<p>J\u00e9sus<\/p>\n<p>Notre amour pour l&rsquo;artisanat nous m\u00e8ne \u00e0 vous proposer des santons de qualit\u00e9 artisanale, fabriqu\u00e9s depuis 1981 dans la plus pure tradition des cr\u00e8ches proven\u00e7ales. Notre fabrication est 100% fran\u00e7aise, les santons \u00e9tant r\u00e9alis\u00e9s dans notre atelier de Saint-Gilles. Les santons que nous vous proposons seront id\u00e9als pour vos d\u00e9cors de cr\u00e8che, pour compl\u00e9ter votre collection ou pour offrir. Les santons sont faits mains dans la plus grande tradition pour vous proposer un produit dot\u00e9 d&rsquo;une grande qualit\u00e9. Voir:\u00a0 <a href=\"https:\/\/santonsvaquette.fr\/en\/notre-histoire\/\">Our history<\/a>.<\/p>\n<\/div>\n<h2>Histoire<\/h2>\n<p><strong>L\u2019enfant J\u00e9sus<\/strong><\/p>\n<p>C\u2019est autour du Christ nouveau-n\u00e9 que s\u2019organise toute la cr\u00e8che. Suivant certaines traditions de la cr\u00e8che, on peut attendre la nuit du 24 au 25 d\u00e9cembre pour le placer, avec son berceau, entre Joseph et Marie. Les figurines du petit J\u00e9sus sont en g\u00e9n\u00e9ral repr\u00e9sent\u00e9es allong\u00e9es sur leur berceau fait de paille, suivant la mode antique, et parfois emmaillot\u00e9es.<\/p>\n<div dir=\"ltr\">\n<h2><strong>Pr\u00e9sentation<\/strong><\/h2>\n<div>Pi\u00e8ce Principale de la cr\u00e8che J\u00e9sus ,enfant n\u00e9 le 25 d\u00e9cembre, fils de Joseph et Marie; autour duquel tout le village vient c\u00e9l\u00e9brer sa naissance.<\/div>\n<\/div>\n<h2><strong>Taille<\/strong><\/h2>\n<p>4 cm<\/p>\n<h2><strong>Pr\u00e9cision<\/strong><\/h2>\n<p>La taille de chaque santons peut vari\u00e9 l\u00e9g\u00e8rement.<\/p>\n<p>Photos non contractuelles.<\/p>\n<\/div>","protected":false},"excerpt":{"rendered":"<p>Pi\u00e8ce Principale de la cr\u00e8che J\u00e9sus ,enfant n\u00e9 le 25 d\u00e9cembre, fils de Joseph et Marie; autour duquel tout le village vient c\u00e9l\u00e9brer sa naissance.<\/p>","protected":false},"featured_media":3292,"comment_status":"open","ping_status":"closed","template":"","meta":{"jetpack_post_was_ever_published":false,"jetpack_publicize_message":"","jetpack_publicize_feature_enabled":true,"jetpack_social_post_already_shared":true,"jetpack_social_options":{"image_generator_settings":{"template":"highway","default_image_id":0,"font":"","enabled":false},"version":2}},"product_brand":[],"product_cat":[180,57],"product_tag":[34,36,33,32],"class_list":{"0":"post-145","1":"product","2":"type-product","3":"status-publish","4":"has-post-thumbnail","6":"product_cat-enfants-4-cm-2","7":"product_cat-santons-4-cm","8":"product_tag-4cm","9":"product_tag-nativite","10":"product_tag-personnage","11":"product_tag-santons","13":"first","14":"instock","15":"purchasable","16":"product-type-simple"},"yoast_head":"<!-- This site is optimized with the Yoast SEO plugin v27.4 - https:\/\/yoast.com\/product\/yoast-seo-wordpress\/ -->\n<title>Boutique - Produit - J\u00e9sus - Santons Vaquette<\/title>\n<meta name=\"description\" content=\"J\u00e9sus. Pi\u00e8ce Principale de la cr\u00e8che J\u00e9sus ,enfant n\u00e9 le 25 d\u00e9cembre, fils de Joseph et Marie; autour duquel tout le village vient c\u00e9l\u00e9brer sa naissance.\" \/>\n<meta name=\"robots\" content=\"index, follow, max-snippet:-1, max-image-preview:large, max-video-preview:-1\" \/>\n<link rel=\"canonical\" href=\"https:\/\/santonsvaquette.fr\/en\/product\/jesus\/\" \/>\n<meta property=\"og:locale\" content=\"en_US\" \/>\n<meta property=\"og:type\" content=\"article\" \/>\n<meta property=\"og:title\" content=\"Boutique - Produit - J\u00e9sus - Santons Vaquette\" \/>\n<meta property=\"og:description\" content=\"J\u00e9sus. Pi\u00e8ce Principale de la cr\u00e8che J\u00e9sus ,enfant n\u00e9 le 25 d\u00e9cembre, fils de Joseph et Marie; autour duquel tout le village vient c\u00e9l\u00e9brer sa naissance.\" \/>\n<meta property=\"og:url\" content=\"https:\/\/santonsvaquette.fr\/en\/product\/jesus\/\" \/>\n<meta property=\"og:site_name\" content=\"Santons Vaquette\" \/>\n<meta property=\"article:modified_time\" content=\"2026-03-15T15:52:35+00:00\" \/>\n<meta property=\"og:image\" content=\"https:\/\/santonsvaquette.fr\/wp-content\/uploads\/2024\/01\/PhotoRoom_20240111_145535.png\" \/>\n\t<meta property=\"og:image:width\" content=\"1800\" \/>\n\t<meta property=\"og:image:height\" content=\"2400\" \/>\n\t<meta property=\"og:image:type\" content=\"image\/png\" \/>\n<meta name=\"twitter:card\" content=\"summary_large_image\" \/>\n<meta name=\"twitter:label1\" content=\"Est. reading time\" \/>\n\t<meta name=\"twitter:data1\" content=\"2 minutes\" \/>\n<script type=\"application\/ld+json\" class=\"yoast-schema-graph\">{\"@context\":\"https:\\\/\\\/schema.org\",\"@graph\":[{\"@type\":\"WebPage\",\"@id\":\"https:\\\/\\\/santonsvaquette.fr\\\/produit\\\/jesus\\\/\",\"url\":\"https:\\\/\\\/santonsvaquette.fr\\\/produit\\\/jesus\\\/\",\"name\":\"Boutique - Produit - J\u00e9sus - Santons Vaquette\",\"isPartOf\":{\"@id\":\"https:\\\/\\\/santonsvaquette.fr\\\/#website\"},\"primaryImageOfPage\":{\"@id\":\"https:\\\/\\\/santonsvaquette.fr\\\/produit\\\/jesus\\\/#primaryimage\"},\"image\":{\"@id\":\"https:\\\/\\\/santonsvaquette.fr\\\/produit\\\/jesus\\\/#primaryimage\"},\"thumbnailUrl\":\"https:\\\/\\\/i0.wp.com\\\/santonsvaquette.fr\\\/wp-content\\\/uploads\\\/2024\\\/01\\\/PhotoRoom_20240111_145535.png?fit=1800%2C2400&ssl=1\",\"datePublished\":\"2019-02-25T18:52:27+00:00\",\"dateModified\":\"2026-03-15T15:52:35+00:00\",\"description\":\"J\u00e9sus. Pi\u00e8ce Principale de la cr\u00e8che J\u00e9sus ,enfant n\u00e9 le 25 d\u00e9cembre, fils de Joseph et Marie; autour duquel tout le village vient c\u00e9l\u00e9brer sa naissance.\",\"breadcrumb\":{\"@id\":\"https:\\\/\\\/santonsvaquette.fr\\\/produit\\\/jesus\\\/#breadcrumb\"},\"inLanguage\":\"en-US\",\"potentialAction\":[{\"@type\":\"ReadAction\",\"target\":[\"https:\\\/\\\/santonsvaquette.fr\\\/produit\\\/jesus\\\/\"]}]},{\"@type\":\"ImageObject\",\"inLanguage\":\"en-US\",\"@id\":\"https:\\\/\\\/santonsvaquette.fr\\\/produit\\\/jesus\\\/#primaryimage\",\"url\":\"https:\\\/\\\/i0.wp.com\\\/santonsvaquette.fr\\\/wp-content\\\/uploads\\\/2024\\\/01\\\/PhotoRoom_20240111_145535.png?fit=1800%2C2400&ssl=1\",\"contentUrl\":\"https:\\\/\\\/i0.wp.com\\\/santonsvaquette.fr\\\/wp-content\\\/uploads\\\/2024\\\/01\\\/PhotoRoom_20240111_145535.png?fit=1800%2C2400&ssl=1\",\"width\":1800,\"height\":2400},{\"@type\":\"BreadcrumbList\",\"@id\":\"https:\\\/\\\/santonsvaquette.fr\\\/produit\\\/jesus\\\/#breadcrumb\",\"itemListElement\":[{\"@type\":\"ListItem\",\"position\":1,\"name\":\"Accueil\",\"item\":\"https:\\\/\\\/santonsvaquette.fr\\\/\"},{\"@type\":\"ListItem\",\"position\":2,\"name\":\"Boutique\",\"item\":\"https:\\\/\\\/santonsvaquette.fr\\\/boutique-santons-vaquette\\\/\"},{\"@type\":\"ListItem\",\"position\":3,\"name\":\"J\u00e9sus\"}]},{\"@type\":\"WebSite\",\"@id\":\"https:\\\/\\\/santonsvaquette.fr\\\/#website\",\"url\":\"https:\\\/\\\/santonsvaquette.fr\\\/\",\"name\":\"Santons Vaquette\",\"description\":\"depuis 1981\",\"publisher\":{\"@id\":\"https:\\\/\\\/santonsvaquette.fr\\\/#\\\/schema\\\/person\\\/2109f2983b974b6438d2922fb589bd8b\"},\"potentialAction\":[{\"@type\":\"SearchAction\",\"target\":{\"@type\":\"EntryPoint\",\"urlTemplate\":\"https:\\\/\\\/santonsvaquette.fr\\\/?s={search_term_string}\"},\"query-input\":{\"@type\":\"PropertyValueSpecification\",\"valueRequired\":true,\"valueName\":\"search_term_string\"}}],\"inLanguage\":\"en-US\"},{\"@type\":[\"Person\",\"Organization\"],\"@id\":\"https:\\\/\\\/santonsvaquette.fr\\\/#\\\/schema\\\/person\\\/2109f2983b974b6438d2922fb589bd8b\",\"name\":\"Santons vaquette\",\"image\":{\"@type\":\"ImageObject\",\"inLanguage\":\"en-US\",\"@id\":\"https:\\\/\\\/secure.gravatar.com\\\/avatar\\\/b27ded224387f23330952ffb4227c2d2a9202f493efd626206470a94275dec6c?s=96&d=mm&r=g\",\"url\":\"https:\\\/\\\/secure.gravatar.com\\\/avatar\\\/b27ded224387f23330952ffb4227c2d2a9202f493efd626206470a94275dec6c?s=96&d=mm&r=g\",\"contentUrl\":\"https:\\\/\\\/secure.gravatar.com\\\/avatar\\\/b27ded224387f23330952ffb4227c2d2a9202f493efd626206470a94275dec6c?s=96&d=mm&r=g\",\"caption\":\"Santons vaquette\"},\"logo\":{\"@id\":\"https:\\\/\\\/secure.gravatar.com\\\/avatar\\\/b27ded224387f23330952ffb4227c2d2a9202f493efd626206470a94275dec6c?s=96&d=mm&r=g\"}}]}<\/script>\n<!-- \/ Yoast SEO plugin. -->","yoast_head_json":{"title":"Boutique - Produit - J\u00e9sus - Santons Vaquette","description":"J\u00e9sus. Pi\u00e8ce Principale de la cr\u00e8che J\u00e9sus ,enfant n\u00e9 le 25 d\u00e9cembre, fils de Joseph et Marie; autour duquel tout le village vient c\u00e9l\u00e9brer sa naissance.","robots":{"index":"index","follow":"follow","max-snippet":"max-snippet:-1","max-image-preview":"max-image-preview:large","max-video-preview":"max-video-preview:-1"},"canonical":"https:\/\/santonsvaquette.fr\/en\/product\/jesus\/","og_locale":"en_US","og_type":"article","og_title":"Boutique - Produit - J\u00e9sus - Santons Vaquette","og_description":"J\u00e9sus. Pi\u00e8ce Principale de la cr\u00e8che J\u00e9sus ,enfant n\u00e9 le 25 d\u00e9cembre, fils de Joseph et Marie; autour duquel tout le village vient c\u00e9l\u00e9brer sa naissance.","og_url":"https:\/\/santonsvaquette.fr\/en\/product\/jesus\/","og_site_name":"Santons Vaquette","article_modified_time":"2026-03-15T15:52:35+00:00","og_image":[{"width":1800,"height":2400,"url":"https:\/\/santonsvaquette.fr\/wp-content\/uploads\/2024\/01\/PhotoRoom_20240111_145535.png","type":"image\/png"}],"twitter_card":"summary_large_image","twitter_misc":{"Est. reading time":"2 minutes"},"schema":{"@context":"https:\/\/schema.org","@graph":[{"@type":"WebPage","@id":"https:\/\/santonsvaquette.fr\/produit\/jesus\/","url":"https:\/\/santonsvaquette.fr\/produit\/jesus\/","name":"Boutique - Produit - J\u00e9sus - Santons Vaquette","isPartOf":{"@id":"https:\/\/santonsvaquette.fr\/#website"},"primaryImageOfPage":{"@id":"https:\/\/santonsvaquette.fr\/produit\/jesus\/#primaryimage"},"image":{"@id":"https:\/\/santonsvaquette.fr\/produit\/jesus\/#primaryimage"},"thumbnailUrl":"https:\/\/i0.wp.com\/santonsvaquette.fr\/wp-content\/uploads\/2024\/01\/PhotoRoom_20240111_145535.png?fit=1800%2C2400&ssl=1","datePublished":"2019-02-25T18:52:27+00:00","dateModified":"2026-03-15T15:52:35+00:00","description":"J\u00e9sus. Pi\u00e8ce Principale de la cr\u00e8che J\u00e9sus ,enfant n\u00e9 le 25 d\u00e9cembre, fils de Joseph et Marie; autour duquel tout le village vient c\u00e9l\u00e9brer sa naissance.","breadcrumb":{"@id":"https:\/\/santonsvaquette.fr\/produit\/jesus\/#breadcrumb"},"inLanguage":"en-US","potentialAction":[{"@type":"ReadAction","target":["https:\/\/santonsvaquette.fr\/produit\/jesus\/"]}]},{"@type":"ImageObject","inLanguage":"en-US","@id":"https:\/\/santonsvaquette.fr\/produit\/jesus\/#primaryimage","url":"https:\/\/i0.wp.com\/santonsvaquette.fr\/wp-content\/uploads\/2024\/01\/PhotoRoom_20240111_145535.png?fit=1800%2C2400&ssl=1","contentUrl":"https:\/\/i0.wp.com\/santonsvaquette.fr\/wp-content\/uploads\/2024\/01\/PhotoRoom_20240111_145535.png?fit=1800%2C2400&ssl=1","width":1800,"height":2400},{"@type":"BreadcrumbList","@id":"https:\/\/santonsvaquette.fr\/produit\/jesus\/#breadcrumb","itemListElement":[{"@type":"ListItem","position":1,"name":"Accueil","item":"https:\/\/santonsvaquette.fr\/"},{"@type":"ListItem","position":2,"name":"Boutique","item":"https:\/\/santonsvaquette.fr\/boutique-santons-vaquette\/"},{"@type":"ListItem","position":3,"name":"J\u00e9sus"}]},{"@type":"WebSite","@id":"https:\/\/santonsvaquette.fr\/#website","url":"https:\/\/santonsvaquette.fr\/","name":"Santons Vaquette","description":"since 1981","publisher":{"@id":"https:\/\/santonsvaquette.fr\/#\/schema\/person\/2109f2983b974b6438d2922fb589bd8b"},"potentialAction":[{"@type":"SearchAction","target":{"@type":"EntryPoint","urlTemplate":"https:\/\/santonsvaquette.fr\/?s={search_term_string}"},"query-input":{"@type":"PropertyValueSpecification","valueRequired":true,"valueName":"search_term_string"}}],"inLanguage":"en-US"},{"@type":["Person","Organization"],"@id":"https:\/\/santonsvaquette.fr\/#\/schema\/person\/2109f2983b974b6438d2922fb589bd8b","name":"Santons vaquette","image":{"@type":"ImageObject","inLanguage":"en-US","@id":"https:\/\/secure.gravatar.com\/avatar\/b27ded224387f23330952ffb4227c2d2a9202f493efd626206470a94275dec6c?s=96&d=mm&r=g","url":"https:\/\/secure.gravatar.com\/avatar\/b27ded224387f23330952ffb4227c2d2a9202f493efd626206470a94275dec6c?s=96&d=mm&r=g","contentUrl":"https:\/\/secure.gravatar.com\/avatar\/b27ded224387f23330952ffb4227c2d2a9202f493efd626206470a94275dec6c?s=96&d=mm&r=g","caption":"Santons vaquette"},"logo":{"@id":"https:\/\/secure.gravatar.com\/avatar\/b27ded224387f23330952ffb4227c2d2a9202f493efd626206470a94275dec6c?s=96&d=mm&r=g"}}]}},"jetpack_publicize_connections":[],"jetpack_sharing_enabled":true,"_links":{"self":[{"href":"http:\/\/santonsvaquette.fr\/en\/wp-json\/wp\/v2\/product\/145","targetHints":{"allow":["GET"]}}],"collection":[{"href":"http:\/\/santonsvaquette.fr\/en\/wp-json\/wp\/v2\/product"}],"about":[{"href":"http:\/\/santonsvaquette.fr\/en\/wp-json\/wp\/v2\/types\/product"}],"replies":[{"embeddable":true,"href":"http:\/\/santonsvaquette.fr\/en\/wp-json\/wp\/v2\/comments?post=145"}],"wp:featuredmedia":[{"embeddable":true,"href":"http:\/\/santonsvaquette.fr\/en\/wp-json\/wp\/v2\/media\/3292"}],"wp:attachment":[{"href":"http:\/\/santonsvaquette.fr\/en\/wp-json\/wp\/v2\/media?parent=145"}],"wp:term":[{"taxonomy":"product_brand","embeddable":true,"href":"http:\/\/santonsvaquette.fr\/en\/wp-json\/wp\/v2\/product_brand?post=145"},{"taxonomy":"product_cat","embeddable":true,"href":"http:\/\/santonsvaquette.fr\/en\/wp-json\/wp\/v2\/product_cat?post=145"},{"taxonomy":"product_tag","embeddable":true,"href":"http:\/\/santonsvaquette.fr\/en\/wp-json\/wp\/v2\/product_tag?post=145"}],"curies":[{"name":"wp","href":"https:\/\/api.w.org\/{rel}","templated":true}]}}