{"id":3322,"date":"2024-01-11T17:18:35","date_gmt":"2024-01-11T16:18:35","guid":{"rendered":"https:\/\/santonsvaquette.fr\/?post_type=product&#038;p=3322"},"modified":"2026-02-27T16:27:06","modified_gmt":"2026-02-27T15:27:06","slug":"le-gardian-avec-sa-corde","status":"publish","type":"product","link":"http:\/\/santonsvaquette.fr\/en\/product\/le-gardian-avec-sa-corde\/","title":{"rendered":"le Gardian avec sa corde"},"content":{"rendered":"<p><strong>le Gardian avec sa corde<\/strong><\/p>\n<p>Notre amour pour l&rsquo;artisanat nous m\u00e8ne \u00e0 vous proposer des santons de qualit\u00e9 artisanale, fabriqu\u00e9s depuis 1981 dans la plus pure tradition des cr\u00e8ches proven\u00e7ales. Notre fabrication est 100% fran\u00e7aise, les santons \u00e9tant r\u00e9alis\u00e9s dans notre atelier de Saint-Gilles. Les santons que nous vous proposons seront id\u00e9als pour vos d\u00e9cors de cr\u00e8che, pour compl\u00e9ter votre collection ou pour offrir. Les santons sont faits mains dans la plus grande tradition pour vous proposer un produit dot\u00e9 d&rsquo;une grande qualit\u00e9. Voir:\u00a0 <a href=\"https:\/\/santonsvaquette.fr\/en\/notre-histoire\/\">Our history<\/a>.<\/p>\n<h2><strong>Pr\u00e9sentation<\/strong><\/h2>\n<p>le Gardian avec sa corde repr\u00e9sente un personnage embl\u00e9matique de la Camargue associ\u00e9 \u00e0 l&rsquo;Arl\u00e9sienne, les taureaux, chevaux.<\/p>\n<h2>Taille<\/h2>\n<p>4 cm<\/p>\n<p>&nbsp;<\/p>\n<p>photo non contractuelle<\/p>\n<p>couleur de chemises peut vari\u00e9 ( bleu, vert, jaune ou rouge)<\/p>","protected":false},"excerpt":{"rendered":"<p>le Gardian avec sa corde repr\u00e9sente un personnage embl\u00e9matique de la Camargue associ\u00e9 \u00e0 l&rsquo;Arl\u00e9sienne, les taureaux, chevaux.<\/p>","protected":false},"featured_media":3261,"comment_status":"open","ping_status":"closed","template":"","meta":{"jetpack_post_was_ever_published":false,"jetpack_publicize_message":"","jetpack_publicize_feature_enabled":true,"jetpack_social_post_already_shared":true,"jetpack_social_options":{"image_generator_settings":{"template":"highway","default_image_id":0,"font":"","enabled":false},"version":2}},"product_brand":[],"product_cat":[186,182,57],"product_tag":[34,55,37,33,160,32],"class_list":{"0":"post-3322","1":"product","2":"type-product","3":"status-publish","4":"has-post-thumbnail","6":"product_cat-la-camargue-4-cm","7":"product_cat-les-hommes-4-cm","8":"product_cat-santons-4-cm","9":"product_tag-4cm","10":"product_tag-enfants","11":"product_tag-lecole","12":"product_tag-personnage","13":"product_tag-preau","14":"product_tag-santons","16":"first","17":"instock","18":"purchasable","19":"product-type-simple"},"yoast_head":"<!-- This site is optimized with the Yoast SEO plugin v27.4 - https:\/\/yoast.com\/product\/yoast-seo-wordpress\/ -->\n<title>Boutique - Produit - le Gardian avec sa corde - Santons Vaquette<\/title>\n<meta name=\"description\" content=\"le Gardian avec sa corde repr\u00e9sente un personnage embl\u00e9matique de la Camargue associ\u00e9 \u00e0 l&#039;Arl\u00e9sienne, les taureaux, chevaux.\" \/>\n<meta name=\"robots\" content=\"index, follow, max-snippet:-1, max-image-preview:large, max-video-preview:-1\" \/>\n<link rel=\"canonical\" href=\"https:\/\/santonsvaquette.fr\/en\/product\/le-gardian-avec-sa-corde\/\" \/>\n<meta property=\"og:locale\" content=\"en_US\" \/>\n<meta property=\"og:type\" content=\"article\" \/>\n<meta property=\"og:title\" content=\"Boutique - Produit - le Gardian avec sa corde - Santons Vaquette\" \/>\n<meta property=\"og:description\" content=\"le Gardian avec sa corde repr\u00e9sente un personnage embl\u00e9matique de la Camargue associ\u00e9 \u00e0 l&#039;Arl\u00e9sienne, les taureaux, chevaux.\" \/>\n<meta property=\"og:url\" content=\"https:\/\/santonsvaquette.fr\/en\/product\/le-gardian-avec-sa-corde\/\" \/>\n<meta property=\"og:site_name\" content=\"Santons Vaquette\" \/>\n<meta property=\"article:modified_time\" content=\"2026-02-27T15:27:06+00:00\" \/>\n<meta property=\"og:image\" content=\"https:\/\/santonsvaquette.fr\/wp-content\/uploads\/2024\/01\/PhotoRoom_20240110_165936.png\" \/>\n\t<meta property=\"og:image:width\" content=\"1800\" \/>\n\t<meta property=\"og:image:height\" content=\"2400\" \/>\n\t<meta property=\"og:image:type\" content=\"image\/png\" \/>\n<meta name=\"twitter:card\" content=\"summary_large_image\" \/>\n<meta name=\"twitter:label1\" content=\"Est. reading time\" \/>\n\t<meta name=\"twitter:data1\" content=\"1 minute\" \/>\n<script type=\"application\/ld+json\" class=\"yoast-schema-graph\">{\"@context\":\"https:\\\/\\\/schema.org\",\"@graph\":[{\"@type\":\"WebPage\",\"@id\":\"https:\\\/\\\/santonsvaquette.fr\\\/produit\\\/le-gardian-avec-sa-corde\\\/\",\"url\":\"https:\\\/\\\/santonsvaquette.fr\\\/produit\\\/le-gardian-avec-sa-corde\\\/\",\"name\":\"Boutique - Produit - le Gardian avec sa corde - Santons Vaquette\",\"isPartOf\":{\"@id\":\"https:\\\/\\\/santonsvaquette.fr\\\/#website\"},\"primaryImageOfPage\":{\"@id\":\"https:\\\/\\\/santonsvaquette.fr\\\/produit\\\/le-gardian-avec-sa-corde\\\/#primaryimage\"},\"image\":{\"@id\":\"https:\\\/\\\/santonsvaquette.fr\\\/produit\\\/le-gardian-avec-sa-corde\\\/#primaryimage\"},\"thumbnailUrl\":\"https:\\\/\\\/i0.wp.com\\\/santonsvaquette.fr\\\/wp-content\\\/uploads\\\/2024\\\/01\\\/PhotoRoom_20240110_165936.png?fit=1800%2C2400&ssl=1\",\"datePublished\":\"2024-01-11T16:18:35+00:00\",\"dateModified\":\"2026-02-27T15:27:06+00:00\",\"description\":\"le Gardian avec sa corde repr\u00e9sente un personnage embl\u00e9matique de la Camargue associ\u00e9 \u00e0 l'Arl\u00e9sienne, les taureaux, chevaux.\",\"breadcrumb\":{\"@id\":\"https:\\\/\\\/santonsvaquette.fr\\\/produit\\\/le-gardian-avec-sa-corde\\\/#breadcrumb\"},\"inLanguage\":\"en-US\",\"potentialAction\":[{\"@type\":\"ReadAction\",\"target\":[\"https:\\\/\\\/santonsvaquette.fr\\\/produit\\\/le-gardian-avec-sa-corde\\\/\"]}]},{\"@type\":\"ImageObject\",\"inLanguage\":\"en-US\",\"@id\":\"https:\\\/\\\/santonsvaquette.fr\\\/produit\\\/le-gardian-avec-sa-corde\\\/#primaryimage\",\"url\":\"https:\\\/\\\/i0.wp.com\\\/santonsvaquette.fr\\\/wp-content\\\/uploads\\\/2024\\\/01\\\/PhotoRoom_20240110_165936.png?fit=1800%2C2400&ssl=1\",\"contentUrl\":\"https:\\\/\\\/i0.wp.com\\\/santonsvaquette.fr\\\/wp-content\\\/uploads\\\/2024\\\/01\\\/PhotoRoom_20240110_165936.png?fit=1800%2C2400&ssl=1\",\"width\":1800,\"height\":2400},{\"@type\":\"BreadcrumbList\",\"@id\":\"https:\\\/\\\/santonsvaquette.fr\\\/produit\\\/le-gardian-avec-sa-corde\\\/#breadcrumb\",\"itemListElement\":[{\"@type\":\"ListItem\",\"position\":1,\"name\":\"Accueil\",\"item\":\"https:\\\/\\\/santonsvaquette.fr\\\/\"},{\"@type\":\"ListItem\",\"position\":2,\"name\":\"Boutique\",\"item\":\"https:\\\/\\\/santonsvaquette.fr\\\/boutique-santons-vaquette\\\/\"},{\"@type\":\"ListItem\",\"position\":3,\"name\":\"le Gardian avec sa corde\"}]},{\"@type\":\"WebSite\",\"@id\":\"https:\\\/\\\/santonsvaquette.fr\\\/#website\",\"url\":\"https:\\\/\\\/santonsvaquette.fr\\\/\",\"name\":\"Santons Vaquette\",\"description\":\"depuis 1981\",\"publisher\":{\"@id\":\"https:\\\/\\\/santonsvaquette.fr\\\/#\\\/schema\\\/person\\\/2109f2983b974b6438d2922fb589bd8b\"},\"potentialAction\":[{\"@type\":\"SearchAction\",\"target\":{\"@type\":\"EntryPoint\",\"urlTemplate\":\"https:\\\/\\\/santonsvaquette.fr\\\/?s={search_term_string}\"},\"query-input\":{\"@type\":\"PropertyValueSpecification\",\"valueRequired\":true,\"valueName\":\"search_term_string\"}}],\"inLanguage\":\"en-US\"},{\"@type\":[\"Person\",\"Organization\"],\"@id\":\"https:\\\/\\\/santonsvaquette.fr\\\/#\\\/schema\\\/person\\\/2109f2983b974b6438d2922fb589bd8b\",\"name\":\"Santons vaquette\",\"image\":{\"@type\":\"ImageObject\",\"inLanguage\":\"en-US\",\"@id\":\"https:\\\/\\\/secure.gravatar.com\\\/avatar\\\/b27ded224387f23330952ffb4227c2d2a9202f493efd626206470a94275dec6c?s=96&d=mm&r=g\",\"url\":\"https:\\\/\\\/secure.gravatar.com\\\/avatar\\\/b27ded224387f23330952ffb4227c2d2a9202f493efd626206470a94275dec6c?s=96&d=mm&r=g\",\"contentUrl\":\"https:\\\/\\\/secure.gravatar.com\\\/avatar\\\/b27ded224387f23330952ffb4227c2d2a9202f493efd626206470a94275dec6c?s=96&d=mm&r=g\",\"caption\":\"Santons vaquette\"},\"logo\":{\"@id\":\"https:\\\/\\\/secure.gravatar.com\\\/avatar\\\/b27ded224387f23330952ffb4227c2d2a9202f493efd626206470a94275dec6c?s=96&d=mm&r=g\"}}]}<\/script>\n<!-- \/ Yoast SEO plugin. -->","yoast_head_json":{"title":"Boutique - Produit - le Gardian avec sa corde - Santons Vaquette","description":"le Gardian avec sa corde repr\u00e9sente un personnage embl\u00e9matique de la Camargue associ\u00e9 \u00e0 l'Arl\u00e9sienne, les taureaux, chevaux.","robots":{"index":"index","follow":"follow","max-snippet":"max-snippet:-1","max-image-preview":"max-image-preview:large","max-video-preview":"max-video-preview:-1"},"canonical":"https:\/\/santonsvaquette.fr\/en\/product\/le-gardian-avec-sa-corde\/","og_locale":"en_US","og_type":"article","og_title":"Boutique - Produit - le Gardian avec sa corde - Santons Vaquette","og_description":"le Gardian avec sa corde repr\u00e9sente un personnage embl\u00e9matique de la Camargue associ\u00e9 \u00e0 l'Arl\u00e9sienne, les taureaux, chevaux.","og_url":"https:\/\/santonsvaquette.fr\/en\/product\/le-gardian-avec-sa-corde\/","og_site_name":"Santons Vaquette","article_modified_time":"2026-02-27T15:27:06+00:00","og_image":[{"width":1800,"height":2400,"url":"https:\/\/santonsvaquette.fr\/wp-content\/uploads\/2024\/01\/PhotoRoom_20240110_165936.png","type":"image\/png"}],"twitter_card":"summary_large_image","twitter_misc":{"Est. reading time":"1 minute"},"schema":{"@context":"https:\/\/schema.org","@graph":[{"@type":"WebPage","@id":"https:\/\/santonsvaquette.fr\/produit\/le-gardian-avec-sa-corde\/","url":"https:\/\/santonsvaquette.fr\/produit\/le-gardian-avec-sa-corde\/","name":"Boutique - Produit - le Gardian avec sa corde - Santons Vaquette","isPartOf":{"@id":"https:\/\/santonsvaquette.fr\/#website"},"primaryImageOfPage":{"@id":"https:\/\/santonsvaquette.fr\/produit\/le-gardian-avec-sa-corde\/#primaryimage"},"image":{"@id":"https:\/\/santonsvaquette.fr\/produit\/le-gardian-avec-sa-corde\/#primaryimage"},"thumbnailUrl":"https:\/\/i0.wp.com\/santonsvaquette.fr\/wp-content\/uploads\/2024\/01\/PhotoRoom_20240110_165936.png?fit=1800%2C2400&ssl=1","datePublished":"2024-01-11T16:18:35+00:00","dateModified":"2026-02-27T15:27:06+00:00","description":"le Gardian avec sa corde repr\u00e9sente un personnage embl\u00e9matique de la Camargue associ\u00e9 \u00e0 l'Arl\u00e9sienne, les taureaux, chevaux.","breadcrumb":{"@id":"https:\/\/santonsvaquette.fr\/produit\/le-gardian-avec-sa-corde\/#breadcrumb"},"inLanguage":"en-US","potentialAction":[{"@type":"ReadAction","target":["https:\/\/santonsvaquette.fr\/produit\/le-gardian-avec-sa-corde\/"]}]},{"@type":"ImageObject","inLanguage":"en-US","@id":"https:\/\/santonsvaquette.fr\/produit\/le-gardian-avec-sa-corde\/#primaryimage","url":"https:\/\/i0.wp.com\/santonsvaquette.fr\/wp-content\/uploads\/2024\/01\/PhotoRoom_20240110_165936.png?fit=1800%2C2400&ssl=1","contentUrl":"https:\/\/i0.wp.com\/santonsvaquette.fr\/wp-content\/uploads\/2024\/01\/PhotoRoom_20240110_165936.png?fit=1800%2C2400&ssl=1","width":1800,"height":2400},{"@type":"BreadcrumbList","@id":"https:\/\/santonsvaquette.fr\/produit\/le-gardian-avec-sa-corde\/#breadcrumb","itemListElement":[{"@type":"ListItem","position":1,"name":"Accueil","item":"https:\/\/santonsvaquette.fr\/"},{"@type":"ListItem","position":2,"name":"Boutique","item":"https:\/\/santonsvaquette.fr\/boutique-santons-vaquette\/"},{"@type":"ListItem","position":3,"name":"le Gardian avec sa corde"}]},{"@type":"WebSite","@id":"https:\/\/santonsvaquette.fr\/#website","url":"https:\/\/santonsvaquette.fr\/","name":"Santons Vaquette","description":"since 1981","publisher":{"@id":"https:\/\/santonsvaquette.fr\/#\/schema\/person\/2109f2983b974b6438d2922fb589bd8b"},"potentialAction":[{"@type":"SearchAction","target":{"@type":"EntryPoint","urlTemplate":"https:\/\/santonsvaquette.fr\/?s={search_term_string}"},"query-input":{"@type":"PropertyValueSpecification","valueRequired":true,"valueName":"search_term_string"}}],"inLanguage":"en-US"},{"@type":["Person","Organization"],"@id":"https:\/\/santonsvaquette.fr\/#\/schema\/person\/2109f2983b974b6438d2922fb589bd8b","name":"Santons vaquette","image":{"@type":"ImageObject","inLanguage":"en-US","@id":"https:\/\/secure.gravatar.com\/avatar\/b27ded224387f23330952ffb4227c2d2a9202f493efd626206470a94275dec6c?s=96&d=mm&r=g","url":"https:\/\/secure.gravatar.com\/avatar\/b27ded224387f23330952ffb4227c2d2a9202f493efd626206470a94275dec6c?s=96&d=mm&r=g","contentUrl":"https:\/\/secure.gravatar.com\/avatar\/b27ded224387f23330952ffb4227c2d2a9202f493efd626206470a94275dec6c?s=96&d=mm&r=g","caption":"Santons vaquette"},"logo":{"@id":"https:\/\/secure.gravatar.com\/avatar\/b27ded224387f23330952ffb4227c2d2a9202f493efd626206470a94275dec6c?s=96&d=mm&r=g"}}]}},"jetpack_publicize_connections":[],"jetpack_sharing_enabled":true,"_links":{"self":[{"href":"http:\/\/santonsvaquette.fr\/en\/wp-json\/wp\/v2\/product\/3322","targetHints":{"allow":["GET"]}}],"collection":[{"href":"http:\/\/santonsvaquette.fr\/en\/wp-json\/wp\/v2\/product"}],"about":[{"href":"http:\/\/santonsvaquette.fr\/en\/wp-json\/wp\/v2\/types\/product"}],"replies":[{"embeddable":true,"href":"http:\/\/santonsvaquette.fr\/en\/wp-json\/wp\/v2\/comments?post=3322"}],"wp:featuredmedia":[{"embeddable":true,"href":"http:\/\/santonsvaquette.fr\/en\/wp-json\/wp\/v2\/media\/3261"}],"wp:attachment":[{"href":"http:\/\/santonsvaquette.fr\/en\/wp-json\/wp\/v2\/media?parent=3322"}],"wp:term":[{"taxonomy":"product_brand","embeddable":true,"href":"http:\/\/santonsvaquette.fr\/en\/wp-json\/wp\/v2\/product_brand?post=3322"},{"taxonomy":"product_cat","embeddable":true,"href":"http:\/\/santonsvaquette.fr\/en\/wp-json\/wp\/v2\/product_cat?post=3322"},{"taxonomy":"product_tag","embeddable":true,"href":"http:\/\/santonsvaquette.fr\/en\/wp-json\/wp\/v2\/product_tag?post=3322"}],"curies":[{"name":"wp","href":"https:\/\/api.w.org\/{rel}","templated":true}]}}