{"id":233,"date":"2019-02-28T18:52:16","date_gmt":"2019-02-28T17:52:16","guid":{"rendered":"https:\/\/santonsvaquette.fr\/?page_id=233"},"modified":"2024-02-06T13:07:49","modified_gmt":"2024-02-06T12:07:49","slug":"santons-vaquette-accueil","status":"publish","type":"page","link":"https:\/\/santonsvaquette.fr\/en\/","title":{"rendered":"Home"},"content":{"rendered":"<h2 class=\"wp-block-heading\">                          Santons Vaquette de Provence <\/h2>\n\n\n\n<p>                                                                         60 rue Gambetta <\/p>\n\n\n\n<p>                                                                         30800 Saint-Gilles<\/p>\n\n\n\n<p><strong>                                                                              09 53 80 55 12<\/strong><\/p>\n\n\n\n<p><strong>SANTONS VAQUETTE<\/strong> a cr\u00e9\u00e9 une grande vari\u00e9t\u00e9 de santons peints en terre d\u2019argile cuite. Du simple au double personnages repr\u00e9sentants divers m\u00e9tiers ainsi que des animaux. D\u00e9but des ann\u00e9es 2000, les&nbsp;<strong>SANTONS VAQUETTE&nbsp;<\/strong>r\u00e9alise&nbsp;une&nbsp;collection&nbsp;d\u2019accessoires&nbsp;et&nbsp;maisons&nbsp;de&nbsp;village&nbsp;adapt\u00e9es \u00e0 la taille de nos santons.<\/p>\n\n\n\n<p>Toutes les pi\u00e8ces sont sculpt\u00e9es, moul\u00e9es et peintes \u00e0 la main dans notre atelier  situ\u00e9 aux portes de la Camargue \u00e0 Saint-Gilles du Gard. (30800)<\/p>\n\n\n\n<p>Nos collections actuelles sont disponibles en 4 cm et 8 cm et s\u2019enrichit chaque ann\u00e9e de nouvelles pi\u00e8ces. Chaque pi\u00e8ce est parfaitement bien accessoiris\u00e9e, tous les \u00e2ges sont repr\u00e9sent\u00e9s de la personne \u00e2g\u00e9e \u00e0 l\u2019enfant.<\/p>\n\n\n\n<p>Les&nbsp;<strong>SANTONS VAQUETTE&nbsp;<\/strong>sont membres des santonniers en<a href=\"https:\/\/www.facebook.com\/pages\/category\/Community\/Les-santonniers-en-pays-Gardois-152060201976295\/\"> Pays Gardois<\/a><\/p>\n\n\n\n<p> Notre amour pour l\u2019artisanat nous m\u00e8ne \u00e0 vous proposer des santons de qualit\u00e9 artisanale, fabriqu\u00e9s depuis 1981 dans la plus pure tradition des cr\u00e8ches proven\u00e7ales. Notre fabrication est 100% fran\u00e7aise, les santons \u00e9tant r\u00e9alis\u00e9s dans notre atelier de Saint-Gilles. Les santons que nous vous proposons seront id\u00e9als pour vos d\u00e9cors de cr\u00e8che, pour compl\u00e9ter votre collection ou pour offrir. Les santons sont faits mains dans la plus grande tradition pour vousr un produit dot\u00e9 d\u2019une grande qualit\u00e9. Voir:  <a href=\"https:\/\/santonsvaquette.fr\/en\/notre-histoire\/\">Our history<\/a><\/p>\n\n\n\n<figure class=\"wp-block-image size-large\"><a href=\"https:\/\/i0.wp.com\/santonsvaquette.fr\/wp-content\/uploads\/2024\/01\/image-facade-opti-web.webp?ssl=1\"><img data-recalc-dims=\"1\" loading=\"lazy\" decoding=\"async\" width=\"980\" height=\"735\" src=\"https:\/\/i0.wp.com\/santonsvaquette.fr\/wp-content\/uploads\/2024\/01\/image-facade-opti-web.webp?resize=980%2C735&#038;ssl=1\" alt=\"Facade avant de la boutique Santons Vaquette\" class=\"wp-image-3377\" srcset=\"https:\/\/i0.wp.com\/santonsvaquette.fr\/wp-content\/uploads\/2024\/01\/image-facade-opti-web.webp?resize=1024%2C768&amp;ssl=1 1024w, https:\/\/i0.wp.com\/santonsvaquette.fr\/wp-content\/uploads\/2024\/01\/image-facade-opti-web.webp?resize=300%2C225&amp;ssl=1 300w, https:\/\/i0.wp.com\/santonsvaquette.fr\/wp-content\/uploads\/2024\/01\/image-facade-opti-web.webp?resize=768%2C576&amp;ssl=1 768w, https:\/\/i0.wp.com\/santonsvaquette.fr\/wp-content\/uploads\/2024\/01\/image-facade-opti-web.webp?resize=1536%2C1152&amp;ssl=1 1536w, https:\/\/i0.wp.com\/santonsvaquette.fr\/wp-content\/uploads\/2024\/01\/image-facade-opti-web.webp?resize=555%2C416&amp;ssl=1 555w, https:\/\/i0.wp.com\/santonsvaquette.fr\/wp-content\/uploads\/2024\/01\/image-facade-opti-web.webp?w=1600&amp;ssl=1 1600w\" sizes=\"auto, (max-width: 980px) 100vw, 980px\" \/><\/a><\/figure>","protected":false},"excerpt":{"rendered":"<p>Santons Vaquette de Provence 60 rue Gambetta 30800 Saint-Gilles 09 53 80 55 12 SANTONS VAQUETTE a cr\u00e9\u00e9 une grande vari\u00e9t\u00e9 de santons peints en terre d\u2019argile cuite. Du simple au double personnages repr\u00e9sentants divers m\u00e9tiers ainsi que des animaux. D\u00e9but des ann\u00e9es 2000, les&nbsp;SANTONS VAQUETTE&nbsp;r\u00e9alise&nbsp;une&nbsp;collection&nbsp;d\u2019accessoires&nbsp;et&nbsp;maisons&nbsp;de&nbsp;village&nbsp;adapt\u00e9es \u00e0 la taille de nos santons. Toutes les pi\u00e8ces [&hellip;]<\/p>\n","protected":false},"author":1,"featured_media":0,"parent":0,"menu_order":0,"comment_status":"closed","ping_status":"closed","template":"","meta":{"jetpack_post_was_ever_published":false,"footnotes":""},"class_list":["post-233","page","type-page","status-publish","hentry"],"yoast_head":"<!-- This site is optimized with the Yoast SEO plugin v27.4 - https:\/\/yoast.com\/product\/yoast-seo-wordpress\/ -->\n<title>Accueil - Santons Vaquette - Santons de Provence<\/title>\n<meta name=\"description\" content=\"Santons Vaquette de Provence. SANTONS VAQUETTE cr\u00e9\u00e9 une grande vari\u00e9t\u00e9 de santons peints en terre d\u2019argile cuite, du simple au double personnages.\" \/>\n<meta name=\"robots\" content=\"index, follow, max-snippet:-1, max-image-preview:large, max-video-preview:-1\" \/>\n<link rel=\"canonical\" href=\"https:\/\/santonsvaquette.fr\/en\/\" \/>\n<meta property=\"og:locale\" content=\"en_US\" \/>\n<meta property=\"og:type\" content=\"article\" \/>\n<meta property=\"og:title\" content=\"Accueil - Santons Vaquette - Santons de Provence\" \/>\n<meta property=\"og:description\" content=\"Santons Vaquette de Provence. SANTONS VAQUETTE cr\u00e9\u00e9 une grande vari\u00e9t\u00e9 de santons peints en terre d\u2019argile cuite, du simple au double personnages.\" \/>\n<meta property=\"og:url\" content=\"https:\/\/santonsvaquette.fr\/en\/\" \/>\n<meta property=\"og:site_name\" content=\"Santons Vaquette\" \/>\n<meta property=\"article:modified_time\" content=\"2024-02-06T12:07:49+00:00\" \/>\n<meta property=\"og:image\" content=\"https:\/\/santonsvaquette.fr\/wp-content\/uploads\/2024\/01\/image-facade-opti-web-1024x768.webp\" \/>\n<meta name=\"twitter:card\" content=\"summary_large_image\" \/>\n<meta name=\"twitter:label1\" content=\"Est. reading time\" \/>\n\t<meta name=\"twitter:data1\" content=\"2 minutes\" \/>\n<script type=\"application\/ld+json\" class=\"yoast-schema-graph\">{\"@context\":\"https:\\\/\\\/schema.org\",\"@graph\":[{\"@type\":\"WebPage\",\"@id\":\"https:\\\/\\\/santonsvaquette.fr\\\/\",\"url\":\"https:\\\/\\\/santonsvaquette.fr\\\/\",\"name\":\"Accueil - Santons Vaquette - Santons de Provence\",\"isPartOf\":{\"@id\":\"https:\\\/\\\/santonsvaquette.fr\\\/#website\"},\"primaryImageOfPage\":{\"@id\":\"https:\\\/\\\/santonsvaquette.fr\\\/#primaryimage\"},\"image\":{\"@id\":\"https:\\\/\\\/santonsvaquette.fr\\\/#primaryimage\"},\"thumbnailUrl\":\"https:\\\/\\\/santonsvaquette.fr\\\/wp-content\\\/uploads\\\/2024\\\/01\\\/image-facade-opti-web-1024x768.webp\",\"datePublished\":\"2019-02-28T17:52:16+00:00\",\"dateModified\":\"2024-02-06T12:07:49+00:00\",\"description\":\"Santons Vaquette de Provence. SANTONS VAQUETTE cr\u00e9\u00e9 une grande vari\u00e9t\u00e9 de santons peints en terre d\u2019argile cuite, du simple au double personnages.\",\"breadcrumb\":{\"@id\":\"https:\\\/\\\/santonsvaquette.fr\\\/#breadcrumb\"},\"inLanguage\":\"en-US\",\"potentialAction\":[{\"@type\":\"ReadAction\",\"target\":[\"https:\\\/\\\/santonsvaquette.fr\\\/\"]}]},{\"@type\":\"ImageObject\",\"inLanguage\":\"en-US\",\"@id\":\"https:\\\/\\\/santonsvaquette.fr\\\/#primaryimage\",\"url\":\"https:\\\/\\\/santonsvaquette.fr\\\/wp-content\\\/uploads\\\/2024\\\/01\\\/image-facade-opti-web-1024x768.webp\",\"contentUrl\":\"https:\\\/\\\/santonsvaquette.fr\\\/wp-content\\\/uploads\\\/2024\\\/01\\\/image-facade-opti-web-1024x768.webp\"},{\"@type\":\"BreadcrumbList\",\"@id\":\"https:\\\/\\\/santonsvaquette.fr\\\/#breadcrumb\",\"itemListElement\":[{\"@type\":\"ListItem\",\"position\":1,\"name\":\"Accueil\",\"item\":\"https:\\\/\\\/santonsvaquette.fr\\\/\"},{\"@type\":\"ListItem\",\"position\":2,\"name\":\"Accueil\"}]},{\"@type\":\"WebSite\",\"@id\":\"https:\\\/\\\/santonsvaquette.fr\\\/#website\",\"url\":\"https:\\\/\\\/santonsvaquette.fr\\\/\",\"name\":\"Santons Vaquette\",\"description\":\"depuis 1981\",\"publisher\":{\"@id\":\"https:\\\/\\\/santonsvaquette.fr\\\/#\\\/schema\\\/person\\\/2109f2983b974b6438d2922fb589bd8b\"},\"potentialAction\":[{\"@type\":\"SearchAction\",\"target\":{\"@type\":\"EntryPoint\",\"urlTemplate\":\"https:\\\/\\\/santonsvaquette.fr\\\/?s={search_term_string}\"},\"query-input\":{\"@type\":\"PropertyValueSpecification\",\"valueRequired\":true,\"valueName\":\"search_term_string\"}}],\"inLanguage\":\"en-US\"},{\"@type\":[\"Person\",\"Organization\"],\"@id\":\"https:\\\/\\\/santonsvaquette.fr\\\/#\\\/schema\\\/person\\\/2109f2983b974b6438d2922fb589bd8b\",\"name\":\"Santons vaquette\",\"image\":{\"@type\":\"ImageObject\",\"inLanguage\":\"en-US\",\"@id\":\"https:\\\/\\\/secure.gravatar.com\\\/avatar\\\/b27ded224387f23330952ffb4227c2d2a9202f493efd626206470a94275dec6c?s=96&d=mm&r=g\",\"url\":\"https:\\\/\\\/secure.gravatar.com\\\/avatar\\\/b27ded224387f23330952ffb4227c2d2a9202f493efd626206470a94275dec6c?s=96&d=mm&r=g\",\"contentUrl\":\"https:\\\/\\\/secure.gravatar.com\\\/avatar\\\/b27ded224387f23330952ffb4227c2d2a9202f493efd626206470a94275dec6c?s=96&d=mm&r=g\",\"caption\":\"Santons vaquette\"},\"logo\":{\"@id\":\"https:\\\/\\\/secure.gravatar.com\\\/avatar\\\/b27ded224387f23330952ffb4227c2d2a9202f493efd626206470a94275dec6c?s=96&d=mm&r=g\"}}]}<\/script>\n<!-- \/ Yoast SEO plugin. -->","yoast_head_json":{"title":"Accueil - Santons Vaquette - Santons de Provence","description":"Santons Vaquette de Provence. SANTONS VAQUETTE cr\u00e9\u00e9 une grande vari\u00e9t\u00e9 de santons peints en terre d\u2019argile cuite, du simple au double personnages.","robots":{"index":"index","follow":"follow","max-snippet":"max-snippet:-1","max-image-preview":"max-image-preview:large","max-video-preview":"max-video-preview:-1"},"canonical":"https:\/\/santonsvaquette.fr\/en\/","og_locale":"en_US","og_type":"article","og_title":"Accueil - Santons Vaquette - Santons de Provence","og_description":"Santons Vaquette de Provence. SANTONS VAQUETTE cr\u00e9\u00e9 une grande vari\u00e9t\u00e9 de santons peints en terre d\u2019argile cuite, du simple au double personnages.","og_url":"https:\/\/santonsvaquette.fr\/en\/","og_site_name":"Santons Vaquette","article_modified_time":"2024-02-06T12:07:49+00:00","og_image":[{"url":"https:\/\/santonsvaquette.fr\/wp-content\/uploads\/2024\/01\/image-facade-opti-web-1024x768.webp","type":"","width":"","height":""}],"twitter_card":"summary_large_image","twitter_misc":{"Est. reading time":"2 minutes"},"schema":{"@context":"https:\/\/schema.org","@graph":[{"@type":"WebPage","@id":"https:\/\/santonsvaquette.fr\/","url":"https:\/\/santonsvaquette.fr\/","name":"Accueil - Santons Vaquette - Santons de Provence","isPartOf":{"@id":"https:\/\/santonsvaquette.fr\/#website"},"primaryImageOfPage":{"@id":"https:\/\/santonsvaquette.fr\/#primaryimage"},"image":{"@id":"https:\/\/santonsvaquette.fr\/#primaryimage"},"thumbnailUrl":"https:\/\/santonsvaquette.fr\/wp-content\/uploads\/2024\/01\/image-facade-opti-web-1024x768.webp","datePublished":"2019-02-28T17:52:16+00:00","dateModified":"2024-02-06T12:07:49+00:00","description":"Santons Vaquette de Provence. SANTONS VAQUETTE cr\u00e9\u00e9 une grande vari\u00e9t\u00e9 de santons peints en terre d\u2019argile cuite, du simple au double personnages.","breadcrumb":{"@id":"https:\/\/santonsvaquette.fr\/#breadcrumb"},"inLanguage":"en-US","potentialAction":[{"@type":"ReadAction","target":["https:\/\/santonsvaquette.fr\/"]}]},{"@type":"ImageObject","inLanguage":"en-US","@id":"https:\/\/santonsvaquette.fr\/#primaryimage","url":"https:\/\/santonsvaquette.fr\/wp-content\/uploads\/2024\/01\/image-facade-opti-web-1024x768.webp","contentUrl":"https:\/\/santonsvaquette.fr\/wp-content\/uploads\/2024\/01\/image-facade-opti-web-1024x768.webp"},{"@type":"BreadcrumbList","@id":"https:\/\/santonsvaquette.fr\/#breadcrumb","itemListElement":[{"@type":"ListItem","position":1,"name":"Accueil","item":"https:\/\/santonsvaquette.fr\/"},{"@type":"ListItem","position":2,"name":"Accueil"}]},{"@type":"WebSite","@id":"https:\/\/santonsvaquette.fr\/#website","url":"https:\/\/santonsvaquette.fr\/","name":"Santons Vaquette","description":"since 1981","publisher":{"@id":"https:\/\/santonsvaquette.fr\/#\/schema\/person\/2109f2983b974b6438d2922fb589bd8b"},"potentialAction":[{"@type":"SearchAction","target":{"@type":"EntryPoint","urlTemplate":"https:\/\/santonsvaquette.fr\/?s={search_term_string}"},"query-input":{"@type":"PropertyValueSpecification","valueRequired":true,"valueName":"search_term_string"}}],"inLanguage":"en-US"},{"@type":["Person","Organization"],"@id":"https:\/\/santonsvaquette.fr\/#\/schema\/person\/2109f2983b974b6438d2922fb589bd8b","name":"Santons vaquette","image":{"@type":"ImageObject","inLanguage":"en-US","@id":"https:\/\/secure.gravatar.com\/avatar\/b27ded224387f23330952ffb4227c2d2a9202f493efd626206470a94275dec6c?s=96&d=mm&r=g","url":"https:\/\/secure.gravatar.com\/avatar\/b27ded224387f23330952ffb4227c2d2a9202f493efd626206470a94275dec6c?s=96&d=mm&r=g","contentUrl":"https:\/\/secure.gravatar.com\/avatar\/b27ded224387f23330952ffb4227c2d2a9202f493efd626206470a94275dec6c?s=96&d=mm&r=g","caption":"Santons vaquette"},"logo":{"@id":"https:\/\/secure.gravatar.com\/avatar\/b27ded224387f23330952ffb4227c2d2a9202f493efd626206470a94275dec6c?s=96&d=mm&r=g"}}]}},"jetpack_sharing_enabled":true,"jetpack_shortlink":"https:\/\/wp.me\/PaIpNe-3L","_links":{"self":[{"href":"https:\/\/santonsvaquette.fr\/en\/wp-json\/wp\/v2\/pages\/233","targetHints":{"allow":["GET"]}}],"collection":[{"href":"https:\/\/santonsvaquette.fr\/en\/wp-json\/wp\/v2\/pages"}],"about":[{"href":"https:\/\/santonsvaquette.fr\/en\/wp-json\/wp\/v2\/types\/page"}],"author":[{"embeddable":true,"href":"https:\/\/santonsvaquette.fr\/en\/wp-json\/wp\/v2\/users\/1"}],"replies":[{"embeddable":true,"href":"https:\/\/santonsvaquette.fr\/en\/wp-json\/wp\/v2\/comments?post=233"}],"version-history":[{"count":6,"href":"https:\/\/santonsvaquette.fr\/en\/wp-json\/wp\/v2\/pages\/233\/revisions"}],"predecessor-version":[{"id":3406,"href":"https:\/\/santonsvaquette.fr\/en\/wp-json\/wp\/v2\/pages\/233\/revisions\/3406"}],"wp:attachment":[{"href":"https:\/\/santonsvaquette.fr\/en\/wp-json\/wp\/v2\/media?parent=233"}],"curies":[{"name":"wp","href":"https:\/\/api.w.org\/{rel}","templated":true}]}}