{"id":1371,"date":"2020-09-10T10:47:17","date_gmt":"2020-09-10T08:47:17","guid":{"rendered":"https:\/\/santonsvaquette.fr\/?post_type=product&#038;p=1371"},"modified":"2026-03-09T10:39:58","modified_gmt":"2026-03-09T09:39:58","slug":"la-cabane-de-gardian","status":"publish","type":"product","link":"https:\/\/santonsvaquette.fr\/en\/product\/la-cabane-de-gardian\/","title":{"rendered":"la Cabane de gardian"},"content":{"rendered":"<p>&nbsp;<\/p>\n<p>La cabane de gardian<\/p>\n<p>Notre amour pour l&rsquo;artisanat nous m\u00e8ne \u00e0 vous proposer des santons de qualit\u00e9 artisanale, fabriqu\u00e9s depuis 1981 dans la plus pure tradition des cr\u00e8ches proven\u00e7ales. Notre fabrication est 100% fran\u00e7aise, les santons \u00e9tant r\u00e9alis\u00e9s dans notre atelier de Saint-Gilles. Les santons que nous vous proposons seront id\u00e9als pour vos d\u00e9cors de cr\u00e8che, pour compl\u00e9ter votre collection ou pour offrir. Les santons sont faits mains dans la plus grande tradition pour vous proposer un produit dot\u00e9 d&rsquo;une grande qualit\u00e9. Voir:\u00a0 <a href=\"https:\/\/santonsvaquette.fr\/en\/notre-histoire\/\">Our history<\/a>.<\/p>\n<h2>Pr\u00e9sentation<\/h2>\n<p>la cabane de gardian associ\u00e9 \u00e0 la camargue, arl\u00e9sienne, gardian, taureau , cheval &#8230;<\/p>\n<h2>Taille<\/h2>\n<p>pour les 4 cm<\/p>\n<p>&nbsp;<\/p>","protected":false},"excerpt":{"rendered":"<p><em><strong>La cabane de gardian<\/strong><\/em> est, \u00e0 l&rsquo;origine, le logement de l&rsquo;ouvrier agricole dit \u00ab gardien des taureaux \u00bb dans la Camargue du XIXe si\u00e8cle et du d\u00e9but du XXe. \u00c0 partir des ann\u00e9es 1930, elle a \u00e9t\u00e9 revendiqu\u00e9e et d\u00e9fendue en tant que telle par l&rsquo;association nation gardiane fond\u00e9e en 1904 par l&rsquo;\u00e9crivain et manadier Folco de Baroncelli1. C&rsquo;est une chaumi\u00e8re au pignon-fa\u00e7ade orient\u00e9 sud, au plan en forme de fer \u00e0 cheval pour limiter la prise au mistral, construite sur une structure de bois recouverte de sagne (roseau) ou de pis\u00e9, enduite de mortier \u00e0 la chaux, avec toit de chaume en sagne (roseau) et fa\u00eetage en mortier \u00e0 la chaux. Le bout du chevron central de l&rsquo;abside est coiff\u00e9 d&rsquo;une corne de taureau ou d&rsquo;une croix, et sert \u00e0 amarrer la toiture avec des cordes les jours de grand vent ou de temp\u00eate.<\/p>\n<p>veuillez pr\u00e9ciser la pr\u00e9f\u00e9rence de la couleur des volets bleu ou marron<\/p>","protected":false},"featured_media":3689,"comment_status":"open","ping_status":"closed","template":"","meta":{"jetpack_post_was_ever_published":false,"jetpack_publicize_message":"","jetpack_publicize_feature_enabled":true,"jetpack_social_post_already_shared":true,"jetpack_social_options":{"image_generator_settings":{"template":"highway","default_image_id":0,"font":"","enabled":false},"version":2}},"product_brand":[],"product_cat":[31],"product_tag":[77,154,152,78,153],"class_list":{"0":"post-1371","1":"product","2":"type-product","3":"status-publish","4":"has-post-thumbnail","6":"product_cat-maisons-pour-4-cm","7":"product_tag-camargue","8":"product_tag-chevaux","9":"product_tag-collection-4cm","10":"product_tag-gardian","11":"product_tag-taureau","13":"first","14":"instock","15":"purchasable","16":"product-type-simple"},"yoast_head":"<!-- This site is optimized with the Yoast SEO plugin v27.4 - https:\/\/yoast.com\/product\/yoast-seo-wordpress\/ -->\n<title>la Cabane de gardian - Santons Vaquette camargue gardian maison cheval<\/title>\n<meta name=\"description\" content=\"La cabane de gardian est, \u00e0 l&#039;origine, le logement de l&#039;ouvrier agricole dit \u00ab gardien des taureaux \u00bb dans la Camargue du XIXe si\u00e8cle .\" \/>\n<meta name=\"robots\" content=\"index, follow, max-snippet:-1, max-image-preview:large, max-video-preview:-1\" \/>\n<link rel=\"canonical\" href=\"https:\/\/santonsvaquette.fr\/en\/product\/la-cabane-de-gardian\/\" \/>\n<meta property=\"og:locale\" content=\"en_US\" \/>\n<meta property=\"og:type\" content=\"article\" \/>\n<meta property=\"og:title\" content=\"la Cabane de gardian - Santons Vaquette camargue gardian maison cheval\" \/>\n<meta property=\"og:description\" content=\"La cabane de gardian est, \u00e0 l&#039;origine, le logement de l&#039;ouvrier agricole dit \u00ab gardien des taureaux \u00bb dans la Camargue du XIXe si\u00e8cle .\" \/>\n<meta property=\"og:url\" content=\"https:\/\/santonsvaquette.fr\/en\/product\/la-cabane-de-gardian\/\" \/>\n<meta property=\"og:site_name\" content=\"Santons Vaquette\" \/>\n<meta property=\"article:modified_time\" content=\"2026-03-09T09:39:58+00:00\" \/>\n<meta property=\"og:image\" content=\"https:\/\/santonsvaquette.fr\/wp-content\/uploads\/2020\/09\/Photoroom_20250605_211850.png\" \/>\n\t<meta property=\"og:image:width\" content=\"1109\" \/>\n\t<meta property=\"og:image:height\" content=\"2400\" \/>\n\t<meta property=\"og:image:type\" content=\"image\/png\" \/>\n<meta name=\"twitter:card\" content=\"summary_large_image\" \/>\n<meta name=\"twitter:label1\" content=\"Est. reading time\" \/>\n\t<meta name=\"twitter:data1\" content=\"1 minute\" \/>\n<script type=\"application\/ld+json\" class=\"yoast-schema-graph\">{\"@context\":\"https:\\\/\\\/schema.org\",\"@graph\":[{\"@type\":\"WebPage\",\"@id\":\"https:\\\/\\\/santonsvaquette.fr\\\/produit\\\/la-cabane-de-gardian\\\/\",\"url\":\"https:\\\/\\\/santonsvaquette.fr\\\/produit\\\/la-cabane-de-gardian\\\/\",\"name\":\"la Cabane de gardian - Santons Vaquette camargue gardian maison cheval\",\"isPartOf\":{\"@id\":\"https:\\\/\\\/santonsvaquette.fr\\\/#website\"},\"primaryImageOfPage\":{\"@id\":\"https:\\\/\\\/santonsvaquette.fr\\\/produit\\\/la-cabane-de-gardian\\\/#primaryimage\"},\"image\":{\"@id\":\"https:\\\/\\\/santonsvaquette.fr\\\/produit\\\/la-cabane-de-gardian\\\/#primaryimage\"},\"thumbnailUrl\":\"https:\\\/\\\/i0.wp.com\\\/santonsvaquette.fr\\\/wp-content\\\/uploads\\\/2020\\\/09\\\/Photoroom_20250605_211850.png?fit=1109%2C2400&ssl=1\",\"datePublished\":\"2020-09-10T08:47:17+00:00\",\"dateModified\":\"2026-03-09T09:39:58+00:00\",\"description\":\"La cabane de gardian est, \u00e0 l'origine, le logement de l'ouvrier agricole dit \u00ab gardien des taureaux \u00bb dans la Camargue du XIXe si\u00e8cle .\",\"breadcrumb\":{\"@id\":\"https:\\\/\\\/santonsvaquette.fr\\\/produit\\\/la-cabane-de-gardian\\\/#breadcrumb\"},\"inLanguage\":\"en-US\",\"potentialAction\":[{\"@type\":\"ReadAction\",\"target\":[\"https:\\\/\\\/santonsvaquette.fr\\\/produit\\\/la-cabane-de-gardian\\\/\"]}]},{\"@type\":\"ImageObject\",\"inLanguage\":\"en-US\",\"@id\":\"https:\\\/\\\/santonsvaquette.fr\\\/produit\\\/la-cabane-de-gardian\\\/#primaryimage\",\"url\":\"https:\\\/\\\/i0.wp.com\\\/santonsvaquette.fr\\\/wp-content\\\/uploads\\\/2020\\\/09\\\/Photoroom_20250605_211850.png?fit=1109%2C2400&ssl=1\",\"contentUrl\":\"https:\\\/\\\/i0.wp.com\\\/santonsvaquette.fr\\\/wp-content\\\/uploads\\\/2020\\\/09\\\/Photoroom_20250605_211850.png?fit=1109%2C2400&ssl=1\",\"width\":1109,\"height\":2400},{\"@type\":\"BreadcrumbList\",\"@id\":\"https:\\\/\\\/santonsvaquette.fr\\\/produit\\\/la-cabane-de-gardian\\\/#breadcrumb\",\"itemListElement\":[{\"@type\":\"ListItem\",\"position\":1,\"name\":\"Accueil\",\"item\":\"https:\\\/\\\/santonsvaquette.fr\\\/\"},{\"@type\":\"ListItem\",\"position\":2,\"name\":\"Boutique\",\"item\":\"https:\\\/\\\/santonsvaquette.fr\\\/boutique-santons-vaquette\\\/\"},{\"@type\":\"ListItem\",\"position\":3,\"name\":\"la Cabane de gardian\"}]},{\"@type\":\"WebSite\",\"@id\":\"https:\\\/\\\/santonsvaquette.fr\\\/#website\",\"url\":\"https:\\\/\\\/santonsvaquette.fr\\\/\",\"name\":\"Santons Vaquette\",\"description\":\"depuis 1981\",\"publisher\":{\"@id\":\"https:\\\/\\\/santonsvaquette.fr\\\/#\\\/schema\\\/person\\\/2109f2983b974b6438d2922fb589bd8b\"},\"potentialAction\":[{\"@type\":\"SearchAction\",\"target\":{\"@type\":\"EntryPoint\",\"urlTemplate\":\"https:\\\/\\\/santonsvaquette.fr\\\/?s={search_term_string}\"},\"query-input\":{\"@type\":\"PropertyValueSpecification\",\"valueRequired\":true,\"valueName\":\"search_term_string\"}}],\"inLanguage\":\"en-US\"},{\"@type\":[\"Person\",\"Organization\"],\"@id\":\"https:\\\/\\\/santonsvaquette.fr\\\/#\\\/schema\\\/person\\\/2109f2983b974b6438d2922fb589bd8b\",\"name\":\"Santons vaquette\",\"image\":{\"@type\":\"ImageObject\",\"inLanguage\":\"en-US\",\"@id\":\"https:\\\/\\\/secure.gravatar.com\\\/avatar\\\/b27ded224387f23330952ffb4227c2d2a9202f493efd626206470a94275dec6c?s=96&d=mm&r=g\",\"url\":\"https:\\\/\\\/secure.gravatar.com\\\/avatar\\\/b27ded224387f23330952ffb4227c2d2a9202f493efd626206470a94275dec6c?s=96&d=mm&r=g\",\"contentUrl\":\"https:\\\/\\\/secure.gravatar.com\\\/avatar\\\/b27ded224387f23330952ffb4227c2d2a9202f493efd626206470a94275dec6c?s=96&d=mm&r=g\",\"caption\":\"Santons vaquette\"},\"logo\":{\"@id\":\"https:\\\/\\\/secure.gravatar.com\\\/avatar\\\/b27ded224387f23330952ffb4227c2d2a9202f493efd626206470a94275dec6c?s=96&d=mm&r=g\"}}]}<\/script>\n<!-- \/ Yoast SEO plugin. -->","yoast_head_json":{"title":"la Cabane de gardian - Santons Vaquette camargue gardian maison cheval","description":"La cabane de gardian est, \u00e0 l'origine, le logement de l'ouvrier agricole dit \u00ab gardien des taureaux \u00bb dans la Camargue du XIXe si\u00e8cle .","robots":{"index":"index","follow":"follow","max-snippet":"max-snippet:-1","max-image-preview":"max-image-preview:large","max-video-preview":"max-video-preview:-1"},"canonical":"https:\/\/santonsvaquette.fr\/en\/product\/la-cabane-de-gardian\/","og_locale":"en_US","og_type":"article","og_title":"la Cabane de gardian - Santons Vaquette camargue gardian maison cheval","og_description":"La cabane de gardian est, \u00e0 l'origine, le logement de l'ouvrier agricole dit \u00ab gardien des taureaux \u00bb dans la Camargue du XIXe si\u00e8cle .","og_url":"https:\/\/santonsvaquette.fr\/en\/product\/la-cabane-de-gardian\/","og_site_name":"Santons Vaquette","article_modified_time":"2026-03-09T09:39:58+00:00","og_image":[{"width":1109,"height":2400,"url":"https:\/\/santonsvaquette.fr\/wp-content\/uploads\/2020\/09\/Photoroom_20250605_211850.png","type":"image\/png"}],"twitter_card":"summary_large_image","twitter_misc":{"Est. reading time":"1 minute"},"schema":{"@context":"https:\/\/schema.org","@graph":[{"@type":"WebPage","@id":"https:\/\/santonsvaquette.fr\/produit\/la-cabane-de-gardian\/","url":"https:\/\/santonsvaquette.fr\/produit\/la-cabane-de-gardian\/","name":"la Cabane de gardian - Santons Vaquette camargue gardian maison cheval","isPartOf":{"@id":"https:\/\/santonsvaquette.fr\/#website"},"primaryImageOfPage":{"@id":"https:\/\/santonsvaquette.fr\/produit\/la-cabane-de-gardian\/#primaryimage"},"image":{"@id":"https:\/\/santonsvaquette.fr\/produit\/la-cabane-de-gardian\/#primaryimage"},"thumbnailUrl":"https:\/\/i0.wp.com\/santonsvaquette.fr\/wp-content\/uploads\/2020\/09\/Photoroom_20250605_211850.png?fit=1109%2C2400&ssl=1","datePublished":"2020-09-10T08:47:17+00:00","dateModified":"2026-03-09T09:39:58+00:00","description":"La cabane de gardian est, \u00e0 l'origine, le logement de l'ouvrier agricole dit \u00ab gardien des taureaux \u00bb dans la Camargue du XIXe si\u00e8cle .","breadcrumb":{"@id":"https:\/\/santonsvaquette.fr\/produit\/la-cabane-de-gardian\/#breadcrumb"},"inLanguage":"en-US","potentialAction":[{"@type":"ReadAction","target":["https:\/\/santonsvaquette.fr\/produit\/la-cabane-de-gardian\/"]}]},{"@type":"ImageObject","inLanguage":"en-US","@id":"https:\/\/santonsvaquette.fr\/produit\/la-cabane-de-gardian\/#primaryimage","url":"https:\/\/i0.wp.com\/santonsvaquette.fr\/wp-content\/uploads\/2020\/09\/Photoroom_20250605_211850.png?fit=1109%2C2400&ssl=1","contentUrl":"https:\/\/i0.wp.com\/santonsvaquette.fr\/wp-content\/uploads\/2020\/09\/Photoroom_20250605_211850.png?fit=1109%2C2400&ssl=1","width":1109,"height":2400},{"@type":"BreadcrumbList","@id":"https:\/\/santonsvaquette.fr\/produit\/la-cabane-de-gardian\/#breadcrumb","itemListElement":[{"@type":"ListItem","position":1,"name":"Accueil","item":"https:\/\/santonsvaquette.fr\/"},{"@type":"ListItem","position":2,"name":"Boutique","item":"https:\/\/santonsvaquette.fr\/boutique-santons-vaquette\/"},{"@type":"ListItem","position":3,"name":"la Cabane de gardian"}]},{"@type":"WebSite","@id":"https:\/\/santonsvaquette.fr\/#website","url":"https:\/\/santonsvaquette.fr\/","name":"Santons Vaquette","description":"since 1981","publisher":{"@id":"https:\/\/santonsvaquette.fr\/#\/schema\/person\/2109f2983b974b6438d2922fb589bd8b"},"potentialAction":[{"@type":"SearchAction","target":{"@type":"EntryPoint","urlTemplate":"https:\/\/santonsvaquette.fr\/?s={search_term_string}"},"query-input":{"@type":"PropertyValueSpecification","valueRequired":true,"valueName":"search_term_string"}}],"inLanguage":"en-US"},{"@type":["Person","Organization"],"@id":"https:\/\/santonsvaquette.fr\/#\/schema\/person\/2109f2983b974b6438d2922fb589bd8b","name":"Santons vaquette","image":{"@type":"ImageObject","inLanguage":"en-US","@id":"https:\/\/secure.gravatar.com\/avatar\/b27ded224387f23330952ffb4227c2d2a9202f493efd626206470a94275dec6c?s=96&d=mm&r=g","url":"https:\/\/secure.gravatar.com\/avatar\/b27ded224387f23330952ffb4227c2d2a9202f493efd626206470a94275dec6c?s=96&d=mm&r=g","contentUrl":"https:\/\/secure.gravatar.com\/avatar\/b27ded224387f23330952ffb4227c2d2a9202f493efd626206470a94275dec6c?s=96&d=mm&r=g","caption":"Santons vaquette"},"logo":{"@id":"https:\/\/secure.gravatar.com\/avatar\/b27ded224387f23330952ffb4227c2d2a9202f493efd626206470a94275dec6c?s=96&d=mm&r=g"}}]}},"jetpack_publicize_connections":[],"jetpack_sharing_enabled":true,"_links":{"self":[{"href":"https:\/\/santonsvaquette.fr\/en\/wp-json\/wp\/v2\/product\/1371","targetHints":{"allow":["GET"]}}],"collection":[{"href":"https:\/\/santonsvaquette.fr\/en\/wp-json\/wp\/v2\/product"}],"about":[{"href":"https:\/\/santonsvaquette.fr\/en\/wp-json\/wp\/v2\/types\/product"}],"replies":[{"embeddable":true,"href":"https:\/\/santonsvaquette.fr\/en\/wp-json\/wp\/v2\/comments?post=1371"}],"wp:featuredmedia":[{"embeddable":true,"href":"https:\/\/santonsvaquette.fr\/en\/wp-json\/wp\/v2\/media\/3689"}],"wp:attachment":[{"href":"https:\/\/santonsvaquette.fr\/en\/wp-json\/wp\/v2\/media?parent=1371"}],"wp:term":[{"taxonomy":"product_brand","embeddable":true,"href":"https:\/\/santonsvaquette.fr\/en\/wp-json\/wp\/v2\/product_brand?post=1371"},{"taxonomy":"product_cat","embeddable":true,"href":"https:\/\/santonsvaquette.fr\/en\/wp-json\/wp\/v2\/product_cat?post=1371"},{"taxonomy":"product_tag","embeddable":true,"href":"https:\/\/santonsvaquette.fr\/en\/wp-json\/wp\/v2\/product_tag?post=1371"}],"curies":[{"name":"wp","href":"https:\/\/api.w.org\/{rel}","templated":true}]}}