{"id":1397,"date":"2020-10-21T15:08:37","date_gmt":"2020-10-21T13:08:37","guid":{"rendered":"https:\/\/santonsvaquette.fr\/?post_type=product&#038;p=1397"},"modified":"2026-03-08T14:56:38","modified_gmt":"2026-03-08T13:56:38","slug":"enfants-jouant-a-saute-mouton","status":"publish","type":"product","link":"https:\/\/santonsvaquette.fr\/en\/product\/enfants-jouant-a-saute-mouton\/","title":{"rendered":"Enfants jouant \u00e0 saute mouton"},"content":{"rendered":"<p>Enfants jouant \u00e0 saute mouton<\/p>\n<p>Notre amour pour l&rsquo;artisanat nous m\u00e8ne \u00e0 vous proposer des santons de qualit\u00e9 artisanale, fabriqu\u00e9s depuis 1981 dans la plus pure tradition des cr\u00e8ches proven\u00e7ales. Notre fabrication est 100% fran\u00e7aise, les santons \u00e9tant r\u00e9alis\u00e9s dans notre atelier de Saint-Gilles. Les santons que nous vous proposons seront id\u00e9als pour vos d\u00e9cors de cr\u00e8che, pour compl\u00e9ter votre collection ou pour offrir. Les santons sont faits mains dans la plus grande tradition pour vous proposer un produit dot\u00e9 d&rsquo;une grande qualit\u00e9. Voir:\u00a0 <a href=\"https:\/\/santonsvaquette.fr\/en\/notre-histoire\/\">Our history<\/a>.<\/p>\n<h2>Pr\u00e9sentation<\/h2>\n<p>Enfants jouant \u00e0 saute-mouton est un jeu d&rsquo;enfant il est associ\u00e9\u00a0 aux enfants, \u00e0 la ma\u00eetresse , \u00e0 l&rsquo;\u00e9cole ainsi qu&rsquo;au pr\u00e9au de l&rsquo;\u00e9cole.<\/p>\n<h2>Taille<\/h2>\n<p>4 cm<\/p>\n<p>&nbsp;<\/p>","protected":false},"excerpt":{"rendered":"<p>Enfants jouant \u00e0 saute-mouton est un jeu d&rsquo;enfant il est associ\u00e9\u00a0 aux enfants, \u00e0 la ma\u00eetresse , \u00e0 l&rsquo;\u00e9cole ainsi qu&rsquo;au pr\u00e9au de l&rsquo;\u00e9cole.<\/p>\n<h2><\/h2>","protected":false},"featured_media":3747,"comment_status":"open","ping_status":"closed","template":"","meta":{"jetpack_post_was_ever_published":false,"jetpack_publicize_message":"","jetpack_publicize_feature_enabled":true,"jetpack_social_post_already_shared":true,"jetpack_social_options":{"image_generator_settings":{"template":"highway","default_image_id":0,"font":"","enabled":false},"version":2}},"product_brand":[],"product_cat":[180,57],"product_tag":[55,37,97,98],"class_list":{"0":"post-1397","1":"product","2":"type-product","3":"status-publish","4":"has-post-thumbnail","6":"product_cat-enfants-4-cm-2","7":"product_cat-santons-4-cm","8":"product_tag-enfants","9":"product_tag-lecole","10":"product_tag-la-cabane-des-enfants","11":"product_tag-le-preau","13":"first","14":"instock","15":"purchasable","16":"product-type-simple"},"yoast_head":"<!-- This site is optimized with the Yoast SEO plugin v27.4 - https:\/\/yoast.com\/product\/yoast-seo-wordpress\/ -->\n<title>Enfants jouant \u00e0 saute mouton - Santons Vaquette<\/title>\n<meta name=\"description\" content=\"Enfants jouant \u00e0 saute-mouton est un jeu d&#039;enfant il est associ\u00e9\u00a0 aux enfants, \u00e0 la ma\u00eetresse , \u00e0 l&#039;\u00e9cole ainsi qu&#039;au pr\u00e9au de l&#039;\u00e9cole.\" \/>\n<meta name=\"robots\" content=\"index, follow, max-snippet:-1, max-image-preview:large, max-video-preview:-1\" \/>\n<link rel=\"canonical\" href=\"https:\/\/santonsvaquette.fr\/en\/product\/enfants-jouant-a-saute-mouton\/\" \/>\n<meta property=\"og:locale\" content=\"en_US\" \/>\n<meta property=\"og:type\" content=\"article\" \/>\n<meta property=\"og:title\" content=\"Enfants jouant \u00e0 saute mouton - Santons Vaquette\" \/>\n<meta property=\"og:description\" content=\"Enfants jouant \u00e0 saute-mouton est un jeu d&#039;enfant il est associ\u00e9\u00a0 aux enfants, \u00e0 la ma\u00eetresse , \u00e0 l&#039;\u00e9cole ainsi qu&#039;au pr\u00e9au de l&#039;\u00e9cole.\" \/>\n<meta property=\"og:url\" content=\"https:\/\/santonsvaquette.fr\/en\/product\/enfants-jouant-a-saute-mouton\/\" \/>\n<meta property=\"og:site_name\" content=\"Santons Vaquette\" \/>\n<meta property=\"article:modified_time\" content=\"2026-03-08T13:56:38+00:00\" \/>\n<meta property=\"og:image\" content=\"https:\/\/santonsvaquette.fr\/wp-content\/uploads\/2020\/10\/Photoroom_20250729_182157-1.png\" \/>\n\t<meta property=\"og:image:width\" content=\"1800\" \/>\n\t<meta property=\"og:image:height\" content=\"2400\" \/>\n\t<meta property=\"og:image:type\" content=\"image\/png\" \/>\n<meta name=\"twitter:card\" content=\"summary_large_image\" \/>\n<meta name=\"twitter:label1\" content=\"Est. reading time\" \/>\n\t<meta name=\"twitter:data1\" content=\"1 minute\" \/>\n<script type=\"application\/ld+json\" class=\"yoast-schema-graph\">{\"@context\":\"https:\\\/\\\/schema.org\",\"@graph\":[{\"@type\":\"WebPage\",\"@id\":\"https:\\\/\\\/santonsvaquette.fr\\\/produit\\\/enfants-jouant-a-saute-mouton\\\/\",\"url\":\"https:\\\/\\\/santonsvaquette.fr\\\/produit\\\/enfants-jouant-a-saute-mouton\\\/\",\"name\":\"Enfants jouant \u00e0 saute mouton - Santons Vaquette\",\"isPartOf\":{\"@id\":\"https:\\\/\\\/santonsvaquette.fr\\\/#website\"},\"primaryImageOfPage\":{\"@id\":\"https:\\\/\\\/santonsvaquette.fr\\\/produit\\\/enfants-jouant-a-saute-mouton\\\/#primaryimage\"},\"image\":{\"@id\":\"https:\\\/\\\/santonsvaquette.fr\\\/produit\\\/enfants-jouant-a-saute-mouton\\\/#primaryimage\"},\"thumbnailUrl\":\"https:\\\/\\\/i0.wp.com\\\/santonsvaquette.fr\\\/wp-content\\\/uploads\\\/2020\\\/10\\\/Photoroom_20250729_182157-1.png?fit=1800%2C2400&ssl=1\",\"datePublished\":\"2020-10-21T13:08:37+00:00\",\"dateModified\":\"2026-03-08T13:56:38+00:00\",\"description\":\"Enfants jouant \u00e0 saute-mouton est un jeu d'enfant il est associ\u00e9\u00a0 aux enfants, \u00e0 la ma\u00eetresse , \u00e0 l'\u00e9cole ainsi qu'au pr\u00e9au de l'\u00e9cole.\",\"breadcrumb\":{\"@id\":\"https:\\\/\\\/santonsvaquette.fr\\\/produit\\\/enfants-jouant-a-saute-mouton\\\/#breadcrumb\"},\"inLanguage\":\"en-US\",\"potentialAction\":[{\"@type\":\"ReadAction\",\"target\":[\"https:\\\/\\\/santonsvaquette.fr\\\/produit\\\/enfants-jouant-a-saute-mouton\\\/\"]}]},{\"@type\":\"ImageObject\",\"inLanguage\":\"en-US\",\"@id\":\"https:\\\/\\\/santonsvaquette.fr\\\/produit\\\/enfants-jouant-a-saute-mouton\\\/#primaryimage\",\"url\":\"https:\\\/\\\/i0.wp.com\\\/santonsvaquette.fr\\\/wp-content\\\/uploads\\\/2020\\\/10\\\/Photoroom_20250729_182157-1.png?fit=1800%2C2400&ssl=1\",\"contentUrl\":\"https:\\\/\\\/i0.wp.com\\\/santonsvaquette.fr\\\/wp-content\\\/uploads\\\/2020\\\/10\\\/Photoroom_20250729_182157-1.png?fit=1800%2C2400&ssl=1\",\"width\":1800,\"height\":2400},{\"@type\":\"BreadcrumbList\",\"@id\":\"https:\\\/\\\/santonsvaquette.fr\\\/produit\\\/enfants-jouant-a-saute-mouton\\\/#breadcrumb\",\"itemListElement\":[{\"@type\":\"ListItem\",\"position\":1,\"name\":\"Accueil\",\"item\":\"https:\\\/\\\/santonsvaquette.fr\\\/\"},{\"@type\":\"ListItem\",\"position\":2,\"name\":\"Boutique\",\"item\":\"https:\\\/\\\/santonsvaquette.fr\\\/boutique-santons-vaquette\\\/\"},{\"@type\":\"ListItem\",\"position\":3,\"name\":\"Enfants jouant \u00e0 saute mouton\"}]},{\"@type\":\"WebSite\",\"@id\":\"https:\\\/\\\/santonsvaquette.fr\\\/#website\",\"url\":\"https:\\\/\\\/santonsvaquette.fr\\\/\",\"name\":\"Santons Vaquette\",\"description\":\"depuis 1981\",\"publisher\":{\"@id\":\"https:\\\/\\\/santonsvaquette.fr\\\/#\\\/schema\\\/person\\\/2109f2983b974b6438d2922fb589bd8b\"},\"potentialAction\":[{\"@type\":\"SearchAction\",\"target\":{\"@type\":\"EntryPoint\",\"urlTemplate\":\"https:\\\/\\\/santonsvaquette.fr\\\/?s={search_term_string}\"},\"query-input\":{\"@type\":\"PropertyValueSpecification\",\"valueRequired\":true,\"valueName\":\"search_term_string\"}}],\"inLanguage\":\"en-US\"},{\"@type\":[\"Person\",\"Organization\"],\"@id\":\"https:\\\/\\\/santonsvaquette.fr\\\/#\\\/schema\\\/person\\\/2109f2983b974b6438d2922fb589bd8b\",\"name\":\"Santons vaquette\",\"image\":{\"@type\":\"ImageObject\",\"inLanguage\":\"en-US\",\"@id\":\"https:\\\/\\\/secure.gravatar.com\\\/avatar\\\/b27ded224387f23330952ffb4227c2d2a9202f493efd626206470a94275dec6c?s=96&d=mm&r=g\",\"url\":\"https:\\\/\\\/secure.gravatar.com\\\/avatar\\\/b27ded224387f23330952ffb4227c2d2a9202f493efd626206470a94275dec6c?s=96&d=mm&r=g\",\"contentUrl\":\"https:\\\/\\\/secure.gravatar.com\\\/avatar\\\/b27ded224387f23330952ffb4227c2d2a9202f493efd626206470a94275dec6c?s=96&d=mm&r=g\",\"caption\":\"Santons vaquette\"},\"logo\":{\"@id\":\"https:\\\/\\\/secure.gravatar.com\\\/avatar\\\/b27ded224387f23330952ffb4227c2d2a9202f493efd626206470a94275dec6c?s=96&d=mm&r=g\"}}]}<\/script>\n<!-- \/ Yoast SEO plugin. -->","yoast_head_json":{"title":"Enfants jouant \u00e0 saute mouton - Santons Vaquette","description":"Enfants jouant \u00e0 saute-mouton est un jeu d'enfant il est associ\u00e9\u00a0 aux enfants, \u00e0 la ma\u00eetresse , \u00e0 l'\u00e9cole ainsi qu'au pr\u00e9au de l'\u00e9cole.","robots":{"index":"index","follow":"follow","max-snippet":"max-snippet:-1","max-image-preview":"max-image-preview:large","max-video-preview":"max-video-preview:-1"},"canonical":"https:\/\/santonsvaquette.fr\/en\/product\/enfants-jouant-a-saute-mouton\/","og_locale":"en_US","og_type":"article","og_title":"Enfants jouant \u00e0 saute mouton - Santons Vaquette","og_description":"Enfants jouant \u00e0 saute-mouton est un jeu d'enfant il est associ\u00e9\u00a0 aux enfants, \u00e0 la ma\u00eetresse , \u00e0 l'\u00e9cole ainsi qu'au pr\u00e9au de l'\u00e9cole.","og_url":"https:\/\/santonsvaquette.fr\/en\/product\/enfants-jouant-a-saute-mouton\/","og_site_name":"Santons Vaquette","article_modified_time":"2026-03-08T13:56:38+00:00","og_image":[{"width":1800,"height":2400,"url":"https:\/\/santonsvaquette.fr\/wp-content\/uploads\/2020\/10\/Photoroom_20250729_182157-1.png","type":"image\/png"}],"twitter_card":"summary_large_image","twitter_misc":{"Est. reading time":"1 minute"},"schema":{"@context":"https:\/\/schema.org","@graph":[{"@type":"WebPage","@id":"https:\/\/santonsvaquette.fr\/produit\/enfants-jouant-a-saute-mouton\/","url":"https:\/\/santonsvaquette.fr\/produit\/enfants-jouant-a-saute-mouton\/","name":"Enfants jouant \u00e0 saute mouton - Santons Vaquette","isPartOf":{"@id":"https:\/\/santonsvaquette.fr\/#website"},"primaryImageOfPage":{"@id":"https:\/\/santonsvaquette.fr\/produit\/enfants-jouant-a-saute-mouton\/#primaryimage"},"image":{"@id":"https:\/\/santonsvaquette.fr\/produit\/enfants-jouant-a-saute-mouton\/#primaryimage"},"thumbnailUrl":"https:\/\/i0.wp.com\/santonsvaquette.fr\/wp-content\/uploads\/2020\/10\/Photoroom_20250729_182157-1.png?fit=1800%2C2400&ssl=1","datePublished":"2020-10-21T13:08:37+00:00","dateModified":"2026-03-08T13:56:38+00:00","description":"Enfants jouant \u00e0 saute-mouton est un jeu d'enfant il est associ\u00e9\u00a0 aux enfants, \u00e0 la ma\u00eetresse , \u00e0 l'\u00e9cole ainsi qu'au pr\u00e9au de l'\u00e9cole.","breadcrumb":{"@id":"https:\/\/santonsvaquette.fr\/produit\/enfants-jouant-a-saute-mouton\/#breadcrumb"},"inLanguage":"en-US","potentialAction":[{"@type":"ReadAction","target":["https:\/\/santonsvaquette.fr\/produit\/enfants-jouant-a-saute-mouton\/"]}]},{"@type":"ImageObject","inLanguage":"en-US","@id":"https:\/\/santonsvaquette.fr\/produit\/enfants-jouant-a-saute-mouton\/#primaryimage","url":"https:\/\/i0.wp.com\/santonsvaquette.fr\/wp-content\/uploads\/2020\/10\/Photoroom_20250729_182157-1.png?fit=1800%2C2400&ssl=1","contentUrl":"https:\/\/i0.wp.com\/santonsvaquette.fr\/wp-content\/uploads\/2020\/10\/Photoroom_20250729_182157-1.png?fit=1800%2C2400&ssl=1","width":1800,"height":2400},{"@type":"BreadcrumbList","@id":"https:\/\/santonsvaquette.fr\/produit\/enfants-jouant-a-saute-mouton\/#breadcrumb","itemListElement":[{"@type":"ListItem","position":1,"name":"Accueil","item":"https:\/\/santonsvaquette.fr\/"},{"@type":"ListItem","position":2,"name":"Boutique","item":"https:\/\/santonsvaquette.fr\/boutique-santons-vaquette\/"},{"@type":"ListItem","position":3,"name":"Enfants jouant \u00e0 saute mouton"}]},{"@type":"WebSite","@id":"https:\/\/santonsvaquette.fr\/#website","url":"https:\/\/santonsvaquette.fr\/","name":"Santons Vaquette","description":"since 1981","publisher":{"@id":"https:\/\/santonsvaquette.fr\/#\/schema\/person\/2109f2983b974b6438d2922fb589bd8b"},"potentialAction":[{"@type":"SearchAction","target":{"@type":"EntryPoint","urlTemplate":"https:\/\/santonsvaquette.fr\/?s={search_term_string}"},"query-input":{"@type":"PropertyValueSpecification","valueRequired":true,"valueName":"search_term_string"}}],"inLanguage":"en-US"},{"@type":["Person","Organization"],"@id":"https:\/\/santonsvaquette.fr\/#\/schema\/person\/2109f2983b974b6438d2922fb589bd8b","name":"Santons vaquette","image":{"@type":"ImageObject","inLanguage":"en-US","@id":"https:\/\/secure.gravatar.com\/avatar\/b27ded224387f23330952ffb4227c2d2a9202f493efd626206470a94275dec6c?s=96&d=mm&r=g","url":"https:\/\/secure.gravatar.com\/avatar\/b27ded224387f23330952ffb4227c2d2a9202f493efd626206470a94275dec6c?s=96&d=mm&r=g","contentUrl":"https:\/\/secure.gravatar.com\/avatar\/b27ded224387f23330952ffb4227c2d2a9202f493efd626206470a94275dec6c?s=96&d=mm&r=g","caption":"Santons vaquette"},"logo":{"@id":"https:\/\/secure.gravatar.com\/avatar\/b27ded224387f23330952ffb4227c2d2a9202f493efd626206470a94275dec6c?s=96&d=mm&r=g"}}]}},"jetpack_publicize_connections":[],"jetpack_sharing_enabled":true,"_links":{"self":[{"href":"https:\/\/santonsvaquette.fr\/en\/wp-json\/wp\/v2\/product\/1397","targetHints":{"allow":["GET"]}}],"collection":[{"href":"https:\/\/santonsvaquette.fr\/en\/wp-json\/wp\/v2\/product"}],"about":[{"href":"https:\/\/santonsvaquette.fr\/en\/wp-json\/wp\/v2\/types\/product"}],"replies":[{"embeddable":true,"href":"https:\/\/santonsvaquette.fr\/en\/wp-json\/wp\/v2\/comments?post=1397"}],"wp:featuredmedia":[{"embeddable":true,"href":"https:\/\/santonsvaquette.fr\/en\/wp-json\/wp\/v2\/media\/3747"}],"wp:attachment":[{"href":"https:\/\/santonsvaquette.fr\/en\/wp-json\/wp\/v2\/media?parent=1397"}],"wp:term":[{"taxonomy":"product_brand","embeddable":true,"href":"https:\/\/santonsvaquette.fr\/en\/wp-json\/wp\/v2\/product_brand?post=1397"},{"taxonomy":"product_cat","embeddable":true,"href":"https:\/\/santonsvaquette.fr\/en\/wp-json\/wp\/v2\/product_cat?post=1397"},{"taxonomy":"product_tag","embeddable":true,"href":"https:\/\/santonsvaquette.fr\/en\/wp-json\/wp\/v2\/product_tag?post=1397"}],"curies":[{"name":"wp","href":"https:\/\/api.w.org\/{rel}","templated":true}]}}