{"id":1455,"date":"2020-10-28T15:18:56","date_gmt":"2020-10-28T14:18:56","guid":{"rendered":"https:\/\/santonsvaquette.fr\/?post_type=product&#038;p=1455"},"modified":"2026-01-26T13:38:09","modified_gmt":"2026-01-26T12:38:09","slug":"victorine","status":"publish","type":"product","link":"https:\/\/santonsvaquette.fr\/en\/product\/victorine\/","title":{"rendered":"Victorine"},"content":{"rendered":"<p>Victorine<\/p>\n<p>Notre amour pour l\u2019artisanat nous m\u00e8ne \u00e0 vous proposer des santons de qualit\u00e9 artisanale, fabriqu\u00e9s depuis 1981 dans la plus pure tradition des cr\u00e8ches proven\u00e7ales. Notre fabrication est 100% fran\u00e7aise, les santons \u00e9tant r\u00e9alis\u00e9s dans notre atelier de Saint-Gilles. Les santons que nous vous proposons seront id\u00e9als pour vos d\u00e9cors de cr\u00e8che, pour compl\u00e9ter votre collection ou pour offrir. Les santons sont faits mains dans la plus grande tradition pour vous proposer un produit dot\u00e9 d\u2019une grande qualit\u00e9. Voir:\u00a0 <a href=\"https:\/\/santonsvaquette.fr\/en\/notre-histoire\/\">Our history<\/a>.<\/p>\n<h2>Pr\u00e9sentation<\/h2>\n<p>Victorine pr\u00e9nom ancien donn\u00e9 \u00e0 la grand m\u00e8re de mon mari que je tenais \u00e0 repr\u00e9senter dans ma collection de santons.<\/p>\n<h2>Taille<\/h2>\n<p>pour\u00a0 8 cm<\/p>\n<p>&nbsp;<\/p>","protected":false},"excerpt":{"rendered":"<p>Victorine pr\u00e9nom ancien donn\u00e9 \u00e0 la grand m\u00e8re de mon mari que je tenais \u00e0 repr\u00e9senter dans ma collection de santons.<\/p>","protected":false},"featured_media":2848,"comment_status":"open","ping_status":"closed","template":"","meta":{"jetpack_post_was_ever_published":false,"jetpack_publicize_message":"","jetpack_publicize_feature_enabled":true,"jetpack_social_post_already_shared":true,"jetpack_social_options":{"image_generator_settings":{"template":"highway","default_image_id":0,"font":"","enabled":false},"version":2}},"product_brand":[],"product_cat":[184,108],"product_tag":[],"class_list":{"0":"post-1455","1":"product","2":"type-product","3":"status-publish","4":"has-post-thumbnail","6":"product_cat-les-femmes-8-cm","7":"product_cat-santons-8-cm","9":"first","10":"outofstock","11":"purchasable","12":"product-type-simple"},"yoast_head":"<!-- This site is optimized with the Yoast SEO plugin v27.4 - https:\/\/yoast.com\/product\/yoast-seo-wordpress\/ -->\n<title>Victorine - Santons Vaquette<\/title>\n<meta name=\"robots\" content=\"index, follow, max-snippet:-1, max-image-preview:large, max-video-preview:-1\" \/>\n<link rel=\"canonical\" href=\"https:\/\/santonsvaquette.fr\/en\/product\/victorine\/\" \/>\n<meta property=\"og:locale\" content=\"en_US\" \/>\n<meta property=\"og:type\" content=\"article\" \/>\n<meta property=\"og:title\" content=\"Victorine - Santons Vaquette\" \/>\n<meta property=\"og:description\" content=\"Victorine pr\u00e9nom ancien donn\u00e9 \u00e0 la grand m\u00e8re de mon mari que je tenais \u00e0 repr\u00e9senter dans ma collection de santons.\" \/>\n<meta property=\"og:url\" content=\"https:\/\/santonsvaquette.fr\/en\/product\/victorine\/\" \/>\n<meta property=\"og:site_name\" content=\"Santons Vaquette\" \/>\n<meta property=\"article:modified_time\" content=\"2026-01-26T12:38:09+00:00\" \/>\n<meta property=\"og:image\" content=\"https:\/\/santonsvaquette.fr\/wp-content\/uploads\/2023\/01\/photoroom_20230114_202256.png\" \/>\n\t<meta property=\"og:image:width\" content=\"1200\" \/>\n\t<meta property=\"og:image:height\" content=\"628\" \/>\n\t<meta property=\"og:image:type\" content=\"image\/png\" \/>\n<meta name=\"twitter:card\" content=\"summary_large_image\" \/>\n<meta name=\"twitter:label1\" content=\"Est. reading time\" \/>\n\t<meta name=\"twitter:data1\" content=\"1 minute\" \/>\n<script type=\"application\/ld+json\" class=\"yoast-schema-graph\">{\"@context\":\"https:\\\/\\\/schema.org\",\"@graph\":[{\"@type\":\"WebPage\",\"@id\":\"https:\\\/\\\/santonsvaquette.fr\\\/produit\\\/victorine\\\/\",\"url\":\"https:\\\/\\\/santonsvaquette.fr\\\/produit\\\/victorine\\\/\",\"name\":\"Victorine - Santons Vaquette\",\"isPartOf\":{\"@id\":\"https:\\\/\\\/santonsvaquette.fr\\\/#website\"},\"primaryImageOfPage\":{\"@id\":\"https:\\\/\\\/santonsvaquette.fr\\\/produit\\\/victorine\\\/#primaryimage\"},\"image\":{\"@id\":\"https:\\\/\\\/santonsvaquette.fr\\\/produit\\\/victorine\\\/#primaryimage\"},\"thumbnailUrl\":\"https:\\\/\\\/i0.wp.com\\\/santonsvaquette.fr\\\/wp-content\\\/uploads\\\/2023\\\/01\\\/photoroom_20230114_202256.png?fit=1200%2C628&ssl=1\",\"datePublished\":\"2020-10-28T14:18:56+00:00\",\"dateModified\":\"2026-01-26T12:38:09+00:00\",\"breadcrumb\":{\"@id\":\"https:\\\/\\\/santonsvaquette.fr\\\/produit\\\/victorine\\\/#breadcrumb\"},\"inLanguage\":\"en-US\",\"potentialAction\":[{\"@type\":\"ReadAction\",\"target\":[\"https:\\\/\\\/santonsvaquette.fr\\\/produit\\\/victorine\\\/\"]}]},{\"@type\":\"ImageObject\",\"inLanguage\":\"en-US\",\"@id\":\"https:\\\/\\\/santonsvaquette.fr\\\/produit\\\/victorine\\\/#primaryimage\",\"url\":\"https:\\\/\\\/i0.wp.com\\\/santonsvaquette.fr\\\/wp-content\\\/uploads\\\/2023\\\/01\\\/photoroom_20230114_202256.png?fit=1200%2C628&ssl=1\",\"contentUrl\":\"https:\\\/\\\/i0.wp.com\\\/santonsvaquette.fr\\\/wp-content\\\/uploads\\\/2023\\\/01\\\/photoroom_20230114_202256.png?fit=1200%2C628&ssl=1\",\"width\":1200,\"height\":628},{\"@type\":\"BreadcrumbList\",\"@id\":\"https:\\\/\\\/santonsvaquette.fr\\\/produit\\\/victorine\\\/#breadcrumb\",\"itemListElement\":[{\"@type\":\"ListItem\",\"position\":1,\"name\":\"Accueil\",\"item\":\"https:\\\/\\\/santonsvaquette.fr\\\/\"},{\"@type\":\"ListItem\",\"position\":2,\"name\":\"Boutique\",\"item\":\"https:\\\/\\\/santonsvaquette.fr\\\/boutique-santons-vaquette\\\/\"},{\"@type\":\"ListItem\",\"position\":3,\"name\":\"Victorine\"}]},{\"@type\":\"WebSite\",\"@id\":\"https:\\\/\\\/santonsvaquette.fr\\\/#website\",\"url\":\"https:\\\/\\\/santonsvaquette.fr\\\/\",\"name\":\"Santons Vaquette\",\"description\":\"depuis 1981\",\"publisher\":{\"@id\":\"https:\\\/\\\/santonsvaquette.fr\\\/#\\\/schema\\\/person\\\/2109f2983b974b6438d2922fb589bd8b\"},\"potentialAction\":[{\"@type\":\"SearchAction\",\"target\":{\"@type\":\"EntryPoint\",\"urlTemplate\":\"https:\\\/\\\/santonsvaquette.fr\\\/?s={search_term_string}\"},\"query-input\":{\"@type\":\"PropertyValueSpecification\",\"valueRequired\":true,\"valueName\":\"search_term_string\"}}],\"inLanguage\":\"en-US\"},{\"@type\":[\"Person\",\"Organization\"],\"@id\":\"https:\\\/\\\/santonsvaquette.fr\\\/#\\\/schema\\\/person\\\/2109f2983b974b6438d2922fb589bd8b\",\"name\":\"Santons vaquette\",\"image\":{\"@type\":\"ImageObject\",\"inLanguage\":\"en-US\",\"@id\":\"https:\\\/\\\/secure.gravatar.com\\\/avatar\\\/b27ded224387f23330952ffb4227c2d2a9202f493efd626206470a94275dec6c?s=96&d=mm&r=g\",\"url\":\"https:\\\/\\\/secure.gravatar.com\\\/avatar\\\/b27ded224387f23330952ffb4227c2d2a9202f493efd626206470a94275dec6c?s=96&d=mm&r=g\",\"contentUrl\":\"https:\\\/\\\/secure.gravatar.com\\\/avatar\\\/b27ded224387f23330952ffb4227c2d2a9202f493efd626206470a94275dec6c?s=96&d=mm&r=g\",\"caption\":\"Santons vaquette\"},\"logo\":{\"@id\":\"https:\\\/\\\/secure.gravatar.com\\\/avatar\\\/b27ded224387f23330952ffb4227c2d2a9202f493efd626206470a94275dec6c?s=96&d=mm&r=g\"}}]}<\/script>\n<!-- \/ Yoast SEO plugin. -->","yoast_head_json":{"title":"Victorine - Santons Vaquette","robots":{"index":"index","follow":"follow","max-snippet":"max-snippet:-1","max-image-preview":"max-image-preview:large","max-video-preview":"max-video-preview:-1"},"canonical":"https:\/\/santonsvaquette.fr\/en\/product\/victorine\/","og_locale":"en_US","og_type":"article","og_title":"Victorine - Santons Vaquette","og_description":"Victorine pr\u00e9nom ancien donn\u00e9 \u00e0 la grand m\u00e8re de mon mari que je tenais \u00e0 repr\u00e9senter dans ma collection de santons.","og_url":"https:\/\/santonsvaquette.fr\/en\/product\/victorine\/","og_site_name":"Santons Vaquette","article_modified_time":"2026-01-26T12:38:09+00:00","og_image":[{"width":1200,"height":628,"url":"https:\/\/santonsvaquette.fr\/wp-content\/uploads\/2023\/01\/photoroom_20230114_202256.png","type":"image\/png"}],"twitter_card":"summary_large_image","twitter_misc":{"Est. reading time":"1 minute"},"schema":{"@context":"https:\/\/schema.org","@graph":[{"@type":"WebPage","@id":"https:\/\/santonsvaquette.fr\/produit\/victorine\/","url":"https:\/\/santonsvaquette.fr\/produit\/victorine\/","name":"Victorine - Santons Vaquette","isPartOf":{"@id":"https:\/\/santonsvaquette.fr\/#website"},"primaryImageOfPage":{"@id":"https:\/\/santonsvaquette.fr\/produit\/victorine\/#primaryimage"},"image":{"@id":"https:\/\/santonsvaquette.fr\/produit\/victorine\/#primaryimage"},"thumbnailUrl":"https:\/\/i0.wp.com\/santonsvaquette.fr\/wp-content\/uploads\/2023\/01\/photoroom_20230114_202256.png?fit=1200%2C628&ssl=1","datePublished":"2020-10-28T14:18:56+00:00","dateModified":"2026-01-26T12:38:09+00:00","breadcrumb":{"@id":"https:\/\/santonsvaquette.fr\/produit\/victorine\/#breadcrumb"},"inLanguage":"en-US","potentialAction":[{"@type":"ReadAction","target":["https:\/\/santonsvaquette.fr\/produit\/victorine\/"]}]},{"@type":"ImageObject","inLanguage":"en-US","@id":"https:\/\/santonsvaquette.fr\/produit\/victorine\/#primaryimage","url":"https:\/\/i0.wp.com\/santonsvaquette.fr\/wp-content\/uploads\/2023\/01\/photoroom_20230114_202256.png?fit=1200%2C628&ssl=1","contentUrl":"https:\/\/i0.wp.com\/santonsvaquette.fr\/wp-content\/uploads\/2023\/01\/photoroom_20230114_202256.png?fit=1200%2C628&ssl=1","width":1200,"height":628},{"@type":"BreadcrumbList","@id":"https:\/\/santonsvaquette.fr\/produit\/victorine\/#breadcrumb","itemListElement":[{"@type":"ListItem","position":1,"name":"Accueil","item":"https:\/\/santonsvaquette.fr\/"},{"@type":"ListItem","position":2,"name":"Boutique","item":"https:\/\/santonsvaquette.fr\/boutique-santons-vaquette\/"},{"@type":"ListItem","position":3,"name":"Victorine"}]},{"@type":"WebSite","@id":"https:\/\/santonsvaquette.fr\/#website","url":"https:\/\/santonsvaquette.fr\/","name":"Santons Vaquette","description":"since 1981","publisher":{"@id":"https:\/\/santonsvaquette.fr\/#\/schema\/person\/2109f2983b974b6438d2922fb589bd8b"},"potentialAction":[{"@type":"SearchAction","target":{"@type":"EntryPoint","urlTemplate":"https:\/\/santonsvaquette.fr\/?s={search_term_string}"},"query-input":{"@type":"PropertyValueSpecification","valueRequired":true,"valueName":"search_term_string"}}],"inLanguage":"en-US"},{"@type":["Person","Organization"],"@id":"https:\/\/santonsvaquette.fr\/#\/schema\/person\/2109f2983b974b6438d2922fb589bd8b","name":"Santons vaquette","image":{"@type":"ImageObject","inLanguage":"en-US","@id":"https:\/\/secure.gravatar.com\/avatar\/b27ded224387f23330952ffb4227c2d2a9202f493efd626206470a94275dec6c?s=96&d=mm&r=g","url":"https:\/\/secure.gravatar.com\/avatar\/b27ded224387f23330952ffb4227c2d2a9202f493efd626206470a94275dec6c?s=96&d=mm&r=g","contentUrl":"https:\/\/secure.gravatar.com\/avatar\/b27ded224387f23330952ffb4227c2d2a9202f493efd626206470a94275dec6c?s=96&d=mm&r=g","caption":"Santons vaquette"},"logo":{"@id":"https:\/\/secure.gravatar.com\/avatar\/b27ded224387f23330952ffb4227c2d2a9202f493efd626206470a94275dec6c?s=96&d=mm&r=g"}}]}},"jetpack_publicize_connections":[],"jetpack_sharing_enabled":true,"_links":{"self":[{"href":"https:\/\/santonsvaquette.fr\/en\/wp-json\/wp\/v2\/product\/1455","targetHints":{"allow":["GET"]}}],"collection":[{"href":"https:\/\/santonsvaquette.fr\/en\/wp-json\/wp\/v2\/product"}],"about":[{"href":"https:\/\/santonsvaquette.fr\/en\/wp-json\/wp\/v2\/types\/product"}],"replies":[{"embeddable":true,"href":"https:\/\/santonsvaquette.fr\/en\/wp-json\/wp\/v2\/comments?post=1455"}],"wp:featuredmedia":[{"embeddable":true,"href":"https:\/\/santonsvaquette.fr\/en\/wp-json\/wp\/v2\/media\/2848"}],"wp:attachment":[{"href":"https:\/\/santonsvaquette.fr\/en\/wp-json\/wp\/v2\/media?parent=1455"}],"wp:term":[{"taxonomy":"product_brand","embeddable":true,"href":"https:\/\/santonsvaquette.fr\/en\/wp-json\/wp\/v2\/product_brand?post=1455"},{"taxonomy":"product_cat","embeddable":true,"href":"https:\/\/santonsvaquette.fr\/en\/wp-json\/wp\/v2\/product_cat?post=1455"},{"taxonomy":"product_tag","embeddable":true,"href":"https:\/\/santonsvaquette.fr\/en\/wp-json\/wp\/v2\/product_tag?post=1455"}],"curies":[{"name":"wp","href":"https:\/\/api.w.org\/{rel}","templated":true}]}}