{"id":2193,"date":"2021-02-23T14:28:12","date_gmt":"2021-02-23T13:28:12","guid":{"rendered":"https:\/\/santonsvaquette.fr\/?post_type=product&#038;p=2193"},"modified":"2026-01-26T19:46:09","modified_gmt":"2026-01-26T18:46:09","slug":"apiculteur","status":"publish","type":"product","link":"https:\/\/santonsvaquette.fr\/en\/product\/apiculteur\/","title":{"rendered":"Apiculteur"},"content":{"rendered":"<p>Apiculteur<\/p>\n<p>Notre amour pour l\u2019artisanat nous m\u00e8ne \u00e0 vous proposer des santons de qualit\u00e9 artisanale, fabriqu\u00e9s depuis 1981 dans la plus pure tradition des cr\u00e8ches proven\u00e7ales. Notre fabrication est 100% fran\u00e7aise, les santons \u00e9tant r\u00e9alis\u00e9s dans notre atelier de Saint-Gilles. Les santons que nous vous proposons seront id\u00e9als pour vos d\u00e9cors de cr\u00e8che, pour compl\u00e9ter votre collection ou pour offrir. Les santons sont faits mains dans la plus grande tradition pour vous proposer un produit dot\u00e9 d\u2019une grande qualit\u00e9. Voir:\u00a0\u00a0<a href=\"https:\/\/santonsvaquette.fr\/en\/notre-histoire\/\">Our history<\/a>.<\/p>\n<h2><strong>PR\u00c9SENTATION<\/strong><\/h2>\n<p><strong>Apiculteur<br \/>\n<\/strong><\/p>\n<p><span class=\"ILfuVd\"><span class=\"hgKElc\">Personne qui \u00e9l\u00e8ve des abeilles et exploite des ruches\u00a0 pour fabriquer du miel, pour sa famille ou voire le vendre. <\/span><\/span><\/p>\n<p>Ses ruches sont souvent situ\u00e9 \u00e0 la montagne.<\/p>\n<p>8 cm<\/p>\n<h2><strong>PR\u00c9CISION<\/strong><\/h2>\n<p>La taille de chaque santons peut vari\u00e9 l\u00e9g\u00e8rement.<\/p>\n<p>Photos non contractuelles.<\/p>","protected":false},"excerpt":{"rendered":"<p><strong>Apiculteur<\/strong><\/p>\n<p><span class=\"ILfuVd\"><span class=\"hgKElc\">Personne qui \u00e9l\u00e8ve des abeilles et exploite des ruches\u00a0 pour fabriquer du miel, pour sa famille ou voire le vendre. <\/span><\/span><\/p>\n<p>Ses ruches sont souvent situ\u00e9 \u00e0 la montagne.<\/p>","protected":false},"featured_media":2132,"comment_status":"open","ping_status":"closed","template":"","meta":{"jetpack_post_was_ever_published":false,"jetpack_publicize_message":"","jetpack_publicize_feature_enabled":true,"jetpack_social_post_already_shared":true,"jetpack_social_options":{"image_generator_settings":{"template":"highway","default_image_id":0,"font":"","enabled":false},"version":2}},"product_brand":[],"product_cat":[185,108],"product_tag":[],"class_list":{"0":"post-2193","1":"product","2":"type-product","3":"status-publish","4":"has-post-thumbnail","6":"product_cat-les-hommes-8-cm","7":"product_cat-santons-8-cm","9":"first","10":"outofstock","11":"purchasable","12":"product-type-simple"},"yoast_head":"<!-- This site is optimized with the Yoast SEO plugin v27.4 - https:\/\/yoast.com\/product\/yoast-seo-wordpress\/ -->\n<title>Apiculteur - Santons Vaquette<\/title>\n<meta name=\"description\" content=\"\u00a0 Apiculteur, Personne qui \u00e9l\u00e8ve des abeilles et exploite des ruches\u00a0 pour fabriquer du miel, pour sa famille ou voire le vendre.Ses ruches sont souvent situ\u00e9 \u00e0 la montagne.\" \/>\n<meta name=\"robots\" content=\"index, follow, max-snippet:-1, max-image-preview:large, max-video-preview:-1\" \/>\n<link rel=\"canonical\" href=\"https:\/\/santonsvaquette.fr\/en\/product\/apiculteur\/\" \/>\n<meta property=\"og:locale\" content=\"en_US\" \/>\n<meta property=\"og:type\" content=\"article\" \/>\n<meta property=\"og:title\" content=\"Apiculteur - Santons Vaquette\" \/>\n<meta property=\"og:description\" content=\"\u00a0 Apiculteur, Personne qui \u00e9l\u00e8ve des abeilles et exploite des ruches\u00a0 pour fabriquer du miel, pour sa famille ou voire le vendre.Ses ruches sont souvent situ\u00e9 \u00e0 la montagne.\" \/>\n<meta property=\"og:url\" content=\"https:\/\/santonsvaquette.fr\/en\/product\/apiculteur\/\" \/>\n<meta property=\"og:site_name\" content=\"Santons Vaquette\" \/>\n<meta property=\"article:modified_time\" content=\"2026-01-26T18:46:09+00:00\" \/>\n<meta property=\"og:image\" content=\"https:\/\/santonsvaquette.fr\/wp-content\/uploads\/2020\/11\/apiculteur.jpg\" \/>\n\t<meta property=\"og:image:width\" content=\"960\" \/>\n\t<meta property=\"og:image:height\" content=\"720\" \/>\n\t<meta property=\"og:image:type\" content=\"image\/jpeg\" \/>\n<meta name=\"twitter:card\" content=\"summary_large_image\" \/>\n<meta name=\"twitter:label1\" content=\"Est. reading time\" \/>\n\t<meta name=\"twitter:data1\" content=\"1 minute\" \/>\n<script type=\"application\/ld+json\" class=\"yoast-schema-graph\">{\"@context\":\"https:\\\/\\\/schema.org\",\"@graph\":[{\"@type\":\"WebPage\",\"@id\":\"https:\\\/\\\/santonsvaquette.fr\\\/produit\\\/apiculteur\\\/\",\"url\":\"https:\\\/\\\/santonsvaquette.fr\\\/produit\\\/apiculteur\\\/\",\"name\":\"Apiculteur - Santons Vaquette\",\"isPartOf\":{\"@id\":\"https:\\\/\\\/santonsvaquette.fr\\\/#website\"},\"primaryImageOfPage\":{\"@id\":\"https:\\\/\\\/santonsvaquette.fr\\\/produit\\\/apiculteur\\\/#primaryimage\"},\"image\":{\"@id\":\"https:\\\/\\\/santonsvaquette.fr\\\/produit\\\/apiculteur\\\/#primaryimage\"},\"thumbnailUrl\":\"https:\\\/\\\/i0.wp.com\\\/santonsvaquette.fr\\\/wp-content\\\/uploads\\\/2020\\\/11\\\/apiculteur.jpg?fit=960%2C720&ssl=1\",\"datePublished\":\"2021-02-23T13:28:12+00:00\",\"dateModified\":\"2026-01-26T18:46:09+00:00\",\"description\":\"\u00a0 Apiculteur, Personne qui \u00e9l\u00e8ve des abeilles et exploite des ruches\u00a0 pour fabriquer du miel, pour sa famille ou voire le vendre.Ses ruches sont souvent situ\u00e9 \u00e0 la montagne.\",\"breadcrumb\":{\"@id\":\"https:\\\/\\\/santonsvaquette.fr\\\/produit\\\/apiculteur\\\/#breadcrumb\"},\"inLanguage\":\"en-US\",\"potentialAction\":[{\"@type\":\"ReadAction\",\"target\":[\"https:\\\/\\\/santonsvaquette.fr\\\/produit\\\/apiculteur\\\/\"]}]},{\"@type\":\"ImageObject\",\"inLanguage\":\"en-US\",\"@id\":\"https:\\\/\\\/santonsvaquette.fr\\\/produit\\\/apiculteur\\\/#primaryimage\",\"url\":\"https:\\\/\\\/i0.wp.com\\\/santonsvaquette.fr\\\/wp-content\\\/uploads\\\/2020\\\/11\\\/apiculteur.jpg?fit=960%2C720&ssl=1\",\"contentUrl\":\"https:\\\/\\\/i0.wp.com\\\/santonsvaquette.fr\\\/wp-content\\\/uploads\\\/2020\\\/11\\\/apiculteur.jpg?fit=960%2C720&ssl=1\",\"width\":960,\"height\":720},{\"@type\":\"BreadcrumbList\",\"@id\":\"https:\\\/\\\/santonsvaquette.fr\\\/produit\\\/apiculteur\\\/#breadcrumb\",\"itemListElement\":[{\"@type\":\"ListItem\",\"position\":1,\"name\":\"Accueil\",\"item\":\"https:\\\/\\\/santonsvaquette.fr\\\/\"},{\"@type\":\"ListItem\",\"position\":2,\"name\":\"Boutique\",\"item\":\"https:\\\/\\\/santonsvaquette.fr\\\/boutique-santons-vaquette\\\/\"},{\"@type\":\"ListItem\",\"position\":3,\"name\":\"Apiculteur\"}]},{\"@type\":\"WebSite\",\"@id\":\"https:\\\/\\\/santonsvaquette.fr\\\/#website\",\"url\":\"https:\\\/\\\/santonsvaquette.fr\\\/\",\"name\":\"Santons Vaquette\",\"description\":\"depuis 1981\",\"publisher\":{\"@id\":\"https:\\\/\\\/santonsvaquette.fr\\\/#\\\/schema\\\/person\\\/2109f2983b974b6438d2922fb589bd8b\"},\"potentialAction\":[{\"@type\":\"SearchAction\",\"target\":{\"@type\":\"EntryPoint\",\"urlTemplate\":\"https:\\\/\\\/santonsvaquette.fr\\\/?s={search_term_string}\"},\"query-input\":{\"@type\":\"PropertyValueSpecification\",\"valueRequired\":true,\"valueName\":\"search_term_string\"}}],\"inLanguage\":\"en-US\"},{\"@type\":[\"Person\",\"Organization\"],\"@id\":\"https:\\\/\\\/santonsvaquette.fr\\\/#\\\/schema\\\/person\\\/2109f2983b974b6438d2922fb589bd8b\",\"name\":\"Santons vaquette\",\"image\":{\"@type\":\"ImageObject\",\"inLanguage\":\"en-US\",\"@id\":\"https:\\\/\\\/secure.gravatar.com\\\/avatar\\\/b27ded224387f23330952ffb4227c2d2a9202f493efd626206470a94275dec6c?s=96&d=mm&r=g\",\"url\":\"https:\\\/\\\/secure.gravatar.com\\\/avatar\\\/b27ded224387f23330952ffb4227c2d2a9202f493efd626206470a94275dec6c?s=96&d=mm&r=g\",\"contentUrl\":\"https:\\\/\\\/secure.gravatar.com\\\/avatar\\\/b27ded224387f23330952ffb4227c2d2a9202f493efd626206470a94275dec6c?s=96&d=mm&r=g\",\"caption\":\"Santons vaquette\"},\"logo\":{\"@id\":\"https:\\\/\\\/secure.gravatar.com\\\/avatar\\\/b27ded224387f23330952ffb4227c2d2a9202f493efd626206470a94275dec6c?s=96&d=mm&r=g\"}}]}<\/script>\n<!-- \/ Yoast SEO plugin. -->","yoast_head_json":{"title":"Apiculteur - Santons Vaquette","description":"\u00a0 Apiculteur, Personne qui \u00e9l\u00e8ve des abeilles et exploite des ruches\u00a0 pour fabriquer du miel, pour sa famille ou voire le vendre.Ses ruches sont souvent situ\u00e9 \u00e0 la montagne.","robots":{"index":"index","follow":"follow","max-snippet":"max-snippet:-1","max-image-preview":"max-image-preview:large","max-video-preview":"max-video-preview:-1"},"canonical":"https:\/\/santonsvaquette.fr\/en\/product\/apiculteur\/","og_locale":"en_US","og_type":"article","og_title":"Apiculteur - Santons Vaquette","og_description":"\u00a0 Apiculteur, Personne qui \u00e9l\u00e8ve des abeilles et exploite des ruches\u00a0 pour fabriquer du miel, pour sa famille ou voire le vendre.Ses ruches sont souvent situ\u00e9 \u00e0 la montagne.","og_url":"https:\/\/santonsvaquette.fr\/en\/product\/apiculteur\/","og_site_name":"Santons Vaquette","article_modified_time":"2026-01-26T18:46:09+00:00","og_image":[{"width":960,"height":720,"url":"https:\/\/santonsvaquette.fr\/wp-content\/uploads\/2020\/11\/apiculteur.jpg","type":"image\/jpeg"}],"twitter_card":"summary_large_image","twitter_misc":{"Est. reading time":"1 minute"},"schema":{"@context":"https:\/\/schema.org","@graph":[{"@type":"WebPage","@id":"https:\/\/santonsvaquette.fr\/produit\/apiculteur\/","url":"https:\/\/santonsvaquette.fr\/produit\/apiculteur\/","name":"Apiculteur - Santons Vaquette","isPartOf":{"@id":"https:\/\/santonsvaquette.fr\/#website"},"primaryImageOfPage":{"@id":"https:\/\/santonsvaquette.fr\/produit\/apiculteur\/#primaryimage"},"image":{"@id":"https:\/\/santonsvaquette.fr\/produit\/apiculteur\/#primaryimage"},"thumbnailUrl":"https:\/\/i0.wp.com\/santonsvaquette.fr\/wp-content\/uploads\/2020\/11\/apiculteur.jpg?fit=960%2C720&ssl=1","datePublished":"2021-02-23T13:28:12+00:00","dateModified":"2026-01-26T18:46:09+00:00","description":"\u00a0 Apiculteur, Personne qui \u00e9l\u00e8ve des abeilles et exploite des ruches\u00a0 pour fabriquer du miel, pour sa famille ou voire le vendre.Ses ruches sont souvent situ\u00e9 \u00e0 la montagne.","breadcrumb":{"@id":"https:\/\/santonsvaquette.fr\/produit\/apiculteur\/#breadcrumb"},"inLanguage":"en-US","potentialAction":[{"@type":"ReadAction","target":["https:\/\/santonsvaquette.fr\/produit\/apiculteur\/"]}]},{"@type":"ImageObject","inLanguage":"en-US","@id":"https:\/\/santonsvaquette.fr\/produit\/apiculteur\/#primaryimage","url":"https:\/\/i0.wp.com\/santonsvaquette.fr\/wp-content\/uploads\/2020\/11\/apiculteur.jpg?fit=960%2C720&ssl=1","contentUrl":"https:\/\/i0.wp.com\/santonsvaquette.fr\/wp-content\/uploads\/2020\/11\/apiculteur.jpg?fit=960%2C720&ssl=1","width":960,"height":720},{"@type":"BreadcrumbList","@id":"https:\/\/santonsvaquette.fr\/produit\/apiculteur\/#breadcrumb","itemListElement":[{"@type":"ListItem","position":1,"name":"Accueil","item":"https:\/\/santonsvaquette.fr\/"},{"@type":"ListItem","position":2,"name":"Boutique","item":"https:\/\/santonsvaquette.fr\/boutique-santons-vaquette\/"},{"@type":"ListItem","position":3,"name":"Apiculteur"}]},{"@type":"WebSite","@id":"https:\/\/santonsvaquette.fr\/#website","url":"https:\/\/santonsvaquette.fr\/","name":"Santons Vaquette","description":"since 1981","publisher":{"@id":"https:\/\/santonsvaquette.fr\/#\/schema\/person\/2109f2983b974b6438d2922fb589bd8b"},"potentialAction":[{"@type":"SearchAction","target":{"@type":"EntryPoint","urlTemplate":"https:\/\/santonsvaquette.fr\/?s={search_term_string}"},"query-input":{"@type":"PropertyValueSpecification","valueRequired":true,"valueName":"search_term_string"}}],"inLanguage":"en-US"},{"@type":["Person","Organization"],"@id":"https:\/\/santonsvaquette.fr\/#\/schema\/person\/2109f2983b974b6438d2922fb589bd8b","name":"Santons vaquette","image":{"@type":"ImageObject","inLanguage":"en-US","@id":"https:\/\/secure.gravatar.com\/avatar\/b27ded224387f23330952ffb4227c2d2a9202f493efd626206470a94275dec6c?s=96&d=mm&r=g","url":"https:\/\/secure.gravatar.com\/avatar\/b27ded224387f23330952ffb4227c2d2a9202f493efd626206470a94275dec6c?s=96&d=mm&r=g","contentUrl":"https:\/\/secure.gravatar.com\/avatar\/b27ded224387f23330952ffb4227c2d2a9202f493efd626206470a94275dec6c?s=96&d=mm&r=g","caption":"Santons vaquette"},"logo":{"@id":"https:\/\/secure.gravatar.com\/avatar\/b27ded224387f23330952ffb4227c2d2a9202f493efd626206470a94275dec6c?s=96&d=mm&r=g"}}]}},"jetpack_publicize_connections":[],"jetpack_sharing_enabled":true,"_links":{"self":[{"href":"https:\/\/santonsvaquette.fr\/en\/wp-json\/wp\/v2\/product\/2193","targetHints":{"allow":["GET"]}}],"collection":[{"href":"https:\/\/santonsvaquette.fr\/en\/wp-json\/wp\/v2\/product"}],"about":[{"href":"https:\/\/santonsvaquette.fr\/en\/wp-json\/wp\/v2\/types\/product"}],"replies":[{"embeddable":true,"href":"https:\/\/santonsvaquette.fr\/en\/wp-json\/wp\/v2\/comments?post=2193"}],"wp:featuredmedia":[{"embeddable":true,"href":"https:\/\/santonsvaquette.fr\/en\/wp-json\/wp\/v2\/media\/2132"}],"wp:attachment":[{"href":"https:\/\/santonsvaquette.fr\/en\/wp-json\/wp\/v2\/media?parent=2193"}],"wp:term":[{"taxonomy":"product_brand","embeddable":true,"href":"https:\/\/santonsvaquette.fr\/en\/wp-json\/wp\/v2\/product_brand?post=2193"},{"taxonomy":"product_cat","embeddable":true,"href":"https:\/\/santonsvaquette.fr\/en\/wp-json\/wp\/v2\/product_cat?post=2193"},{"taxonomy":"product_tag","embeddable":true,"href":"https:\/\/santonsvaquette.fr\/en\/wp-json\/wp\/v2\/product_tag?post=2193"}],"curies":[{"name":"wp","href":"https:\/\/api.w.org\/{rel}","templated":true}]}}