{"id":2206,"date":"2021-02-24T12:20:11","date_gmt":"2021-02-24T11:20:11","guid":{"rendered":"https:\/\/santonsvaquette.fr\/?post_type=product&#038;p=2206"},"modified":"2026-03-08T14:18:44","modified_gmt":"2026-03-08T13:18:44","slug":"le-bouliste-qui-regarde-2","status":"publish","type":"product","link":"https:\/\/santonsvaquette.fr\/en\/product\/le-bouliste-qui-regarde-2\/","title":{"rendered":"Le bouliste qui regarde"},"content":{"rendered":"<p><a href=\"https:\/\/i0.wp.com\/santonsvaquette.fr\/wp-content\/uploads\/2024\/01\/photoroom_20240126_092754-1.png?ssl=1\"><img data-recalc-dims=\"1\" loading=\"lazy\" decoding=\"async\" class=\"alignnone size-medium wp-image-3390\" src=\"https:\/\/i0.wp.com\/santonsvaquette.fr\/wp-content\/uploads\/2024\/01\/photoroom_20240126_092754-1.png?resize=225%2C300&#038;ssl=1\" alt=\"\" width=\"225\" height=\"300\" srcset=\"https:\/\/i0.wp.com\/santonsvaquette.fr\/wp-content\/uploads\/2024\/01\/photoroom_20240126_092754-1.png?resize=225%2C300&amp;ssl=1 225w, https:\/\/i0.wp.com\/santonsvaquette.fr\/wp-content\/uploads\/2024\/01\/photoroom_20240126_092754-1.png?resize=768%2C1024&amp;ssl=1 768w, https:\/\/i0.wp.com\/santonsvaquette.fr\/wp-content\/uploads\/2024\/01\/photoroom_20240126_092754-1.png?resize=1152%2C1536&amp;ssl=1 1152w, https:\/\/i0.wp.com\/santonsvaquette.fr\/wp-content\/uploads\/2024\/01\/photoroom_20240126_092754-1.png?resize=1536%2C2048&amp;ssl=1 1536w, https:\/\/i0.wp.com\/santonsvaquette.fr\/wp-content\/uploads\/2024\/01\/photoroom_20240126_092754-1.png?resize=555%2C740&amp;ssl=1 555w, https:\/\/i0.wp.com\/santonsvaquette.fr\/wp-content\/uploads\/2024\/01\/photoroom_20240126_092754-1.png?w=1800&amp;ssl=1 1800w\" sizes=\"auto, (max-width: 225px) 100vw, 225px\" \/><\/a>Le bouliste qui regarde<\/p>\n<p>Notre amour pour l&rsquo;artisanat nous m\u00e8ne \u00e0 vous proposer des santons de qualit\u00e9 artisanale, fabriqu\u00e9s depuis 1981 dans la plus pure tradition des cr\u00e8ches proven\u00e7ales. Notre fabrication est 100% fran\u00e7aise, les santons \u00e9tant r\u00e9alis\u00e9s dans notre atelier de Saint-Gilles. Les santons que nous vous proposons seront id\u00e9als pour vos d\u00e9cors de cr\u00e8che, pour compl\u00e9ter votre collection ou pour offrir. Les santons sont faits mains dans la plus grande tradition pour vous proposer un produit dot\u00e9 d&rsquo;une grande qualit\u00e9. Voir:\u00a0 <a href=\"https:\/\/santonsvaquette.fr\/en\/notre-histoire\/\">Our history<\/a>.<\/p>\n<h2><strong>Pr\u00e9sentation<\/strong><\/h2>\n<p>Les <strong>boulistes<\/strong> repr\u00e9sentent le sud de la France ainsi que la Provence avec leurs c\u00e9l\u00e8bres parties de p\u00e9tanque et le rituel de \u00ab Fanny \u00bb.<\/p>\n<p>Il est associ\u00e9 aux autres boulistes, au terrain de boule ainsi qu&rsquo;au bar des ar\u00e8nes .<\/p>\n<h2><strong>Taille<\/strong><\/h2>\n<p>4 cm<\/p>\n<p>&nbsp;<\/p>\n<p>Photos non contractuelles.<\/p>","protected":false},"excerpt":{"rendered":"<p>Les <strong>boulistes<\/strong> repr\u00e9sentent le sud de la France, la Provence avec leurs c\u00e9l\u00e8bres parties de p\u00e9tanque et le rituel de \u00ab Fanny \u00bb, celui qui perd sans marquer de points doit embrasser Fanny sur ses fesses.<\/p>\n<p>Il est associ\u00e9 aux autres boulistes , au terrain de boule ainsi qu&rsquo;au bar des ar\u00e8nes .<\/p>\n<p>&nbsp;<\/p>\n<p>&nbsp;<\/p>","protected":false},"featured_media":3391,"comment_status":"open","ping_status":"closed","template":"","meta":{"jetpack_post_was_ever_published":false,"jetpack_publicize_message":"","jetpack_publicize_feature_enabled":true,"jetpack_social_post_already_shared":true,"jetpack_social_options":{"image_generator_settings":{"template":"highway","default_image_id":0,"font":"","enabled":false},"version":2}},"product_brand":[],"product_cat":[182,57],"product_tag":[34,93,91,92],"class_list":{"0":"post-2206","1":"product","2":"type-product","3":"status-publish","4":"has-post-thumbnail","6":"product_cat-les-hommes-4-cm","7":"product_cat-santons-4-cm","8":"product_tag-4cm","9":"product_tag-bar-des-arenes","10":"product_tag-boulistes","11":"product_tag-terrain-de-boule","13":"first","14":"instock","15":"purchasable","16":"product-type-simple"},"yoast_head":"<!-- This site is optimized with the Yoast SEO plugin v27.4 - https:\/\/yoast.com\/product\/yoast-seo-wordpress\/ -->\n<title>Boutique - Produit - Le bouliste qui regarde - Santons Vaquette<\/title>\n<meta name=\"description\" content=\"Les boulistes repr\u00e9sentent le sud de la France, la Provence avec leurs c\u00e9l\u00e8bres parties de p\u00e9tanque et le rituel de \u00ab Fanny \u00bb\" \/>\n<meta name=\"robots\" content=\"index, follow, max-snippet:-1, max-image-preview:large, max-video-preview:-1\" \/>\n<link rel=\"canonical\" href=\"https:\/\/santonsvaquette.fr\/en\/product\/le-bouliste-qui-regarde-2\/\" \/>\n<meta property=\"og:locale\" content=\"en_US\" \/>\n<meta property=\"og:type\" content=\"article\" \/>\n<meta property=\"og:title\" content=\"Boutique - Produit - Le bouliste qui regarde - Santons Vaquette\" \/>\n<meta property=\"og:description\" content=\"Les boulistes repr\u00e9sentent le sud de la France, la Provence avec leurs c\u00e9l\u00e8bres parties de p\u00e9tanque et le rituel de \u00ab Fanny \u00bb\" \/>\n<meta property=\"og:url\" content=\"https:\/\/santonsvaquette.fr\/en\/product\/le-bouliste-qui-regarde-2\/\" \/>\n<meta property=\"og:site_name\" content=\"Santons Vaquette\" \/>\n<meta property=\"article:modified_time\" content=\"2026-03-08T13:18:44+00:00\" \/>\n<meta property=\"og:image\" content=\"https:\/\/santonsvaquette.fr\/wp-content\/uploads\/2024\/01\/photoroom_20240126_092655-1.png\" \/>\n\t<meta property=\"og:image:width\" content=\"1800\" \/>\n\t<meta property=\"og:image:height\" content=\"2400\" \/>\n\t<meta property=\"og:image:type\" content=\"image\/png\" \/>\n<meta name=\"twitter:card\" content=\"summary_large_image\" \/>\n<meta name=\"twitter:label1\" content=\"Est. reading time\" \/>\n\t<meta name=\"twitter:data1\" content=\"2 minutes\" \/>\n<script type=\"application\/ld+json\" class=\"yoast-schema-graph\">{\"@context\":\"https:\\\/\\\/schema.org\",\"@graph\":[{\"@type\":\"WebPage\",\"@id\":\"https:\\\/\\\/santonsvaquette.fr\\\/produit\\\/le-bouliste-qui-regarde-2\\\/\",\"url\":\"https:\\\/\\\/santonsvaquette.fr\\\/produit\\\/le-bouliste-qui-regarde-2\\\/\",\"name\":\"Boutique - Produit - Le bouliste qui regarde - Santons Vaquette\",\"isPartOf\":{\"@id\":\"https:\\\/\\\/santonsvaquette.fr\\\/#website\"},\"primaryImageOfPage\":{\"@id\":\"https:\\\/\\\/santonsvaquette.fr\\\/produit\\\/le-bouliste-qui-regarde-2\\\/#primaryimage\"},\"image\":{\"@id\":\"https:\\\/\\\/santonsvaquette.fr\\\/produit\\\/le-bouliste-qui-regarde-2\\\/#primaryimage\"},\"thumbnailUrl\":\"https:\\\/\\\/i0.wp.com\\\/santonsvaquette.fr\\\/wp-content\\\/uploads\\\/2024\\\/01\\\/photoroom_20240126_092655-1.png?fit=1800%2C2400&ssl=1\",\"datePublished\":\"2021-02-24T11:20:11+00:00\",\"dateModified\":\"2026-03-08T13:18:44+00:00\",\"description\":\"Les boulistes repr\u00e9sentent le sud de la France, la Provence avec leurs c\u00e9l\u00e8bres parties de p\u00e9tanque et le rituel de \u00ab Fanny \u00bb\",\"breadcrumb\":{\"@id\":\"https:\\\/\\\/santonsvaquette.fr\\\/produit\\\/le-bouliste-qui-regarde-2\\\/#breadcrumb\"},\"inLanguage\":\"en-US\",\"potentialAction\":[{\"@type\":\"ReadAction\",\"target\":[\"https:\\\/\\\/santonsvaquette.fr\\\/produit\\\/le-bouliste-qui-regarde-2\\\/\"]}]},{\"@type\":\"ImageObject\",\"inLanguage\":\"en-US\",\"@id\":\"https:\\\/\\\/santonsvaquette.fr\\\/produit\\\/le-bouliste-qui-regarde-2\\\/#primaryimage\",\"url\":\"https:\\\/\\\/i0.wp.com\\\/santonsvaquette.fr\\\/wp-content\\\/uploads\\\/2024\\\/01\\\/photoroom_20240126_092655-1.png?fit=1800%2C2400&ssl=1\",\"contentUrl\":\"https:\\\/\\\/i0.wp.com\\\/santonsvaquette.fr\\\/wp-content\\\/uploads\\\/2024\\\/01\\\/photoroom_20240126_092655-1.png?fit=1800%2C2400&ssl=1\",\"width\":1800,\"height\":2400},{\"@type\":\"BreadcrumbList\",\"@id\":\"https:\\\/\\\/santonsvaquette.fr\\\/produit\\\/le-bouliste-qui-regarde-2\\\/#breadcrumb\",\"itemListElement\":[{\"@type\":\"ListItem\",\"position\":1,\"name\":\"Accueil\",\"item\":\"https:\\\/\\\/santonsvaquette.fr\\\/\"},{\"@type\":\"ListItem\",\"position\":2,\"name\":\"Boutique\",\"item\":\"https:\\\/\\\/santonsvaquette.fr\\\/boutique-santons-vaquette\\\/\"},{\"@type\":\"ListItem\",\"position\":3,\"name\":\"Le bouliste qui regarde\"}]},{\"@type\":\"WebSite\",\"@id\":\"https:\\\/\\\/santonsvaquette.fr\\\/#website\",\"url\":\"https:\\\/\\\/santonsvaquette.fr\\\/\",\"name\":\"Santons Vaquette\",\"description\":\"depuis 1981\",\"publisher\":{\"@id\":\"https:\\\/\\\/santonsvaquette.fr\\\/#\\\/schema\\\/person\\\/2109f2983b974b6438d2922fb589bd8b\"},\"potentialAction\":[{\"@type\":\"SearchAction\",\"target\":{\"@type\":\"EntryPoint\",\"urlTemplate\":\"https:\\\/\\\/santonsvaquette.fr\\\/?s={search_term_string}\"},\"query-input\":{\"@type\":\"PropertyValueSpecification\",\"valueRequired\":true,\"valueName\":\"search_term_string\"}}],\"inLanguage\":\"en-US\"},{\"@type\":[\"Person\",\"Organization\"],\"@id\":\"https:\\\/\\\/santonsvaquette.fr\\\/#\\\/schema\\\/person\\\/2109f2983b974b6438d2922fb589bd8b\",\"name\":\"Santons vaquette\",\"image\":{\"@type\":\"ImageObject\",\"inLanguage\":\"en-US\",\"@id\":\"https:\\\/\\\/secure.gravatar.com\\\/avatar\\\/b27ded224387f23330952ffb4227c2d2a9202f493efd626206470a94275dec6c?s=96&d=mm&r=g\",\"url\":\"https:\\\/\\\/secure.gravatar.com\\\/avatar\\\/b27ded224387f23330952ffb4227c2d2a9202f493efd626206470a94275dec6c?s=96&d=mm&r=g\",\"contentUrl\":\"https:\\\/\\\/secure.gravatar.com\\\/avatar\\\/b27ded224387f23330952ffb4227c2d2a9202f493efd626206470a94275dec6c?s=96&d=mm&r=g\",\"caption\":\"Santons vaquette\"},\"logo\":{\"@id\":\"https:\\\/\\\/secure.gravatar.com\\\/avatar\\\/b27ded224387f23330952ffb4227c2d2a9202f493efd626206470a94275dec6c?s=96&d=mm&r=g\"}}]}<\/script>\n<!-- \/ Yoast SEO plugin. -->","yoast_head_json":{"title":"Boutique - Produit - Le bouliste qui regarde - Santons Vaquette","description":"Les boulistes repr\u00e9sentent le sud de la France, la Provence avec leurs c\u00e9l\u00e8bres parties de p\u00e9tanque et le rituel de \u00ab Fanny \u00bb","robots":{"index":"index","follow":"follow","max-snippet":"max-snippet:-1","max-image-preview":"max-image-preview:large","max-video-preview":"max-video-preview:-1"},"canonical":"https:\/\/santonsvaquette.fr\/en\/product\/le-bouliste-qui-regarde-2\/","og_locale":"en_US","og_type":"article","og_title":"Boutique - Produit - Le bouliste qui regarde - Santons Vaquette","og_description":"Les boulistes repr\u00e9sentent le sud de la France, la Provence avec leurs c\u00e9l\u00e8bres parties de p\u00e9tanque et le rituel de \u00ab Fanny \u00bb","og_url":"https:\/\/santonsvaquette.fr\/en\/product\/le-bouliste-qui-regarde-2\/","og_site_name":"Santons Vaquette","article_modified_time":"2026-03-08T13:18:44+00:00","og_image":[{"width":1800,"height":2400,"url":"https:\/\/santonsvaquette.fr\/wp-content\/uploads\/2024\/01\/photoroom_20240126_092655-1.png","type":"image\/png"}],"twitter_card":"summary_large_image","twitter_misc":{"Est. reading time":"2 minutes"},"schema":{"@context":"https:\/\/schema.org","@graph":[{"@type":"WebPage","@id":"https:\/\/santonsvaquette.fr\/produit\/le-bouliste-qui-regarde-2\/","url":"https:\/\/santonsvaquette.fr\/produit\/le-bouliste-qui-regarde-2\/","name":"Boutique - Produit - Le bouliste qui regarde - Santons Vaquette","isPartOf":{"@id":"https:\/\/santonsvaquette.fr\/#website"},"primaryImageOfPage":{"@id":"https:\/\/santonsvaquette.fr\/produit\/le-bouliste-qui-regarde-2\/#primaryimage"},"image":{"@id":"https:\/\/santonsvaquette.fr\/produit\/le-bouliste-qui-regarde-2\/#primaryimage"},"thumbnailUrl":"https:\/\/i0.wp.com\/santonsvaquette.fr\/wp-content\/uploads\/2024\/01\/photoroom_20240126_092655-1.png?fit=1800%2C2400&ssl=1","datePublished":"2021-02-24T11:20:11+00:00","dateModified":"2026-03-08T13:18:44+00:00","description":"Les boulistes repr\u00e9sentent le sud de la France, la Provence avec leurs c\u00e9l\u00e8bres parties de p\u00e9tanque et le rituel de \u00ab Fanny \u00bb","breadcrumb":{"@id":"https:\/\/santonsvaquette.fr\/produit\/le-bouliste-qui-regarde-2\/#breadcrumb"},"inLanguage":"en-US","potentialAction":[{"@type":"ReadAction","target":["https:\/\/santonsvaquette.fr\/produit\/le-bouliste-qui-regarde-2\/"]}]},{"@type":"ImageObject","inLanguage":"en-US","@id":"https:\/\/santonsvaquette.fr\/produit\/le-bouliste-qui-regarde-2\/#primaryimage","url":"https:\/\/i0.wp.com\/santonsvaquette.fr\/wp-content\/uploads\/2024\/01\/photoroom_20240126_092655-1.png?fit=1800%2C2400&ssl=1","contentUrl":"https:\/\/i0.wp.com\/santonsvaquette.fr\/wp-content\/uploads\/2024\/01\/photoroom_20240126_092655-1.png?fit=1800%2C2400&ssl=1","width":1800,"height":2400},{"@type":"BreadcrumbList","@id":"https:\/\/santonsvaquette.fr\/produit\/le-bouliste-qui-regarde-2\/#breadcrumb","itemListElement":[{"@type":"ListItem","position":1,"name":"Accueil","item":"https:\/\/santonsvaquette.fr\/"},{"@type":"ListItem","position":2,"name":"Boutique","item":"https:\/\/santonsvaquette.fr\/boutique-santons-vaquette\/"},{"@type":"ListItem","position":3,"name":"Le bouliste qui regarde"}]},{"@type":"WebSite","@id":"https:\/\/santonsvaquette.fr\/#website","url":"https:\/\/santonsvaquette.fr\/","name":"Santons Vaquette","description":"since 1981","publisher":{"@id":"https:\/\/santonsvaquette.fr\/#\/schema\/person\/2109f2983b974b6438d2922fb589bd8b"},"potentialAction":[{"@type":"SearchAction","target":{"@type":"EntryPoint","urlTemplate":"https:\/\/santonsvaquette.fr\/?s={search_term_string}"},"query-input":{"@type":"PropertyValueSpecification","valueRequired":true,"valueName":"search_term_string"}}],"inLanguage":"en-US"},{"@type":["Person","Organization"],"@id":"https:\/\/santonsvaquette.fr\/#\/schema\/person\/2109f2983b974b6438d2922fb589bd8b","name":"Santons vaquette","image":{"@type":"ImageObject","inLanguage":"en-US","@id":"https:\/\/secure.gravatar.com\/avatar\/b27ded224387f23330952ffb4227c2d2a9202f493efd626206470a94275dec6c?s=96&d=mm&r=g","url":"https:\/\/secure.gravatar.com\/avatar\/b27ded224387f23330952ffb4227c2d2a9202f493efd626206470a94275dec6c?s=96&d=mm&r=g","contentUrl":"https:\/\/secure.gravatar.com\/avatar\/b27ded224387f23330952ffb4227c2d2a9202f493efd626206470a94275dec6c?s=96&d=mm&r=g","caption":"Santons vaquette"},"logo":{"@id":"https:\/\/secure.gravatar.com\/avatar\/b27ded224387f23330952ffb4227c2d2a9202f493efd626206470a94275dec6c?s=96&d=mm&r=g"}}]}},"jetpack_publicize_connections":[],"jetpack_sharing_enabled":true,"_links":{"self":[{"href":"https:\/\/santonsvaquette.fr\/en\/wp-json\/wp\/v2\/product\/2206","targetHints":{"allow":["GET"]}}],"collection":[{"href":"https:\/\/santonsvaquette.fr\/en\/wp-json\/wp\/v2\/product"}],"about":[{"href":"https:\/\/santonsvaquette.fr\/en\/wp-json\/wp\/v2\/types\/product"}],"replies":[{"embeddable":true,"href":"https:\/\/santonsvaquette.fr\/en\/wp-json\/wp\/v2\/comments?post=2206"}],"wp:featuredmedia":[{"embeddable":true,"href":"https:\/\/santonsvaquette.fr\/en\/wp-json\/wp\/v2\/media\/3391"}],"wp:attachment":[{"href":"https:\/\/santonsvaquette.fr\/en\/wp-json\/wp\/v2\/media?parent=2206"}],"wp:term":[{"taxonomy":"product_brand","embeddable":true,"href":"https:\/\/santonsvaquette.fr\/en\/wp-json\/wp\/v2\/product_brand?post=2206"},{"taxonomy":"product_cat","embeddable":true,"href":"https:\/\/santonsvaquette.fr\/en\/wp-json\/wp\/v2\/product_cat?post=2206"},{"taxonomy":"product_tag","embeddable":true,"href":"https:\/\/santonsvaquette.fr\/en\/wp-json\/wp\/v2\/product_tag?post=2206"}],"curies":[{"name":"wp","href":"https:\/\/api.w.org\/{rel}","templated":true}]}}