{"id":2361,"date":"2021-12-16T15:25:23","date_gmt":"2021-12-16T14:25:23","guid":{"rendered":"https:\/\/santonsvaquette.fr\/?post_type=product&#038;p=2361"},"modified":"2026-03-08T13:50:28","modified_gmt":"2026-03-08T12:50:28","slug":"saint-gilles","status":"publish","type":"product","link":"https:\/\/santonsvaquette.fr\/en\/product\/saint-gilles\/","title":{"rendered":"Saint-Gilles"},"content":{"rendered":"<div dir=\"ltr\">\n<p>Saint-Gilles<\/p>\n<p>Notre amour pour l\u2019artisanat nous m\u00e8ne \u00e0 vous proposer des santons de qualit\u00e9 artisanale, fabriqu\u00e9s depuis 1981 dans la plus pure tradition des cr\u00e8ches proven\u00e7ales. Notre fabrication est 100% fran\u00e7aise, les santons \u00e9tant r\u00e9alis\u00e9s dans notre atelier de Saint-Gilles. Les santons que nous vous proposons seront id\u00e9als pour vos d\u00e9cors de cr\u00e8che, pour compl\u00e9ter votre collection ou pour offrir. Les santons sont faits mains dans la plus grande tradition pour vous proposer un produit dot\u00e9 d\u2019une grande qualit\u00e9. Voir:\u00a0\u00a0<a href=\"https:\/\/santonsvaquette.fr\/en\/notre-histoire\/\">Our history<\/a>.<\/p>\n<\/div>\n<h2>L&rsquo;histoire<\/h2>\n<div class=\"cxmmr5t8 oygrvhab hcukyx3x c1et5uql o9v6fnle ii04i59q\">\n<div dir=\"auto\">D&rsquo;origine grecque, Gilles (Aegidius) v\u00e9cut en ermite dans les for\u00eats pr\u00e8s de N\u00eemes dans le Gard o\u00f9 il fonda une abbaye qui prit son nom: 30800 Saint Gilles du Gard.<\/div>\n<div dir=\"auto\">Sa popularit\u00e9 lui vint de ce que le monast\u00e8re, construit d\u00e8s le VIe si\u00e8cle, se trouvait sur l&rsquo;un des itin\u00e9raires de Rome \u00e0 Compostelle.<\/div>\n<div dir=\"auto\">Les p\u00e8lerins s&rsquo;y arr\u00eataient et chantaient les louanges de saint Gilles \u00e0 leur retour dans leur pays.<\/div>\n<div dir=\"auto\">Saint Gilles et la biche<\/div>\n<div dir=\"auto\">Illustration: Saint Gilles et la biche &#8211; partie du tableau d&rsquo;un artiste inconnu appel\u00e9 le &lsquo;ma\u00eetre de Saint Gilles&rsquo;, XVe? si\u00e8cle. (Photo ci-joint plus bas)<\/div>\n<\/div>\n<div class=\"cxmmr5t8 oygrvhab hcukyx3x c1et5uql o9v6fnle ii04i59q\">\n<div dir=\"auto\">\u00ab\u00a0Reconnaissable \u00e0 sa coule b\u00e9n\u00e9dictine et \u00e0 sa biche, on l&rsquo;invoque contre la panique, le mal caduc, la folie ou les frayeurs nocturnes\u00a0\u00bb<\/div>\n<\/div>\n<div class=\"cxmmr5t8 oygrvhab hcukyx3x c1et5uql o9v6fnle ii04i59q\">\n<div dir=\"auto\">Saint Gilles, dont le culte est florissant depuis le Moyen Age, \u00e0 cause de l&rsquo;abbaye gardienne de ses reliques, est un ermite dont l&rsquo;histoire s&rsquo;est souvent effac\u00e9e au profit de la l\u00e9gende. Son tombeau fut un lieu de p\u00e8lerinage extr\u00eamement fr\u00e9quent\u00e9 au Moyen Age, sur les chemins de Saint Jacques de Compostelle.<\/div>\n<\/div>\n<div class=\"cxmmr5t8 oygrvhab hcukyx3x c1et5uql o9v6fnle ii04i59q\">\n<div dir=\"auto\"><\/div>\n<\/div>\n<div dir=\"ltr\">\n<h2><strong>Pr\u00e9sentation<\/strong><\/h2>\n<div>D&rsquo;origine grecque, Gilles (Aegidius) v\u00e9cut en ermite dans les for\u00eats pr\u00e8s de N\u00eemes dans le Gard o\u00f9 il fonda une abbaye qui prit son nom: 30800 Saint Gilles du Gard.<\/div>\n<\/div>\n<h2><strong>Taille<\/strong><\/h2>\n<p>8 cm<\/p>\n<h2><strong>Pr\u00e9cision<\/strong><\/h2>\n<p>La taille et les couleurs de chaque santons peut vari\u00e9 l\u00e9g\u00e8rement.<\/p>\n<p>Photos non contractuelles.<\/p>","protected":false},"excerpt":{"rendered":"<p>.D&rsquo;origine grecque, Gilles (Aegidius) v\u00e9cut en ermite dans les for\u00eats pr\u00e8s de N\u00eemes dans le Gard o\u00f9 il fonda une abbaye qui prit son nom: 30800 Saint Gilles du Gard.<\/p>","protected":false},"featured_media":2314,"comment_status":"open","ping_status":"closed","template":"","meta":{"jetpack_post_was_ever_published":false,"jetpack_publicize_message":"","jetpack_publicize_feature_enabled":true,"jetpack_social_post_already_shared":true,"jetpack_social_options":{"image_generator_settings":{"template":"highway","default_image_id":0,"font":"","enabled":false},"version":2}},"product_brand":[],"product_cat":[185,108],"product_tag":[110,36,33],"class_list":{"0":"post-2361","1":"product","2":"type-product","3":"status-publish","4":"has-post-thumbnail","6":"product_cat-les-hommes-8-cm","7":"product_cat-santons-8-cm","8":"product_tag-8-cm","9":"product_tag-nativite","10":"product_tag-personnage","12":"first","13":"instock","14":"purchasable","15":"product-type-simple"},"yoast_head":"<!-- This site is optimized with the Yoast SEO plugin v27.4 - https:\/\/yoast.com\/product\/yoast-seo-wordpress\/ -->\n<title>Boutique - Produit - Saint-Gilles - Santons Vaquette<\/title>\n<meta name=\"description\" content=\"D&#039;origine grecque, Gilles (Aegidius) v\u00e9cut en ermite dans les for\u00eats pr\u00e8s de N\u00eemes dans le Gard o\u00f9 il fonda une abbaye qui prit son nom: 30800 Saint Gilles du Gard.\" \/>\n<meta name=\"robots\" content=\"index, follow, max-snippet:-1, max-image-preview:large, max-video-preview:-1\" \/>\n<link rel=\"canonical\" href=\"https:\/\/santonsvaquette.fr\/en\/product\/saint-gilles\/\" \/>\n<meta property=\"og:locale\" content=\"en_US\" \/>\n<meta property=\"og:type\" content=\"article\" \/>\n<meta property=\"og:title\" content=\"Boutique - Produit - Saint-Gilles - Santons Vaquette\" \/>\n<meta property=\"og:description\" content=\"D&#039;origine grecque, Gilles (Aegidius) v\u00e9cut en ermite dans les for\u00eats pr\u00e8s de N\u00eemes dans le Gard o\u00f9 il fonda une abbaye qui prit son nom: 30800 Saint Gilles du Gard.\" \/>\n<meta property=\"og:url\" content=\"https:\/\/santonsvaquette.fr\/en\/product\/saint-gilles\/\" \/>\n<meta property=\"og:site_name\" content=\"Santons Vaquette\" \/>\n<meta property=\"article:modified_time\" content=\"2026-03-08T12:50:28+00:00\" \/>\n<meta property=\"og:image\" content=\"https:\/\/santonsvaquette.fr\/wp-content\/uploads\/2021\/12\/PhotoRoom_20211214_172226.jpeg\" \/>\n\t<meta property=\"og:image:width\" content=\"2016\" \/>\n\t<meta property=\"og:image:height\" content=\"1512\" \/>\n\t<meta property=\"og:image:type\" content=\"image\/jpeg\" \/>\n<meta name=\"twitter:card\" content=\"summary_large_image\" \/>\n<meta name=\"twitter:label1\" content=\"Est. reading time\" \/>\n\t<meta name=\"twitter:data1\" content=\"2 minutes\" \/>\n<script type=\"application\/ld+json\" class=\"yoast-schema-graph\">{\"@context\":\"https:\\\/\\\/schema.org\",\"@graph\":[{\"@type\":\"WebPage\",\"@id\":\"https:\\\/\\\/santonsvaquette.fr\\\/produit\\\/saint-gilles\\\/\",\"url\":\"https:\\\/\\\/santonsvaquette.fr\\\/produit\\\/saint-gilles\\\/\",\"name\":\"Boutique - Produit - Saint-Gilles - Santons Vaquette\",\"isPartOf\":{\"@id\":\"https:\\\/\\\/santonsvaquette.fr\\\/#website\"},\"primaryImageOfPage\":{\"@id\":\"https:\\\/\\\/santonsvaquette.fr\\\/produit\\\/saint-gilles\\\/#primaryimage\"},\"image\":{\"@id\":\"https:\\\/\\\/santonsvaquette.fr\\\/produit\\\/saint-gilles\\\/#primaryimage\"},\"thumbnailUrl\":\"https:\\\/\\\/i0.wp.com\\\/santonsvaquette.fr\\\/wp-content\\\/uploads\\\/2021\\\/12\\\/PhotoRoom_20211214_172226.jpeg?fit=2016%2C1512&ssl=1\",\"datePublished\":\"2021-12-16T14:25:23+00:00\",\"dateModified\":\"2026-03-08T12:50:28+00:00\",\"description\":\"D'origine grecque, Gilles (Aegidius) v\u00e9cut en ermite dans les for\u00eats pr\u00e8s de N\u00eemes dans le Gard o\u00f9 il fonda une abbaye qui prit son nom: 30800 Saint Gilles du Gard.\",\"breadcrumb\":{\"@id\":\"https:\\\/\\\/santonsvaquette.fr\\\/produit\\\/saint-gilles\\\/#breadcrumb\"},\"inLanguage\":\"en-US\",\"potentialAction\":[{\"@type\":\"ReadAction\",\"target\":[\"https:\\\/\\\/santonsvaquette.fr\\\/produit\\\/saint-gilles\\\/\"]}]},{\"@type\":\"ImageObject\",\"inLanguage\":\"en-US\",\"@id\":\"https:\\\/\\\/santonsvaquette.fr\\\/produit\\\/saint-gilles\\\/#primaryimage\",\"url\":\"https:\\\/\\\/i0.wp.com\\\/santonsvaquette.fr\\\/wp-content\\\/uploads\\\/2021\\\/12\\\/PhotoRoom_20211214_172226.jpeg?fit=2016%2C1512&ssl=1\",\"contentUrl\":\"https:\\\/\\\/i0.wp.com\\\/santonsvaquette.fr\\\/wp-content\\\/uploads\\\/2021\\\/12\\\/PhotoRoom_20211214_172226.jpeg?fit=2016%2C1512&ssl=1\",\"width\":2016,\"height\":1512},{\"@type\":\"BreadcrumbList\",\"@id\":\"https:\\\/\\\/santonsvaquette.fr\\\/produit\\\/saint-gilles\\\/#breadcrumb\",\"itemListElement\":[{\"@type\":\"ListItem\",\"position\":1,\"name\":\"Accueil\",\"item\":\"https:\\\/\\\/santonsvaquette.fr\\\/\"},{\"@type\":\"ListItem\",\"position\":2,\"name\":\"Boutique\",\"item\":\"https:\\\/\\\/santonsvaquette.fr\\\/boutique-santons-vaquette\\\/\"},{\"@type\":\"ListItem\",\"position\":3,\"name\":\"Saint-Gilles\"}]},{\"@type\":\"WebSite\",\"@id\":\"https:\\\/\\\/santonsvaquette.fr\\\/#website\",\"url\":\"https:\\\/\\\/santonsvaquette.fr\\\/\",\"name\":\"Santons Vaquette\",\"description\":\"depuis 1981\",\"publisher\":{\"@id\":\"https:\\\/\\\/santonsvaquette.fr\\\/#\\\/schema\\\/person\\\/2109f2983b974b6438d2922fb589bd8b\"},\"potentialAction\":[{\"@type\":\"SearchAction\",\"target\":{\"@type\":\"EntryPoint\",\"urlTemplate\":\"https:\\\/\\\/santonsvaquette.fr\\\/?s={search_term_string}\"},\"query-input\":{\"@type\":\"PropertyValueSpecification\",\"valueRequired\":true,\"valueName\":\"search_term_string\"}}],\"inLanguage\":\"en-US\"},{\"@type\":[\"Person\",\"Organization\"],\"@id\":\"https:\\\/\\\/santonsvaquette.fr\\\/#\\\/schema\\\/person\\\/2109f2983b974b6438d2922fb589bd8b\",\"name\":\"Santons vaquette\",\"image\":{\"@type\":\"ImageObject\",\"inLanguage\":\"en-US\",\"@id\":\"https:\\\/\\\/secure.gravatar.com\\\/avatar\\\/b27ded224387f23330952ffb4227c2d2a9202f493efd626206470a94275dec6c?s=96&d=mm&r=g\",\"url\":\"https:\\\/\\\/secure.gravatar.com\\\/avatar\\\/b27ded224387f23330952ffb4227c2d2a9202f493efd626206470a94275dec6c?s=96&d=mm&r=g\",\"contentUrl\":\"https:\\\/\\\/secure.gravatar.com\\\/avatar\\\/b27ded224387f23330952ffb4227c2d2a9202f493efd626206470a94275dec6c?s=96&d=mm&r=g\",\"caption\":\"Santons vaquette\"},\"logo\":{\"@id\":\"https:\\\/\\\/secure.gravatar.com\\\/avatar\\\/b27ded224387f23330952ffb4227c2d2a9202f493efd626206470a94275dec6c?s=96&d=mm&r=g\"}}]}<\/script>\n<!-- \/ Yoast SEO plugin. -->","yoast_head_json":{"title":"Boutique - Produit - Saint-Gilles - Santons Vaquette","description":"D'origine grecque, Gilles (Aegidius) v\u00e9cut en ermite dans les for\u00eats pr\u00e8s de N\u00eemes dans le Gard o\u00f9 il fonda une abbaye qui prit son nom: 30800 Saint Gilles du Gard.","robots":{"index":"index","follow":"follow","max-snippet":"max-snippet:-1","max-image-preview":"max-image-preview:large","max-video-preview":"max-video-preview:-1"},"canonical":"https:\/\/santonsvaquette.fr\/en\/product\/saint-gilles\/","og_locale":"en_US","og_type":"article","og_title":"Boutique - Produit - Saint-Gilles - Santons Vaquette","og_description":"D'origine grecque, Gilles (Aegidius) v\u00e9cut en ermite dans les for\u00eats pr\u00e8s de N\u00eemes dans le Gard o\u00f9 il fonda une abbaye qui prit son nom: 30800 Saint Gilles du Gard.","og_url":"https:\/\/santonsvaquette.fr\/en\/product\/saint-gilles\/","og_site_name":"Santons Vaquette","article_modified_time":"2026-03-08T12:50:28+00:00","og_image":[{"width":2016,"height":1512,"url":"https:\/\/santonsvaquette.fr\/wp-content\/uploads\/2021\/12\/PhotoRoom_20211214_172226.jpeg","type":"image\/jpeg"}],"twitter_card":"summary_large_image","twitter_misc":{"Est. reading time":"2 minutes"},"schema":{"@context":"https:\/\/schema.org","@graph":[{"@type":"WebPage","@id":"https:\/\/santonsvaquette.fr\/produit\/saint-gilles\/","url":"https:\/\/santonsvaquette.fr\/produit\/saint-gilles\/","name":"Boutique - Produit - Saint-Gilles - Santons Vaquette","isPartOf":{"@id":"https:\/\/santonsvaquette.fr\/#website"},"primaryImageOfPage":{"@id":"https:\/\/santonsvaquette.fr\/produit\/saint-gilles\/#primaryimage"},"image":{"@id":"https:\/\/santonsvaquette.fr\/produit\/saint-gilles\/#primaryimage"},"thumbnailUrl":"https:\/\/i0.wp.com\/santonsvaquette.fr\/wp-content\/uploads\/2021\/12\/PhotoRoom_20211214_172226.jpeg?fit=2016%2C1512&ssl=1","datePublished":"2021-12-16T14:25:23+00:00","dateModified":"2026-03-08T12:50:28+00:00","description":"D'origine grecque, Gilles (Aegidius) v\u00e9cut en ermite dans les for\u00eats pr\u00e8s de N\u00eemes dans le Gard o\u00f9 il fonda une abbaye qui prit son nom: 30800 Saint Gilles du Gard.","breadcrumb":{"@id":"https:\/\/santonsvaquette.fr\/produit\/saint-gilles\/#breadcrumb"},"inLanguage":"en-US","potentialAction":[{"@type":"ReadAction","target":["https:\/\/santonsvaquette.fr\/produit\/saint-gilles\/"]}]},{"@type":"ImageObject","inLanguage":"en-US","@id":"https:\/\/santonsvaquette.fr\/produit\/saint-gilles\/#primaryimage","url":"https:\/\/i0.wp.com\/santonsvaquette.fr\/wp-content\/uploads\/2021\/12\/PhotoRoom_20211214_172226.jpeg?fit=2016%2C1512&ssl=1","contentUrl":"https:\/\/i0.wp.com\/santonsvaquette.fr\/wp-content\/uploads\/2021\/12\/PhotoRoom_20211214_172226.jpeg?fit=2016%2C1512&ssl=1","width":2016,"height":1512},{"@type":"BreadcrumbList","@id":"https:\/\/santonsvaquette.fr\/produit\/saint-gilles\/#breadcrumb","itemListElement":[{"@type":"ListItem","position":1,"name":"Accueil","item":"https:\/\/santonsvaquette.fr\/"},{"@type":"ListItem","position":2,"name":"Boutique","item":"https:\/\/santonsvaquette.fr\/boutique-santons-vaquette\/"},{"@type":"ListItem","position":3,"name":"Saint-Gilles"}]},{"@type":"WebSite","@id":"https:\/\/santonsvaquette.fr\/#website","url":"https:\/\/santonsvaquette.fr\/","name":"Santons Vaquette","description":"since 1981","publisher":{"@id":"https:\/\/santonsvaquette.fr\/#\/schema\/person\/2109f2983b974b6438d2922fb589bd8b"},"potentialAction":[{"@type":"SearchAction","target":{"@type":"EntryPoint","urlTemplate":"https:\/\/santonsvaquette.fr\/?s={search_term_string}"},"query-input":{"@type":"PropertyValueSpecification","valueRequired":true,"valueName":"search_term_string"}}],"inLanguage":"en-US"},{"@type":["Person","Organization"],"@id":"https:\/\/santonsvaquette.fr\/#\/schema\/person\/2109f2983b974b6438d2922fb589bd8b","name":"Santons vaquette","image":{"@type":"ImageObject","inLanguage":"en-US","@id":"https:\/\/secure.gravatar.com\/avatar\/b27ded224387f23330952ffb4227c2d2a9202f493efd626206470a94275dec6c?s=96&d=mm&r=g","url":"https:\/\/secure.gravatar.com\/avatar\/b27ded224387f23330952ffb4227c2d2a9202f493efd626206470a94275dec6c?s=96&d=mm&r=g","contentUrl":"https:\/\/secure.gravatar.com\/avatar\/b27ded224387f23330952ffb4227c2d2a9202f493efd626206470a94275dec6c?s=96&d=mm&r=g","caption":"Santons vaquette"},"logo":{"@id":"https:\/\/secure.gravatar.com\/avatar\/b27ded224387f23330952ffb4227c2d2a9202f493efd626206470a94275dec6c?s=96&d=mm&r=g"}}]}},"jetpack_publicize_connections":[],"jetpack_sharing_enabled":true,"_links":{"self":[{"href":"https:\/\/santonsvaquette.fr\/en\/wp-json\/wp\/v2\/product\/2361","targetHints":{"allow":["GET"]}}],"collection":[{"href":"https:\/\/santonsvaquette.fr\/en\/wp-json\/wp\/v2\/product"}],"about":[{"href":"https:\/\/santonsvaquette.fr\/en\/wp-json\/wp\/v2\/types\/product"}],"replies":[{"embeddable":true,"href":"https:\/\/santonsvaquette.fr\/en\/wp-json\/wp\/v2\/comments?post=2361"}],"wp:featuredmedia":[{"embeddable":true,"href":"https:\/\/santonsvaquette.fr\/en\/wp-json\/wp\/v2\/media\/2314"}],"wp:attachment":[{"href":"https:\/\/santonsvaquette.fr\/en\/wp-json\/wp\/v2\/media?parent=2361"}],"wp:term":[{"taxonomy":"product_brand","embeddable":true,"href":"https:\/\/santonsvaquette.fr\/en\/wp-json\/wp\/v2\/product_brand?post=2361"},{"taxonomy":"product_cat","embeddable":true,"href":"https:\/\/santonsvaquette.fr\/en\/wp-json\/wp\/v2\/product_cat?post=2361"},{"taxonomy":"product_tag","embeddable":true,"href":"https:\/\/santonsvaquette.fr\/en\/wp-json\/wp\/v2\/product_tag?post=2361"}],"curies":[{"name":"wp","href":"https:\/\/api.w.org\/{rel}","templated":true}]}}