{"id":2427,"date":"2022-07-10T16:47:45","date_gmt":"2022-07-10T14:47:45","guid":{"rendered":"https:\/\/santonsvaquette.fr\/?post_type=product&#038;p=2427"},"modified":"2026-03-08T12:13:40","modified_gmt":"2026-03-08T11:13:40","slug":"le-taureau-couche","status":"publish","type":"product","link":"https:\/\/santonsvaquette.fr\/en\/product\/le-taureau-couche\/","title":{"rendered":"Le taureau couch\u00e9"},"content":{"rendered":"<p>Le taureau couch\u00e9<\/p>\n<div dir=\"ltr\">\n<div dir=\"ltr\">\n<p>Notre amour pour l\u2019artisanat nous m\u00e8ne \u00e0 vous proposer des santons de qualit\u00e9 artisanale, fabriqu\u00e9s depuis 1981 dans la plus pure tradition des cr\u00e8ches proven\u00e7ales. Notre fabrication est 100% fran\u00e7aise, les santons \u00e9tant r\u00e9alis\u00e9s dans notre atelier de Saint-Gilles. Les santons que nous vous proposons seront id\u00e9als pour vos d\u00e9cors de cr\u00e8che, pour compl\u00e9ter votre collection ou pour offrir. Les santons sont faits mains dans la plus grande tradition pour vous proposer un produit dot\u00e9 d\u2019une grande qualit\u00e9. Voir:\u00a0\u00a0<a href=\"https:\/\/santonsvaquette.fr\/en\/notre-histoire\/\">Our history<\/a>.<\/p>\n<h2>PR\u00c9SENTATION<\/h2>\n<div>\n<p>&nbsp;<\/p>\n<p><strong>Le taureau couch\u00e9 <\/strong>associ\u00e9 au veau, au cheval, au gardian,\u00a0 \u00e0 la cabane de gardian ainsi qu&rsquo;\u00e0 la sc\u00e9nette de Camargue.<\/p>\n<h2>Taille<\/h2>\n<p>4 cm<\/p>\n<\/div>\n<\/div>\n<\/div>\n<p>&nbsp;<\/p>\n<p>Photos non contractuelle<\/p>\n<p><a href=\"https:\/\/i0.wp.com\/santonsvaquette.fr\/wp-content\/uploads\/2024\/01\/PhotoRoom_20240112_145053.png?ssl=1\"><img data-recalc-dims=\"1\" loading=\"lazy\" decoding=\"async\" class=\"alignnone size-medium wp-image-3334\" src=\"https:\/\/i0.wp.com\/santonsvaquette.fr\/wp-content\/uploads\/2024\/01\/PhotoRoom_20240112_145053.png?resize=225%2C300&#038;ssl=1\" alt=\"\" width=\"225\" height=\"300\" srcset=\"https:\/\/i0.wp.com\/santonsvaquette.fr\/wp-content\/uploads\/2024\/01\/PhotoRoom_20240112_145053.png?resize=225%2C300&amp;ssl=1 225w, https:\/\/i0.wp.com\/santonsvaquette.fr\/wp-content\/uploads\/2024\/01\/PhotoRoom_20240112_145053.png?resize=768%2C1024&amp;ssl=1 768w, https:\/\/i0.wp.com\/santonsvaquette.fr\/wp-content\/uploads\/2024\/01\/PhotoRoom_20240112_145053.png?resize=1152%2C1536&amp;ssl=1 1152w, https:\/\/i0.wp.com\/santonsvaquette.fr\/wp-content\/uploads\/2024\/01\/PhotoRoom_20240112_145053.png?resize=1536%2C2048&amp;ssl=1 1536w, https:\/\/i0.wp.com\/santonsvaquette.fr\/wp-content\/uploads\/2024\/01\/PhotoRoom_20240112_145053.png?resize=555%2C740&amp;ssl=1 555w, https:\/\/i0.wp.com\/santonsvaquette.fr\/wp-content\/uploads\/2024\/01\/PhotoRoom_20240112_145053.png?w=1800&amp;ssl=1 1800w\" sizes=\"auto, (max-width: 225px) 100vw, 225px\" \/><\/a><\/p>","protected":false},"excerpt":{"rendered":"<p><strong>Le taureau couch\u00e9 <\/strong>associ\u00e9 au veau, au cheval, au gardian,\u00a0 \u00e0 la cabane de gardian ainsi qu&rsquo;\u00e0 la sc\u00e9nette de Camargue.<\/p>","protected":false},"featured_media":3335,"comment_status":"open","ping_status":"closed","template":"","meta":{"jetpack_post_was_ever_published":false,"jetpack_publicize_message":"","jetpack_publicize_feature_enabled":true,"jetpack_social_post_already_shared":true,"jetpack_social_options":{"image_generator_settings":{"template":"highway","default_image_id":0,"font":"","enabled":false},"version":2}},"product_brand":[],"product_cat":[125],"product_tag":[34,77,78,32],"class_list":{"0":"post-2427","1":"product","2":"type-product","3":"status-publish","4":"has-post-thumbnail","6":"product_cat-animaux-pour-4-cm","7":"product_tag-4cm","8":"product_tag-camargue","9":"product_tag-gardian","10":"product_tag-santons","12":"first","13":"instock","14":"purchasable","15":"product-type-simple"},"yoast_head":"<!-- This site is optimized with the Yoast SEO plugin v27.4 - https:\/\/yoast.com\/product\/yoast-seo-wordpress\/ -->\n<title>Boutique - Produit - Le taureau couch\u00e9 - Santons Vaquette<\/title>\n<meta name=\"description\" content=\"Le taureau associ\u00e9 au veau, au cheval, au gardian,\u00a0 \u00e0 la cabane de gardian ainsi qu&#039;\u00e0 la sc\u00e9nette de Camargue.\" \/>\n<meta name=\"robots\" content=\"index, follow, max-snippet:-1, max-image-preview:large, max-video-preview:-1\" \/>\n<link rel=\"canonical\" href=\"https:\/\/santonsvaquette.fr\/en\/product\/le-taureau-couche\/\" \/>\n<meta property=\"og:locale\" content=\"en_US\" \/>\n<meta property=\"og:type\" content=\"article\" \/>\n<meta property=\"og:title\" content=\"Boutique - Produit - Le taureau couch\u00e9 - Santons Vaquette\" \/>\n<meta property=\"og:description\" content=\"Le taureau associ\u00e9 au veau, au cheval, au gardian,\u00a0 \u00e0 la cabane de gardian ainsi qu&#039;\u00e0 la sc\u00e9nette de Camargue.\" \/>\n<meta property=\"og:url\" content=\"https:\/\/santonsvaquette.fr\/en\/product\/le-taureau-couche\/\" \/>\n<meta property=\"og:site_name\" content=\"Santons Vaquette\" \/>\n<meta property=\"article:modified_time\" content=\"2026-03-08T11:13:40+00:00\" \/>\n<meta property=\"og:image\" content=\"https:\/\/santonsvaquette.fr\/wp-content\/uploads\/2024\/01\/PhotoRoom_20240112_145111.png\" \/>\n\t<meta property=\"og:image:width\" content=\"1800\" \/>\n\t<meta property=\"og:image:height\" content=\"2400\" \/>\n\t<meta property=\"og:image:type\" content=\"image\/png\" \/>\n<meta name=\"twitter:card\" content=\"summary_large_image\" \/>\n<meta name=\"twitter:label1\" content=\"Est. reading time\" \/>\n\t<meta name=\"twitter:data1\" content=\"1 minute\" \/>\n<script type=\"application\/ld+json\" class=\"yoast-schema-graph\">{\"@context\":\"https:\\\/\\\/schema.org\",\"@graph\":[{\"@type\":\"WebPage\",\"@id\":\"https:\\\/\\\/santonsvaquette.fr\\\/produit\\\/le-taureau-couche\\\/\",\"url\":\"https:\\\/\\\/santonsvaquette.fr\\\/produit\\\/le-taureau-couche\\\/\",\"name\":\"Boutique - Produit - Le taureau couch\u00e9 - Santons Vaquette\",\"isPartOf\":{\"@id\":\"https:\\\/\\\/santonsvaquette.fr\\\/#website\"},\"primaryImageOfPage\":{\"@id\":\"https:\\\/\\\/santonsvaquette.fr\\\/produit\\\/le-taureau-couche\\\/#primaryimage\"},\"image\":{\"@id\":\"https:\\\/\\\/santonsvaquette.fr\\\/produit\\\/le-taureau-couche\\\/#primaryimage\"},\"thumbnailUrl\":\"https:\\\/\\\/i0.wp.com\\\/santonsvaquette.fr\\\/wp-content\\\/uploads\\\/2024\\\/01\\\/PhotoRoom_20240112_145111.png?fit=1800%2C2400&ssl=1\",\"datePublished\":\"2022-07-10T14:47:45+00:00\",\"dateModified\":\"2026-03-08T11:13:40+00:00\",\"description\":\"Le taureau associ\u00e9 au veau, au cheval, au gardian,\u00a0 \u00e0 la cabane de gardian ainsi qu'\u00e0 la sc\u00e9nette de Camargue.\",\"breadcrumb\":{\"@id\":\"https:\\\/\\\/santonsvaquette.fr\\\/produit\\\/le-taureau-couche\\\/#breadcrumb\"},\"inLanguage\":\"en-US\",\"potentialAction\":[{\"@type\":\"ReadAction\",\"target\":[\"https:\\\/\\\/santonsvaquette.fr\\\/produit\\\/le-taureau-couche\\\/\"]}]},{\"@type\":\"ImageObject\",\"inLanguage\":\"en-US\",\"@id\":\"https:\\\/\\\/santonsvaquette.fr\\\/produit\\\/le-taureau-couche\\\/#primaryimage\",\"url\":\"https:\\\/\\\/i0.wp.com\\\/santonsvaquette.fr\\\/wp-content\\\/uploads\\\/2024\\\/01\\\/PhotoRoom_20240112_145111.png?fit=1800%2C2400&ssl=1\",\"contentUrl\":\"https:\\\/\\\/i0.wp.com\\\/santonsvaquette.fr\\\/wp-content\\\/uploads\\\/2024\\\/01\\\/PhotoRoom_20240112_145111.png?fit=1800%2C2400&ssl=1\",\"width\":1800,\"height\":2400},{\"@type\":\"BreadcrumbList\",\"@id\":\"https:\\\/\\\/santonsvaquette.fr\\\/produit\\\/le-taureau-couche\\\/#breadcrumb\",\"itemListElement\":[{\"@type\":\"ListItem\",\"position\":1,\"name\":\"Accueil\",\"item\":\"https:\\\/\\\/santonsvaquette.fr\\\/\"},{\"@type\":\"ListItem\",\"position\":2,\"name\":\"Boutique\",\"item\":\"https:\\\/\\\/santonsvaquette.fr\\\/boutique-santons-vaquette\\\/\"},{\"@type\":\"ListItem\",\"position\":3,\"name\":\"Le taureau couch\u00e9\"}]},{\"@type\":\"WebSite\",\"@id\":\"https:\\\/\\\/santonsvaquette.fr\\\/#website\",\"url\":\"https:\\\/\\\/santonsvaquette.fr\\\/\",\"name\":\"Santons Vaquette\",\"description\":\"depuis 1981\",\"publisher\":{\"@id\":\"https:\\\/\\\/santonsvaquette.fr\\\/#\\\/schema\\\/person\\\/2109f2983b974b6438d2922fb589bd8b\"},\"potentialAction\":[{\"@type\":\"SearchAction\",\"target\":{\"@type\":\"EntryPoint\",\"urlTemplate\":\"https:\\\/\\\/santonsvaquette.fr\\\/?s={search_term_string}\"},\"query-input\":{\"@type\":\"PropertyValueSpecification\",\"valueRequired\":true,\"valueName\":\"search_term_string\"}}],\"inLanguage\":\"en-US\"},{\"@type\":[\"Person\",\"Organization\"],\"@id\":\"https:\\\/\\\/santonsvaquette.fr\\\/#\\\/schema\\\/person\\\/2109f2983b974b6438d2922fb589bd8b\",\"name\":\"Santons vaquette\",\"image\":{\"@type\":\"ImageObject\",\"inLanguage\":\"en-US\",\"@id\":\"https:\\\/\\\/secure.gravatar.com\\\/avatar\\\/b27ded224387f23330952ffb4227c2d2a9202f493efd626206470a94275dec6c?s=96&d=mm&r=g\",\"url\":\"https:\\\/\\\/secure.gravatar.com\\\/avatar\\\/b27ded224387f23330952ffb4227c2d2a9202f493efd626206470a94275dec6c?s=96&d=mm&r=g\",\"contentUrl\":\"https:\\\/\\\/secure.gravatar.com\\\/avatar\\\/b27ded224387f23330952ffb4227c2d2a9202f493efd626206470a94275dec6c?s=96&d=mm&r=g\",\"caption\":\"Santons vaquette\"},\"logo\":{\"@id\":\"https:\\\/\\\/secure.gravatar.com\\\/avatar\\\/b27ded224387f23330952ffb4227c2d2a9202f493efd626206470a94275dec6c?s=96&d=mm&r=g\"}}]}<\/script>\n<!-- \/ Yoast SEO plugin. -->","yoast_head_json":{"title":"Boutique - Produit - Le taureau couch\u00e9 - Santons Vaquette","description":"Le taureau associ\u00e9 au veau, au cheval, au gardian,\u00a0 \u00e0 la cabane de gardian ainsi qu'\u00e0 la sc\u00e9nette de Camargue.","robots":{"index":"index","follow":"follow","max-snippet":"max-snippet:-1","max-image-preview":"max-image-preview:large","max-video-preview":"max-video-preview:-1"},"canonical":"https:\/\/santonsvaquette.fr\/en\/product\/le-taureau-couche\/","og_locale":"en_US","og_type":"article","og_title":"Boutique - Produit - Le taureau couch\u00e9 - Santons Vaquette","og_description":"Le taureau associ\u00e9 au veau, au cheval, au gardian,\u00a0 \u00e0 la cabane de gardian ainsi qu'\u00e0 la sc\u00e9nette de Camargue.","og_url":"https:\/\/santonsvaquette.fr\/en\/product\/le-taureau-couche\/","og_site_name":"Santons Vaquette","article_modified_time":"2026-03-08T11:13:40+00:00","og_image":[{"width":1800,"height":2400,"url":"https:\/\/santonsvaquette.fr\/wp-content\/uploads\/2024\/01\/PhotoRoom_20240112_145111.png","type":"image\/png"}],"twitter_card":"summary_large_image","twitter_misc":{"Est. reading time":"1 minute"},"schema":{"@context":"https:\/\/schema.org","@graph":[{"@type":"WebPage","@id":"https:\/\/santonsvaquette.fr\/produit\/le-taureau-couche\/","url":"https:\/\/santonsvaquette.fr\/produit\/le-taureau-couche\/","name":"Boutique - Produit - Le taureau couch\u00e9 - Santons Vaquette","isPartOf":{"@id":"https:\/\/santonsvaquette.fr\/#website"},"primaryImageOfPage":{"@id":"https:\/\/santonsvaquette.fr\/produit\/le-taureau-couche\/#primaryimage"},"image":{"@id":"https:\/\/santonsvaquette.fr\/produit\/le-taureau-couche\/#primaryimage"},"thumbnailUrl":"https:\/\/i0.wp.com\/santonsvaquette.fr\/wp-content\/uploads\/2024\/01\/PhotoRoom_20240112_145111.png?fit=1800%2C2400&ssl=1","datePublished":"2022-07-10T14:47:45+00:00","dateModified":"2026-03-08T11:13:40+00:00","description":"Le taureau associ\u00e9 au veau, au cheval, au gardian,\u00a0 \u00e0 la cabane de gardian ainsi qu'\u00e0 la sc\u00e9nette de Camargue.","breadcrumb":{"@id":"https:\/\/santonsvaquette.fr\/produit\/le-taureau-couche\/#breadcrumb"},"inLanguage":"en-US","potentialAction":[{"@type":"ReadAction","target":["https:\/\/santonsvaquette.fr\/produit\/le-taureau-couche\/"]}]},{"@type":"ImageObject","inLanguage":"en-US","@id":"https:\/\/santonsvaquette.fr\/produit\/le-taureau-couche\/#primaryimage","url":"https:\/\/i0.wp.com\/santonsvaquette.fr\/wp-content\/uploads\/2024\/01\/PhotoRoom_20240112_145111.png?fit=1800%2C2400&ssl=1","contentUrl":"https:\/\/i0.wp.com\/santonsvaquette.fr\/wp-content\/uploads\/2024\/01\/PhotoRoom_20240112_145111.png?fit=1800%2C2400&ssl=1","width":1800,"height":2400},{"@type":"BreadcrumbList","@id":"https:\/\/santonsvaquette.fr\/produit\/le-taureau-couche\/#breadcrumb","itemListElement":[{"@type":"ListItem","position":1,"name":"Accueil","item":"https:\/\/santonsvaquette.fr\/"},{"@type":"ListItem","position":2,"name":"Boutique","item":"https:\/\/santonsvaquette.fr\/boutique-santons-vaquette\/"},{"@type":"ListItem","position":3,"name":"Le taureau couch\u00e9"}]},{"@type":"WebSite","@id":"https:\/\/santonsvaquette.fr\/#website","url":"https:\/\/santonsvaquette.fr\/","name":"Santons Vaquette","description":"since 1981","publisher":{"@id":"https:\/\/santonsvaquette.fr\/#\/schema\/person\/2109f2983b974b6438d2922fb589bd8b"},"potentialAction":[{"@type":"SearchAction","target":{"@type":"EntryPoint","urlTemplate":"https:\/\/santonsvaquette.fr\/?s={search_term_string}"},"query-input":{"@type":"PropertyValueSpecification","valueRequired":true,"valueName":"search_term_string"}}],"inLanguage":"en-US"},{"@type":["Person","Organization"],"@id":"https:\/\/santonsvaquette.fr\/#\/schema\/person\/2109f2983b974b6438d2922fb589bd8b","name":"Santons vaquette","image":{"@type":"ImageObject","inLanguage":"en-US","@id":"https:\/\/secure.gravatar.com\/avatar\/b27ded224387f23330952ffb4227c2d2a9202f493efd626206470a94275dec6c?s=96&d=mm&r=g","url":"https:\/\/secure.gravatar.com\/avatar\/b27ded224387f23330952ffb4227c2d2a9202f493efd626206470a94275dec6c?s=96&d=mm&r=g","contentUrl":"https:\/\/secure.gravatar.com\/avatar\/b27ded224387f23330952ffb4227c2d2a9202f493efd626206470a94275dec6c?s=96&d=mm&r=g","caption":"Santons vaquette"},"logo":{"@id":"https:\/\/secure.gravatar.com\/avatar\/b27ded224387f23330952ffb4227c2d2a9202f493efd626206470a94275dec6c?s=96&d=mm&r=g"}}]}},"jetpack_publicize_connections":[],"jetpack_sharing_enabled":true,"_links":{"self":[{"href":"https:\/\/santonsvaquette.fr\/en\/wp-json\/wp\/v2\/product\/2427","targetHints":{"allow":["GET"]}}],"collection":[{"href":"https:\/\/santonsvaquette.fr\/en\/wp-json\/wp\/v2\/product"}],"about":[{"href":"https:\/\/santonsvaquette.fr\/en\/wp-json\/wp\/v2\/types\/product"}],"replies":[{"embeddable":true,"href":"https:\/\/santonsvaquette.fr\/en\/wp-json\/wp\/v2\/comments?post=2427"}],"wp:featuredmedia":[{"embeddable":true,"href":"https:\/\/santonsvaquette.fr\/en\/wp-json\/wp\/v2\/media\/3335"}],"wp:attachment":[{"href":"https:\/\/santonsvaquette.fr\/en\/wp-json\/wp\/v2\/media?parent=2427"}],"wp:term":[{"taxonomy":"product_brand","embeddable":true,"href":"https:\/\/santonsvaquette.fr\/en\/wp-json\/wp\/v2\/product_brand?post=2427"},{"taxonomy":"product_cat","embeddable":true,"href":"https:\/\/santonsvaquette.fr\/en\/wp-json\/wp\/v2\/product_cat?post=2427"},{"taxonomy":"product_tag","embeddable":true,"href":"https:\/\/santonsvaquette.fr\/en\/wp-json\/wp\/v2\/product_tag?post=2427"}],"curies":[{"name":"wp","href":"https:\/\/api.w.org\/{rel}","templated":true}]}}