{"id":2495,"date":"2022-09-18T10:45:42","date_gmt":"2022-09-18T08:45:42","guid":{"rendered":"https:\/\/santonsvaquette.fr\/?post_type=product&#038;p=2495"},"modified":"2026-02-21T20:48:41","modified_gmt":"2026-02-21T19:48:41","slug":"enfants-jouant-a-la-brouette","status":"publish","type":"product","link":"https:\/\/santonsvaquette.fr\/en\/product\/enfants-jouant-a-la-brouette\/","title":{"rendered":"Enfant jouant \u00e0 la brouette"},"content":{"rendered":"<p><a href=\"https:\/\/i0.wp.com\/santonsvaquette.fr\/wp-content\/uploads\/2023\/04\/photoroom_20230330_092807.png?ssl=1\"><img data-recalc-dims=\"1\" loading=\"lazy\" decoding=\"async\" class=\"alignnone size-medium wp-image-3073\" src=\"https:\/\/i0.wp.com\/santonsvaquette.fr\/wp-content\/uploads\/2023\/04\/photoroom_20230330_092807.png?resize=300%2C157&#038;ssl=1\" alt=\"\" width=\"300\" height=\"157\" srcset=\"https:\/\/i0.wp.com\/santonsvaquette.fr\/wp-content\/uploads\/2023\/04\/photoroom_20230330_092807.png?resize=300%2C157&amp;ssl=1 300w, https:\/\/i0.wp.com\/santonsvaquette.fr\/wp-content\/uploads\/2023\/04\/photoroom_20230330_092807.png?resize=1024%2C536&amp;ssl=1 1024w, https:\/\/i0.wp.com\/santonsvaquette.fr\/wp-content\/uploads\/2023\/04\/photoroom_20230330_092807.png?resize=768%2C402&amp;ssl=1 768w, https:\/\/i0.wp.com\/santonsvaquette.fr\/wp-content\/uploads\/2023\/04\/photoroom_20230330_092807.png?resize=555%2C290&amp;ssl=1 555w, https:\/\/i0.wp.com\/santonsvaquette.fr\/wp-content\/uploads\/2023\/04\/photoroom_20230330_092807.png?w=1200&amp;ssl=1 1200w\" sizes=\"auto, (max-width: 300px) 100vw, 300px\" \/><\/a>Enfant jouant \u00e0 la brouette<\/p>\n<p>Notre amour pour l&rsquo;artisanat nous m\u00e8ne \u00e0 vous proposer des santons de qualit\u00e9 artisanale, fabriqu\u00e9s depuis 1981 dans la plus pure tradition des cr\u00e8ches proven\u00e7ales. Notre fabrication est 100% fran\u00e7aise, les santons \u00e9tant r\u00e9alis\u00e9s dans notre atelier de Saint-Gilles. Les santons que nous vous proposons seront id\u00e9als pour vos d\u00e9cors de cr\u00e8che, pour compl\u00e9ter votre collection ou pour offrir. Les santons sont faits mains dans la plus grande tradition pour vous proposer un produit dot\u00e9 d&rsquo;une grande qualit\u00e9. Voir:\u00a0 <a href=\"https:\/\/santonsvaquette.fr\/en\/notre-histoire\/\">Our history<\/a>.<\/p>\n<h2>Pr\u00e9sentation<\/h2>\n<p>Enfant jouant \u00e0 la brouette\u00a0 associ\u00e9\u00a0 aux enfants jouant \u00e0 saute mouton, les enfants dans la cours,\u00a0 \u00e0 la ma\u00eetresse , \u00e0 l&rsquo;\u00e9cole ainsi qu&rsquo;au pr\u00e9au de l&rsquo;\u00e9cole.<\/p>\n<h2>Taille<\/h2>\n<p>4cm<\/p>\n<p>&nbsp;<\/p>","protected":false},"excerpt":{"rendered":"<p>Enfant jouant \u00e0 la brouette\u00a0 associ\u00e9\u00a0 aux enfants jouant \u00e0 saute mouton, les enfants dans la cours,\u00a0 \u00e0 la ma\u00eetresse , \u00e0 l&rsquo;\u00e9cole ainsi qu&rsquo;au pr\u00e9au de l&rsquo;\u00e9cole.<\/p>\n<p>&nbsp;<\/p>","protected":false},"featured_media":3067,"comment_status":"open","ping_status":"closed","template":"","meta":{"jetpack_post_was_ever_published":false,"jetpack_publicize_message":"","jetpack_publicize_feature_enabled":true,"jetpack_social_post_already_shared":true,"jetpack_social_options":{"image_generator_settings":{"template":"highway","default_image_id":0,"font":"","enabled":false},"version":2}},"product_brand":[],"product_cat":[180,57],"product_tag":[55,37,97,98],"class_list":{"0":"post-2495","1":"product","2":"type-product","3":"status-publish","4":"has-post-thumbnail","6":"product_cat-enfants-4-cm-2","7":"product_cat-santons-4-cm","8":"product_tag-enfants","9":"product_tag-lecole","10":"product_tag-la-cabane-des-enfants","11":"product_tag-le-preau","13":"first","14":"outofstock","15":"purchasable","16":"product-type-simple"},"yoast_head":"<!-- This site is optimized with the Yoast SEO plugin v27.4 - https:\/\/yoast.com\/product\/yoast-seo-wordpress\/ -->\n<title>Enfant jouant \u00e0 la brouette - Santons Vaquette<\/title>\n<meta name=\"description\" content=\"Enfant jouant \u00e0 la brouette\u00a0 associ\u00e9\u00a0 aux enfants jouant \u00e0 saute mouton, les enfants dans la cours,\u00a0 \u00e0 la ma\u00eetresse , \u00e0 l&#039;\u00e9cole ainsi qu&#039;au pr\u00e9au de l&#039;\u00e9cole.\" \/>\n<meta name=\"robots\" content=\"index, follow, max-snippet:-1, max-image-preview:large, max-video-preview:-1\" \/>\n<link rel=\"canonical\" href=\"https:\/\/santonsvaquette.fr\/en\/product\/enfants-jouant-a-la-brouette\/\" \/>\n<meta property=\"og:locale\" content=\"en_US\" \/>\n<meta property=\"og:type\" content=\"article\" \/>\n<meta property=\"og:title\" content=\"Enfant jouant \u00e0 la brouette - Santons Vaquette\" \/>\n<meta property=\"og:description\" content=\"Enfant jouant \u00e0 la brouette\u00a0 associ\u00e9\u00a0 aux enfants jouant \u00e0 saute mouton, les enfants dans la cours,\u00a0 \u00e0 la ma\u00eetresse , \u00e0 l&#039;\u00e9cole ainsi qu&#039;au pr\u00e9au de l&#039;\u00e9cole.\" \/>\n<meta property=\"og:url\" content=\"https:\/\/santonsvaquette.fr\/en\/product\/enfants-jouant-a-la-brouette\/\" \/>\n<meta property=\"og:site_name\" content=\"Santons Vaquette\" \/>\n<meta property=\"article:modified_time\" content=\"2026-02-21T19:48:41+00:00\" \/>\n<meta property=\"og:image\" content=\"https:\/\/santonsvaquette.fr\/wp-content\/uploads\/2023\/04\/photoroom_20230330_092706.png\" \/>\n\t<meta property=\"og:image:width\" content=\"1200\" \/>\n\t<meta property=\"og:image:height\" content=\"628\" \/>\n\t<meta property=\"og:image:type\" content=\"image\/png\" \/>\n<meta name=\"twitter:card\" content=\"summary_large_image\" \/>\n<meta name=\"twitter:label1\" content=\"Est. reading time\" \/>\n\t<meta name=\"twitter:data1\" content=\"1 minute\" \/>\n<script type=\"application\/ld+json\" class=\"yoast-schema-graph\">{\"@context\":\"https:\\\/\\\/schema.org\",\"@graph\":[{\"@type\":\"WebPage\",\"@id\":\"https:\\\/\\\/santonsvaquette.fr\\\/produit\\\/enfants-jouant-a-la-brouette\\\/\",\"url\":\"https:\\\/\\\/santonsvaquette.fr\\\/produit\\\/enfants-jouant-a-la-brouette\\\/\",\"name\":\"Enfant jouant \u00e0 la brouette - Santons Vaquette\",\"isPartOf\":{\"@id\":\"https:\\\/\\\/santonsvaquette.fr\\\/#website\"},\"primaryImageOfPage\":{\"@id\":\"https:\\\/\\\/santonsvaquette.fr\\\/produit\\\/enfants-jouant-a-la-brouette\\\/#primaryimage\"},\"image\":{\"@id\":\"https:\\\/\\\/santonsvaquette.fr\\\/produit\\\/enfants-jouant-a-la-brouette\\\/#primaryimage\"},\"thumbnailUrl\":\"https:\\\/\\\/i0.wp.com\\\/santonsvaquette.fr\\\/wp-content\\\/uploads\\\/2023\\\/04\\\/photoroom_20230330_092706.png?fit=1200%2C628&ssl=1\",\"datePublished\":\"2022-09-18T08:45:42+00:00\",\"dateModified\":\"2026-02-21T19:48:41+00:00\",\"description\":\"Enfant jouant \u00e0 la brouette\u00a0 associ\u00e9\u00a0 aux enfants jouant \u00e0 saute mouton, les enfants dans la cours,\u00a0 \u00e0 la ma\u00eetresse , \u00e0 l'\u00e9cole ainsi qu'au pr\u00e9au de l'\u00e9cole.\",\"breadcrumb\":{\"@id\":\"https:\\\/\\\/santonsvaquette.fr\\\/produit\\\/enfants-jouant-a-la-brouette\\\/#breadcrumb\"},\"inLanguage\":\"en-US\",\"potentialAction\":[{\"@type\":\"ReadAction\",\"target\":[\"https:\\\/\\\/santonsvaquette.fr\\\/produit\\\/enfants-jouant-a-la-brouette\\\/\"]}]},{\"@type\":\"ImageObject\",\"inLanguage\":\"en-US\",\"@id\":\"https:\\\/\\\/santonsvaquette.fr\\\/produit\\\/enfants-jouant-a-la-brouette\\\/#primaryimage\",\"url\":\"https:\\\/\\\/i0.wp.com\\\/santonsvaquette.fr\\\/wp-content\\\/uploads\\\/2023\\\/04\\\/photoroom_20230330_092706.png?fit=1200%2C628&ssl=1\",\"contentUrl\":\"https:\\\/\\\/i0.wp.com\\\/santonsvaquette.fr\\\/wp-content\\\/uploads\\\/2023\\\/04\\\/photoroom_20230330_092706.png?fit=1200%2C628&ssl=1\",\"width\":1200,\"height\":628},{\"@type\":\"BreadcrumbList\",\"@id\":\"https:\\\/\\\/santonsvaquette.fr\\\/produit\\\/enfants-jouant-a-la-brouette\\\/#breadcrumb\",\"itemListElement\":[{\"@type\":\"ListItem\",\"position\":1,\"name\":\"Accueil\",\"item\":\"https:\\\/\\\/santonsvaquette.fr\\\/\"},{\"@type\":\"ListItem\",\"position\":2,\"name\":\"Boutique\",\"item\":\"https:\\\/\\\/santonsvaquette.fr\\\/boutique-santons-vaquette\\\/\"},{\"@type\":\"ListItem\",\"position\":3,\"name\":\"Enfant jouant \u00e0 la brouette\"}]},{\"@type\":\"WebSite\",\"@id\":\"https:\\\/\\\/santonsvaquette.fr\\\/#website\",\"url\":\"https:\\\/\\\/santonsvaquette.fr\\\/\",\"name\":\"Santons Vaquette\",\"description\":\"depuis 1981\",\"publisher\":{\"@id\":\"https:\\\/\\\/santonsvaquette.fr\\\/#\\\/schema\\\/person\\\/2109f2983b974b6438d2922fb589bd8b\"},\"potentialAction\":[{\"@type\":\"SearchAction\",\"target\":{\"@type\":\"EntryPoint\",\"urlTemplate\":\"https:\\\/\\\/santonsvaquette.fr\\\/?s={search_term_string}\"},\"query-input\":{\"@type\":\"PropertyValueSpecification\",\"valueRequired\":true,\"valueName\":\"search_term_string\"}}],\"inLanguage\":\"en-US\"},{\"@type\":[\"Person\",\"Organization\"],\"@id\":\"https:\\\/\\\/santonsvaquette.fr\\\/#\\\/schema\\\/person\\\/2109f2983b974b6438d2922fb589bd8b\",\"name\":\"Santons vaquette\",\"image\":{\"@type\":\"ImageObject\",\"inLanguage\":\"en-US\",\"@id\":\"https:\\\/\\\/secure.gravatar.com\\\/avatar\\\/b27ded224387f23330952ffb4227c2d2a9202f493efd626206470a94275dec6c?s=96&d=mm&r=g\",\"url\":\"https:\\\/\\\/secure.gravatar.com\\\/avatar\\\/b27ded224387f23330952ffb4227c2d2a9202f493efd626206470a94275dec6c?s=96&d=mm&r=g\",\"contentUrl\":\"https:\\\/\\\/secure.gravatar.com\\\/avatar\\\/b27ded224387f23330952ffb4227c2d2a9202f493efd626206470a94275dec6c?s=96&d=mm&r=g\",\"caption\":\"Santons vaquette\"},\"logo\":{\"@id\":\"https:\\\/\\\/secure.gravatar.com\\\/avatar\\\/b27ded224387f23330952ffb4227c2d2a9202f493efd626206470a94275dec6c?s=96&d=mm&r=g\"}}]}<\/script>\n<!-- \/ Yoast SEO plugin. -->","yoast_head_json":{"title":"Enfant jouant \u00e0 la brouette - Santons Vaquette","description":"Enfant jouant \u00e0 la brouette\u00a0 associ\u00e9\u00a0 aux enfants jouant \u00e0 saute mouton, les enfants dans la cours,\u00a0 \u00e0 la ma\u00eetresse , \u00e0 l'\u00e9cole ainsi qu'au pr\u00e9au de l'\u00e9cole.","robots":{"index":"index","follow":"follow","max-snippet":"max-snippet:-1","max-image-preview":"max-image-preview:large","max-video-preview":"max-video-preview:-1"},"canonical":"https:\/\/santonsvaquette.fr\/en\/product\/enfants-jouant-a-la-brouette\/","og_locale":"en_US","og_type":"article","og_title":"Enfant jouant \u00e0 la brouette - Santons Vaquette","og_description":"Enfant jouant \u00e0 la brouette\u00a0 associ\u00e9\u00a0 aux enfants jouant \u00e0 saute mouton, les enfants dans la cours,\u00a0 \u00e0 la ma\u00eetresse , \u00e0 l'\u00e9cole ainsi qu'au pr\u00e9au de l'\u00e9cole.","og_url":"https:\/\/santonsvaquette.fr\/en\/product\/enfants-jouant-a-la-brouette\/","og_site_name":"Santons Vaquette","article_modified_time":"2026-02-21T19:48:41+00:00","og_image":[{"width":1200,"height":628,"url":"https:\/\/santonsvaquette.fr\/wp-content\/uploads\/2023\/04\/photoroom_20230330_092706.png","type":"image\/png"}],"twitter_card":"summary_large_image","twitter_misc":{"Est. reading time":"1 minute"},"schema":{"@context":"https:\/\/schema.org","@graph":[{"@type":"WebPage","@id":"https:\/\/santonsvaquette.fr\/produit\/enfants-jouant-a-la-brouette\/","url":"https:\/\/santonsvaquette.fr\/produit\/enfants-jouant-a-la-brouette\/","name":"Enfant jouant \u00e0 la brouette - Santons Vaquette","isPartOf":{"@id":"https:\/\/santonsvaquette.fr\/#website"},"primaryImageOfPage":{"@id":"https:\/\/santonsvaquette.fr\/produit\/enfants-jouant-a-la-brouette\/#primaryimage"},"image":{"@id":"https:\/\/santonsvaquette.fr\/produit\/enfants-jouant-a-la-brouette\/#primaryimage"},"thumbnailUrl":"https:\/\/i0.wp.com\/santonsvaquette.fr\/wp-content\/uploads\/2023\/04\/photoroom_20230330_092706.png?fit=1200%2C628&ssl=1","datePublished":"2022-09-18T08:45:42+00:00","dateModified":"2026-02-21T19:48:41+00:00","description":"Enfant jouant \u00e0 la brouette\u00a0 associ\u00e9\u00a0 aux enfants jouant \u00e0 saute mouton, les enfants dans la cours,\u00a0 \u00e0 la ma\u00eetresse , \u00e0 l'\u00e9cole ainsi qu'au pr\u00e9au de l'\u00e9cole.","breadcrumb":{"@id":"https:\/\/santonsvaquette.fr\/produit\/enfants-jouant-a-la-brouette\/#breadcrumb"},"inLanguage":"en-US","potentialAction":[{"@type":"ReadAction","target":["https:\/\/santonsvaquette.fr\/produit\/enfants-jouant-a-la-brouette\/"]}]},{"@type":"ImageObject","inLanguage":"en-US","@id":"https:\/\/santonsvaquette.fr\/produit\/enfants-jouant-a-la-brouette\/#primaryimage","url":"https:\/\/i0.wp.com\/santonsvaquette.fr\/wp-content\/uploads\/2023\/04\/photoroom_20230330_092706.png?fit=1200%2C628&ssl=1","contentUrl":"https:\/\/i0.wp.com\/santonsvaquette.fr\/wp-content\/uploads\/2023\/04\/photoroom_20230330_092706.png?fit=1200%2C628&ssl=1","width":1200,"height":628},{"@type":"BreadcrumbList","@id":"https:\/\/santonsvaquette.fr\/produit\/enfants-jouant-a-la-brouette\/#breadcrumb","itemListElement":[{"@type":"ListItem","position":1,"name":"Accueil","item":"https:\/\/santonsvaquette.fr\/"},{"@type":"ListItem","position":2,"name":"Boutique","item":"https:\/\/santonsvaquette.fr\/boutique-santons-vaquette\/"},{"@type":"ListItem","position":3,"name":"Enfant jouant \u00e0 la brouette"}]},{"@type":"WebSite","@id":"https:\/\/santonsvaquette.fr\/#website","url":"https:\/\/santonsvaquette.fr\/","name":"Santons Vaquette","description":"since 1981","publisher":{"@id":"https:\/\/santonsvaquette.fr\/#\/schema\/person\/2109f2983b974b6438d2922fb589bd8b"},"potentialAction":[{"@type":"SearchAction","target":{"@type":"EntryPoint","urlTemplate":"https:\/\/santonsvaquette.fr\/?s={search_term_string}"},"query-input":{"@type":"PropertyValueSpecification","valueRequired":true,"valueName":"search_term_string"}}],"inLanguage":"en-US"},{"@type":["Person","Organization"],"@id":"https:\/\/santonsvaquette.fr\/#\/schema\/person\/2109f2983b974b6438d2922fb589bd8b","name":"Santons vaquette","image":{"@type":"ImageObject","inLanguage":"en-US","@id":"https:\/\/secure.gravatar.com\/avatar\/b27ded224387f23330952ffb4227c2d2a9202f493efd626206470a94275dec6c?s=96&d=mm&r=g","url":"https:\/\/secure.gravatar.com\/avatar\/b27ded224387f23330952ffb4227c2d2a9202f493efd626206470a94275dec6c?s=96&d=mm&r=g","contentUrl":"https:\/\/secure.gravatar.com\/avatar\/b27ded224387f23330952ffb4227c2d2a9202f493efd626206470a94275dec6c?s=96&d=mm&r=g","caption":"Santons vaquette"},"logo":{"@id":"https:\/\/secure.gravatar.com\/avatar\/b27ded224387f23330952ffb4227c2d2a9202f493efd626206470a94275dec6c?s=96&d=mm&r=g"}}]}},"jetpack_publicize_connections":[],"jetpack_sharing_enabled":true,"_links":{"self":[{"href":"https:\/\/santonsvaquette.fr\/en\/wp-json\/wp\/v2\/product\/2495","targetHints":{"allow":["GET"]}}],"collection":[{"href":"https:\/\/santonsvaquette.fr\/en\/wp-json\/wp\/v2\/product"}],"about":[{"href":"https:\/\/santonsvaquette.fr\/en\/wp-json\/wp\/v2\/types\/product"}],"replies":[{"embeddable":true,"href":"https:\/\/santonsvaquette.fr\/en\/wp-json\/wp\/v2\/comments?post=2495"}],"wp:featuredmedia":[{"embeddable":true,"href":"https:\/\/santonsvaquette.fr\/en\/wp-json\/wp\/v2\/media\/3067"}],"wp:attachment":[{"href":"https:\/\/santonsvaquette.fr\/en\/wp-json\/wp\/v2\/media?parent=2495"}],"wp:term":[{"taxonomy":"product_brand","embeddable":true,"href":"https:\/\/santonsvaquette.fr\/en\/wp-json\/wp\/v2\/product_brand?post=2495"},{"taxonomy":"product_cat","embeddable":true,"href":"https:\/\/santonsvaquette.fr\/en\/wp-json\/wp\/v2\/product_cat?post=2495"},{"taxonomy":"product_tag","embeddable":true,"href":"https:\/\/santonsvaquette.fr\/en\/wp-json\/wp\/v2\/product_tag?post=2495"}],"curies":[{"name":"wp","href":"https:\/\/api.w.org\/{rel}","templated":true}]}}