{"id":3127,"date":"2023-04-08T20:17:36","date_gmt":"2023-04-08T18:17:36","guid":{"rendered":"https:\/\/santonsvaquette.fr\/?post_type=product&#038;p=3127"},"modified":"2026-02-27T16:27:06","modified_gmt":"2026-02-27T15:27:06","slug":"petite-mireille","status":"publish","type":"product","link":"https:\/\/santonsvaquette.fr\/en\/product\/petite-mireille\/","title":{"rendered":"petite Mireille"},"content":{"rendered":"<p><a href=\"https:\/\/i0.wp.com\/santonsvaquette.fr\/wp-content\/uploads\/2023\/04\/Photoroom_20250226_171331.jpg?ssl=1\"><img data-recalc-dims=\"1\" loading=\"lazy\" decoding=\"async\" class=\"alignnone size-medium wp-image-3632\" src=\"https:\/\/i0.wp.com\/santonsvaquette.fr\/wp-content\/uploads\/2023\/04\/Photoroom_20250226_171331.jpg?resize=300%2C225&#038;ssl=1\" alt=\"\" width=\"300\" height=\"225\" srcset=\"https:\/\/i0.wp.com\/santonsvaquette.fr\/wp-content\/uploads\/2023\/04\/Photoroom_20250226_171331.jpg?resize=300%2C225&amp;ssl=1 300w, https:\/\/i0.wp.com\/santonsvaquette.fr\/wp-content\/uploads\/2023\/04\/Photoroom_20250226_171331.jpg?resize=1024%2C768&amp;ssl=1 1024w, https:\/\/i0.wp.com\/santonsvaquette.fr\/wp-content\/uploads\/2023\/04\/Photoroom_20250226_171331.jpg?resize=768%2C576&amp;ssl=1 768w, https:\/\/i0.wp.com\/santonsvaquette.fr\/wp-content\/uploads\/2023\/04\/Photoroom_20250226_171331.jpg?resize=1536%2C1152&amp;ssl=1 1536w, https:\/\/i0.wp.com\/santonsvaquette.fr\/wp-content\/uploads\/2023\/04\/Photoroom_20250226_171331.jpg?resize=2048%2C1536&amp;ssl=1 2048w, https:\/\/i0.wp.com\/santonsvaquette.fr\/wp-content\/uploads\/2023\/04\/Photoroom_20250226_171331.jpg?resize=16%2C12&amp;ssl=1 16w, https:\/\/i0.wp.com\/santonsvaquette.fr\/wp-content\/uploads\/2023\/04\/Photoroom_20250226_171331.jpg?resize=555%2C416&amp;ssl=1 555w, https:\/\/i0.wp.com\/santonsvaquette.fr\/wp-content\/uploads\/2023\/04\/Photoroom_20250226_171331.jpg?w=1960&amp;ssl=1 1960w\" sizes=\"auto, (max-width: 300px) 100vw, 300px\" \/><\/a>petite Mireille<\/p>\n<p>Notre amour pour l&rsquo;artisanat nous m\u00e8ne \u00e0 vous proposer des santons de qualit\u00e9 artisanale, fabriqu\u00e9s depuis 1981 dans la plus pure tradition des cr\u00e8ches proven\u00e7ales. Notre fabrication est 100% fran\u00e7aise, les santons \u00e9tant r\u00e9alis\u00e9s dans notre atelier de Saint-Gilles. Les santons que nous vous proposons seront id\u00e9als pour vos d\u00e9cors de cr\u00e8che, pour compl\u00e9ter votre collection ou pour offrir. Les santons sont faits mains dans la plus grande tradition pour vous proposer un produit dot\u00e9 d&rsquo;une grande qualit\u00e9. Voir:\u00a0 <a href=\"https:\/\/santonsvaquette.fr\/en\/notre-histoire\/\">Our history<\/a>.<\/p>\n<h2>Pr\u00e9sentation<\/h2>\n<p><strong>Petite Mireille<\/strong> fait partie des enfants de Camargue associ\u00e9 \u00e0 la petite Vincent mais aussi l&rsquo;Arl\u00e9sienne et sa fille. Tous danse \u00e9galement la farandole avec le Tambourina\u00efre.<\/p>\n<p>&nbsp;<\/p>\n<h2>Taille<\/h2>\n<p>4 cm<\/p>\n<p>&nbsp;<\/p>","protected":false},"excerpt":{"rendered":"<p><strong>Petite Mireille<\/strong> fait partie des enfants de Camargue associ\u00e9 \u00e0 la petite Vincent mais aussi l&rsquo;Arl\u00e9sienne et sa fille. Tous danse \u00e9galement la farandole avec le Tambourina\u00efre.<\/p>\n<p>&nbsp;<\/p>\n<p><em>Veuillez indiquer la couleur de la robe que vous souhaitez dans la case \u201cNotes de commande\u201d qui appara\u00eet lors de la validation de votre achat<\/em><\/p>","protected":false},"featured_media":3631,"comment_status":"open","ping_status":"closed","template":"","meta":{"jetpack_post_was_ever_published":false,"jetpack_publicize_message":"","jetpack_publicize_feature_enabled":true,"jetpack_social_post_already_shared":true,"jetpack_social_options":{"image_generator_settings":{"template":"highway","default_image_id":0,"font":"","enabled":false},"version":2}},"product_brand":[],"product_cat":[180,57],"product_tag":[34,55,33,32],"class_list":{"0":"post-3127","1":"product","2":"type-product","3":"status-publish","4":"has-post-thumbnail","6":"product_cat-enfants-4-cm-2","7":"product_cat-santons-4-cm","8":"product_tag-4cm","9":"product_tag-enfants","10":"product_tag-personnage","11":"product_tag-santons","13":"first","14":"instock","15":"purchasable","16":"product-type-simple"},"yoast_head":"<!-- This site is optimized with the Yoast SEO plugin v27.4 - https:\/\/yoast.com\/product\/yoast-seo-wordpress\/ -->\n<title>Boutique - Produit - petite Mireille - Santons Vaquette<\/title>\n<meta name=\"description\" content=\"Petite Mireille \u00a0fait partie des enfants de Camargue associ\u00e9 \u00e0 la petite Vincent mais aussi l&#039;Arl\u00e9sienne et sa fille.\" \/>\n<meta name=\"robots\" content=\"index, follow, max-snippet:-1, max-image-preview:large, max-video-preview:-1\" \/>\n<link rel=\"canonical\" href=\"https:\/\/santonsvaquette.fr\/en\/product\/petite-mireille\/\" \/>\n<meta property=\"og:locale\" content=\"en_US\" \/>\n<meta property=\"og:type\" content=\"article\" \/>\n<meta property=\"og:title\" content=\"Boutique - Produit - petite Mireille - Santons Vaquette\" \/>\n<meta property=\"og:description\" content=\"Petite Mireille \u00a0fait partie des enfants de Camargue associ\u00e9 \u00e0 la petite Vincent mais aussi l&#039;Arl\u00e9sienne et sa fille.\" \/>\n<meta property=\"og:url\" content=\"https:\/\/santonsvaquette.fr\/en\/product\/petite-mireille\/\" \/>\n<meta property=\"og:site_name\" content=\"Santons Vaquette\" \/>\n<meta property=\"article:modified_time\" content=\"2026-02-27T15:27:06+00:00\" \/>\n<meta property=\"og:image\" content=\"https:\/\/santonsvaquette.fr\/wp-content\/uploads\/2023\/04\/Photoroom_20250226_170940.jpg\" \/>\n\t<meta property=\"og:image:width\" content=\"2400\" \/>\n\t<meta property=\"og:image:height\" content=\"1800\" \/>\n\t<meta property=\"og:image:type\" content=\"image\/jpeg\" \/>\n<meta name=\"twitter:card\" content=\"summary_large_image\" \/>\n<meta name=\"twitter:label1\" content=\"Est. reading time\" \/>\n\t<meta name=\"twitter:data1\" content=\"1 minute\" \/>\n<script type=\"application\/ld+json\" class=\"yoast-schema-graph\">{\"@context\":\"https:\\\/\\\/schema.org\",\"@graph\":[{\"@type\":\"WebPage\",\"@id\":\"https:\\\/\\\/santonsvaquette.fr\\\/produit\\\/petite-mireille\\\/\",\"url\":\"https:\\\/\\\/santonsvaquette.fr\\\/produit\\\/petite-mireille\\\/\",\"name\":\"Boutique - Produit - petite Mireille - Santons Vaquette\",\"isPartOf\":{\"@id\":\"https:\\\/\\\/santonsvaquette.fr\\\/#website\"},\"primaryImageOfPage\":{\"@id\":\"https:\\\/\\\/santonsvaquette.fr\\\/produit\\\/petite-mireille\\\/#primaryimage\"},\"image\":{\"@id\":\"https:\\\/\\\/santonsvaquette.fr\\\/produit\\\/petite-mireille\\\/#primaryimage\"},\"thumbnailUrl\":\"https:\\\/\\\/i0.wp.com\\\/santonsvaquette.fr\\\/wp-content\\\/uploads\\\/2023\\\/04\\\/Photoroom_20250226_170940.jpg?fit=2400%2C1800&ssl=1\",\"datePublished\":\"2023-04-08T18:17:36+00:00\",\"dateModified\":\"2026-02-27T15:27:06+00:00\",\"description\":\"Petite Mireille \u00a0fait partie des enfants de Camargue associ\u00e9 \u00e0 la petite Vincent mais aussi l'Arl\u00e9sienne et sa fille.\",\"breadcrumb\":{\"@id\":\"https:\\\/\\\/santonsvaquette.fr\\\/produit\\\/petite-mireille\\\/#breadcrumb\"},\"inLanguage\":\"en-US\",\"potentialAction\":[{\"@type\":\"ReadAction\",\"target\":[\"https:\\\/\\\/santonsvaquette.fr\\\/produit\\\/petite-mireille\\\/\"]}]},{\"@type\":\"ImageObject\",\"inLanguage\":\"en-US\",\"@id\":\"https:\\\/\\\/santonsvaquette.fr\\\/produit\\\/petite-mireille\\\/#primaryimage\",\"url\":\"https:\\\/\\\/i0.wp.com\\\/santonsvaquette.fr\\\/wp-content\\\/uploads\\\/2023\\\/04\\\/Photoroom_20250226_170940.jpg?fit=2400%2C1800&ssl=1\",\"contentUrl\":\"https:\\\/\\\/i0.wp.com\\\/santonsvaquette.fr\\\/wp-content\\\/uploads\\\/2023\\\/04\\\/Photoroom_20250226_170940.jpg?fit=2400%2C1800&ssl=1\",\"width\":2400,\"height\":1800},{\"@type\":\"BreadcrumbList\",\"@id\":\"https:\\\/\\\/santonsvaquette.fr\\\/produit\\\/petite-mireille\\\/#breadcrumb\",\"itemListElement\":[{\"@type\":\"ListItem\",\"position\":1,\"name\":\"Accueil\",\"item\":\"https:\\\/\\\/santonsvaquette.fr\\\/\"},{\"@type\":\"ListItem\",\"position\":2,\"name\":\"Boutique\",\"item\":\"https:\\\/\\\/santonsvaquette.fr\\\/boutique-santons-vaquette\\\/\"},{\"@type\":\"ListItem\",\"position\":3,\"name\":\"petite Mireille\"}]},{\"@type\":\"WebSite\",\"@id\":\"https:\\\/\\\/santonsvaquette.fr\\\/#website\",\"url\":\"https:\\\/\\\/santonsvaquette.fr\\\/\",\"name\":\"Santons Vaquette\",\"description\":\"depuis 1981\",\"publisher\":{\"@id\":\"https:\\\/\\\/santonsvaquette.fr\\\/#\\\/schema\\\/person\\\/2109f2983b974b6438d2922fb589bd8b\"},\"potentialAction\":[{\"@type\":\"SearchAction\",\"target\":{\"@type\":\"EntryPoint\",\"urlTemplate\":\"https:\\\/\\\/santonsvaquette.fr\\\/?s={search_term_string}\"},\"query-input\":{\"@type\":\"PropertyValueSpecification\",\"valueRequired\":true,\"valueName\":\"search_term_string\"}}],\"inLanguage\":\"en-US\"},{\"@type\":[\"Person\",\"Organization\"],\"@id\":\"https:\\\/\\\/santonsvaquette.fr\\\/#\\\/schema\\\/person\\\/2109f2983b974b6438d2922fb589bd8b\",\"name\":\"Santons vaquette\",\"image\":{\"@type\":\"ImageObject\",\"inLanguage\":\"en-US\",\"@id\":\"https:\\\/\\\/secure.gravatar.com\\\/avatar\\\/b27ded224387f23330952ffb4227c2d2a9202f493efd626206470a94275dec6c?s=96&d=mm&r=g\",\"url\":\"https:\\\/\\\/secure.gravatar.com\\\/avatar\\\/b27ded224387f23330952ffb4227c2d2a9202f493efd626206470a94275dec6c?s=96&d=mm&r=g\",\"contentUrl\":\"https:\\\/\\\/secure.gravatar.com\\\/avatar\\\/b27ded224387f23330952ffb4227c2d2a9202f493efd626206470a94275dec6c?s=96&d=mm&r=g\",\"caption\":\"Santons vaquette\"},\"logo\":{\"@id\":\"https:\\\/\\\/secure.gravatar.com\\\/avatar\\\/b27ded224387f23330952ffb4227c2d2a9202f493efd626206470a94275dec6c?s=96&d=mm&r=g\"}}]}<\/script>\n<!-- \/ Yoast SEO plugin. -->","yoast_head_json":{"title":"Boutique - Produit - petite Mireille - Santons Vaquette","description":"Petite Mireille \u00a0fait partie des enfants de Camargue associ\u00e9 \u00e0 la petite Vincent mais aussi l'Arl\u00e9sienne et sa fille.","robots":{"index":"index","follow":"follow","max-snippet":"max-snippet:-1","max-image-preview":"max-image-preview:large","max-video-preview":"max-video-preview:-1"},"canonical":"https:\/\/santonsvaquette.fr\/en\/product\/petite-mireille\/","og_locale":"en_US","og_type":"article","og_title":"Boutique - Produit - petite Mireille - Santons Vaquette","og_description":"Petite Mireille \u00a0fait partie des enfants de Camargue associ\u00e9 \u00e0 la petite Vincent mais aussi l'Arl\u00e9sienne et sa fille.","og_url":"https:\/\/santonsvaquette.fr\/en\/product\/petite-mireille\/","og_site_name":"Santons Vaquette","article_modified_time":"2026-02-27T15:27:06+00:00","og_image":[{"width":2400,"height":1800,"url":"https:\/\/santonsvaquette.fr\/wp-content\/uploads\/2023\/04\/Photoroom_20250226_170940.jpg","type":"image\/jpeg"}],"twitter_card":"summary_large_image","twitter_misc":{"Est. reading time":"1 minute"},"schema":{"@context":"https:\/\/schema.org","@graph":[{"@type":"WebPage","@id":"https:\/\/santonsvaquette.fr\/produit\/petite-mireille\/","url":"https:\/\/santonsvaquette.fr\/produit\/petite-mireille\/","name":"Boutique - Produit - petite Mireille - Santons Vaquette","isPartOf":{"@id":"https:\/\/santonsvaquette.fr\/#website"},"primaryImageOfPage":{"@id":"https:\/\/santonsvaquette.fr\/produit\/petite-mireille\/#primaryimage"},"image":{"@id":"https:\/\/santonsvaquette.fr\/produit\/petite-mireille\/#primaryimage"},"thumbnailUrl":"https:\/\/i0.wp.com\/santonsvaquette.fr\/wp-content\/uploads\/2023\/04\/Photoroom_20250226_170940.jpg?fit=2400%2C1800&ssl=1","datePublished":"2023-04-08T18:17:36+00:00","dateModified":"2026-02-27T15:27:06+00:00","description":"Petite Mireille \u00a0fait partie des enfants de Camargue associ\u00e9 \u00e0 la petite Vincent mais aussi l'Arl\u00e9sienne et sa fille.","breadcrumb":{"@id":"https:\/\/santonsvaquette.fr\/produit\/petite-mireille\/#breadcrumb"},"inLanguage":"en-US","potentialAction":[{"@type":"ReadAction","target":["https:\/\/santonsvaquette.fr\/produit\/petite-mireille\/"]}]},{"@type":"ImageObject","inLanguage":"en-US","@id":"https:\/\/santonsvaquette.fr\/produit\/petite-mireille\/#primaryimage","url":"https:\/\/i0.wp.com\/santonsvaquette.fr\/wp-content\/uploads\/2023\/04\/Photoroom_20250226_170940.jpg?fit=2400%2C1800&ssl=1","contentUrl":"https:\/\/i0.wp.com\/santonsvaquette.fr\/wp-content\/uploads\/2023\/04\/Photoroom_20250226_170940.jpg?fit=2400%2C1800&ssl=1","width":2400,"height":1800},{"@type":"BreadcrumbList","@id":"https:\/\/santonsvaquette.fr\/produit\/petite-mireille\/#breadcrumb","itemListElement":[{"@type":"ListItem","position":1,"name":"Accueil","item":"https:\/\/santonsvaquette.fr\/"},{"@type":"ListItem","position":2,"name":"Boutique","item":"https:\/\/santonsvaquette.fr\/boutique-santons-vaquette\/"},{"@type":"ListItem","position":3,"name":"petite Mireille"}]},{"@type":"WebSite","@id":"https:\/\/santonsvaquette.fr\/#website","url":"https:\/\/santonsvaquette.fr\/","name":"Santons Vaquette","description":"since 1981","publisher":{"@id":"https:\/\/santonsvaquette.fr\/#\/schema\/person\/2109f2983b974b6438d2922fb589bd8b"},"potentialAction":[{"@type":"SearchAction","target":{"@type":"EntryPoint","urlTemplate":"https:\/\/santonsvaquette.fr\/?s={search_term_string}"},"query-input":{"@type":"PropertyValueSpecification","valueRequired":true,"valueName":"search_term_string"}}],"inLanguage":"en-US"},{"@type":["Person","Organization"],"@id":"https:\/\/santonsvaquette.fr\/#\/schema\/person\/2109f2983b974b6438d2922fb589bd8b","name":"Santons vaquette","image":{"@type":"ImageObject","inLanguage":"en-US","@id":"https:\/\/secure.gravatar.com\/avatar\/b27ded224387f23330952ffb4227c2d2a9202f493efd626206470a94275dec6c?s=96&d=mm&r=g","url":"https:\/\/secure.gravatar.com\/avatar\/b27ded224387f23330952ffb4227c2d2a9202f493efd626206470a94275dec6c?s=96&d=mm&r=g","contentUrl":"https:\/\/secure.gravatar.com\/avatar\/b27ded224387f23330952ffb4227c2d2a9202f493efd626206470a94275dec6c?s=96&d=mm&r=g","caption":"Santons vaquette"},"logo":{"@id":"https:\/\/secure.gravatar.com\/avatar\/b27ded224387f23330952ffb4227c2d2a9202f493efd626206470a94275dec6c?s=96&d=mm&r=g"}}]}},"jetpack_publicize_connections":[],"jetpack_sharing_enabled":true,"_links":{"self":[{"href":"https:\/\/santonsvaquette.fr\/en\/wp-json\/wp\/v2\/product\/3127","targetHints":{"allow":["GET"]}}],"collection":[{"href":"https:\/\/santonsvaquette.fr\/en\/wp-json\/wp\/v2\/product"}],"about":[{"href":"https:\/\/santonsvaquette.fr\/en\/wp-json\/wp\/v2\/types\/product"}],"replies":[{"embeddable":true,"href":"https:\/\/santonsvaquette.fr\/en\/wp-json\/wp\/v2\/comments?post=3127"}],"wp:featuredmedia":[{"embeddable":true,"href":"https:\/\/santonsvaquette.fr\/en\/wp-json\/wp\/v2\/media\/3631"}],"wp:attachment":[{"href":"https:\/\/santonsvaquette.fr\/en\/wp-json\/wp\/v2\/media?parent=3127"}],"wp:term":[{"taxonomy":"product_brand","embeddable":true,"href":"https:\/\/santonsvaquette.fr\/en\/wp-json\/wp\/v2\/product_brand?post=3127"},{"taxonomy":"product_cat","embeddable":true,"href":"https:\/\/santonsvaquette.fr\/en\/wp-json\/wp\/v2\/product_cat?post=3127"},{"taxonomy":"product_tag","embeddable":true,"href":"https:\/\/santonsvaquette.fr\/en\/wp-json\/wp\/v2\/product_tag?post=3127"}],"curies":[{"name":"wp","href":"https:\/\/api.w.org\/{rel}","templated":true}]}}