{"id":3518,"date":"2024-08-15T19:46:35","date_gmt":"2024-08-15T17:46:35","guid":{"rendered":"https:\/\/santonsvaquette.fr\/?post_type=product&#038;p=3518"},"modified":"2025-08-21T13:13:35","modified_gmt":"2025-08-21T11:13:35","slug":"wc-dit-cagadou","status":"publish","type":"product","link":"https:\/\/santonsvaquette.fr\/en\/product\/wc-dit-cagadou\/","title":{"rendered":"WC dit Cagadou"},"content":{"rendered":"<h3><strong><a href=\"https:\/\/i0.wp.com\/santonsvaquette.fr\/wp-content\/uploads\/2020\/06\/Photoroom_20240718_093754.png?ssl=1\"><img data-recalc-dims=\"1\" loading=\"lazy\" decoding=\"async\" class=\"alignnone size-medium wp-image-3513\" src=\"https:\/\/i0.wp.com\/santonsvaquette.fr\/wp-content\/uploads\/2020\/06\/Photoroom_20240718_093754.png?resize=300%2C225&#038;ssl=1\" alt=\"\" width=\"300\" height=\"225\" srcset=\"https:\/\/i0.wp.com\/santonsvaquette.fr\/wp-content\/uploads\/2020\/06\/Photoroom_20240718_093754.png?resize=300%2C225&amp;ssl=1 300w, https:\/\/i0.wp.com\/santonsvaquette.fr\/wp-content\/uploads\/2020\/06\/Photoroom_20240718_093754.png?resize=1024%2C768&amp;ssl=1 1024w, https:\/\/i0.wp.com\/santonsvaquette.fr\/wp-content\/uploads\/2020\/06\/Photoroom_20240718_093754.png?w=1960&amp;ssl=1 1960w\" sizes=\"auto, (max-width: 300px) 100vw, 300px\" \/><\/a>WC dit le Cagadou<\/strong><\/h3>\n<p>Notre amour pour l\u2019artisanat nous m\u00e8ne \u00e0 vous proposer des santons de qualit\u00e9 artisanale, fabriqu\u00e9s depuis 1981 dans la plus pure tradition des cr\u00e8ches proven\u00e7ales. Notre fabrication est 100% fran\u00e7aise, les santons \u00e9tant r\u00e9alis\u00e9s dans notre atelier de Saint-Gilles. Les santons que nous vous proposons seront id\u00e9als pour vos d\u00e9cors de cr\u00e8che, pour compl\u00e9ter votre collection ou pour offrir. Les santons sont faits mains dans la plus grande tradition pour vous proposer un produit dot\u00e9 d\u2019une grande qualit\u00e9. Voir:\u00a0 <a href=\"https:\/\/santonsvaquette.fr\/en\/notre-histoire\/\">Our history<\/a>.<\/p>\n<h2>Pr\u00e9sentation<\/h2>\n<p>WC dit aussi le Cagadou associ\u00e9 au santons Caga\u00efre et F\u00e9lix en pause qui tape \u00e0 la porte car \u00ab\u00a0\u00e7a presse&#8230;\u00a0\u00bb Petit cabanon \u00e0 positionner dans le village.\u00a0 (vendu sans santons)<\/p>\n<h2>Taille<\/h2>\n<p>pour les 4 cm<\/p>\n<h2>Prix<\/h2>\n<p>16 euros<\/p>\n<p>&nbsp;<\/p>","protected":false},"excerpt":{"rendered":"<p>WC dit aussi le Cagadou associ\u00e9 au santons Caga\u00efre et F\u00e9lix en pause qui tape \u00e0 la porte car \u00ab\u00a0\u00e7a presse&#8230;\u00a0\u00bb Petit cabanon \u00e0 positionner dans votre village<\/p>","protected":false},"featured_media":3516,"comment_status":"open","ping_status":"closed","template":"","meta":{"jetpack_post_was_ever_published":false,"jetpack_publicize_message":"","jetpack_publicize_feature_enabled":true,"jetpack_social_post_already_shared":true,"jetpack_social_options":{"image_generator_settings":{"template":"highway","default_image_id":0,"font":"","enabled":false},"version":2}},"product_brand":[],"product_cat":[31],"product_tag":[],"class_list":{"0":"post-3518","1":"product","2":"type-product","3":"status-publish","4":"has-post-thumbnail","6":"product_cat-maisons-pour-4-cm","8":"first","9":"instock","10":"purchasable","11":"product-type-simple"},"yoast_head":"<!-- This site is optimized with the Yoast SEO plugin v27.4 - https:\/\/yoast.com\/product\/yoast-seo-wordpress\/ -->\n<title>WC dit Cagadou - Santons Vaquette<\/title>\n<meta name=\"description\" content=\"WC dit aussi le Cagadou associ\u00e9 au santons Caga\u00efre et F\u00e9lix en pause qui tape \u00e0 la porte car &quot;\u00e7a presse...&quot; Petit cabanon \u00e0 positionner dans votre village\" \/>\n<meta name=\"robots\" content=\"index, follow, max-snippet:-1, max-image-preview:large, max-video-preview:-1\" \/>\n<link rel=\"canonical\" href=\"https:\/\/santonsvaquette.fr\/en\/product\/wc-dit-cagadou\/\" \/>\n<meta property=\"og:locale\" content=\"en_US\" \/>\n<meta property=\"og:type\" content=\"article\" \/>\n<meta property=\"og:title\" content=\"WC dit Cagadou - Santons Vaquette\" \/>\n<meta property=\"og:description\" content=\"WC dit aussi le Cagadou associ\u00e9 au santons Caga\u00efre et F\u00e9lix en pause qui tape \u00e0 la porte car &quot;\u00e7a presse...&quot; Petit cabanon \u00e0 positionner dans votre village\" \/>\n<meta property=\"og:url\" content=\"https:\/\/santonsvaquette.fr\/en\/product\/wc-dit-cagadou\/\" \/>\n<meta property=\"og:site_name\" content=\"Santons Vaquette\" \/>\n<meta property=\"article:modified_time\" content=\"2025-08-21T11:13:35+00:00\" \/>\n<meta property=\"og:image\" content=\"https:\/\/santonsvaquette.fr\/wp-content\/uploads\/2020\/06\/Photoroom_20240718_093643-1024x768.png\" \/>\n\t<meta property=\"og:image:width\" content=\"1024\" \/>\n\t<meta property=\"og:image:height\" content=\"768\" \/>\n\t<meta property=\"og:image:type\" content=\"image\/png\" \/>\n<meta name=\"twitter:card\" content=\"summary_large_image\" \/>\n<meta name=\"twitter:label1\" content=\"Est. reading time\" \/>\n\t<meta name=\"twitter:data1\" content=\"2 minutes\" \/>\n<script type=\"application\/ld+json\" class=\"yoast-schema-graph\">{\"@context\":\"https:\\\/\\\/schema.org\",\"@graph\":[{\"@type\":\"WebPage\",\"@id\":\"https:\\\/\\\/santonsvaquette.fr\\\/produit\\\/wc-dit-cagadou\\\/\",\"url\":\"https:\\\/\\\/santonsvaquette.fr\\\/produit\\\/wc-dit-cagadou\\\/\",\"name\":\"WC dit Cagadou - Santons Vaquette\",\"isPartOf\":{\"@id\":\"https:\\\/\\\/santonsvaquette.fr\\\/#website\"},\"primaryImageOfPage\":{\"@id\":\"https:\\\/\\\/santonsvaquette.fr\\\/produit\\\/wc-dit-cagadou\\\/#primaryimage\"},\"image\":{\"@id\":\"https:\\\/\\\/santonsvaquette.fr\\\/produit\\\/wc-dit-cagadou\\\/#primaryimage\"},\"thumbnailUrl\":\"https:\\\/\\\/i0.wp.com\\\/santonsvaquette.fr\\\/wp-content\\\/uploads\\\/2020\\\/06\\\/Photoroom_20240718_093643.png?fit=2400%2C1800&ssl=1\",\"datePublished\":\"2024-08-15T17:46:35+00:00\",\"dateModified\":\"2025-08-21T11:13:35+00:00\",\"description\":\"WC dit aussi le Cagadou associ\u00e9 au santons Caga\u00efre et F\u00e9lix en pause qui tape \u00e0 la porte car \\\"\u00e7a presse...\\\" Petit cabanon \u00e0 positionner dans votre village\",\"breadcrumb\":{\"@id\":\"https:\\\/\\\/santonsvaquette.fr\\\/produit\\\/wc-dit-cagadou\\\/#breadcrumb\"},\"inLanguage\":\"en-US\",\"potentialAction\":[{\"@type\":\"ReadAction\",\"target\":[\"https:\\\/\\\/santonsvaquette.fr\\\/produit\\\/wc-dit-cagadou\\\/\"]}]},{\"@type\":\"ImageObject\",\"inLanguage\":\"en-US\",\"@id\":\"https:\\\/\\\/santonsvaquette.fr\\\/produit\\\/wc-dit-cagadou\\\/#primaryimage\",\"url\":\"https:\\\/\\\/i0.wp.com\\\/santonsvaquette.fr\\\/wp-content\\\/uploads\\\/2020\\\/06\\\/Photoroom_20240718_093643.png?fit=2400%2C1800&ssl=1\",\"contentUrl\":\"https:\\\/\\\/i0.wp.com\\\/santonsvaquette.fr\\\/wp-content\\\/uploads\\\/2020\\\/06\\\/Photoroom_20240718_093643.png?fit=2400%2C1800&ssl=1\",\"width\":2400,\"height\":1800},{\"@type\":\"BreadcrumbList\",\"@id\":\"https:\\\/\\\/santonsvaquette.fr\\\/produit\\\/wc-dit-cagadou\\\/#breadcrumb\",\"itemListElement\":[{\"@type\":\"ListItem\",\"position\":1,\"name\":\"Accueil\",\"item\":\"https:\\\/\\\/santonsvaquette.fr\\\/\"},{\"@type\":\"ListItem\",\"position\":2,\"name\":\"Boutique\",\"item\":\"https:\\\/\\\/santonsvaquette.fr\\\/boutique-santons-vaquette\\\/\"},{\"@type\":\"ListItem\",\"position\":3,\"name\":\"WC dit Cagadou\"}]},{\"@type\":\"WebSite\",\"@id\":\"https:\\\/\\\/santonsvaquette.fr\\\/#website\",\"url\":\"https:\\\/\\\/santonsvaquette.fr\\\/\",\"name\":\"Santons Vaquette\",\"description\":\"depuis 1981\",\"publisher\":{\"@id\":\"https:\\\/\\\/santonsvaquette.fr\\\/#\\\/schema\\\/person\\\/2109f2983b974b6438d2922fb589bd8b\"},\"potentialAction\":[{\"@type\":\"SearchAction\",\"target\":{\"@type\":\"EntryPoint\",\"urlTemplate\":\"https:\\\/\\\/santonsvaquette.fr\\\/?s={search_term_string}\"},\"query-input\":{\"@type\":\"PropertyValueSpecification\",\"valueRequired\":true,\"valueName\":\"search_term_string\"}}],\"inLanguage\":\"en-US\"},{\"@type\":[\"Person\",\"Organization\"],\"@id\":\"https:\\\/\\\/santonsvaquette.fr\\\/#\\\/schema\\\/person\\\/2109f2983b974b6438d2922fb589bd8b\",\"name\":\"Santons vaquette\",\"image\":{\"@type\":\"ImageObject\",\"inLanguage\":\"en-US\",\"@id\":\"https:\\\/\\\/secure.gravatar.com\\\/avatar\\\/b27ded224387f23330952ffb4227c2d2a9202f493efd626206470a94275dec6c?s=96&d=mm&r=g\",\"url\":\"https:\\\/\\\/secure.gravatar.com\\\/avatar\\\/b27ded224387f23330952ffb4227c2d2a9202f493efd626206470a94275dec6c?s=96&d=mm&r=g\",\"contentUrl\":\"https:\\\/\\\/secure.gravatar.com\\\/avatar\\\/b27ded224387f23330952ffb4227c2d2a9202f493efd626206470a94275dec6c?s=96&d=mm&r=g\",\"caption\":\"Santons vaquette\"},\"logo\":{\"@id\":\"https:\\\/\\\/secure.gravatar.com\\\/avatar\\\/b27ded224387f23330952ffb4227c2d2a9202f493efd626206470a94275dec6c?s=96&d=mm&r=g\"}}]}<\/script>\n<!-- \/ Yoast SEO plugin. -->","yoast_head_json":{"title":"WC dit Cagadou - Santons Vaquette","description":"WC dit aussi le Cagadou associ\u00e9 au santons Caga\u00efre et F\u00e9lix en pause qui tape \u00e0 la porte car \"\u00e7a presse...\" Petit cabanon \u00e0 positionner dans votre village","robots":{"index":"index","follow":"follow","max-snippet":"max-snippet:-1","max-image-preview":"max-image-preview:large","max-video-preview":"max-video-preview:-1"},"canonical":"https:\/\/santonsvaquette.fr\/en\/product\/wc-dit-cagadou\/","og_locale":"en_US","og_type":"article","og_title":"WC dit Cagadou - Santons Vaquette","og_description":"WC dit aussi le Cagadou associ\u00e9 au santons Caga\u00efre et F\u00e9lix en pause qui tape \u00e0 la porte car \"\u00e7a presse...\" Petit cabanon \u00e0 positionner dans votre village","og_url":"https:\/\/santonsvaquette.fr\/en\/product\/wc-dit-cagadou\/","og_site_name":"Santons Vaquette","article_modified_time":"2025-08-21T11:13:35+00:00","og_image":[{"width":1024,"height":768,"url":"https:\/\/santonsvaquette.fr\/wp-content\/uploads\/2020\/06\/Photoroom_20240718_093643-1024x768.png","type":"image\/png"}],"twitter_card":"summary_large_image","twitter_misc":{"Est. reading time":"2 minutes"},"schema":{"@context":"https:\/\/schema.org","@graph":[{"@type":"WebPage","@id":"https:\/\/santonsvaquette.fr\/produit\/wc-dit-cagadou\/","url":"https:\/\/santonsvaquette.fr\/produit\/wc-dit-cagadou\/","name":"WC dit Cagadou - Santons Vaquette","isPartOf":{"@id":"https:\/\/santonsvaquette.fr\/#website"},"primaryImageOfPage":{"@id":"https:\/\/santonsvaquette.fr\/produit\/wc-dit-cagadou\/#primaryimage"},"image":{"@id":"https:\/\/santonsvaquette.fr\/produit\/wc-dit-cagadou\/#primaryimage"},"thumbnailUrl":"https:\/\/i0.wp.com\/santonsvaquette.fr\/wp-content\/uploads\/2020\/06\/Photoroom_20240718_093643.png?fit=2400%2C1800&ssl=1","datePublished":"2024-08-15T17:46:35+00:00","dateModified":"2025-08-21T11:13:35+00:00","description":"WC dit aussi le Cagadou associ\u00e9 au santons Caga\u00efre et F\u00e9lix en pause qui tape \u00e0 la porte car \"\u00e7a presse...\" Petit cabanon \u00e0 positionner dans votre village","breadcrumb":{"@id":"https:\/\/santonsvaquette.fr\/produit\/wc-dit-cagadou\/#breadcrumb"},"inLanguage":"en-US","potentialAction":[{"@type":"ReadAction","target":["https:\/\/santonsvaquette.fr\/produit\/wc-dit-cagadou\/"]}]},{"@type":"ImageObject","inLanguage":"en-US","@id":"https:\/\/santonsvaquette.fr\/produit\/wc-dit-cagadou\/#primaryimage","url":"https:\/\/i0.wp.com\/santonsvaquette.fr\/wp-content\/uploads\/2020\/06\/Photoroom_20240718_093643.png?fit=2400%2C1800&ssl=1","contentUrl":"https:\/\/i0.wp.com\/santonsvaquette.fr\/wp-content\/uploads\/2020\/06\/Photoroom_20240718_093643.png?fit=2400%2C1800&ssl=1","width":2400,"height":1800},{"@type":"BreadcrumbList","@id":"https:\/\/santonsvaquette.fr\/produit\/wc-dit-cagadou\/#breadcrumb","itemListElement":[{"@type":"ListItem","position":1,"name":"Accueil","item":"https:\/\/santonsvaquette.fr\/"},{"@type":"ListItem","position":2,"name":"Boutique","item":"https:\/\/santonsvaquette.fr\/boutique-santons-vaquette\/"},{"@type":"ListItem","position":3,"name":"WC dit Cagadou"}]},{"@type":"WebSite","@id":"https:\/\/santonsvaquette.fr\/#website","url":"https:\/\/santonsvaquette.fr\/","name":"Santons Vaquette","description":"since 1981","publisher":{"@id":"https:\/\/santonsvaquette.fr\/#\/schema\/person\/2109f2983b974b6438d2922fb589bd8b"},"potentialAction":[{"@type":"SearchAction","target":{"@type":"EntryPoint","urlTemplate":"https:\/\/santonsvaquette.fr\/?s={search_term_string}"},"query-input":{"@type":"PropertyValueSpecification","valueRequired":true,"valueName":"search_term_string"}}],"inLanguage":"en-US"},{"@type":["Person","Organization"],"@id":"https:\/\/santonsvaquette.fr\/#\/schema\/person\/2109f2983b974b6438d2922fb589bd8b","name":"Santons vaquette","image":{"@type":"ImageObject","inLanguage":"en-US","@id":"https:\/\/secure.gravatar.com\/avatar\/b27ded224387f23330952ffb4227c2d2a9202f493efd626206470a94275dec6c?s=96&d=mm&r=g","url":"https:\/\/secure.gravatar.com\/avatar\/b27ded224387f23330952ffb4227c2d2a9202f493efd626206470a94275dec6c?s=96&d=mm&r=g","contentUrl":"https:\/\/secure.gravatar.com\/avatar\/b27ded224387f23330952ffb4227c2d2a9202f493efd626206470a94275dec6c?s=96&d=mm&r=g","caption":"Santons vaquette"},"logo":{"@id":"https:\/\/secure.gravatar.com\/avatar\/b27ded224387f23330952ffb4227c2d2a9202f493efd626206470a94275dec6c?s=96&d=mm&r=g"}}]}},"jetpack_publicize_connections":[],"jetpack_sharing_enabled":true,"_links":{"self":[{"href":"https:\/\/santonsvaquette.fr\/en\/wp-json\/wp\/v2\/product\/3518","targetHints":{"allow":["GET"]}}],"collection":[{"href":"https:\/\/santonsvaquette.fr\/en\/wp-json\/wp\/v2\/product"}],"about":[{"href":"https:\/\/santonsvaquette.fr\/en\/wp-json\/wp\/v2\/types\/product"}],"replies":[{"embeddable":true,"href":"https:\/\/santonsvaquette.fr\/en\/wp-json\/wp\/v2\/comments?post=3518"}],"wp:featuredmedia":[{"embeddable":true,"href":"https:\/\/santonsvaquette.fr\/en\/wp-json\/wp\/v2\/media\/3516"}],"wp:attachment":[{"href":"https:\/\/santonsvaquette.fr\/en\/wp-json\/wp\/v2\/media?parent=3518"}],"wp:term":[{"taxonomy":"product_brand","embeddable":true,"href":"https:\/\/santonsvaquette.fr\/en\/wp-json\/wp\/v2\/product_brand?post=3518"},{"taxonomy":"product_cat","embeddable":true,"href":"https:\/\/santonsvaquette.fr\/en\/wp-json\/wp\/v2\/product_cat?post=3518"},{"taxonomy":"product_tag","embeddable":true,"href":"https:\/\/santonsvaquette.fr\/en\/wp-json\/wp\/v2\/product_tag?post=3518"}],"curies":[{"name":"wp","href":"https:\/\/api.w.org\/{rel}","templated":true}]}}