{"id":3611,"date":"2025-02-08T15:32:17","date_gmt":"2025-02-08T14:32:17","guid":{"rendered":"https:\/\/santonsvaquette.fr\/?post_type=product&#038;p=3611"},"modified":"2025-12-14T11:12:47","modified_gmt":"2025-12-14T10:12:47","slug":"les-enfants-et-la-luge","status":"publish","type":"product","link":"https:\/\/santonsvaquette.fr\/en\/product\/les-enfants-et-la-luge\/","title":{"rendered":"Les enfants et la luge"},"content":{"rendered":"<p><strong>Les enfants et la luge<\/strong><\/p>\n<p>Notre amour pour l\u2019artisanat nous m\u00e8ne \u00e0 vous proposer des santons de qualit\u00e9 artisanale, fabriqu\u00e9s depuis 1981 dans la plus pure tradition des cr\u00e8ches proven\u00e7ales. Notre fabrication est 100% fran\u00e7aise, les santons \u00e9tant r\u00e9alis\u00e9s dans notre atelier de Saint-Gilles. Les santons que nous vous proposons seront id\u00e9als pour vos d\u00e9cors de cr\u00e8che, pour compl\u00e9ter votre collection ou pour offrir. Les santons sont faits mains dans la plus grande tradition pour vous proposer un produit dot\u00e9 d\u2019une grande qualit\u00e9. Voir:\u00a0\u00a0<a href=\"https:\/\/santonsvaquette.fr\/en\/notre-histoire\/\">Our history<\/a>.<\/p>\n<p>&nbsp;<\/p>\n<p><strong>Les enfants et la luge<\/strong> Nouveaut\u00e9 2025 petite sc\u00e8ne d&rsquo;enfants qui jouent \u00e0 la neige sur leur luge associ\u00e9 \u00e0 un d\u00e9cor enneig\u00e9 et des cypr\u00e8s recouvert de neige.<\/p>\n<p>Enfants fabriqu\u00e9s en argile sur une luge enti\u00e8rement cr\u00e9e en bois !<\/p>\n<p><strong>PR\u00c9CISION<\/strong><\/p>\n<p>collection 4 cm<\/p>\n<p>Photos non contractuelles.<\/p>\n<p><strong>PRIX<\/strong><\/p>\n<p>25 \u20ac<\/p>\n<p><a href=\"https:\/\/i0.wp.com\/santonsvaquette.fr\/wp-content\/uploads\/2025\/02\/IMG_9423-scaled.jpeg?ssl=1\"><img data-recalc-dims=\"1\" loading=\"lazy\" decoding=\"async\" class=\"alignnone size-medium wp-image-3616\" src=\"https:\/\/i0.wp.com\/santonsvaquette.fr\/wp-content\/uploads\/2025\/02\/IMG_9423-300x225.jpeg?resize=300%2C225&#038;ssl=1\" alt=\"\" width=\"300\" height=\"225\" \/><\/a><\/p>","protected":false},"excerpt":{"rendered":"<p><strong>Les enfants et la luge<\/strong> Nouveaut\u00e9 2025 petite sc\u00e8ne d&rsquo;enfants qui jouent \u00e0 la neige sur leur luge associ\u00e9 \u00e0 un d\u00e9cor enneig\u00e9 et des cypr\u00e8s recouvert de neige.<\/p>\n<p>Enfants fabriqu\u00e9s en argile sur une luge enti\u00e8rement cr\u00e9e en bois !<\/p>\n<p>&nbsp;<\/p>","protected":false},"featured_media":3612,"comment_status":"open","ping_status":"closed","template":"","meta":{"jetpack_post_was_ever_published":false,"jetpack_publicize_message":"","jetpack_publicize_feature_enabled":true,"jetpack_social_post_already_shared":true,"jetpack_social_options":{"image_generator_settings":{"template":"highway","default_image_id":0,"font":"","enabled":false},"version":2}},"product_brand":[],"product_cat":[180,57],"product_tag":[],"class_list":{"0":"post-3611","1":"product","2":"type-product","3":"status-publish","4":"has-post-thumbnail","6":"product_cat-enfants-4-cm-2","7":"product_cat-santons-4-cm","9":"first","10":"instock","11":"purchasable","12":"product-type-simple"},"yoast_head":"<!-- This site is optimized with the Yoast SEO plugin v27.4 - https:\/\/yoast.com\/product\/yoast-seo-wordpress\/ -->\n<title>Les enfants et la luge - Santons Vaquette linge bugadi\u00e8re bassine<\/title>\n<meta name=\"description\" content=\"Les enfants et la luge Nouveaut\u00e9 2025 petite sc\u00e8ne d&#039;enfants qui jouent \u00e0 la neige sur leur luge associ\u00e9 \u00e0 un d\u00e9cor enneig\u00e9 et des cypr\u00e8s.\" \/>\n<meta name=\"robots\" content=\"index, follow, max-snippet:-1, max-image-preview:large, max-video-preview:-1\" \/>\n<link rel=\"canonical\" href=\"https:\/\/santonsvaquette.fr\/en\/product\/les-enfants-et-la-luge\/\" \/>\n<meta property=\"og:locale\" content=\"en_US\" \/>\n<meta property=\"og:type\" content=\"article\" \/>\n<meta property=\"og:title\" content=\"Les enfants et la luge - Santons Vaquette linge bugadi\u00e8re bassine\" \/>\n<meta property=\"og:description\" content=\"Les enfants et la luge Nouveaut\u00e9 2025 petite sc\u00e8ne d&#039;enfants qui jouent \u00e0 la neige sur leur luge associ\u00e9 \u00e0 un d\u00e9cor enneig\u00e9 et des cypr\u00e8s.\" \/>\n<meta property=\"og:url\" content=\"https:\/\/santonsvaquette.fr\/en\/product\/les-enfants-et-la-luge\/\" \/>\n<meta property=\"og:site_name\" content=\"Santons Vaquette\" \/>\n<meta property=\"article:modified_time\" content=\"2025-12-14T10:12:47+00:00\" \/>\n<meta property=\"og:image\" content=\"https:\/\/santonsvaquette.fr\/wp-content\/uploads\/2025\/02\/Photoroom_20250208_135153.jpg\" \/>\n\t<meta property=\"og:image:width\" content=\"1800\" \/>\n\t<meta property=\"og:image:height\" content=\"2400\" \/>\n\t<meta property=\"og:image:type\" content=\"image\/jpeg\" \/>\n<meta name=\"twitter:card\" content=\"summary_large_image\" \/>\n<meta name=\"twitter:label1\" content=\"Est. reading time\" \/>\n\t<meta name=\"twitter:data1\" content=\"2 minutes\" \/>\n<script type=\"application\/ld+json\" class=\"yoast-schema-graph\">{\"@context\":\"https:\\\/\\\/schema.org\",\"@graph\":[{\"@type\":\"WebPage\",\"@id\":\"https:\\\/\\\/santonsvaquette.fr\\\/produit\\\/les-enfants-et-la-luge\\\/\",\"url\":\"https:\\\/\\\/santonsvaquette.fr\\\/produit\\\/les-enfants-et-la-luge\\\/\",\"name\":\"Les enfants et la luge - Santons Vaquette linge bugadi\u00e8re bassine\",\"isPartOf\":{\"@id\":\"https:\\\/\\\/santonsvaquette.fr\\\/#website\"},\"primaryImageOfPage\":{\"@id\":\"https:\\\/\\\/santonsvaquette.fr\\\/produit\\\/les-enfants-et-la-luge\\\/#primaryimage\"},\"image\":{\"@id\":\"https:\\\/\\\/santonsvaquette.fr\\\/produit\\\/les-enfants-et-la-luge\\\/#primaryimage\"},\"thumbnailUrl\":\"https:\\\/\\\/i0.wp.com\\\/santonsvaquette.fr\\\/wp-content\\\/uploads\\\/2025\\\/02\\\/Photoroom_20250208_135153.jpg?fit=1800%2C2400&ssl=1\",\"datePublished\":\"2025-02-08T14:32:17+00:00\",\"dateModified\":\"2025-12-14T10:12:47+00:00\",\"description\":\"Les enfants et la luge Nouveaut\u00e9 2025 petite sc\u00e8ne d'enfants qui jouent \u00e0 la neige sur leur luge associ\u00e9 \u00e0 un d\u00e9cor enneig\u00e9 et des cypr\u00e8s.\",\"breadcrumb\":{\"@id\":\"https:\\\/\\\/santonsvaquette.fr\\\/produit\\\/les-enfants-et-la-luge\\\/#breadcrumb\"},\"inLanguage\":\"en-US\",\"potentialAction\":[{\"@type\":\"ReadAction\",\"target\":[\"https:\\\/\\\/santonsvaquette.fr\\\/produit\\\/les-enfants-et-la-luge\\\/\"]}]},{\"@type\":\"ImageObject\",\"inLanguage\":\"en-US\",\"@id\":\"https:\\\/\\\/santonsvaquette.fr\\\/produit\\\/les-enfants-et-la-luge\\\/#primaryimage\",\"url\":\"https:\\\/\\\/i0.wp.com\\\/santonsvaquette.fr\\\/wp-content\\\/uploads\\\/2025\\\/02\\\/Photoroom_20250208_135153.jpg?fit=1800%2C2400&ssl=1\",\"contentUrl\":\"https:\\\/\\\/i0.wp.com\\\/santonsvaquette.fr\\\/wp-content\\\/uploads\\\/2025\\\/02\\\/Photoroom_20250208_135153.jpg?fit=1800%2C2400&ssl=1\",\"width\":1800,\"height\":2400},{\"@type\":\"BreadcrumbList\",\"@id\":\"https:\\\/\\\/santonsvaquette.fr\\\/produit\\\/les-enfants-et-la-luge\\\/#breadcrumb\",\"itemListElement\":[{\"@type\":\"ListItem\",\"position\":1,\"name\":\"Accueil\",\"item\":\"https:\\\/\\\/santonsvaquette.fr\\\/\"},{\"@type\":\"ListItem\",\"position\":2,\"name\":\"Boutique\",\"item\":\"https:\\\/\\\/santonsvaquette.fr\\\/boutique-santons-vaquette\\\/\"},{\"@type\":\"ListItem\",\"position\":3,\"name\":\"Les enfants et la luge\"}]},{\"@type\":\"WebSite\",\"@id\":\"https:\\\/\\\/santonsvaquette.fr\\\/#website\",\"url\":\"https:\\\/\\\/santonsvaquette.fr\\\/\",\"name\":\"Santons Vaquette\",\"description\":\"depuis 1981\",\"publisher\":{\"@id\":\"https:\\\/\\\/santonsvaquette.fr\\\/#\\\/schema\\\/person\\\/2109f2983b974b6438d2922fb589bd8b\"},\"potentialAction\":[{\"@type\":\"SearchAction\",\"target\":{\"@type\":\"EntryPoint\",\"urlTemplate\":\"https:\\\/\\\/santonsvaquette.fr\\\/?s={search_term_string}\"},\"query-input\":{\"@type\":\"PropertyValueSpecification\",\"valueRequired\":true,\"valueName\":\"search_term_string\"}}],\"inLanguage\":\"en-US\"},{\"@type\":[\"Person\",\"Organization\"],\"@id\":\"https:\\\/\\\/santonsvaquette.fr\\\/#\\\/schema\\\/person\\\/2109f2983b974b6438d2922fb589bd8b\",\"name\":\"Santons vaquette\",\"image\":{\"@type\":\"ImageObject\",\"inLanguage\":\"en-US\",\"@id\":\"https:\\\/\\\/secure.gravatar.com\\\/avatar\\\/b27ded224387f23330952ffb4227c2d2a9202f493efd626206470a94275dec6c?s=96&d=mm&r=g\",\"url\":\"https:\\\/\\\/secure.gravatar.com\\\/avatar\\\/b27ded224387f23330952ffb4227c2d2a9202f493efd626206470a94275dec6c?s=96&d=mm&r=g\",\"contentUrl\":\"https:\\\/\\\/secure.gravatar.com\\\/avatar\\\/b27ded224387f23330952ffb4227c2d2a9202f493efd626206470a94275dec6c?s=96&d=mm&r=g\",\"caption\":\"Santons vaquette\"},\"logo\":{\"@id\":\"https:\\\/\\\/secure.gravatar.com\\\/avatar\\\/b27ded224387f23330952ffb4227c2d2a9202f493efd626206470a94275dec6c?s=96&d=mm&r=g\"}}]}<\/script>\n<!-- \/ Yoast SEO plugin. -->","yoast_head_json":{"title":"Les enfants et la luge - Santons Vaquette linge bugadi\u00e8re bassine","description":"Les enfants et la luge Nouveaut\u00e9 2025 petite sc\u00e8ne d'enfants qui jouent \u00e0 la neige sur leur luge associ\u00e9 \u00e0 un d\u00e9cor enneig\u00e9 et des cypr\u00e8s.","robots":{"index":"index","follow":"follow","max-snippet":"max-snippet:-1","max-image-preview":"max-image-preview:large","max-video-preview":"max-video-preview:-1"},"canonical":"https:\/\/santonsvaquette.fr\/en\/product\/les-enfants-et-la-luge\/","og_locale":"en_US","og_type":"article","og_title":"Les enfants et la luge - Santons Vaquette linge bugadi\u00e8re bassine","og_description":"Les enfants et la luge Nouveaut\u00e9 2025 petite sc\u00e8ne d'enfants qui jouent \u00e0 la neige sur leur luge associ\u00e9 \u00e0 un d\u00e9cor enneig\u00e9 et des cypr\u00e8s.","og_url":"https:\/\/santonsvaquette.fr\/en\/product\/les-enfants-et-la-luge\/","og_site_name":"Santons Vaquette","article_modified_time":"2025-12-14T10:12:47+00:00","og_image":[{"width":1800,"height":2400,"url":"https:\/\/santonsvaquette.fr\/wp-content\/uploads\/2025\/02\/Photoroom_20250208_135153.jpg","type":"image\/jpeg"}],"twitter_card":"summary_large_image","twitter_misc":{"Est. reading time":"2 minutes"},"schema":{"@context":"https:\/\/schema.org","@graph":[{"@type":"WebPage","@id":"https:\/\/santonsvaquette.fr\/produit\/les-enfants-et-la-luge\/","url":"https:\/\/santonsvaquette.fr\/produit\/les-enfants-et-la-luge\/","name":"Les enfants et la luge - Santons Vaquette linge bugadi\u00e8re bassine","isPartOf":{"@id":"https:\/\/santonsvaquette.fr\/#website"},"primaryImageOfPage":{"@id":"https:\/\/santonsvaquette.fr\/produit\/les-enfants-et-la-luge\/#primaryimage"},"image":{"@id":"https:\/\/santonsvaquette.fr\/produit\/les-enfants-et-la-luge\/#primaryimage"},"thumbnailUrl":"https:\/\/i0.wp.com\/santonsvaquette.fr\/wp-content\/uploads\/2025\/02\/Photoroom_20250208_135153.jpg?fit=1800%2C2400&ssl=1","datePublished":"2025-02-08T14:32:17+00:00","dateModified":"2025-12-14T10:12:47+00:00","description":"Les enfants et la luge Nouveaut\u00e9 2025 petite sc\u00e8ne d'enfants qui jouent \u00e0 la neige sur leur luge associ\u00e9 \u00e0 un d\u00e9cor enneig\u00e9 et des cypr\u00e8s.","breadcrumb":{"@id":"https:\/\/santonsvaquette.fr\/produit\/les-enfants-et-la-luge\/#breadcrumb"},"inLanguage":"en-US","potentialAction":[{"@type":"ReadAction","target":["https:\/\/santonsvaquette.fr\/produit\/les-enfants-et-la-luge\/"]}]},{"@type":"ImageObject","inLanguage":"en-US","@id":"https:\/\/santonsvaquette.fr\/produit\/les-enfants-et-la-luge\/#primaryimage","url":"https:\/\/i0.wp.com\/santonsvaquette.fr\/wp-content\/uploads\/2025\/02\/Photoroom_20250208_135153.jpg?fit=1800%2C2400&ssl=1","contentUrl":"https:\/\/i0.wp.com\/santonsvaquette.fr\/wp-content\/uploads\/2025\/02\/Photoroom_20250208_135153.jpg?fit=1800%2C2400&ssl=1","width":1800,"height":2400},{"@type":"BreadcrumbList","@id":"https:\/\/santonsvaquette.fr\/produit\/les-enfants-et-la-luge\/#breadcrumb","itemListElement":[{"@type":"ListItem","position":1,"name":"Accueil","item":"https:\/\/santonsvaquette.fr\/"},{"@type":"ListItem","position":2,"name":"Boutique","item":"https:\/\/santonsvaquette.fr\/boutique-santons-vaquette\/"},{"@type":"ListItem","position":3,"name":"Les enfants et la luge"}]},{"@type":"WebSite","@id":"https:\/\/santonsvaquette.fr\/#website","url":"https:\/\/santonsvaquette.fr\/","name":"Santons Vaquette","description":"since 1981","publisher":{"@id":"https:\/\/santonsvaquette.fr\/#\/schema\/person\/2109f2983b974b6438d2922fb589bd8b"},"potentialAction":[{"@type":"SearchAction","target":{"@type":"EntryPoint","urlTemplate":"https:\/\/santonsvaquette.fr\/?s={search_term_string}"},"query-input":{"@type":"PropertyValueSpecification","valueRequired":true,"valueName":"search_term_string"}}],"inLanguage":"en-US"},{"@type":["Person","Organization"],"@id":"https:\/\/santonsvaquette.fr\/#\/schema\/person\/2109f2983b974b6438d2922fb589bd8b","name":"Santons vaquette","image":{"@type":"ImageObject","inLanguage":"en-US","@id":"https:\/\/secure.gravatar.com\/avatar\/b27ded224387f23330952ffb4227c2d2a9202f493efd626206470a94275dec6c?s=96&d=mm&r=g","url":"https:\/\/secure.gravatar.com\/avatar\/b27ded224387f23330952ffb4227c2d2a9202f493efd626206470a94275dec6c?s=96&d=mm&r=g","contentUrl":"https:\/\/secure.gravatar.com\/avatar\/b27ded224387f23330952ffb4227c2d2a9202f493efd626206470a94275dec6c?s=96&d=mm&r=g","caption":"Santons vaquette"},"logo":{"@id":"https:\/\/secure.gravatar.com\/avatar\/b27ded224387f23330952ffb4227c2d2a9202f493efd626206470a94275dec6c?s=96&d=mm&r=g"}}]}},"jetpack_publicize_connections":[],"jetpack_sharing_enabled":true,"_links":{"self":[{"href":"https:\/\/santonsvaquette.fr\/en\/wp-json\/wp\/v2\/product\/3611","targetHints":{"allow":["GET"]}}],"collection":[{"href":"https:\/\/santonsvaquette.fr\/en\/wp-json\/wp\/v2\/product"}],"about":[{"href":"https:\/\/santonsvaquette.fr\/en\/wp-json\/wp\/v2\/types\/product"}],"replies":[{"embeddable":true,"href":"https:\/\/santonsvaquette.fr\/en\/wp-json\/wp\/v2\/comments?post=3611"}],"wp:featuredmedia":[{"embeddable":true,"href":"https:\/\/santonsvaquette.fr\/en\/wp-json\/wp\/v2\/media\/3612"}],"wp:attachment":[{"href":"https:\/\/santonsvaquette.fr\/en\/wp-json\/wp\/v2\/media?parent=3611"}],"wp:term":[{"taxonomy":"product_brand","embeddable":true,"href":"https:\/\/santonsvaquette.fr\/en\/wp-json\/wp\/v2\/product_brand?post=3611"},{"taxonomy":"product_cat","embeddable":true,"href":"https:\/\/santonsvaquette.fr\/en\/wp-json\/wp\/v2\/product_cat?post=3611"},{"taxonomy":"product_tag","embeddable":true,"href":"https:\/\/santonsvaquette.fr\/en\/wp-json\/wp\/v2\/product_tag?post=3611"}],"curies":[{"name":"wp","href":"https:\/\/api.w.org\/{rel}","templated":true}]}}