{"id":3891,"date":"2025-11-05T14:28:55","date_gmt":"2025-11-05T13:28:55","guid":{"rendered":"https:\/\/santonsvaquette.fr\/?post_type=product&#038;p=3891"},"modified":"2025-11-05T14:34:37","modified_gmt":"2025-11-05T13:34:37","slug":"coffret-gourmand-avec-socle-a-de-ble-avec-santon-a-peindre","status":"publish","type":"product","link":"https:\/\/santonsvaquette.fr\/en\/product\/coffret-gourmand-avec-socle-a-de-ble-avec-santon-a-peindre\/","title":{"rendered":"Coffret Gourmand avec Socle \u00e0 de bl\u00e9 avec santon \u00e0 peindre"},"content":{"rendered":"<h3>Coffret Gourmand avec Socle \u00e0 de bl\u00e9 avec santon \u00e0 peindre<\/h3>\n<p>Coffret compos\u00e9 en partenariat avec l&rsquo; entreprise familiale \u00ab\u00a0Biscuiterie VAQUETTE\u00a0\u00bb, il vous ai propos\u00e9 un sachet de \u00ab\u00a0Boucans\u00a0\u00bb biscuits sal\u00e9 aux herbes de Provence et d&rsquo;un Croc&rsquo;Zo biscuits croquant et sucr\u00e9 aux amandes + une petite coupelle en c\u00e9ramique pour faire pousser le bl\u00e9, avec un petit santon \u00e0 peindre.<\/p>\n<p>En Provence, cette tradition s&rsquo;appelle le \u00ab\u00a0Bl\u00e9 de la Sainte Barbe\u00a0\u00bb, nous plantons du bl\u00e9 , il faut mettre un peu de coton dans le fond de la coupelle vers\u00e9 le bl\u00e9 et arroser abondement les premiers jours. Ce bl\u00e9 va germer et devra rester vert et beau pour orner la table de No\u00eal et apporter prosp\u00e9rit\u00e9 \u00e0 la maison ( pour les paysans , cela signifiait que la r\u00e9colte de bl\u00e9 serait bonne)<\/p>\n<p>Nos anciens disaient d&rsquo;ailleurs en proven\u00e7al \u00ab\u00a0Quand lou blad v\u00e8n b\u00e8n, tout va b\u00e8n !\u00a0\u00bb<\/p>\n<p>Autrement dit \u00ab\u00a0Quand le bl\u00e9 va, tout va!\u00a0\u00bb<\/p>\n<p><em><strong>!!! Attention le mod\u00e8le du santon est al\u00e9atoire !!!<\/strong><\/em><\/p>\n<p><em><strong>Couleur du socle de bl\u00e9 al\u00e9atoire !!<\/strong><\/em><\/p>","protected":false},"excerpt":{"rendered":"<h3>Coffret Gourmand avec Socle \u00e0 de bl\u00e9 avec santon \u00e0 peindre<\/h3>\n<p>Coffret compos\u00e9 en partenariat avec l&rsquo; entreprise familiale \u00ab\u00a0Biscuiterie VAQUETTE\u00a0\u00bb, il vous ai propos\u00e9 un sachet de \u00ab\u00a0Boucans\u00a0\u00bb biscuits sal\u00e9 aux herbes de Provence et d&rsquo;un Croc&rsquo;Zo biscuits croquant et sucr\u00e9 aux amandes + une petite coupelle en c\u00e9ramique pour faire pousser le bl\u00e9, avec un petit santon \u00e0 peindre.<\/p>\n<p>En Provence, cette tradition s&rsquo;appelle le \u00ab\u00a0Bl\u00e9 de la Sainte Barbe\u00a0\u00bb, nous plantons du bl\u00e9 , il faut mettre un peu de coton dans le fond de la coupelle vers\u00e9 le bl\u00e9 et arroser abondement les premiers jours. Ce bl\u00e9 va germer et devra rester vert et beau pour orner la table de No\u00eal et apporter prosp\u00e9rit\u00e9 \u00e0 la maison ( pour les paysans , cela signifiait que la r\u00e9colte de bl\u00e9 serait bonne)<\/p>\n<p>Nos anciens disaient d&rsquo;ailleurs en proven\u00e7al \u00ab\u00a0Quand lou blad v\u00e8n b\u00e8n, tout va b\u00e8n !\u00a0\u00bb<\/p>\n<p>Autrement dit \u00ab\u00a0Quand le bl\u00e9 va, tout va!\u00a0\u00bb<\/p>\n<p><em><strong>!!! Attention le mod\u00e8le du santon est al\u00e9atoire !!!<\/strong><\/em><\/p>\n<p><em><strong>Couleur du socle de bl\u00e9 al\u00e9atoire !!<\/strong><\/em><\/p>\n<p>&nbsp;<\/p>\n<p>&nbsp;<\/p>","protected":false},"featured_media":3887,"comment_status":"open","ping_status":"closed","template":"","meta":{"jetpack_post_was_ever_published":false,"jetpack_publicize_message":"","jetpack_publicize_feature_enabled":true,"jetpack_social_post_already_shared":true,"jetpack_social_options":{"image_generator_settings":{"template":"highway","default_image_id":0,"font":"","enabled":false},"version":2}},"product_brand":[],"product_cat":[196],"product_tag":[],"class_list":{"0":"post-3891","1":"product","2":"type-product","3":"status-publish","4":"has-post-thumbnail","6":"product_cat-socle-de-ble","8":"first","9":"instock","10":"purchasable","11":"product-type-simple"},"yoast_head":"<!-- This site is optimized with the Yoast SEO plugin v27.4 - https:\/\/yoast.com\/product\/yoast-seo-wordpress\/ -->\n<title>Coffret Gourmand avec Socle \u00e0 de bl\u00e9 avec santon \u00e0 peindre - Santons Vaquette<\/title>\n<meta name=\"description\" content=\".En Provence, cette tradition s&#039;appelle le &quot;Bl\u00e9 de la Sainte Barbe&quot;, nous plantons du bl\u00e9 , il faut mettre un peu de coton dans le fond de la coupelle vers\u00e9 le bl\u00e9 et arroser abondement les premiers jours. Ce bl\u00e9 va germer et devra rester vert et beau pour orner la table de No\u00eal.\" \/>\n<meta name=\"robots\" content=\"index, follow, max-snippet:-1, max-image-preview:large, max-video-preview:-1\" \/>\n<link rel=\"canonical\" href=\"https:\/\/santonsvaquette.fr\/en\/product\/coffret-gourmand-avec-socle-a-de-ble-avec-santon-a-peindre\/\" \/>\n<meta property=\"og:locale\" content=\"en_US\" \/>\n<meta property=\"og:type\" content=\"article\" \/>\n<meta property=\"og:title\" content=\"Coffret Gourmand avec Socle \u00e0 de bl\u00e9 avec santon \u00e0 peindre - Santons Vaquette\" \/>\n<meta property=\"og:description\" content=\".En Provence, cette tradition s&#039;appelle le &quot;Bl\u00e9 de la Sainte Barbe&quot;, nous plantons du bl\u00e9 , il faut mettre un peu de coton dans le fond de la coupelle vers\u00e9 le bl\u00e9 et arroser abondement les premiers jours. Ce bl\u00e9 va germer et devra rester vert et beau pour orner la table de No\u00eal.\" \/>\n<meta property=\"og:url\" content=\"https:\/\/santonsvaquette.fr\/en\/product\/coffret-gourmand-avec-socle-a-de-ble-avec-santon-a-peindre\/\" \/>\n<meta property=\"og:site_name\" content=\"Santons Vaquette\" \/>\n<meta property=\"article:modified_time\" content=\"2025-11-05T13:34:37+00:00\" \/>\n<meta property=\"og:image\" content=\"https:\/\/santonsvaquette.fr\/wp-content\/uploads\/2025\/11\/Photoroom_20251105_091616-768x1024.png\" \/>\n\t<meta property=\"og:image:width\" content=\"768\" \/>\n\t<meta property=\"og:image:height\" content=\"1024\" \/>\n\t<meta property=\"og:image:type\" content=\"image\/png\" \/>\n<meta name=\"twitter:card\" content=\"summary_large_image\" \/>\n<meta name=\"twitter:label1\" content=\"Est. reading time\" \/>\n\t<meta name=\"twitter:data1\" content=\"2 minutes\" \/>\n<script type=\"application\/ld+json\" class=\"yoast-schema-graph\">{\"@context\":\"https:\\\/\\\/schema.org\",\"@graph\":[{\"@type\":\"WebPage\",\"@id\":\"https:\\\/\\\/santonsvaquette.fr\\\/produit\\\/coffret-gourmand-avec-socle-a-de-ble-avec-santon-a-peindre\\\/\",\"url\":\"https:\\\/\\\/santonsvaquette.fr\\\/produit\\\/coffret-gourmand-avec-socle-a-de-ble-avec-santon-a-peindre\\\/\",\"name\":\"Coffret Gourmand avec Socle \u00e0 de bl\u00e9 avec santon \u00e0 peindre - Santons Vaquette\",\"isPartOf\":{\"@id\":\"https:\\\/\\\/santonsvaquette.fr\\\/#website\"},\"primaryImageOfPage\":{\"@id\":\"https:\\\/\\\/santonsvaquette.fr\\\/produit\\\/coffret-gourmand-avec-socle-a-de-ble-avec-santon-a-peindre\\\/#primaryimage\"},\"image\":{\"@id\":\"https:\\\/\\\/santonsvaquette.fr\\\/produit\\\/coffret-gourmand-avec-socle-a-de-ble-avec-santon-a-peindre\\\/#primaryimage\"},\"thumbnailUrl\":\"https:\\\/\\\/i0.wp.com\\\/santonsvaquette.fr\\\/wp-content\\\/uploads\\\/2025\\\/11\\\/Photoroom_20251105_091616.png?fit=1800%2C2400&ssl=1\",\"datePublished\":\"2025-11-05T13:28:55+00:00\",\"dateModified\":\"2025-11-05T13:34:37+00:00\",\"description\":\".En Provence, cette tradition s'appelle le \\\"Bl\u00e9 de la Sainte Barbe\\\", nous plantons du bl\u00e9 , il faut mettre un peu de coton dans le fond de la coupelle vers\u00e9 le bl\u00e9 et arroser abondement les premiers jours. Ce bl\u00e9 va germer et devra rester vert et beau pour orner la table de No\u00eal.\",\"breadcrumb\":{\"@id\":\"https:\\\/\\\/santonsvaquette.fr\\\/produit\\\/coffret-gourmand-avec-socle-a-de-ble-avec-santon-a-peindre\\\/#breadcrumb\"},\"inLanguage\":\"en-US\",\"potentialAction\":[{\"@type\":\"ReadAction\",\"target\":[\"https:\\\/\\\/santonsvaquette.fr\\\/produit\\\/coffret-gourmand-avec-socle-a-de-ble-avec-santon-a-peindre\\\/\"]}]},{\"@type\":\"ImageObject\",\"inLanguage\":\"en-US\",\"@id\":\"https:\\\/\\\/santonsvaquette.fr\\\/produit\\\/coffret-gourmand-avec-socle-a-de-ble-avec-santon-a-peindre\\\/#primaryimage\",\"url\":\"https:\\\/\\\/i0.wp.com\\\/santonsvaquette.fr\\\/wp-content\\\/uploads\\\/2025\\\/11\\\/Photoroom_20251105_091616.png?fit=1800%2C2400&ssl=1\",\"contentUrl\":\"https:\\\/\\\/i0.wp.com\\\/santonsvaquette.fr\\\/wp-content\\\/uploads\\\/2025\\\/11\\\/Photoroom_20251105_091616.png?fit=1800%2C2400&ssl=1\",\"width\":1800,\"height\":2400},{\"@type\":\"BreadcrumbList\",\"@id\":\"https:\\\/\\\/santonsvaquette.fr\\\/produit\\\/coffret-gourmand-avec-socle-a-de-ble-avec-santon-a-peindre\\\/#breadcrumb\",\"itemListElement\":[{\"@type\":\"ListItem\",\"position\":1,\"name\":\"Accueil\",\"item\":\"https:\\\/\\\/santonsvaquette.fr\\\/\"},{\"@type\":\"ListItem\",\"position\":2,\"name\":\"Boutique\",\"item\":\"https:\\\/\\\/santonsvaquette.fr\\\/boutique-santons-vaquette\\\/\"},{\"@type\":\"ListItem\",\"position\":3,\"name\":\"Coffret Gourmand avec Socle \u00e0 de bl\u00e9 avec santon \u00e0 peindre\"}]},{\"@type\":\"WebSite\",\"@id\":\"https:\\\/\\\/santonsvaquette.fr\\\/#website\",\"url\":\"https:\\\/\\\/santonsvaquette.fr\\\/\",\"name\":\"Santons Vaquette\",\"description\":\"depuis 1981\",\"publisher\":{\"@id\":\"https:\\\/\\\/santonsvaquette.fr\\\/#\\\/schema\\\/person\\\/2109f2983b974b6438d2922fb589bd8b\"},\"potentialAction\":[{\"@type\":\"SearchAction\",\"target\":{\"@type\":\"EntryPoint\",\"urlTemplate\":\"https:\\\/\\\/santonsvaquette.fr\\\/?s={search_term_string}\"},\"query-input\":{\"@type\":\"PropertyValueSpecification\",\"valueRequired\":true,\"valueName\":\"search_term_string\"}}],\"inLanguage\":\"en-US\"},{\"@type\":[\"Person\",\"Organization\"],\"@id\":\"https:\\\/\\\/santonsvaquette.fr\\\/#\\\/schema\\\/person\\\/2109f2983b974b6438d2922fb589bd8b\",\"name\":\"Santons vaquette\",\"image\":{\"@type\":\"ImageObject\",\"inLanguage\":\"en-US\",\"@id\":\"https:\\\/\\\/secure.gravatar.com\\\/avatar\\\/b27ded224387f23330952ffb4227c2d2a9202f493efd626206470a94275dec6c?s=96&d=mm&r=g\",\"url\":\"https:\\\/\\\/secure.gravatar.com\\\/avatar\\\/b27ded224387f23330952ffb4227c2d2a9202f493efd626206470a94275dec6c?s=96&d=mm&r=g\",\"contentUrl\":\"https:\\\/\\\/secure.gravatar.com\\\/avatar\\\/b27ded224387f23330952ffb4227c2d2a9202f493efd626206470a94275dec6c?s=96&d=mm&r=g\",\"caption\":\"Santons vaquette\"},\"logo\":{\"@id\":\"https:\\\/\\\/secure.gravatar.com\\\/avatar\\\/b27ded224387f23330952ffb4227c2d2a9202f493efd626206470a94275dec6c?s=96&d=mm&r=g\"}}]}<\/script>\n<!-- \/ Yoast SEO plugin. -->","yoast_head_json":{"title":"Coffret Gourmand avec Socle \u00e0 de bl\u00e9 avec santon \u00e0 peindre - Santons Vaquette","description":".En Provence, cette tradition s'appelle le \"Bl\u00e9 de la Sainte Barbe\", nous plantons du bl\u00e9 , il faut mettre un peu de coton dans le fond de la coupelle vers\u00e9 le bl\u00e9 et arroser abondement les premiers jours. Ce bl\u00e9 va germer et devra rester vert et beau pour orner la table de No\u00eal.","robots":{"index":"index","follow":"follow","max-snippet":"max-snippet:-1","max-image-preview":"max-image-preview:large","max-video-preview":"max-video-preview:-1"},"canonical":"https:\/\/santonsvaquette.fr\/en\/product\/coffret-gourmand-avec-socle-a-de-ble-avec-santon-a-peindre\/","og_locale":"en_US","og_type":"article","og_title":"Coffret Gourmand avec Socle \u00e0 de bl\u00e9 avec santon \u00e0 peindre - Santons Vaquette","og_description":".En Provence, cette tradition s'appelle le \"Bl\u00e9 de la Sainte Barbe\", nous plantons du bl\u00e9 , il faut mettre un peu de coton dans le fond de la coupelle vers\u00e9 le bl\u00e9 et arroser abondement les premiers jours. Ce bl\u00e9 va germer et devra rester vert et beau pour orner la table de No\u00eal.","og_url":"https:\/\/santonsvaquette.fr\/en\/product\/coffret-gourmand-avec-socle-a-de-ble-avec-santon-a-peindre\/","og_site_name":"Santons Vaquette","article_modified_time":"2025-11-05T13:34:37+00:00","og_image":[{"width":768,"height":1024,"url":"https:\/\/santonsvaquette.fr\/wp-content\/uploads\/2025\/11\/Photoroom_20251105_091616-768x1024.png","type":"image\/png"}],"twitter_card":"summary_large_image","twitter_misc":{"Est. reading time":"2 minutes"},"schema":{"@context":"https:\/\/schema.org","@graph":[{"@type":"WebPage","@id":"https:\/\/santonsvaquette.fr\/produit\/coffret-gourmand-avec-socle-a-de-ble-avec-santon-a-peindre\/","url":"https:\/\/santonsvaquette.fr\/produit\/coffret-gourmand-avec-socle-a-de-ble-avec-santon-a-peindre\/","name":"Coffret Gourmand avec Socle \u00e0 de bl\u00e9 avec santon \u00e0 peindre - Santons Vaquette","isPartOf":{"@id":"https:\/\/santonsvaquette.fr\/#website"},"primaryImageOfPage":{"@id":"https:\/\/santonsvaquette.fr\/produit\/coffret-gourmand-avec-socle-a-de-ble-avec-santon-a-peindre\/#primaryimage"},"image":{"@id":"https:\/\/santonsvaquette.fr\/produit\/coffret-gourmand-avec-socle-a-de-ble-avec-santon-a-peindre\/#primaryimage"},"thumbnailUrl":"https:\/\/i0.wp.com\/santonsvaquette.fr\/wp-content\/uploads\/2025\/11\/Photoroom_20251105_091616.png?fit=1800%2C2400&ssl=1","datePublished":"2025-11-05T13:28:55+00:00","dateModified":"2025-11-05T13:34:37+00:00","description":".En Provence, cette tradition s'appelle le \"Bl\u00e9 de la Sainte Barbe\", nous plantons du bl\u00e9 , il faut mettre un peu de coton dans le fond de la coupelle vers\u00e9 le bl\u00e9 et arroser abondement les premiers jours. Ce bl\u00e9 va germer et devra rester vert et beau pour orner la table de No\u00eal.","breadcrumb":{"@id":"https:\/\/santonsvaquette.fr\/produit\/coffret-gourmand-avec-socle-a-de-ble-avec-santon-a-peindre\/#breadcrumb"},"inLanguage":"en-US","potentialAction":[{"@type":"ReadAction","target":["https:\/\/santonsvaquette.fr\/produit\/coffret-gourmand-avec-socle-a-de-ble-avec-santon-a-peindre\/"]}]},{"@type":"ImageObject","inLanguage":"en-US","@id":"https:\/\/santonsvaquette.fr\/produit\/coffret-gourmand-avec-socle-a-de-ble-avec-santon-a-peindre\/#primaryimage","url":"https:\/\/i0.wp.com\/santonsvaquette.fr\/wp-content\/uploads\/2025\/11\/Photoroom_20251105_091616.png?fit=1800%2C2400&ssl=1","contentUrl":"https:\/\/i0.wp.com\/santonsvaquette.fr\/wp-content\/uploads\/2025\/11\/Photoroom_20251105_091616.png?fit=1800%2C2400&ssl=1","width":1800,"height":2400},{"@type":"BreadcrumbList","@id":"https:\/\/santonsvaquette.fr\/produit\/coffret-gourmand-avec-socle-a-de-ble-avec-santon-a-peindre\/#breadcrumb","itemListElement":[{"@type":"ListItem","position":1,"name":"Accueil","item":"https:\/\/santonsvaquette.fr\/"},{"@type":"ListItem","position":2,"name":"Boutique","item":"https:\/\/santonsvaquette.fr\/boutique-santons-vaquette\/"},{"@type":"ListItem","position":3,"name":"Coffret Gourmand avec Socle \u00e0 de bl\u00e9 avec santon \u00e0 peindre"}]},{"@type":"WebSite","@id":"https:\/\/santonsvaquette.fr\/#website","url":"https:\/\/santonsvaquette.fr\/","name":"Santons Vaquette","description":"since 1981","publisher":{"@id":"https:\/\/santonsvaquette.fr\/#\/schema\/person\/2109f2983b974b6438d2922fb589bd8b"},"potentialAction":[{"@type":"SearchAction","target":{"@type":"EntryPoint","urlTemplate":"https:\/\/santonsvaquette.fr\/?s={search_term_string}"},"query-input":{"@type":"PropertyValueSpecification","valueRequired":true,"valueName":"search_term_string"}}],"inLanguage":"en-US"},{"@type":["Person","Organization"],"@id":"https:\/\/santonsvaquette.fr\/#\/schema\/person\/2109f2983b974b6438d2922fb589bd8b","name":"Santons vaquette","image":{"@type":"ImageObject","inLanguage":"en-US","@id":"https:\/\/secure.gravatar.com\/avatar\/b27ded224387f23330952ffb4227c2d2a9202f493efd626206470a94275dec6c?s=96&d=mm&r=g","url":"https:\/\/secure.gravatar.com\/avatar\/b27ded224387f23330952ffb4227c2d2a9202f493efd626206470a94275dec6c?s=96&d=mm&r=g","contentUrl":"https:\/\/secure.gravatar.com\/avatar\/b27ded224387f23330952ffb4227c2d2a9202f493efd626206470a94275dec6c?s=96&d=mm&r=g","caption":"Santons vaquette"},"logo":{"@id":"https:\/\/secure.gravatar.com\/avatar\/b27ded224387f23330952ffb4227c2d2a9202f493efd626206470a94275dec6c?s=96&d=mm&r=g"}}]}},"jetpack_publicize_connections":[],"jetpack_sharing_enabled":true,"_links":{"self":[{"href":"https:\/\/santonsvaquette.fr\/en\/wp-json\/wp\/v2\/product\/3891","targetHints":{"allow":["GET"]}}],"collection":[{"href":"https:\/\/santonsvaquette.fr\/en\/wp-json\/wp\/v2\/product"}],"about":[{"href":"https:\/\/santonsvaquette.fr\/en\/wp-json\/wp\/v2\/types\/product"}],"replies":[{"embeddable":true,"href":"https:\/\/santonsvaquette.fr\/en\/wp-json\/wp\/v2\/comments?post=3891"}],"wp:featuredmedia":[{"embeddable":true,"href":"https:\/\/santonsvaquette.fr\/en\/wp-json\/wp\/v2\/media\/3887"}],"wp:attachment":[{"href":"https:\/\/santonsvaquette.fr\/en\/wp-json\/wp\/v2\/media?parent=3891"}],"wp:term":[{"taxonomy":"product_brand","embeddable":true,"href":"https:\/\/santonsvaquette.fr\/en\/wp-json\/wp\/v2\/product_brand?post=3891"},{"taxonomy":"product_cat","embeddable":true,"href":"https:\/\/santonsvaquette.fr\/en\/wp-json\/wp\/v2\/product_cat?post=3891"},{"taxonomy":"product_tag","embeddable":true,"href":"https:\/\/santonsvaquette.fr\/en\/wp-json\/wp\/v2\/product_tag?post=3891"}],"curies":[{"name":"wp","href":"https:\/\/api.w.org\/{rel}","templated":true}]}}