{"id":3947,"date":"2026-01-03T11:00:39","date_gmt":"2026-01-03T10:00:39","guid":{"rendered":"https:\/\/santonsvaquette.fr\/?post_type=product&#038;p=3947"},"modified":"2026-01-25T13:50:07","modified_gmt":"2026-01-25T12:50:07","slug":"le-gardian-qui-fait-sa-sieste-copie","status":"publish","type":"product","link":"https:\/\/santonsvaquette.fr\/en\/product\/le-gardian-qui-fait-sa-sieste-copie\/","title":{"rendered":"le gardian qui fait sa sieste"},"content":{"rendered":"<p>le gardian qui fait sa sieste<\/p>\n<p>Notre amour pour l\u2019artisanat nous m\u00e8ne \u00e0 vous proposer des santons de qualit\u00e9 artisanale, fabriqu\u00e9s depuis 1981 dans la plus pure tradition des cr\u00e8ches proven\u00e7ales. Notre fabrication est 100% fran\u00e7aise, les santons \u00e9tant r\u00e9alis\u00e9s dans notre atelier de Saint-Gilles. Les santons que nous vous proposons seront id\u00e9als pour vos d\u00e9cors de cr\u00e8che, pour compl\u00e9ter votre collection ou pour offrir. Les santons sont faits mains dans la plus grande tradition pour vous proposer un produit dot\u00e9 d\u2019une grande qualit\u00e9. Voir:\u00a0\u00a0<a href=\"https:\/\/santonsvaquette.fr\/en\/notre-histoire\/\">Our history<\/a>.<\/p>\n<h2><strong>PR\u00c9SENTATION<\/strong><\/h2>\n<p><strong>le gardian qui fait sa sieste ,\u00a0 <\/strong>cet homme au repos est \u00e0 positionner contre un petit muret ou appuyer contre le tronc d&rsquo;un arbre.<\/p>\n<p>&nbsp;<\/p>\n<h2><strong>TAILLE<\/strong><\/h2>\n<p>8 cm<\/p>\n<h2><strong>PR\u00c9CISION<\/strong><\/h2>\n<p>La taille de chaque santons peut vari\u00e9 l\u00e9g\u00e8rement.<\/p>\n<p>Photos non contractuelles.<\/p>","protected":false},"excerpt":{"rendered":"<p><strong>le gardian qui fait sa sieste <\/strong>cet homme au repos est \u00e0 positionner contre un petit muret ou appuyer contre le tronc d&rsquo;un arbre.<\/p>","protected":false},"featured_media":3933,"comment_status":"open","ping_status":"closed","template":"","meta":{"jetpack_post_was_ever_published":false,"jetpack_publicize_message":"","jetpack_publicize_feature_enabled":true,"jetpack_social_post_already_shared":true,"jetpack_social_options":{"image_generator_settings":{"template":"highway","default_image_id":0,"font":"","enabled":false},"version":2}},"product_brand":[],"product_cat":[185,108],"product_tag":[110,119,33],"class_list":{"0":"post-3947","1":"product","2":"type-product","3":"status-publish","4":"has-post-thumbnail","6":"product_cat-les-hommes-8-cm","7":"product_cat-santons-8-cm","8":"product_tag-8-cm","9":"product_tag-au-marche","10":"product_tag-personnage","12":"first","13":"instock","14":"purchasable","15":"product-type-simple"},"yoast_head":"<!-- This site is optimized with the Yoast SEO plugin v27.4 - https:\/\/yoast.com\/product\/yoast-seo-wordpress\/ -->\n<title>Boutique - Produit - le gardian qui fait sa sieste - Santons Vaquette<\/title>\n<meta name=\"description\" content=\"le gardian qui fait sa sieste ,\u00a0 cet homme au repos est \u00e0 positionner contre un petit muret ou appuyer contre le tronc d&#039;un arbre.\" \/>\n<meta name=\"robots\" content=\"index, follow, max-snippet:-1, max-image-preview:large, max-video-preview:-1\" \/>\n<link rel=\"canonical\" href=\"https:\/\/santonsvaquette.fr\/en\/product\/le-gardian-qui-fait-sa-sieste-copie\/\" \/>\n<meta property=\"og:locale\" content=\"en_US\" \/>\n<meta property=\"og:type\" content=\"article\" \/>\n<meta property=\"og:title\" content=\"Boutique - Produit - le gardian qui fait sa sieste - Santons Vaquette\" \/>\n<meta property=\"og:description\" content=\"le gardian qui fait sa sieste ,\u00a0 cet homme au repos est \u00e0 positionner contre un petit muret ou appuyer contre le tronc d&#039;un arbre.\" \/>\n<meta property=\"og:url\" content=\"https:\/\/santonsvaquette.fr\/en\/product\/le-gardian-qui-fait-sa-sieste-copie\/\" \/>\n<meta property=\"og:site_name\" content=\"Santons Vaquette\" \/>\n<meta property=\"article:modified_time\" content=\"2026-01-25T12:50:07+00:00\" \/>\n<meta property=\"og:image\" content=\"https:\/\/santonsvaquette.fr\/wp-content\/uploads\/2021\/02\/Photoroom_20251230_164046.png\" \/>\n\t<meta property=\"og:image:width\" content=\"1800\" \/>\n\t<meta property=\"og:image:height\" content=\"2400\" \/>\n\t<meta property=\"og:image:type\" content=\"image\/png\" \/>\n<meta name=\"twitter:card\" content=\"summary_large_image\" \/>\n<meta name=\"twitter:label1\" content=\"Est. reading time\" \/>\n\t<meta name=\"twitter:data1\" content=\"1 minute\" \/>\n<script type=\"application\/ld+json\" class=\"yoast-schema-graph\">{\"@context\":\"https:\\\/\\\/schema.org\",\"@graph\":[{\"@type\":\"WebPage\",\"@id\":\"https:\\\/\\\/santonsvaquette.fr\\\/produit\\\/le-gardian-qui-fait-sa-sieste-copie\\\/\",\"url\":\"https:\\\/\\\/santonsvaquette.fr\\\/produit\\\/le-gardian-qui-fait-sa-sieste-copie\\\/\",\"name\":\"Boutique - Produit - le gardian qui fait sa sieste - Santons Vaquette\",\"isPartOf\":{\"@id\":\"https:\\\/\\\/santonsvaquette.fr\\\/#website\"},\"primaryImageOfPage\":{\"@id\":\"https:\\\/\\\/santonsvaquette.fr\\\/produit\\\/le-gardian-qui-fait-sa-sieste-copie\\\/#primaryimage\"},\"image\":{\"@id\":\"https:\\\/\\\/santonsvaquette.fr\\\/produit\\\/le-gardian-qui-fait-sa-sieste-copie\\\/#primaryimage\"},\"thumbnailUrl\":\"https:\\\/\\\/i0.wp.com\\\/santonsvaquette.fr\\\/wp-content\\\/uploads\\\/2021\\\/02\\\/Photoroom_20251230_164046.png?fit=1800%2C2400&ssl=1\",\"datePublished\":\"2026-01-03T10:00:39+00:00\",\"dateModified\":\"2026-01-25T12:50:07+00:00\",\"description\":\"le gardian qui fait sa sieste ,\u00a0 cet homme au repos est \u00e0 positionner contre un petit muret ou appuyer contre le tronc d'un arbre.\",\"breadcrumb\":{\"@id\":\"https:\\\/\\\/santonsvaquette.fr\\\/produit\\\/le-gardian-qui-fait-sa-sieste-copie\\\/#breadcrumb\"},\"inLanguage\":\"en-US\",\"potentialAction\":[{\"@type\":\"ReadAction\",\"target\":[\"https:\\\/\\\/santonsvaquette.fr\\\/produit\\\/le-gardian-qui-fait-sa-sieste-copie\\\/\"]}]},{\"@type\":\"ImageObject\",\"inLanguage\":\"en-US\",\"@id\":\"https:\\\/\\\/santonsvaquette.fr\\\/produit\\\/le-gardian-qui-fait-sa-sieste-copie\\\/#primaryimage\",\"url\":\"https:\\\/\\\/i0.wp.com\\\/santonsvaquette.fr\\\/wp-content\\\/uploads\\\/2021\\\/02\\\/Photoroom_20251230_164046.png?fit=1800%2C2400&ssl=1\",\"contentUrl\":\"https:\\\/\\\/i0.wp.com\\\/santonsvaquette.fr\\\/wp-content\\\/uploads\\\/2021\\\/02\\\/Photoroom_20251230_164046.png?fit=1800%2C2400&ssl=1\",\"width\":1800,\"height\":2400},{\"@type\":\"BreadcrumbList\",\"@id\":\"https:\\\/\\\/santonsvaquette.fr\\\/produit\\\/le-gardian-qui-fait-sa-sieste-copie\\\/#breadcrumb\",\"itemListElement\":[{\"@type\":\"ListItem\",\"position\":1,\"name\":\"Accueil\",\"item\":\"https:\\\/\\\/santonsvaquette.fr\\\/\"},{\"@type\":\"ListItem\",\"position\":2,\"name\":\"Boutique\",\"item\":\"https:\\\/\\\/santonsvaquette.fr\\\/boutique-santons-vaquette\\\/\"},{\"@type\":\"ListItem\",\"position\":3,\"name\":\"le gardian qui fait sa sieste\"}]},{\"@type\":\"WebSite\",\"@id\":\"https:\\\/\\\/santonsvaquette.fr\\\/#website\",\"url\":\"https:\\\/\\\/santonsvaquette.fr\\\/\",\"name\":\"Santons Vaquette\",\"description\":\"depuis 1981\",\"publisher\":{\"@id\":\"https:\\\/\\\/santonsvaquette.fr\\\/#\\\/schema\\\/person\\\/2109f2983b974b6438d2922fb589bd8b\"},\"potentialAction\":[{\"@type\":\"SearchAction\",\"target\":{\"@type\":\"EntryPoint\",\"urlTemplate\":\"https:\\\/\\\/santonsvaquette.fr\\\/?s={search_term_string}\"},\"query-input\":{\"@type\":\"PropertyValueSpecification\",\"valueRequired\":true,\"valueName\":\"search_term_string\"}}],\"inLanguage\":\"en-US\"},{\"@type\":[\"Person\",\"Organization\"],\"@id\":\"https:\\\/\\\/santonsvaquette.fr\\\/#\\\/schema\\\/person\\\/2109f2983b974b6438d2922fb589bd8b\",\"name\":\"Santons vaquette\",\"image\":{\"@type\":\"ImageObject\",\"inLanguage\":\"en-US\",\"@id\":\"https:\\\/\\\/secure.gravatar.com\\\/avatar\\\/b27ded224387f23330952ffb4227c2d2a9202f493efd626206470a94275dec6c?s=96&d=mm&r=g\",\"url\":\"https:\\\/\\\/secure.gravatar.com\\\/avatar\\\/b27ded224387f23330952ffb4227c2d2a9202f493efd626206470a94275dec6c?s=96&d=mm&r=g\",\"contentUrl\":\"https:\\\/\\\/secure.gravatar.com\\\/avatar\\\/b27ded224387f23330952ffb4227c2d2a9202f493efd626206470a94275dec6c?s=96&d=mm&r=g\",\"caption\":\"Santons vaquette\"},\"logo\":{\"@id\":\"https:\\\/\\\/secure.gravatar.com\\\/avatar\\\/b27ded224387f23330952ffb4227c2d2a9202f493efd626206470a94275dec6c?s=96&d=mm&r=g\"}}]}<\/script>\n<!-- \/ Yoast SEO plugin. -->","yoast_head_json":{"title":"Boutique - Produit - le gardian qui fait sa sieste - Santons Vaquette","description":"le gardian qui fait sa sieste ,\u00a0 cet homme au repos est \u00e0 positionner contre un petit muret ou appuyer contre le tronc d'un arbre.","robots":{"index":"index","follow":"follow","max-snippet":"max-snippet:-1","max-image-preview":"max-image-preview:large","max-video-preview":"max-video-preview:-1"},"canonical":"https:\/\/santonsvaquette.fr\/en\/product\/le-gardian-qui-fait-sa-sieste-copie\/","og_locale":"en_US","og_type":"article","og_title":"Boutique - Produit - le gardian qui fait sa sieste - Santons Vaquette","og_description":"le gardian qui fait sa sieste ,\u00a0 cet homme au repos est \u00e0 positionner contre un petit muret ou appuyer contre le tronc d'un arbre.","og_url":"https:\/\/santonsvaquette.fr\/en\/product\/le-gardian-qui-fait-sa-sieste-copie\/","og_site_name":"Santons Vaquette","article_modified_time":"2026-01-25T12:50:07+00:00","og_image":[{"width":1800,"height":2400,"url":"https:\/\/santonsvaquette.fr\/wp-content\/uploads\/2021\/02\/Photoroom_20251230_164046.png","type":"image\/png"}],"twitter_card":"summary_large_image","twitter_misc":{"Est. reading time":"1 minute"},"schema":{"@context":"https:\/\/schema.org","@graph":[{"@type":"WebPage","@id":"https:\/\/santonsvaquette.fr\/produit\/le-gardian-qui-fait-sa-sieste-copie\/","url":"https:\/\/santonsvaquette.fr\/produit\/le-gardian-qui-fait-sa-sieste-copie\/","name":"Boutique - Produit - le gardian qui fait sa sieste - Santons Vaquette","isPartOf":{"@id":"https:\/\/santonsvaquette.fr\/#website"},"primaryImageOfPage":{"@id":"https:\/\/santonsvaquette.fr\/produit\/le-gardian-qui-fait-sa-sieste-copie\/#primaryimage"},"image":{"@id":"https:\/\/santonsvaquette.fr\/produit\/le-gardian-qui-fait-sa-sieste-copie\/#primaryimage"},"thumbnailUrl":"https:\/\/i0.wp.com\/santonsvaquette.fr\/wp-content\/uploads\/2021\/02\/Photoroom_20251230_164046.png?fit=1800%2C2400&ssl=1","datePublished":"2026-01-03T10:00:39+00:00","dateModified":"2026-01-25T12:50:07+00:00","description":"le gardian qui fait sa sieste ,\u00a0 cet homme au repos est \u00e0 positionner contre un petit muret ou appuyer contre le tronc d'un arbre.","breadcrumb":{"@id":"https:\/\/santonsvaquette.fr\/produit\/le-gardian-qui-fait-sa-sieste-copie\/#breadcrumb"},"inLanguage":"en-US","potentialAction":[{"@type":"ReadAction","target":["https:\/\/santonsvaquette.fr\/produit\/le-gardian-qui-fait-sa-sieste-copie\/"]}]},{"@type":"ImageObject","inLanguage":"en-US","@id":"https:\/\/santonsvaquette.fr\/produit\/le-gardian-qui-fait-sa-sieste-copie\/#primaryimage","url":"https:\/\/i0.wp.com\/santonsvaquette.fr\/wp-content\/uploads\/2021\/02\/Photoroom_20251230_164046.png?fit=1800%2C2400&ssl=1","contentUrl":"https:\/\/i0.wp.com\/santonsvaquette.fr\/wp-content\/uploads\/2021\/02\/Photoroom_20251230_164046.png?fit=1800%2C2400&ssl=1","width":1800,"height":2400},{"@type":"BreadcrumbList","@id":"https:\/\/santonsvaquette.fr\/produit\/le-gardian-qui-fait-sa-sieste-copie\/#breadcrumb","itemListElement":[{"@type":"ListItem","position":1,"name":"Accueil","item":"https:\/\/santonsvaquette.fr\/"},{"@type":"ListItem","position":2,"name":"Boutique","item":"https:\/\/santonsvaquette.fr\/boutique-santons-vaquette\/"},{"@type":"ListItem","position":3,"name":"le gardian qui fait sa sieste"}]},{"@type":"WebSite","@id":"https:\/\/santonsvaquette.fr\/#website","url":"https:\/\/santonsvaquette.fr\/","name":"Santons Vaquette","description":"since 1981","publisher":{"@id":"https:\/\/santonsvaquette.fr\/#\/schema\/person\/2109f2983b974b6438d2922fb589bd8b"},"potentialAction":[{"@type":"SearchAction","target":{"@type":"EntryPoint","urlTemplate":"https:\/\/santonsvaquette.fr\/?s={search_term_string}"},"query-input":{"@type":"PropertyValueSpecification","valueRequired":true,"valueName":"search_term_string"}}],"inLanguage":"en-US"},{"@type":["Person","Organization"],"@id":"https:\/\/santonsvaquette.fr\/#\/schema\/person\/2109f2983b974b6438d2922fb589bd8b","name":"Santons vaquette","image":{"@type":"ImageObject","inLanguage":"en-US","@id":"https:\/\/secure.gravatar.com\/avatar\/b27ded224387f23330952ffb4227c2d2a9202f493efd626206470a94275dec6c?s=96&d=mm&r=g","url":"https:\/\/secure.gravatar.com\/avatar\/b27ded224387f23330952ffb4227c2d2a9202f493efd626206470a94275dec6c?s=96&d=mm&r=g","contentUrl":"https:\/\/secure.gravatar.com\/avatar\/b27ded224387f23330952ffb4227c2d2a9202f493efd626206470a94275dec6c?s=96&d=mm&r=g","caption":"Santons vaquette"},"logo":{"@id":"https:\/\/secure.gravatar.com\/avatar\/b27ded224387f23330952ffb4227c2d2a9202f493efd626206470a94275dec6c?s=96&d=mm&r=g"}}]}},"jetpack_publicize_connections":[],"jetpack_sharing_enabled":true,"_links":{"self":[{"href":"https:\/\/santonsvaquette.fr\/en\/wp-json\/wp\/v2\/product\/3947","targetHints":{"allow":["GET"]}}],"collection":[{"href":"https:\/\/santonsvaquette.fr\/en\/wp-json\/wp\/v2\/product"}],"about":[{"href":"https:\/\/santonsvaquette.fr\/en\/wp-json\/wp\/v2\/types\/product"}],"replies":[{"embeddable":true,"href":"https:\/\/santonsvaquette.fr\/en\/wp-json\/wp\/v2\/comments?post=3947"}],"wp:featuredmedia":[{"embeddable":true,"href":"https:\/\/santonsvaquette.fr\/en\/wp-json\/wp\/v2\/media\/3933"}],"wp:attachment":[{"href":"https:\/\/santonsvaquette.fr\/en\/wp-json\/wp\/v2\/media?parent=3947"}],"wp:term":[{"taxonomy":"product_brand","embeddable":true,"href":"https:\/\/santonsvaquette.fr\/en\/wp-json\/wp\/v2\/product_brand?post=3947"},{"taxonomy":"product_cat","embeddable":true,"href":"https:\/\/santonsvaquette.fr\/en\/wp-json\/wp\/v2\/product_cat?post=3947"},{"taxonomy":"product_tag","embeddable":true,"href":"https:\/\/santonsvaquette.fr\/en\/wp-json\/wp\/v2\/product_tag?post=3947"}],"curies":[{"name":"wp","href":"https:\/\/api.w.org\/{rel}","templated":true}]}}