{"id":461,"date":"2019-04-16T17:17:51","date_gmt":"2019-04-16T15:17:51","guid":{"rendered":"https:\/\/santonsvaquette.fr\/?post_type=product&#038;p=461"},"modified":"2026-01-30T13:49:46","modified_gmt":"2026-01-30T12:49:46","slug":"lane-2","status":"publish","type":"product","link":"https:\/\/santonsvaquette.fr\/en\/product\/lane-2\/","title":{"rendered":"L&rsquo;\u00e2ne"},"content":{"rendered":"<div dir=\"ltr\">\n<p>L&rsquo;\u00e2ne<\/p>\n<p>Notre amour pour l\u2019artisanat nous m\u00e8ne \u00e0 vous proposer des santons de qualit\u00e9 artisanale, fabriqu\u00e9s depuis 1981 dans la plus pure tradition des cr\u00e8ches proven\u00e7ales. Notre fabrication est 100% fran\u00e7aise, les santons \u00e9tant r\u00e9alis\u00e9s dans notre atelier de Saint-Gilles. Les santons que nous vous proposons seront id\u00e9als pour vos d\u00e9cors de cr\u00e8che, pour compl\u00e9ter votre collection ou pour offrir. Les santons sont faits mains dans la plus grande tradition pour vous proposer un produit dot\u00e9 d\u2019une grande qualit\u00e9. Voir:\u00a0\u00a0<a href=\"https:\/\/santonsvaquette.fr\/en\/notre-histoire\/\">Our history<\/a>.<\/p>\n<\/div>\n<h2>L&rsquo;histoire<\/h2>\n<p><strong>La cr\u00e8che de No\u00ebl, repr\u00e9sentant la naissance du Christ, est une tradition importante de No\u00ebl<\/strong><\/p>\n<p>Les premi\u00e8res cr\u00e8ches de figurines ont fait leur apparition <strong>au XVIe si\u00e8cle<\/strong>.<\/p>\n<p>En France, l&rsquo;interdiction de repr\u00e9senter en public des sc\u00e8nes religieuses, pendant la R\u00e9volution, a favoris\u00e9 le d\u00e9veloppement <strong>des cr\u00e8ches dans les maisons<\/strong>. Les petites figurines \u00e9taient alors en verre fil\u00e9 de Nevers, en porcelaine, en cire, en bois sculpt\u00e9 ou m\u00eame en mie de pain.<\/p>\n<p>A partir du XIXe si\u00e8cle, la <a href=\"https:\/\/www.gralon.net\/articles\/voyages-et-tourisme\/guide-et-annuaire\/article-la-creche-de-saint-pierre-d-arene---une-grande-creche-provencale-a-nice-4485.htm\"><strong>Cr\u00e8che proven\u00e7ale<\/strong><\/a> avec ses c\u00e9l\u00e8bres santons de Provence devient tr\u00e8s populaire. Ces santons repr\u00e9sentent non seulement les personnages de la Nativit\u00e9 mais aussi tous les m\u00e9tiers de l&rsquo;\u00e9poque en costume local.<\/p>\n<p>Il est d&rsquo;usage d&rsquo;installer la cr\u00e8che de No\u00ebl soit le premier dimanche de l&rsquo;Avent, soit pour la Saint Nicolas (le 6 d\u00e9cembre), le dernier dimanche avant No\u00ebl.<\/p>\n<p>La tradition chr\u00e9tienne veut que la cr\u00e8che reste dans les maisons <strong>jusqu&rsquo;au 2 f\u00e9vrier<\/strong>, date de la pr\u00e9sentation de J\u00e9sus au Temple.<\/p>\n<p>La coutume veut aussi que l\u2019on d\u00e9pose l\u2019enfant J\u00e9sus dans la cr\u00e8che dans la nuit du 24 au 25 d\u00e9cembre, apr\u00e8s les douze coups de minuit.<br \/>\nOn place g\u00e9n\u00e9ralement l&rsquo;enfant J\u00e9sus au centre de la sc\u00e8ne, encadr\u00e9 par Marie et Joseph. Ils sont accompagn\u00e9s d&rsquo;un \u00e2ne, ayant transport\u00e9 Marie enceinte et d&rsquo;un b\u0153uf qui, selon la tradition, aurait r\u00e9chauff\u00e9 le nouveau-n\u00e9 de son souffle. On place \u00e9galement autour de la cr\u00e8che des bergers avec leurs agneaux, puisque c&rsquo;est \u00e0 eux que la nouvelle de la naissance du Christ aurait \u00e9t\u00e9 annonc\u00e9e en premier.<\/p>\n<div dir=\"ltr\">\n<h2><strong>Pr\u00e9sentation<\/strong><\/h2>\n<div>Les deux animaux indispensables de la cr\u00e8che sont l\u2019\u00e2ne et le b\u0153uf, tout \u00e0 fait \u00e0 leur aise dans cette \u00e9table. L\u2019\u00e2ne a transport\u00e9 Marie jusqu\u2019\u00e0 l\u2019\u00e9table.<\/div>\n<\/div>\n<h2><strong>Taille<\/strong><\/h2>\n<p>8 cm<\/p>\n<h2><strong>Pr\u00e9cision<\/strong><\/h2>\n<p>La taille de chaque santons peut vari\u00e9 l\u00e9g\u00e8rement.<\/p>\n<p>Photos non contractuelles.<\/p>","protected":false},"excerpt":{"rendered":"<p>L&rsquo;\u00e2ne .Les deux animaux indispensables de la cr\u00e8che sont l\u2019\u00e2ne et le b\u0153uf, tout \u00e0 fait \u00e0 leur aise dans cette \u00e9table. L\u2019\u00e2ne a transport\u00e9 Marie jusqu\u2019\u00e0 l\u2019\u00e9table.<\/p>","protected":false},"featured_media":2974,"comment_status":"open","ping_status":"closed","template":"","meta":{"jetpack_post_was_ever_published":false,"jetpack_publicize_message":"","jetpack_publicize_feature_enabled":true,"jetpack_social_post_already_shared":true,"jetpack_social_options":{"image_generator_settings":{"template":"highway","default_image_id":0,"font":"","enabled":false},"version":2}},"product_brand":[],"product_cat":[127,108],"product_tag":[110,35,36],"class_list":{"0":"post-461","1":"product","2":"type-product","3":"status-publish","4":"has-post-thumbnail","6":"product_cat-animaux-pour-8-cm","7":"product_cat-santons-8-cm","8":"product_tag-8-cm","9":"product_tag-animaux","10":"product_tag-nativite","12":"first","13":"instock","14":"purchasable","15":"product-type-simple"},"yoast_head":"<!-- This site is optimized with the Yoast SEO plugin v27.4 - https:\/\/yoast.com\/product\/yoast-seo-wordpress\/ -->\n<title>Boutique - Produit - L&#039;\u00e2ne - Santons Vaquette<\/title>\n<meta name=\"description\" content=\"L&#039;\u00e2ne .Les deux animaux indispensables de la cr\u00e8che sont l\u2019\u00e2ne et le b\u0153uf, tout \u00e0 fait \u00e0 leur aise dans cette \u00e9table. L\u2019\u00e2ne a transport\u00e9 Marie jusqu\u2019\u00e0 l\u2019\u00e9table.\" \/>\n<meta name=\"robots\" content=\"index, follow, max-snippet:-1, max-image-preview:large, max-video-preview:-1\" \/>\n<link rel=\"canonical\" href=\"https:\/\/santonsvaquette.fr\/en\/product\/lane-2\/\" \/>\n<meta property=\"og:locale\" content=\"en_US\" \/>\n<meta property=\"og:type\" content=\"article\" \/>\n<meta property=\"og:title\" content=\"Boutique - Produit - L&#039;\u00e2ne - Santons Vaquette\" \/>\n<meta property=\"og:description\" content=\"L&#039;\u00e2ne .Les deux animaux indispensables de la cr\u00e8che sont l\u2019\u00e2ne et le b\u0153uf, tout \u00e0 fait \u00e0 leur aise dans cette \u00e9table. L\u2019\u00e2ne a transport\u00e9 Marie jusqu\u2019\u00e0 l\u2019\u00e9table.\" \/>\n<meta property=\"og:url\" content=\"https:\/\/santonsvaquette.fr\/en\/product\/lane-2\/\" \/>\n<meta property=\"og:site_name\" content=\"Santons Vaquette\" \/>\n<meta property=\"article:modified_time\" content=\"2026-01-30T12:49:46+00:00\" \/>\n<meta property=\"og:image\" content=\"https:\/\/santonsvaquette.fr\/wp-content\/uploads\/2023\/01\/photoroom_20230116_181000.png\" \/>\n\t<meta property=\"og:image:width\" content=\"1200\" \/>\n\t<meta property=\"og:image:height\" content=\"628\" \/>\n\t<meta property=\"og:image:type\" content=\"image\/png\" \/>\n<meta name=\"twitter:card\" content=\"summary_large_image\" \/>\n<meta name=\"twitter:label1\" content=\"Est. reading time\" \/>\n\t<meta name=\"twitter:data1\" content=\"3 minutes\" \/>\n<script type=\"application\/ld+json\" class=\"yoast-schema-graph\">{\"@context\":\"https:\\\/\\\/schema.org\",\"@graph\":[{\"@type\":\"WebPage\",\"@id\":\"https:\\\/\\\/santonsvaquette.fr\\\/produit\\\/lane-2\\\/\",\"url\":\"https:\\\/\\\/santonsvaquette.fr\\\/produit\\\/lane-2\\\/\",\"name\":\"Boutique - Produit - L'\u00e2ne - Santons Vaquette\",\"isPartOf\":{\"@id\":\"https:\\\/\\\/santonsvaquette.fr\\\/#website\"},\"primaryImageOfPage\":{\"@id\":\"https:\\\/\\\/santonsvaquette.fr\\\/produit\\\/lane-2\\\/#primaryimage\"},\"image\":{\"@id\":\"https:\\\/\\\/santonsvaquette.fr\\\/produit\\\/lane-2\\\/#primaryimage\"},\"thumbnailUrl\":\"https:\\\/\\\/i0.wp.com\\\/santonsvaquette.fr\\\/wp-content\\\/uploads\\\/2023\\\/01\\\/photoroom_20230116_181000.png?fit=1200%2C628&ssl=1\",\"datePublished\":\"2019-04-16T15:17:51+00:00\",\"dateModified\":\"2026-01-30T12:49:46+00:00\",\"description\":\"L'\u00e2ne .Les deux animaux indispensables de la cr\u00e8che sont l\u2019\u00e2ne et le b\u0153uf, tout \u00e0 fait \u00e0 leur aise dans cette \u00e9table. L\u2019\u00e2ne a transport\u00e9 Marie jusqu\u2019\u00e0 l\u2019\u00e9table.\",\"breadcrumb\":{\"@id\":\"https:\\\/\\\/santonsvaquette.fr\\\/produit\\\/lane-2\\\/#breadcrumb\"},\"inLanguage\":\"en-US\",\"potentialAction\":[{\"@type\":\"ReadAction\",\"target\":[\"https:\\\/\\\/santonsvaquette.fr\\\/produit\\\/lane-2\\\/\"]}]},{\"@type\":\"ImageObject\",\"inLanguage\":\"en-US\",\"@id\":\"https:\\\/\\\/santonsvaquette.fr\\\/produit\\\/lane-2\\\/#primaryimage\",\"url\":\"https:\\\/\\\/i0.wp.com\\\/santonsvaquette.fr\\\/wp-content\\\/uploads\\\/2023\\\/01\\\/photoroom_20230116_181000.png?fit=1200%2C628&ssl=1\",\"contentUrl\":\"https:\\\/\\\/i0.wp.com\\\/santonsvaquette.fr\\\/wp-content\\\/uploads\\\/2023\\\/01\\\/photoroom_20230116_181000.png?fit=1200%2C628&ssl=1\",\"width\":1200,\"height\":628},{\"@type\":\"BreadcrumbList\",\"@id\":\"https:\\\/\\\/santonsvaquette.fr\\\/produit\\\/lane-2\\\/#breadcrumb\",\"itemListElement\":[{\"@type\":\"ListItem\",\"position\":1,\"name\":\"Accueil\",\"item\":\"https:\\\/\\\/santonsvaquette.fr\\\/\"},{\"@type\":\"ListItem\",\"position\":2,\"name\":\"Boutique\",\"item\":\"https:\\\/\\\/santonsvaquette.fr\\\/boutique-santons-vaquette\\\/\"},{\"@type\":\"ListItem\",\"position\":3,\"name\":\"L&rsquo;\u00e2ne\"}]},{\"@type\":\"WebSite\",\"@id\":\"https:\\\/\\\/santonsvaquette.fr\\\/#website\",\"url\":\"https:\\\/\\\/santonsvaquette.fr\\\/\",\"name\":\"Santons Vaquette\",\"description\":\"depuis 1981\",\"publisher\":{\"@id\":\"https:\\\/\\\/santonsvaquette.fr\\\/#\\\/schema\\\/person\\\/2109f2983b974b6438d2922fb589bd8b\"},\"potentialAction\":[{\"@type\":\"SearchAction\",\"target\":{\"@type\":\"EntryPoint\",\"urlTemplate\":\"https:\\\/\\\/santonsvaquette.fr\\\/?s={search_term_string}\"},\"query-input\":{\"@type\":\"PropertyValueSpecification\",\"valueRequired\":true,\"valueName\":\"search_term_string\"}}],\"inLanguage\":\"en-US\"},{\"@type\":[\"Person\",\"Organization\"],\"@id\":\"https:\\\/\\\/santonsvaquette.fr\\\/#\\\/schema\\\/person\\\/2109f2983b974b6438d2922fb589bd8b\",\"name\":\"Santons vaquette\",\"image\":{\"@type\":\"ImageObject\",\"inLanguage\":\"en-US\",\"@id\":\"https:\\\/\\\/secure.gravatar.com\\\/avatar\\\/b27ded224387f23330952ffb4227c2d2a9202f493efd626206470a94275dec6c?s=96&d=mm&r=g\",\"url\":\"https:\\\/\\\/secure.gravatar.com\\\/avatar\\\/b27ded224387f23330952ffb4227c2d2a9202f493efd626206470a94275dec6c?s=96&d=mm&r=g\",\"contentUrl\":\"https:\\\/\\\/secure.gravatar.com\\\/avatar\\\/b27ded224387f23330952ffb4227c2d2a9202f493efd626206470a94275dec6c?s=96&d=mm&r=g\",\"caption\":\"Santons vaquette\"},\"logo\":{\"@id\":\"https:\\\/\\\/secure.gravatar.com\\\/avatar\\\/b27ded224387f23330952ffb4227c2d2a9202f493efd626206470a94275dec6c?s=96&d=mm&r=g\"}}]}<\/script>\n<!-- \/ Yoast SEO plugin. -->","yoast_head_json":{"title":"Boutique - Produit - L'\u00e2ne - Santons Vaquette","description":"L'\u00e2ne .Les deux animaux indispensables de la cr\u00e8che sont l\u2019\u00e2ne et le b\u0153uf, tout \u00e0 fait \u00e0 leur aise dans cette \u00e9table. L\u2019\u00e2ne a transport\u00e9 Marie jusqu\u2019\u00e0 l\u2019\u00e9table.","robots":{"index":"index","follow":"follow","max-snippet":"max-snippet:-1","max-image-preview":"max-image-preview:large","max-video-preview":"max-video-preview:-1"},"canonical":"https:\/\/santonsvaquette.fr\/en\/product\/lane-2\/","og_locale":"en_US","og_type":"article","og_title":"Boutique - Produit - L'\u00e2ne - Santons Vaquette","og_description":"L'\u00e2ne .Les deux animaux indispensables de la cr\u00e8che sont l\u2019\u00e2ne et le b\u0153uf, tout \u00e0 fait \u00e0 leur aise dans cette \u00e9table. L\u2019\u00e2ne a transport\u00e9 Marie jusqu\u2019\u00e0 l\u2019\u00e9table.","og_url":"https:\/\/santonsvaquette.fr\/en\/product\/lane-2\/","og_site_name":"Santons Vaquette","article_modified_time":"2026-01-30T12:49:46+00:00","og_image":[{"width":1200,"height":628,"url":"https:\/\/santonsvaquette.fr\/wp-content\/uploads\/2023\/01\/photoroom_20230116_181000.png","type":"image\/png"}],"twitter_card":"summary_large_image","twitter_misc":{"Est. reading time":"3 minutes"},"schema":{"@context":"https:\/\/schema.org","@graph":[{"@type":"WebPage","@id":"https:\/\/santonsvaquette.fr\/produit\/lane-2\/","url":"https:\/\/santonsvaquette.fr\/produit\/lane-2\/","name":"Boutique - Produit - L'\u00e2ne - Santons Vaquette","isPartOf":{"@id":"https:\/\/santonsvaquette.fr\/#website"},"primaryImageOfPage":{"@id":"https:\/\/santonsvaquette.fr\/produit\/lane-2\/#primaryimage"},"image":{"@id":"https:\/\/santonsvaquette.fr\/produit\/lane-2\/#primaryimage"},"thumbnailUrl":"https:\/\/i0.wp.com\/santonsvaquette.fr\/wp-content\/uploads\/2023\/01\/photoroom_20230116_181000.png?fit=1200%2C628&ssl=1","datePublished":"2019-04-16T15:17:51+00:00","dateModified":"2026-01-30T12:49:46+00:00","description":"L'\u00e2ne .Les deux animaux indispensables de la cr\u00e8che sont l\u2019\u00e2ne et le b\u0153uf, tout \u00e0 fait \u00e0 leur aise dans cette \u00e9table. L\u2019\u00e2ne a transport\u00e9 Marie jusqu\u2019\u00e0 l\u2019\u00e9table.","breadcrumb":{"@id":"https:\/\/santonsvaquette.fr\/produit\/lane-2\/#breadcrumb"},"inLanguage":"en-US","potentialAction":[{"@type":"ReadAction","target":["https:\/\/santonsvaquette.fr\/produit\/lane-2\/"]}]},{"@type":"ImageObject","inLanguage":"en-US","@id":"https:\/\/santonsvaquette.fr\/produit\/lane-2\/#primaryimage","url":"https:\/\/i0.wp.com\/santonsvaquette.fr\/wp-content\/uploads\/2023\/01\/photoroom_20230116_181000.png?fit=1200%2C628&ssl=1","contentUrl":"https:\/\/i0.wp.com\/santonsvaquette.fr\/wp-content\/uploads\/2023\/01\/photoroom_20230116_181000.png?fit=1200%2C628&ssl=1","width":1200,"height":628},{"@type":"BreadcrumbList","@id":"https:\/\/santonsvaquette.fr\/produit\/lane-2\/#breadcrumb","itemListElement":[{"@type":"ListItem","position":1,"name":"Accueil","item":"https:\/\/santonsvaquette.fr\/"},{"@type":"ListItem","position":2,"name":"Boutique","item":"https:\/\/santonsvaquette.fr\/boutique-santons-vaquette\/"},{"@type":"ListItem","position":3,"name":"L&rsquo;\u00e2ne"}]},{"@type":"WebSite","@id":"https:\/\/santonsvaquette.fr\/#website","url":"https:\/\/santonsvaquette.fr\/","name":"Santons Vaquette","description":"since 1981","publisher":{"@id":"https:\/\/santonsvaquette.fr\/#\/schema\/person\/2109f2983b974b6438d2922fb589bd8b"},"potentialAction":[{"@type":"SearchAction","target":{"@type":"EntryPoint","urlTemplate":"https:\/\/santonsvaquette.fr\/?s={search_term_string}"},"query-input":{"@type":"PropertyValueSpecification","valueRequired":true,"valueName":"search_term_string"}}],"inLanguage":"en-US"},{"@type":["Person","Organization"],"@id":"https:\/\/santonsvaquette.fr\/#\/schema\/person\/2109f2983b974b6438d2922fb589bd8b","name":"Santons vaquette","image":{"@type":"ImageObject","inLanguage":"en-US","@id":"https:\/\/secure.gravatar.com\/avatar\/b27ded224387f23330952ffb4227c2d2a9202f493efd626206470a94275dec6c?s=96&d=mm&r=g","url":"https:\/\/secure.gravatar.com\/avatar\/b27ded224387f23330952ffb4227c2d2a9202f493efd626206470a94275dec6c?s=96&d=mm&r=g","contentUrl":"https:\/\/secure.gravatar.com\/avatar\/b27ded224387f23330952ffb4227c2d2a9202f493efd626206470a94275dec6c?s=96&d=mm&r=g","caption":"Santons vaquette"},"logo":{"@id":"https:\/\/secure.gravatar.com\/avatar\/b27ded224387f23330952ffb4227c2d2a9202f493efd626206470a94275dec6c?s=96&d=mm&r=g"}}]}},"jetpack_publicize_connections":[],"jetpack_sharing_enabled":true,"_links":{"self":[{"href":"https:\/\/santonsvaquette.fr\/en\/wp-json\/wp\/v2\/product\/461","targetHints":{"allow":["GET"]}}],"collection":[{"href":"https:\/\/santonsvaquette.fr\/en\/wp-json\/wp\/v2\/product"}],"about":[{"href":"https:\/\/santonsvaquette.fr\/en\/wp-json\/wp\/v2\/types\/product"}],"replies":[{"embeddable":true,"href":"https:\/\/santonsvaquette.fr\/en\/wp-json\/wp\/v2\/comments?post=461"}],"wp:featuredmedia":[{"embeddable":true,"href":"https:\/\/santonsvaquette.fr\/en\/wp-json\/wp\/v2\/media\/2974"}],"wp:attachment":[{"href":"https:\/\/santonsvaquette.fr\/en\/wp-json\/wp\/v2\/media?parent=461"}],"wp:term":[{"taxonomy":"product_brand","embeddable":true,"href":"https:\/\/santonsvaquette.fr\/en\/wp-json\/wp\/v2\/product_brand?post=461"},{"taxonomy":"product_cat","embeddable":true,"href":"https:\/\/santonsvaquette.fr\/en\/wp-json\/wp\/v2\/product_cat?post=461"},{"taxonomy":"product_tag","embeddable":true,"href":"https:\/\/santonsvaquette.fr\/en\/wp-json\/wp\/v2\/product_tag?post=461"}],"curies":[{"name":"wp","href":"https:\/\/api.w.org\/{rel}","templated":true}]}}