{"id":512,"date":"2019-04-17T11:38:20","date_gmt":"2019-04-17T09:38:20","guid":{"rendered":"https:\/\/santonsvaquette.fr\/?post_type=product&#038;p=512"},"modified":"2026-01-26T18:45:10","modified_gmt":"2026-01-26T17:45:10","slug":"la-femme-au-pain","status":"publish","type":"product","link":"https:\/\/santonsvaquette.fr\/en\/product\/la-femme-au-pain\/","title":{"rendered":"La femme au pain"},"content":{"rendered":"<p>La femme au pain .<\/p>\n<p>Notre amour pour l&rsquo;artisanat nous m\u00e8ne \u00e0 vous proposer des santons de qualit\u00e9 artisanale, fabriqu\u00e9s depuis 1981 dans la plus pure tradition des cr\u00e8ches proven\u00e7ales. Notre fabrication est 100% fran\u00e7aise, les santons \u00e9tant r\u00e9alis\u00e9s dans notre atelier de Saint-Gilles. Les santons que nous vous proposons seront id\u00e9als pour vos d\u00e9cors de cr\u00e8che, pour compl\u00e9ter votre collection ou pour offrir. Les santons sont faits mains dans la plus grande tradition pour vous proposer un produit dot\u00e9 d&rsquo;une grande qualit\u00e9. Voir:\u00a0 <a href=\"https:\/\/santonsvaquette.fr\/en\/notre-histoire\/\">Our history<\/a>.<\/p>\n<h2><strong>Pr\u00e9sentation<\/strong><\/h2>\n<p>La femme au pain.<\/p>\n<p><strong>La boulang\u00e8re<\/strong> avec le boulanger apporte son pain comme offrande \u00e0 l\u2019enfant qui vient de na\u00eetre, c\u2019est un des m\u00e9tiers qui fait vivre le village.<\/p>\n<h2><strong>Taille<\/strong><\/h2>\n<p>8 cm<\/p>\n<h2><strong>Pr\u00e9cision<\/strong><\/h2>\n<p>La taille de chaque santons peut vari\u00e9 l\u00e9g\u00e8rement.<\/p>\n<p>Photos non contractuelles.<\/p>","protected":false},"excerpt":{"rendered":"<p>La femme au pain.<\/p>\n<p><strong>La boulang\u00e8re<\/strong> avec le boulanger apporte son pain comme offrande \u00e0 l\u2019enfant qui vient de na\u00eetre, c\u2019est un des m\u00e9tiers qui fait vivre le village.<\/p>","protected":false},"featured_media":3641,"comment_status":"open","ping_status":"closed","template":"","meta":{"jetpack_post_was_ever_published":false,"jetpack_publicize_message":"","jetpack_publicize_feature_enabled":true,"jetpack_social_post_already_shared":true,"jetpack_social_options":{"image_generator_settings":{"template":"highway","default_image_id":0,"font":"","enabled":false},"version":2}},"product_brand":[],"product_cat":[184,108],"product_tag":[110,116,33],"class_list":{"0":"post-512","1":"product","2":"type-product","3":"status-publish","4":"has-post-thumbnail","6":"product_cat-les-femmes-8-cm","7":"product_cat-santons-8-cm","8":"product_tag-8-cm","9":"product_tag-de-la-farine-au-pain","10":"product_tag-personnage","12":"first","13":"instock","14":"purchasable","15":"product-type-simple"},"yoast_head":"<!-- This site is optimized with the Yoast SEO plugin v27.4 - https:\/\/yoast.com\/product\/yoast-seo-wordpress\/ -->\n<title>Boutique - Produit - La femme au pain - Santons Vaquette<\/title>\n<meta name=\"description\" content=\"La femme au pain. La boulang\u00e8re avec le boulanger apporte son pain comme offrande \u00e0 l\u2019enfant qui vient de na\u00eetre.\" \/>\n<meta name=\"robots\" content=\"index, follow, max-snippet:-1, max-image-preview:large, max-video-preview:-1\" \/>\n<link rel=\"canonical\" href=\"https:\/\/santonsvaquette.fr\/en\/product\/la-femme-au-pain\/\" \/>\n<meta property=\"og:locale\" content=\"en_US\" \/>\n<meta property=\"og:type\" content=\"article\" \/>\n<meta property=\"og:title\" content=\"Boutique - Produit - La femme au pain - Santons Vaquette\" \/>\n<meta property=\"og:description\" content=\"La femme au pain. La boulang\u00e8re avec le boulanger apporte son pain comme offrande \u00e0 l\u2019enfant qui vient de na\u00eetre.\" \/>\n<meta property=\"og:url\" content=\"https:\/\/santonsvaquette.fr\/en\/product\/la-femme-au-pain\/\" \/>\n<meta property=\"og:site_name\" content=\"Santons Vaquette\" \/>\n<meta property=\"article:modified_time\" content=\"2026-01-26T17:45:10+00:00\" \/>\n<meta property=\"og:image\" content=\"https:\/\/santonsvaquette.fr\/wp-content\/uploads\/2023\/04\/Photoroom_20250226_171637.jpg\" \/>\n\t<meta property=\"og:image:width\" content=\"1800\" \/>\n\t<meta property=\"og:image:height\" content=\"2400\" \/>\n\t<meta property=\"og:image:type\" content=\"image\/jpeg\" \/>\n<meta name=\"twitter:card\" content=\"summary_large_image\" \/>\n<meta name=\"twitter:label1\" content=\"Est. reading time\" \/>\n\t<meta name=\"twitter:data1\" content=\"1 minute\" \/>\n<script type=\"application\/ld+json\" class=\"yoast-schema-graph\">{\"@context\":\"https:\\\/\\\/schema.org\",\"@graph\":[{\"@type\":\"WebPage\",\"@id\":\"https:\\\/\\\/santonsvaquette.fr\\\/produit\\\/la-femme-au-pain\\\/\",\"url\":\"https:\\\/\\\/santonsvaquette.fr\\\/produit\\\/la-femme-au-pain\\\/\",\"name\":\"Boutique - Produit - La femme au pain - Santons Vaquette\",\"isPartOf\":{\"@id\":\"https:\\\/\\\/santonsvaquette.fr\\\/#website\"},\"primaryImageOfPage\":{\"@id\":\"https:\\\/\\\/santonsvaquette.fr\\\/produit\\\/la-femme-au-pain\\\/#primaryimage\"},\"image\":{\"@id\":\"https:\\\/\\\/santonsvaquette.fr\\\/produit\\\/la-femme-au-pain\\\/#primaryimage\"},\"thumbnailUrl\":\"https:\\\/\\\/i0.wp.com\\\/santonsvaquette.fr\\\/wp-content\\\/uploads\\\/2023\\\/04\\\/Photoroom_20250226_171637.jpg?fit=1800%2C2400&ssl=1\",\"datePublished\":\"2019-04-17T09:38:20+00:00\",\"dateModified\":\"2026-01-26T17:45:10+00:00\",\"description\":\"La femme au pain. La boulang\u00e8re avec le boulanger apporte son pain comme offrande \u00e0 l\u2019enfant qui vient de na\u00eetre.\",\"breadcrumb\":{\"@id\":\"https:\\\/\\\/santonsvaquette.fr\\\/produit\\\/la-femme-au-pain\\\/#breadcrumb\"},\"inLanguage\":\"en-US\",\"potentialAction\":[{\"@type\":\"ReadAction\",\"target\":[\"https:\\\/\\\/santonsvaquette.fr\\\/produit\\\/la-femme-au-pain\\\/\"]}]},{\"@type\":\"ImageObject\",\"inLanguage\":\"en-US\",\"@id\":\"https:\\\/\\\/santonsvaquette.fr\\\/produit\\\/la-femme-au-pain\\\/#primaryimage\",\"url\":\"https:\\\/\\\/i0.wp.com\\\/santonsvaquette.fr\\\/wp-content\\\/uploads\\\/2023\\\/04\\\/Photoroom_20250226_171637.jpg?fit=1800%2C2400&ssl=1\",\"contentUrl\":\"https:\\\/\\\/i0.wp.com\\\/santonsvaquette.fr\\\/wp-content\\\/uploads\\\/2023\\\/04\\\/Photoroom_20250226_171637.jpg?fit=1800%2C2400&ssl=1\",\"width\":1800,\"height\":2400},{\"@type\":\"BreadcrumbList\",\"@id\":\"https:\\\/\\\/santonsvaquette.fr\\\/produit\\\/la-femme-au-pain\\\/#breadcrumb\",\"itemListElement\":[{\"@type\":\"ListItem\",\"position\":1,\"name\":\"Accueil\",\"item\":\"https:\\\/\\\/santonsvaquette.fr\\\/\"},{\"@type\":\"ListItem\",\"position\":2,\"name\":\"Boutique\",\"item\":\"https:\\\/\\\/santonsvaquette.fr\\\/boutique-santons-vaquette\\\/\"},{\"@type\":\"ListItem\",\"position\":3,\"name\":\"La femme au pain\"}]},{\"@type\":\"WebSite\",\"@id\":\"https:\\\/\\\/santonsvaquette.fr\\\/#website\",\"url\":\"https:\\\/\\\/santonsvaquette.fr\\\/\",\"name\":\"Santons Vaquette\",\"description\":\"depuis 1981\",\"publisher\":{\"@id\":\"https:\\\/\\\/santonsvaquette.fr\\\/#\\\/schema\\\/person\\\/2109f2983b974b6438d2922fb589bd8b\"},\"potentialAction\":[{\"@type\":\"SearchAction\",\"target\":{\"@type\":\"EntryPoint\",\"urlTemplate\":\"https:\\\/\\\/santonsvaquette.fr\\\/?s={search_term_string}\"},\"query-input\":{\"@type\":\"PropertyValueSpecification\",\"valueRequired\":true,\"valueName\":\"search_term_string\"}}],\"inLanguage\":\"en-US\"},{\"@type\":[\"Person\",\"Organization\"],\"@id\":\"https:\\\/\\\/santonsvaquette.fr\\\/#\\\/schema\\\/person\\\/2109f2983b974b6438d2922fb589bd8b\",\"name\":\"Santons vaquette\",\"image\":{\"@type\":\"ImageObject\",\"inLanguage\":\"en-US\",\"@id\":\"https:\\\/\\\/secure.gravatar.com\\\/avatar\\\/b27ded224387f23330952ffb4227c2d2a9202f493efd626206470a94275dec6c?s=96&d=mm&r=g\",\"url\":\"https:\\\/\\\/secure.gravatar.com\\\/avatar\\\/b27ded224387f23330952ffb4227c2d2a9202f493efd626206470a94275dec6c?s=96&d=mm&r=g\",\"contentUrl\":\"https:\\\/\\\/secure.gravatar.com\\\/avatar\\\/b27ded224387f23330952ffb4227c2d2a9202f493efd626206470a94275dec6c?s=96&d=mm&r=g\",\"caption\":\"Santons vaquette\"},\"logo\":{\"@id\":\"https:\\\/\\\/secure.gravatar.com\\\/avatar\\\/b27ded224387f23330952ffb4227c2d2a9202f493efd626206470a94275dec6c?s=96&d=mm&r=g\"}}]}<\/script>\n<!-- \/ Yoast SEO plugin. -->","yoast_head_json":{"title":"Boutique - Produit - La femme au pain - Santons Vaquette","description":"La femme au pain. La boulang\u00e8re avec le boulanger apporte son pain comme offrande \u00e0 l\u2019enfant qui vient de na\u00eetre.","robots":{"index":"index","follow":"follow","max-snippet":"max-snippet:-1","max-image-preview":"max-image-preview:large","max-video-preview":"max-video-preview:-1"},"canonical":"https:\/\/santonsvaquette.fr\/en\/product\/la-femme-au-pain\/","og_locale":"en_US","og_type":"article","og_title":"Boutique - Produit - La femme au pain - Santons Vaquette","og_description":"La femme au pain. La boulang\u00e8re avec le boulanger apporte son pain comme offrande \u00e0 l\u2019enfant qui vient de na\u00eetre.","og_url":"https:\/\/santonsvaquette.fr\/en\/product\/la-femme-au-pain\/","og_site_name":"Santons Vaquette","article_modified_time":"2026-01-26T17:45:10+00:00","og_image":[{"width":1800,"height":2400,"url":"https:\/\/santonsvaquette.fr\/wp-content\/uploads\/2023\/04\/Photoroom_20250226_171637.jpg","type":"image\/jpeg"}],"twitter_card":"summary_large_image","twitter_misc":{"Est. reading time":"1 minute"},"schema":{"@context":"https:\/\/schema.org","@graph":[{"@type":"WebPage","@id":"https:\/\/santonsvaquette.fr\/produit\/la-femme-au-pain\/","url":"https:\/\/santonsvaquette.fr\/produit\/la-femme-au-pain\/","name":"Boutique - Produit - La femme au pain - Santons Vaquette","isPartOf":{"@id":"https:\/\/santonsvaquette.fr\/#website"},"primaryImageOfPage":{"@id":"https:\/\/santonsvaquette.fr\/produit\/la-femme-au-pain\/#primaryimage"},"image":{"@id":"https:\/\/santonsvaquette.fr\/produit\/la-femme-au-pain\/#primaryimage"},"thumbnailUrl":"https:\/\/i0.wp.com\/santonsvaquette.fr\/wp-content\/uploads\/2023\/04\/Photoroom_20250226_171637.jpg?fit=1800%2C2400&ssl=1","datePublished":"2019-04-17T09:38:20+00:00","dateModified":"2026-01-26T17:45:10+00:00","description":"La femme au pain. La boulang\u00e8re avec le boulanger apporte son pain comme offrande \u00e0 l\u2019enfant qui vient de na\u00eetre.","breadcrumb":{"@id":"https:\/\/santonsvaquette.fr\/produit\/la-femme-au-pain\/#breadcrumb"},"inLanguage":"en-US","potentialAction":[{"@type":"ReadAction","target":["https:\/\/santonsvaquette.fr\/produit\/la-femme-au-pain\/"]}]},{"@type":"ImageObject","inLanguage":"en-US","@id":"https:\/\/santonsvaquette.fr\/produit\/la-femme-au-pain\/#primaryimage","url":"https:\/\/i0.wp.com\/santonsvaquette.fr\/wp-content\/uploads\/2023\/04\/Photoroom_20250226_171637.jpg?fit=1800%2C2400&ssl=1","contentUrl":"https:\/\/i0.wp.com\/santonsvaquette.fr\/wp-content\/uploads\/2023\/04\/Photoroom_20250226_171637.jpg?fit=1800%2C2400&ssl=1","width":1800,"height":2400},{"@type":"BreadcrumbList","@id":"https:\/\/santonsvaquette.fr\/produit\/la-femme-au-pain\/#breadcrumb","itemListElement":[{"@type":"ListItem","position":1,"name":"Accueil","item":"https:\/\/santonsvaquette.fr\/"},{"@type":"ListItem","position":2,"name":"Boutique","item":"https:\/\/santonsvaquette.fr\/boutique-santons-vaquette\/"},{"@type":"ListItem","position":3,"name":"La femme au pain"}]},{"@type":"WebSite","@id":"https:\/\/santonsvaquette.fr\/#website","url":"https:\/\/santonsvaquette.fr\/","name":"Santons Vaquette","description":"since 1981","publisher":{"@id":"https:\/\/santonsvaquette.fr\/#\/schema\/person\/2109f2983b974b6438d2922fb589bd8b"},"potentialAction":[{"@type":"SearchAction","target":{"@type":"EntryPoint","urlTemplate":"https:\/\/santonsvaquette.fr\/?s={search_term_string}"},"query-input":{"@type":"PropertyValueSpecification","valueRequired":true,"valueName":"search_term_string"}}],"inLanguage":"en-US"},{"@type":["Person","Organization"],"@id":"https:\/\/santonsvaquette.fr\/#\/schema\/person\/2109f2983b974b6438d2922fb589bd8b","name":"Santons vaquette","image":{"@type":"ImageObject","inLanguage":"en-US","@id":"https:\/\/secure.gravatar.com\/avatar\/b27ded224387f23330952ffb4227c2d2a9202f493efd626206470a94275dec6c?s=96&d=mm&r=g","url":"https:\/\/secure.gravatar.com\/avatar\/b27ded224387f23330952ffb4227c2d2a9202f493efd626206470a94275dec6c?s=96&d=mm&r=g","contentUrl":"https:\/\/secure.gravatar.com\/avatar\/b27ded224387f23330952ffb4227c2d2a9202f493efd626206470a94275dec6c?s=96&d=mm&r=g","caption":"Santons vaquette"},"logo":{"@id":"https:\/\/secure.gravatar.com\/avatar\/b27ded224387f23330952ffb4227c2d2a9202f493efd626206470a94275dec6c?s=96&d=mm&r=g"}}]}},"jetpack_publicize_connections":[],"jetpack_sharing_enabled":true,"_links":{"self":[{"href":"https:\/\/santonsvaquette.fr\/en\/wp-json\/wp\/v2\/product\/512","targetHints":{"allow":["GET"]}}],"collection":[{"href":"https:\/\/santonsvaquette.fr\/en\/wp-json\/wp\/v2\/product"}],"about":[{"href":"https:\/\/santonsvaquette.fr\/en\/wp-json\/wp\/v2\/types\/product"}],"replies":[{"embeddable":true,"href":"https:\/\/santonsvaquette.fr\/en\/wp-json\/wp\/v2\/comments?post=512"}],"wp:featuredmedia":[{"embeddable":true,"href":"https:\/\/santonsvaquette.fr\/en\/wp-json\/wp\/v2\/media\/3641"}],"wp:attachment":[{"href":"https:\/\/santonsvaquette.fr\/en\/wp-json\/wp\/v2\/media?parent=512"}],"wp:term":[{"taxonomy":"product_brand","embeddable":true,"href":"https:\/\/santonsvaquette.fr\/en\/wp-json\/wp\/v2\/product_brand?post=512"},{"taxonomy":"product_cat","embeddable":true,"href":"https:\/\/santonsvaquette.fr\/en\/wp-json\/wp\/v2\/product_cat?post=512"},{"taxonomy":"product_tag","embeddable":true,"href":"https:\/\/santonsvaquette.fr\/en\/wp-json\/wp\/v2\/product_tag?post=512"}],"curies":[{"name":"wp","href":"https:\/\/api.w.org\/{rel}","templated":true}]}}