{"id":679,"date":"2019-05-12T22:10:31","date_gmt":"2019-05-12T20:10:31","guid":{"rendered":"https:\/\/santonsvaquette.fr\/?post_type=product&#038;p=679"},"modified":"2025-11-27T00:12:17","modified_gmt":"2025-11-26T23:12:17","slug":"oiseau-sur-la-branche","status":"publish","type":"product","link":"https:\/\/santonsvaquette.fr\/en\/product\/oiseau-sur-la-branche\/","title":{"rendered":"Oiseau sur la branche"},"content":{"rendered":"<p><strong>Accessoire\u00a0 \u00ab\u00a0Oiseau sur la branche \u00ab\u00a0<\/strong><\/p>\n<p>Notre amour pour l\u2019artisanat nous m\u00e8ne \u00e0 vous proposer des santons de qualit\u00e9 artisanale, fabriqu\u00e9s depuis 1981 dans la plus pure tradition des cr\u00e8ches proven\u00e7ales. Notre fabrication est 100% fran\u00e7aise, les santons \u00e9tant r\u00e9alis\u00e9s dans notre atelier de Saint-Gilles. Les santons que nous vous proposons seront id\u00e9als pour vos d\u00e9cors de cr\u00e8che, pour compl\u00e9ter votre collection ou pour offrir. Les santons sont faits mains dans la plus grande tradition pour vous proposer un produit dot\u00e9 d\u2019une grande qualit\u00e9. Voir:\u00a0\u00a0<a href=\"https:\/\/santonsvaquette.fr\/en\/notre-histoire\/\">Our history<\/a>.<\/p>\n<h2><strong>PR\u00c9SENTATION<\/strong><\/h2>\n<p><strong>Oiseau sur la branche<\/strong><\/p>\n<p>Accessoire pour la sc\u00e8ne compl\u00e8te \u00ab Dans les champs \u00bb comprenant le b\u00fbcheron, la m\u00e9m\u00e9 au fagots, le jardinier, la m\u00e9m\u00e9 assise, le ramasseur de champignons, de nombreux accessoires et de magnifiques d\u00e9cors.<\/p>\n<h2><strong>TAILLE<\/strong><\/h2>\n<p>8 cm<\/p>\n<h2><strong>PRIX<\/strong><\/h2>\n<p>2,50 euros<\/p>\n<h2>POIDS<\/h2>\n<p>2 grs<\/p>\n<h2><strong>PR\u00c9CISION<\/strong><\/h2>\n<p>La taille de chaque santons peut vari\u00e9 l\u00e9g\u00e8rement.<\/p>\n<p>Photos non contractuelles.<\/p>","protected":false},"excerpt":{"rendered":"<p><strong>Oiseau sur la branche<\/strong><\/p>\n<p>Accessoire pour la sc\u00e8ne compl\u00e8te \u00ab Dans les champs \u00bb comprenant le b\u00fbcheron, la m\u00e9m\u00e9 au fagots, le jardinier, la m\u00e9m\u00e9 assise, le ramasseur de champignons, de nombreux accessoires et de magnifiques d\u00e9cors.<\/p>","protected":false},"featured_media":663,"comment_status":"open","ping_status":"closed","template":"","meta":{"jetpack_post_was_ever_published":false,"jetpack_publicize_message":"","jetpack_publicize_feature_enabled":true,"jetpack_social_post_already_shared":true,"jetpack_social_options":{"image_generator_settings":{"template":"highway","default_image_id":0,"font":"","enabled":false},"version":2}},"product_brand":[],"product_cat":[127],"product_tag":[110,72,35,121],"class_list":{"0":"post-679","1":"product","2":"type-product","3":"status-publish","4":"has-post-thumbnail","6":"product_cat-animaux-pour-8-cm","7":"product_tag-8-cm","8":"product_tag-accessoires","9":"product_tag-animaux","10":"product_tag-dans-les-champs","12":"first","13":"outofstock","14":"purchasable","15":"product-type-simple"},"yoast_head":"<!-- This site is optimized with the Yoast SEO plugin v27.4 - https:\/\/yoast.com\/product\/yoast-seo-wordpress\/ -->\n<title>Boutique -Produit - Oiseau sur la branche - Santons Vaquette<\/title>\n<meta name=\"description\" content=\"Oiseau sur la branche Accessoire pour la sc\u00e8ne compl\u00e8te \u00ab Dans les champs \u00bb comprenant le b\u00fbcheron ... de nombreux accessoires et de magnifiques d\u00e9cors.\" \/>\n<meta name=\"robots\" content=\"index, follow, max-snippet:-1, max-image-preview:large, max-video-preview:-1\" \/>\n<link rel=\"canonical\" href=\"https:\/\/santonsvaquette.fr\/en\/product\/oiseau-sur-la-branche\/\" \/>\n<meta property=\"og:locale\" content=\"en_US\" \/>\n<meta property=\"og:type\" content=\"article\" \/>\n<meta property=\"og:title\" content=\"Boutique -Produit - Oiseau sur la branche - Santons Vaquette\" \/>\n<meta property=\"og:description\" content=\"Oiseau sur la branche Accessoire pour la sc\u00e8ne compl\u00e8te \u00ab Dans les champs \u00bb comprenant le b\u00fbcheron ... de nombreux accessoires et de magnifiques d\u00e9cors.\" \/>\n<meta property=\"og:url\" content=\"https:\/\/santonsvaquette.fr\/en\/product\/oiseau-sur-la-branche\/\" \/>\n<meta property=\"og:site_name\" content=\"Santons Vaquette\" \/>\n<meta property=\"article:modified_time\" content=\"2025-11-26T23:12:17+00:00\" \/>\n<meta property=\"og:image\" content=\"https:\/\/santonsvaquette.fr\/wp-content\/uploads\/2019\/05\/14-Oiseau-sur-la-branche2.5\u20ac-poids2g.jpg\" \/>\n\t<meta property=\"og:image:width\" content=\"1920\" \/>\n\t<meta property=\"og:image:height\" content=\"1080\" \/>\n\t<meta property=\"og:image:type\" content=\"image\/jpeg\" \/>\n<meta name=\"twitter:card\" content=\"summary_large_image\" \/>\n<meta name=\"twitter:label1\" content=\"Est. reading time\" \/>\n\t<meta name=\"twitter:data1\" content=\"1 minute\" \/>\n<script type=\"application\/ld+json\" class=\"yoast-schema-graph\">{\"@context\":\"https:\\\/\\\/schema.org\",\"@graph\":[{\"@type\":\"WebPage\",\"@id\":\"https:\\\/\\\/santonsvaquette.fr\\\/produit\\\/oiseau-sur-la-branche\\\/\",\"url\":\"https:\\\/\\\/santonsvaquette.fr\\\/produit\\\/oiseau-sur-la-branche\\\/\",\"name\":\"Boutique -Produit - Oiseau sur la branche - Santons Vaquette\",\"isPartOf\":{\"@id\":\"https:\\\/\\\/santonsvaquette.fr\\\/#website\"},\"primaryImageOfPage\":{\"@id\":\"https:\\\/\\\/santonsvaquette.fr\\\/produit\\\/oiseau-sur-la-branche\\\/#primaryimage\"},\"image\":{\"@id\":\"https:\\\/\\\/santonsvaquette.fr\\\/produit\\\/oiseau-sur-la-branche\\\/#primaryimage\"},\"thumbnailUrl\":\"https:\\\/\\\/i0.wp.com\\\/santonsvaquette.fr\\\/wp-content\\\/uploads\\\/2019\\\/05\\\/14-Oiseau-sur-la-branche2.5%E2%82%AC-poids2g.jpg?fit=1920%2C1080&ssl=1\",\"datePublished\":\"2019-05-12T20:10:31+00:00\",\"dateModified\":\"2025-11-26T23:12:17+00:00\",\"description\":\"Oiseau sur la branche Accessoire pour la sc\u00e8ne compl\u00e8te \u00ab Dans les champs \u00bb comprenant le b\u00fbcheron ... de nombreux accessoires et de magnifiques d\u00e9cors.\",\"breadcrumb\":{\"@id\":\"https:\\\/\\\/santonsvaquette.fr\\\/produit\\\/oiseau-sur-la-branche\\\/#breadcrumb\"},\"inLanguage\":\"en-US\",\"potentialAction\":[{\"@type\":\"ReadAction\",\"target\":[\"https:\\\/\\\/santonsvaquette.fr\\\/produit\\\/oiseau-sur-la-branche\\\/\"]}]},{\"@type\":\"ImageObject\",\"inLanguage\":\"en-US\",\"@id\":\"https:\\\/\\\/santonsvaquette.fr\\\/produit\\\/oiseau-sur-la-branche\\\/#primaryimage\",\"url\":\"https:\\\/\\\/i0.wp.com\\\/santonsvaquette.fr\\\/wp-content\\\/uploads\\\/2019\\\/05\\\/14-Oiseau-sur-la-branche2.5%E2%82%AC-poids2g.jpg?fit=1920%2C1080&ssl=1\",\"contentUrl\":\"https:\\\/\\\/i0.wp.com\\\/santonsvaquette.fr\\\/wp-content\\\/uploads\\\/2019\\\/05\\\/14-Oiseau-sur-la-branche2.5%E2%82%AC-poids2g.jpg?fit=1920%2C1080&ssl=1\",\"width\":1920,\"height\":1080,\"caption\":\"accessoire Oiseau sur la branche\"},{\"@type\":\"BreadcrumbList\",\"@id\":\"https:\\\/\\\/santonsvaquette.fr\\\/produit\\\/oiseau-sur-la-branche\\\/#breadcrumb\",\"itemListElement\":[{\"@type\":\"ListItem\",\"position\":1,\"name\":\"Accueil\",\"item\":\"https:\\\/\\\/santonsvaquette.fr\\\/\"},{\"@type\":\"ListItem\",\"position\":2,\"name\":\"Boutique\",\"item\":\"https:\\\/\\\/santonsvaquette.fr\\\/boutique-santons-vaquette\\\/\"},{\"@type\":\"ListItem\",\"position\":3,\"name\":\"Oiseau sur la branche\"}]},{\"@type\":\"WebSite\",\"@id\":\"https:\\\/\\\/santonsvaquette.fr\\\/#website\",\"url\":\"https:\\\/\\\/santonsvaquette.fr\\\/\",\"name\":\"Santons Vaquette\",\"description\":\"depuis 1981\",\"publisher\":{\"@id\":\"https:\\\/\\\/santonsvaquette.fr\\\/#\\\/schema\\\/person\\\/2109f2983b974b6438d2922fb589bd8b\"},\"potentialAction\":[{\"@type\":\"SearchAction\",\"target\":{\"@type\":\"EntryPoint\",\"urlTemplate\":\"https:\\\/\\\/santonsvaquette.fr\\\/?s={search_term_string}\"},\"query-input\":{\"@type\":\"PropertyValueSpecification\",\"valueRequired\":true,\"valueName\":\"search_term_string\"}}],\"inLanguage\":\"en-US\"},{\"@type\":[\"Person\",\"Organization\"],\"@id\":\"https:\\\/\\\/santonsvaquette.fr\\\/#\\\/schema\\\/person\\\/2109f2983b974b6438d2922fb589bd8b\",\"name\":\"Santons vaquette\",\"image\":{\"@type\":\"ImageObject\",\"inLanguage\":\"en-US\",\"@id\":\"https:\\\/\\\/secure.gravatar.com\\\/avatar\\\/b27ded224387f23330952ffb4227c2d2a9202f493efd626206470a94275dec6c?s=96&d=mm&r=g\",\"url\":\"https:\\\/\\\/secure.gravatar.com\\\/avatar\\\/b27ded224387f23330952ffb4227c2d2a9202f493efd626206470a94275dec6c?s=96&d=mm&r=g\",\"contentUrl\":\"https:\\\/\\\/secure.gravatar.com\\\/avatar\\\/b27ded224387f23330952ffb4227c2d2a9202f493efd626206470a94275dec6c?s=96&d=mm&r=g\",\"caption\":\"Santons vaquette\"},\"logo\":{\"@id\":\"https:\\\/\\\/secure.gravatar.com\\\/avatar\\\/b27ded224387f23330952ffb4227c2d2a9202f493efd626206470a94275dec6c?s=96&d=mm&r=g\"}}]}<\/script>\n<!-- \/ Yoast SEO plugin. -->","yoast_head_json":{"title":"Boutique -Produit - Oiseau sur la branche - Santons Vaquette","description":"Oiseau sur la branche Accessoire pour la sc\u00e8ne compl\u00e8te \u00ab Dans les champs \u00bb comprenant le b\u00fbcheron ... de nombreux accessoires et de magnifiques d\u00e9cors.","robots":{"index":"index","follow":"follow","max-snippet":"max-snippet:-1","max-image-preview":"max-image-preview:large","max-video-preview":"max-video-preview:-1"},"canonical":"https:\/\/santonsvaquette.fr\/en\/product\/oiseau-sur-la-branche\/","og_locale":"en_US","og_type":"article","og_title":"Boutique -Produit - Oiseau sur la branche - Santons Vaquette","og_description":"Oiseau sur la branche Accessoire pour la sc\u00e8ne compl\u00e8te \u00ab Dans les champs \u00bb comprenant le b\u00fbcheron ... de nombreux accessoires et de magnifiques d\u00e9cors.","og_url":"https:\/\/santonsvaquette.fr\/en\/product\/oiseau-sur-la-branche\/","og_site_name":"Santons Vaquette","article_modified_time":"2025-11-26T23:12:17+00:00","og_image":[{"width":1920,"height":1080,"url":"https:\/\/santonsvaquette.fr\/wp-content\/uploads\/2019\/05\/14-Oiseau-sur-la-branche2.5\u20ac-poids2g.jpg","type":"image\/jpeg"}],"twitter_card":"summary_large_image","twitter_misc":{"Est. reading time":"1 minute"},"schema":{"@context":"https:\/\/schema.org","@graph":[{"@type":"WebPage","@id":"https:\/\/santonsvaquette.fr\/produit\/oiseau-sur-la-branche\/","url":"https:\/\/santonsvaquette.fr\/produit\/oiseau-sur-la-branche\/","name":"Boutique -Produit - Oiseau sur la branche - Santons Vaquette","isPartOf":{"@id":"https:\/\/santonsvaquette.fr\/#website"},"primaryImageOfPage":{"@id":"https:\/\/santonsvaquette.fr\/produit\/oiseau-sur-la-branche\/#primaryimage"},"image":{"@id":"https:\/\/santonsvaquette.fr\/produit\/oiseau-sur-la-branche\/#primaryimage"},"thumbnailUrl":"https:\/\/i0.wp.com\/santonsvaquette.fr\/wp-content\/uploads\/2019\/05\/14-Oiseau-sur-la-branche2.5%E2%82%AC-poids2g.jpg?fit=1920%2C1080&ssl=1","datePublished":"2019-05-12T20:10:31+00:00","dateModified":"2025-11-26T23:12:17+00:00","description":"Oiseau sur la branche Accessoire pour la sc\u00e8ne compl\u00e8te \u00ab Dans les champs \u00bb comprenant le b\u00fbcheron ... de nombreux accessoires et de magnifiques d\u00e9cors.","breadcrumb":{"@id":"https:\/\/santonsvaquette.fr\/produit\/oiseau-sur-la-branche\/#breadcrumb"},"inLanguage":"en-US","potentialAction":[{"@type":"ReadAction","target":["https:\/\/santonsvaquette.fr\/produit\/oiseau-sur-la-branche\/"]}]},{"@type":"ImageObject","inLanguage":"en-US","@id":"https:\/\/santonsvaquette.fr\/produit\/oiseau-sur-la-branche\/#primaryimage","url":"https:\/\/i0.wp.com\/santonsvaquette.fr\/wp-content\/uploads\/2019\/05\/14-Oiseau-sur-la-branche2.5%E2%82%AC-poids2g.jpg?fit=1920%2C1080&ssl=1","contentUrl":"https:\/\/i0.wp.com\/santonsvaquette.fr\/wp-content\/uploads\/2019\/05\/14-Oiseau-sur-la-branche2.5%E2%82%AC-poids2g.jpg?fit=1920%2C1080&ssl=1","width":1920,"height":1080,"caption":"accessoire Oiseau sur la branche"},{"@type":"BreadcrumbList","@id":"https:\/\/santonsvaquette.fr\/produit\/oiseau-sur-la-branche\/#breadcrumb","itemListElement":[{"@type":"ListItem","position":1,"name":"Accueil","item":"https:\/\/santonsvaquette.fr\/"},{"@type":"ListItem","position":2,"name":"Boutique","item":"https:\/\/santonsvaquette.fr\/boutique-santons-vaquette\/"},{"@type":"ListItem","position":3,"name":"Oiseau sur la branche"}]},{"@type":"WebSite","@id":"https:\/\/santonsvaquette.fr\/#website","url":"https:\/\/santonsvaquette.fr\/","name":"Santons Vaquette","description":"since 1981","publisher":{"@id":"https:\/\/santonsvaquette.fr\/#\/schema\/person\/2109f2983b974b6438d2922fb589bd8b"},"potentialAction":[{"@type":"SearchAction","target":{"@type":"EntryPoint","urlTemplate":"https:\/\/santonsvaquette.fr\/?s={search_term_string}"},"query-input":{"@type":"PropertyValueSpecification","valueRequired":true,"valueName":"search_term_string"}}],"inLanguage":"en-US"},{"@type":["Person","Organization"],"@id":"https:\/\/santonsvaquette.fr\/#\/schema\/person\/2109f2983b974b6438d2922fb589bd8b","name":"Santons vaquette","image":{"@type":"ImageObject","inLanguage":"en-US","@id":"https:\/\/secure.gravatar.com\/avatar\/b27ded224387f23330952ffb4227c2d2a9202f493efd626206470a94275dec6c?s=96&d=mm&r=g","url":"https:\/\/secure.gravatar.com\/avatar\/b27ded224387f23330952ffb4227c2d2a9202f493efd626206470a94275dec6c?s=96&d=mm&r=g","contentUrl":"https:\/\/secure.gravatar.com\/avatar\/b27ded224387f23330952ffb4227c2d2a9202f493efd626206470a94275dec6c?s=96&d=mm&r=g","caption":"Santons vaquette"},"logo":{"@id":"https:\/\/secure.gravatar.com\/avatar\/b27ded224387f23330952ffb4227c2d2a9202f493efd626206470a94275dec6c?s=96&d=mm&r=g"}}]}},"jetpack_publicize_connections":[],"jetpack_sharing_enabled":true,"_links":{"self":[{"href":"https:\/\/santonsvaquette.fr\/en\/wp-json\/wp\/v2\/product\/679","targetHints":{"allow":["GET"]}}],"collection":[{"href":"https:\/\/santonsvaquette.fr\/en\/wp-json\/wp\/v2\/product"}],"about":[{"href":"https:\/\/santonsvaquette.fr\/en\/wp-json\/wp\/v2\/types\/product"}],"replies":[{"embeddable":true,"href":"https:\/\/santonsvaquette.fr\/en\/wp-json\/wp\/v2\/comments?post=679"}],"wp:featuredmedia":[{"embeddable":true,"href":"https:\/\/santonsvaquette.fr\/en\/wp-json\/wp\/v2\/media\/663"}],"wp:attachment":[{"href":"https:\/\/santonsvaquette.fr\/en\/wp-json\/wp\/v2\/media?parent=679"}],"wp:term":[{"taxonomy":"product_brand","embeddable":true,"href":"https:\/\/santonsvaquette.fr\/en\/wp-json\/wp\/v2\/product_brand?post=679"},{"taxonomy":"product_cat","embeddable":true,"href":"https:\/\/santonsvaquette.fr\/en\/wp-json\/wp\/v2\/product_cat?post=679"},{"taxonomy":"product_tag","embeddable":true,"href":"https:\/\/santonsvaquette.fr\/en\/wp-json\/wp\/v2\/product_tag?post=679"}],"curies":[{"name":"wp","href":"https:\/\/api.w.org\/{rel}","templated":true}]}}